{"id":940,"date":"2024-03-15T12:19:32","date_gmt":"2024-03-15T12:19:32","guid":{"rendered":"https:\/\/densilab.com\/?post_type=product&#038;p=940"},"modified":"2025-08-31T09:55:42","modified_gmt":"2025-08-31T09:55:42","slug":"olej-kameliowy-zimnotloczony-kopia","status":"publish","type":"product","link":"https:\/\/densilab.com\/pl\/produkt\/olej-kameliowy-zimnotloczony-kopia\/","title":{"rendered":"OLEJ KAMELIOWY ZIMNOT\u0141OCZONY 20ml"},"content":{"rendered":"<p data-start=\"48\" data-end=\"81\"><strong data-start=\"48\" data-end=\"57\">INCI:<\/strong> <em>Olej z nasion kamelii<\/em><\/p>\n<h3 data-start=\"88\" data-end=\"106\">Zastosowanie<\/h3>\n<p data-start=\"107\" data-end=\"400\">Otrzymywany przez t\u0142oczenie na zimno nasion kamelii <em data-start=\"159\" data-end=\"175\">Camellia Kissi<\/em>, wiecznie zielonego krzewu nale\u017c\u0105cego do tej samej rodziny co herbata. Kraj pochodzenia sk\u0142adnika: Japonia. Stosowanie oleju z kamelii w Japonii i Chinach ma wielowiekow\u0105 tradycj\u0119, szczeg\u00f3lnie w piel\u0119gnacji w\u0142os\u00f3w i sk\u00f3ry.<\/p>\n<p data-start=\"402\" data-end=\"479\">Olej bez wyczuwalnego zapachu, zalecana koncentracja w kosmetykach: 5\u201390 %.<\/p>\n<p data-start=\"481\" data-end=\"756\">Do piel\u0119gnacji w\u0142os\u00f3w preparaty olejowe nak\u0142ada si\u0119 na wilgotne w\u0142osy, wmasowuj\u0105c od nasady a\u017c po ko\u0144ce. Pozostawi\u0107 na 20\u201330 minut, nast\u0119pnie sp\u0142uka\u0107 \u0142agodnym szamponem (przy niewielkiej ilo\u015bci oleju sp\u0142ukiwanie mo\u017ce by\u0107 pomini\u0119te, szczeg\u00f3lnie przy bardzo suchych w\u0142osach).<\/p>\n<p data-start=\"758\" data-end=\"887\">Olej dobrze miesza si\u0119 z olejem z orzech\u00f3w makadamia lub migda\u0142owym, co sprawia, \u017ce mieszanka jest lekka i dobrze si\u0119 wch\u0142ania.<\/p>\n<p data-start=\"889\" data-end=\"1006\">Mo\u017ce by\u0107 stosowany jako baza kosmetyczna lub dodatek do codziennych kosmetyk\u00f3w do piel\u0119gnacji twarzy, oczu i cia\u0142a.<\/p>\n<h3 data-start=\"1013\" data-end=\"1028\">Dzia\u0142anie<\/h3>\n<ul>\n<li data-start=\"1031\" data-end=\"1087\">Przeznaczony g\u0142\u00f3wnie do piel\u0119gnacji w\u0142os\u00f3w i paznokci.<\/li>\n<li data-start=\"1090\" data-end=\"1198\">Nadaje w\u0142osom blask i mi\u0119kko\u015b\u0107, wyg\u0142adza naturalnie kr\u0119cone w\u0142osy, g\u0142\u0119boko nawil\u017ca i domyka \u0142uski w\u0142osowe.<\/li>\n<li data-start=\"1201\" data-end=\"1309\">Od\u017cywia i regeneruje suche i zniszczone w\u0142osy. Wch\u0142ania si\u0119 natychmiast, nie pozostawiaj\u0105c t\u0142ustego filmu.<\/li>\n<li data-start=\"1312\" data-end=\"1421\">Na sk\u00f3rze, dzi\u0119ki wysokiej zawarto\u015bci kwasu oleinowego (Omega 9), wspomaga naturalne procesy regeneracyjne.<\/li>\n<li data-start=\"1424\" data-end=\"1562\">Nawil\u017ca, od\u017cywia i regeneruje uszkodzon\u0105 sk\u00f3r\u0119, stymuluje produkcj\u0119 kolagenu, zmniejsza widoczno\u015b\u0107 zmarszczek i op\u00f3\u017ania ich powstawanie.<\/li>\n<li data-start=\"1565\" data-end=\"1620\">Pomocny w leczeniu blizn oraz profilaktyce rozst\u0119p\u00f3w.<\/li>\n<li data-start=\"1623\" data-end=\"1740\">Dzi\u0119ki zdolno\u015bci do przenikania w g\u0142\u0119bsze warstwy sk\u00f3ry, jest doskona\u0142ym no\u015bnikiem dla innych sk\u0142adnik\u00f3w aktywnych.<\/li>\n<li data-start=\"1743\" data-end=\"1893\">Bogaty w witaminy A, B, C i E oraz polifenole, kt\u00f3re dzia\u0142aj\u0105 jako silne antyoksydanty, skutecznie nawil\u017caj\u0105c sk\u00f3r\u0119 i chroni\u0105c j\u0105 przed wysuszeniem.<\/li>\n<li data-start=\"1896\" data-end=\"1946\">Stosowany pod oczy redukuje opuchlizn\u0119 i cienie.<\/li>\n<li data-start=\"1949\" data-end=\"2049\">Jako baza do balsamu do cia\u0142a nadaje sk\u00f3rze elastyczno\u015b\u0107 i utrzymuje prawid\u0142owy poziom nawil\u017cenia.<\/li>\n<li data-start=\"2052\" data-end=\"2118\">W czasie ci\u0105\u017cy uj\u0119drnia sk\u00f3r\u0119 i zapobiega powstawaniu rozst\u0119p\u00f3w.<\/li>\n<\/ul>\n<h3 data-start=\"2125\" data-end=\"2145\">Przechowywanie<\/h3>\n<p data-start=\"2146\" data-end=\"2207\">Brak specjalnych zalece\u0144. Chroni\u0107 przed promieniowaniem UV.<\/p>\n<h3 data-start=\"2214\" data-end=\"2231\">Ostrze\u017cenia<\/h3>\n<p data-start=\"2232\" data-end=\"2281\" data-is-last-node=\"\" data-is-only-node=\"\">Przestrzega\u0107 daty wa\u017cno\u015bci podanej na opakowaniu.<\/p>\n","protected":false},"excerpt":{"rendered":"<p>INCI: Olej z nasion kamelii Zastosowanie Otrzymywany przez t\u0142oczenie na zimno nasion kamelii Camellia Kissi, wiecznie zielonego krzewu nale\u017c\u0105cego do tej samej rodziny co herbata. Kraj pochodzenia sk\u0142adnika: Japonia. Stosowanie oleju z kamelii w Japonii i Chinach ma wielowiekow\u0105 tradycj\u0119, szczeg\u00f3lnie w piel\u0119gnacji w\u0142os\u00f3w i sk\u00f3ry. Olej bez wyczuwalnego zapachu, zalecana koncentracja w kosmetykach: 5\u201390 [&hellip;]<\/p>\n","protected":false},"featured_media":480,"comment_status":"open","ping_status":"closed","template":"","meta":[],"product_brand":[],"product_cat":[157,162,164,168,174,173],"product_tag":[],"class_list":{"0":"post-940","1":"product","2":"type-product","3":"status-publish","4":"has-post-thumbnail","6":"product_cat-surowce-anti-aging","7":"product_cat-surowce-nawilzajace","8":"product_cat-twarz","9":"product_cat-wlosy","10":"product_cat-cialo","11":"product_cat-oleje-skwalany-masla-kosmetyczne-i-maceraty","13":"first","14":"outofstock","15":"taxable","16":"shipping-taxable","17":"purchasable","18":"product-type-simple"},"_links":{"self":[{"href":"https:\/\/densilab.com\/pl\/wp-json\/wp\/v2\/product\/940","targetHints":{"allow":["GET"]}}],"collection":[{"href":"https:\/\/densilab.com\/pl\/wp-json\/wp\/v2\/product"}],"about":[{"href":"https:\/\/densilab.com\/pl\/wp-json\/wp\/v2\/types\/product"}],"replies":[{"embeddable":true,"href":"https:\/\/densilab.com\/pl\/wp-json\/wp\/v2\/comments?post=940"}],"wp:featuredmedia":[{"embeddable":true,"href":"https:\/\/densilab.com\/pl\/wp-json\/wp\/v2\/media\/480"}],"wp:attachment":[{"href":"https:\/\/densilab.com\/pl\/wp-json\/wp\/v2\/media?parent=940"}],"wp:term":[{"taxonomy":"product_brand","embeddable":true,"href":"https:\/\/densilab.com\/pl\/wp-json\/wp\/v2\/product_brand?post=940"},{"taxonomy":"product_cat","embeddable":true,"href":"https:\/\/densilab.com\/pl\/wp-json\/wp\/v2\/product_cat?post=940"},{"taxonomy":"product_tag","embeddable":true,"href":"https:\/\/densilab.com\/pl\/wp-json\/wp\/v2\/product_tag?post=940"}],"curies":[{"name":"wp","href":"https:\/\/api.w.org\/{rel}","templated":true}]}}