{"id":774,"date":"2024-01-08T11:40:32","date_gmt":"2024-01-08T11:40:32","guid":{"rendered":"https:\/\/densilab.com\/produkt\/liposomenkomplex-fuer-die-gefaesshaut\/"},"modified":"2025-08-30T13:26:06","modified_gmt":"2025-08-30T13:26:06","slug":"liposomenkomplex-fuer-die-gefaesshaut","status":"publish","type":"product","link":"https:\/\/densilab.com\/pl\/produkt\/liposomenkomplex-fuer-die-gefaesshaut\/","title":{"rendered":"KOMPLEKS LIPOSOMOWY DLA CERY NACZYNKOWEJ"},"content":{"rendered":"<p data-start=\"0\" data-end=\"263\"><strong data-start=\"0\" data-end=\"9\">INCI:<\/strong> <em>Aqua, Aesculus Hippocastanum Seed Extract, Hamamelis Virginiana Bark Extract, Arnica Montana Flower Extract, Propylene Glycol, Lecithin, Sorbitol, Panthenol, Trilaureth-4 Phosphate, Rutin, Citric Acid, Phenoxyethanol, Ascorbic Acid, Ethylhexylglycerin<\/em><\/p>\n<h3 data-start=\"265\" data-end=\"1141\"><strong data-start=\"265\" data-end=\"281\">Zastosowanie<\/strong><\/h3>\n<p data-start=\"265\" data-end=\"1141\">Produkt wysoko skoncentrowany, nie stosowa\u0107 nierozcie\u0144czony. Doskona\u0142y jako dodatek do krem\u00f3w, mleczek, balsam\u00f3w i \u017celi do piel\u0119gnacji wra\u017cliwej sk\u00f3ry naczynkowej, przy tr\u0105dziku r\u00f3\u017cowatym, do \u0142agodzenia zaczerwienie\u0144 po zabiegach kwasowych oraz jako sk\u0142adnik aktywny w preparatach antycellulitowych wzmacniaj\u0105cych \u015bcianki naczy\u0144 krwiono\u015bnych.<br data-start=\"626\" data-end=\"629\" \/>Do stosowania jako samodzielny preparat \u2013 produkt mo\u017cna rozcie\u0144czy\u0107 przegotowan\u0105 i ostudzon\u0105 wod\u0105 w stosunku 1:5 do 1:10; roztw\u00f3r nak\u0142ada si\u0119 bezpo\u015brednio na sk\u00f3r\u0119.<br data-start=\"793\" data-end=\"796\" \/>Do w\u0142\u0105czenia w formu\u0142y kosmetyczne \u2013 kompleks mo\u017cna doda\u0107 do bazy w stosunku 1:12 lub do gotowej emulsji w ko\u0144cowej fazie przygotowywania krem\u00f3w i balsam\u00f3w w temperaturze maks. 40\u202f\u00b0C.<br data-start=\"979\" data-end=\"982\" \/>Uwaga: baza nie powinna zawiera\u0107 alkoholu ani agresywnych \u015brodk\u00f3w powierzchniowo czynnych. Zalecamy stosowanie naszych specjalnie opracowanych baz kremowych.<\/p>\n<h3 data-start=\"1143\" data-end=\"1959\"><strong data-start=\"1143\" data-end=\"1165\">Dzia\u0142anie \/ Efekty<\/strong><\/h3>\n<p data-start=\"1143\" data-end=\"1959\">\u2022 Wzmacnia i stabilizuje naczynia krwiono\u015bne podsk\u00f3rne, poprawia ich elastyczno\u015b\u0107 i zmniejsza widoczno\u015b\u0107 paj\u0105czk\u00f3w.<br data-start=\"1283\" data-end=\"1286\" \/>\u2022 Ekstrakt z oczaru wirginijskiego wspomaga kr\u0105\u017cenie, zmniejsza krucho\u015b\u0107 naczy\u0144 i zapobiega mikrowylewom.<br data-start=\"1391\" data-end=\"1394\" \/>\u2022 Bergarnica (Arnica montana) dzia\u0142a przeciwzapalnie, \u0142agodzi podra\u017cnienia, redukuje wybroczyny i przyspiesza wch\u0142anianie obrz\u0119k\u00f3w.<br data-start=\"1525\" data-end=\"1528\" \/>\u2022 Redukuje zaczerwienienia, \u0142agodzi podra\u017cnion\u0105 sk\u00f3r\u0119 i zapewnia efekt ch\u0142odzenia w wra\u017cliwych miejscach.<br data-start=\"1633\" data-end=\"1636\" \/>\u2022 Poprawia mikrokr\u0105\u017cenie sk\u00f3ry, wspomaga usuwanie nadmiaru p\u0142yn\u00f3w i skutecznie przeciwdzia\u0142a obrz\u0119kom.<br data-start=\"1738\" data-end=\"1741\" \/>\u2022 Idealny do piel\u0119gnacji sk\u00f3ry naczynkowej, po zabiegach kwasowych lub w preparatach uj\u0119drniaj\u0105cych i regeneruj\u0105cych sk\u00f3r\u0119.<br data-start=\"1864\" data-end=\"1867\" \/>\u2022 Wspiera funkcj\u0119 bariery ochronnej sk\u00f3ry i poprawia jej odporno\u015b\u0107 na czynniki zewn\u0119trzne.<\/p>\n<h3 data-start=\"1961\" data-end=\"2085\"><strong data-start=\"1961\" data-end=\"1979\">Przechowywanie<\/strong><\/h3>\n<p data-start=\"1961\" data-end=\"2085\">Nie podgrzewa\u0107 powy\u017cej 40\u202f\u00b0C. Przechowywa\u0107 w temperaturze 5\u201320\u202f\u00b0C, chroni\u0107 przed \u015bwiat\u0142em i wilgoci\u0105.<\/p>\n<h3 data-start=\"2087\" data-end=\"2330\"><strong data-start=\"2087\" data-end=\"2102\">Ostrze\u017cenia<\/strong><\/h3>\n<p data-start=\"2087\" data-end=\"2330\" data-is-last-node=\"\" data-is-only-node=\"\">Przestrzega\u0107 daty wa\u017cno\u015bci podanej na opakowaniu. Nie stosowa\u0107 nierozcie\u0144czonego produktu. Preparat niestabilny przy pH poni\u017cej 3,5; unika\u0107 silnych zasad i kwas\u00f3w. Nie \u0142\u0105czy\u0107 z produktami zawieraj\u0105cymi alkohol ani detergenty.<\/p>\n","protected":false},"excerpt":{"rendered":"<p>INCI: Aqua, Aesculus Hippocastanum Seed Extract, Hamamelis Virginiana Bark Extract, Arnica Montana Flower Extract, Propylene Glycol, Lecithin, Sorbitol, Panthenol, Trilaureth-4 Phosphate, Rutin, Citric Acid, Phenoxyethanol, Ascorbic Acid, Ethylhexylglycerin Zastosowanie Produkt wysoko skoncentrowany, nie stosowa\u0107 nierozcie\u0144czony. Doskona\u0142y jako dodatek do krem\u00f3w, mleczek, balsam\u00f3w i \u017celi do piel\u0119gnacji wra\u017cliwej sk\u00f3ry naczynkowej, przy tr\u0105dziku r\u00f3\u017cowatym, do \u0142agodzenia zaczerwienie\u0144 [&hellip;]<\/p>\n","protected":false},"featured_media":418,"comment_status":"open","ping_status":"closed","template":"","meta":[],"product_brand":[],"product_cat":[221,163,164,181],"product_tag":[],"class_list":{"0":"post-774","1":"product","2":"type-product","3":"status-publish","4":"has-post-thumbnail","6":"product_cat-skladniki-aktywne","7":"product_cat-cera-naczynkowa-tradzik-preparaty-antycellulitowe","8":"product_cat-twarz","9":"product_cat-liposomy-i-peptydy","11":"first","12":"instock","13":"taxable","14":"shipping-taxable","15":"purchasable","16":"product-type-simple"},"_links":{"self":[{"href":"https:\/\/densilab.com\/pl\/wp-json\/wp\/v2\/product\/774","targetHints":{"allow":["GET"]}}],"collection":[{"href":"https:\/\/densilab.com\/pl\/wp-json\/wp\/v2\/product"}],"about":[{"href":"https:\/\/densilab.com\/pl\/wp-json\/wp\/v2\/types\/product"}],"replies":[{"embeddable":true,"href":"https:\/\/densilab.com\/pl\/wp-json\/wp\/v2\/comments?post=774"}],"wp:featuredmedia":[{"embeddable":true,"href":"https:\/\/densilab.com\/pl\/wp-json\/wp\/v2\/media\/418"}],"wp:attachment":[{"href":"https:\/\/densilab.com\/pl\/wp-json\/wp\/v2\/media?parent=774"}],"wp:term":[{"taxonomy":"product_brand","embeddable":true,"href":"https:\/\/densilab.com\/pl\/wp-json\/wp\/v2\/product_brand?post=774"},{"taxonomy":"product_cat","embeddable":true,"href":"https:\/\/densilab.com\/pl\/wp-json\/wp\/v2\/product_cat?post=774"},{"taxonomy":"product_tag","embeddable":true,"href":"https:\/\/densilab.com\/pl\/wp-json\/wp\/v2\/product_tag?post=774"}],"curies":[{"name":"wp","href":"https:\/\/api.w.org\/{rel}","templated":true}]}}