{"id":772,"date":"2024-01-08T11:49:35","date_gmt":"2024-01-08T11:49:35","guid":{"rendered":"https:\/\/densilab.com\/produkt\/phytotal-vt\/"},"modified":"2025-08-30T12:23:28","modified_gmt":"2025-08-30T12:23:28","slug":"phytotal-vt","status":"publish","type":"product","link":"https:\/\/densilab.com\/pl\/produkt\/phytotal-vt\/","title":{"rendered":"PHYTOTAL VT"},"content":{"rendered":"<p><strong>INCI:<\/strong> <em>Glycerin, Water, Butylene Glycol, Tilia Cordata Wood Extract, Cupressus Sempervirens Seed Extract, Aesculus Hippocastanum (Horse Chestnut) Seed Extract, Lecithin<\/em><\/p>\n<p><strong>Name of the plant:<\/strong><\/p>\n<p><strong data-start=\"40\" data-end=\"50\">Latin:<\/strong> <em data-start=\"51\" data-end=\"66\">Tilia cordata<\/em> \/ <em data-start=\"69\" data-end=\"93\" data-is-only-node=\"\">Cupressus sempervirens<\/em> \/ <em data-start=\"96\" data-end=\"120\">Aesculus hippocastanum<\/em><br data-start=\"120\" data-end=\"123\" \/><strong data-start=\"123\" data-end=\"135\">English:<\/strong> Linden \/ Cypress \/ Horse Chestnut<br data-start=\"169\" data-end=\"172\" \/><strong data-start=\"172\" data-end=\"191\">Plant material:<\/strong> Sapwood \/ Seed \/ Seed<\/p>\n<h3><strong>Zastosowanie<\/strong><\/h3>\n<p data-start=\"0\" data-end=\"660\">PHYTOTAL\u2122 VT PS to liposomalna mikroemulsja wodna, zawieraj\u0105ca lotne sk\u0142adniki rozpuszczalne w wodzie pochodz\u0105ce z lipy, cyprysa i kasztanowca. Zalecany do kosmetyk\u00f3w dla sk\u00f3ry naczynkowej, w zabiegach wyszczuplaj\u0105cych, maskach przeciwzapalnych, szamponach, tonikach oczyszczaj\u0105cych dla sk\u00f3ry wra\u017cliwej oraz w ok\u0142adach na okolice oczu. Stosowany r\u00f3wnie\u017c w preparatach na obrz\u0119ki, uczucie ci\u0119\u017cko\u015bci i dyskomfort n\u00f3g. Nale\u017cy dodawa\u0107 do kremu, balsamu, szamponu lub toniku w fazie wodnej w temperaturze poni\u017cej 35\u202f\u2103 lub do gotowego, ostudzonego kosmetyku. Zalecane st\u0119\u017cenie: 3\u20135\u202f%. Nie zaleca si\u0119 \u0142\u0105czenia produktu z nieemulgowanymi olejami.<\/p>\n<h3 data-start=\"662\" data-end=\"678\"><strong data-start=\"662\" data-end=\"676\">Dzia\u0142anie<\/strong><\/h3>\n<ul>\n<li data-start=\"681\" data-end=\"764\">Wzmacnia \u015bciany naczy\u0144 krwiono\u015bnych i poprawia kr\u0105\u017cenie krwi oraz limfy w sk\u00f3rze.<\/li>\n<li data-start=\"767\" data-end=\"848\">Wykazuje dzia\u0142anie przeciwzapalne i \u0142agodz\u0105ce podra\u017cnienia sk\u00f3ry i sk\u00f3ry g\u0142owy.<\/li>\n<li data-start=\"851\" data-end=\"939\">W zabiegach wyszczuplaj\u0105cych przeciwdzia\u0142a zatrzymywaniu wody w organizmie i obrz\u0119kom.<\/li>\n<li data-start=\"942\" data-end=\"1004\">Poprawia komfort i wygl\u0105d sk\u00f3ry wra\u017cliwej lub zestresowanej.<\/li>\n<\/ul>\n<h3 data-start=\"1006\" data-end=\"1111\"><strong data-start=\"1006\" data-end=\"1025\">Przechowywanie<\/strong><\/h3>\n<p data-start=\"1006\" data-end=\"1111\">Przechowywa\u0107 w temperaturze 5\u201315\u202f\u2103, z dala od bezpo\u015bredniego \u015bwiat\u0142a s\u0142onecznego.<\/p>\n<h3 data-start=\"1113\" data-end=\"1218\"><strong data-start=\"1113\" data-end=\"1129\">Ostrze\u017cenia<\/strong><\/h3>\n<p data-start=\"1113\" data-end=\"1218\" data-is-last-node=\"\" data-is-only-node=\"\">Przestrzega\u0107 daty wa\u017cno\u015bci podanej na opakowaniu. Nie przekracza\u0107 zalecanego st\u0119\u017cenia.<\/p>\n","protected":false},"excerpt":{"rendered":"<p>INCI: Glycerin, Water, Butylene Glycol, Tilia Cordata Wood Extract, Cupressus Sempervirens Seed Extract, Aesculus Hippocastanum (Horse Chestnut) Seed Extract, Lecithin Name of the plant: Latin: Tilia cordata \/ Cupressus sempervirens \/ Aesculus hippocastanumEnglish: Linden \/ Cypress \/ Horse ChestnutPlant material: Sapwood \/ Seed \/ Seed Zastosowanie PHYTOTAL\u2122 VT PS to liposomalna mikroemulsja wodna, zawieraj\u0105ca lotne [&hellip;]<\/p>\n","protected":false},"featured_media":420,"comment_status":"open","ping_status":"closed","template":"","meta":[],"product_brand":[],"product_cat":[221,163,164,181],"product_tag":[],"class_list":{"0":"post-772","1":"product","2":"type-product","3":"status-publish","4":"has-post-thumbnail","6":"product_cat-skladniki-aktywne","7":"product_cat-cera-naczynkowa-tradzik-preparaty-antycellulitowe","8":"product_cat-twarz","9":"product_cat-liposomy-i-peptydy","11":"first","12":"outofstock","13":"taxable","14":"shipping-taxable","15":"purchasable","16":"product-type-simple"},"_links":{"self":[{"href":"https:\/\/densilab.com\/pl\/wp-json\/wp\/v2\/product\/772","targetHints":{"allow":["GET"]}}],"collection":[{"href":"https:\/\/densilab.com\/pl\/wp-json\/wp\/v2\/product"}],"about":[{"href":"https:\/\/densilab.com\/pl\/wp-json\/wp\/v2\/types\/product"}],"replies":[{"embeddable":true,"href":"https:\/\/densilab.com\/pl\/wp-json\/wp\/v2\/comments?post=772"}],"wp:featuredmedia":[{"embeddable":true,"href":"https:\/\/densilab.com\/pl\/wp-json\/wp\/v2\/media\/420"}],"wp:attachment":[{"href":"https:\/\/densilab.com\/pl\/wp-json\/wp\/v2\/media?parent=772"}],"wp:term":[{"taxonomy":"product_brand","embeddable":true,"href":"https:\/\/densilab.com\/pl\/wp-json\/wp\/v2\/product_brand?post=772"},{"taxonomy":"product_cat","embeddable":true,"href":"https:\/\/densilab.com\/pl\/wp-json\/wp\/v2\/product_cat?post=772"},{"taxonomy":"product_tag","embeddable":true,"href":"https:\/\/densilab.com\/pl\/wp-json\/wp\/v2\/product_tag?post=772"}],"curies":[{"name":"wp","href":"https:\/\/api.w.org\/{rel}","templated":true}]}}