{"id":762,"date":"2024-01-08T12:01:14","date_gmt":"2024-01-08T12:01:14","guid":{"rendered":"https:\/\/densilab.com\/produkt\/coenzym-q10-in-macadamia-oel\/"},"modified":"2025-08-31T06:39:11","modified_gmt":"2025-08-31T06:39:11","slug":"coenzym-q10-in-macadamia-oel","status":"publish","type":"product","link":"https:\/\/densilab.com\/pl\/produkt\/coenzym-q10-in-macadamia-oel\/","title":{"rendered":"KOENZYM Q10 W OLEJU MAKADAMIA 20ml"},"content":{"rendered":"<p data-start=\"82\" data-end=\"100\"><strong>INCI:<\/strong>\u00a0<em>Ubichinon, Macadamia-Samen\u00f6l<\/em><\/p>\n<h3 data-start=\"82\" data-end=\"100\">Zastosowanie<\/h3>\n<p data-start=\"101\" data-end=\"380\">Koenzym Q10 to zwi\u0105zek chemiczny naturalnie wyst\u0119puj\u0105cy w kom\u00f3rkach cz\u0142owieka. Odpowiada za liczne procesy energetyczne oraz tempo podzia\u0142u kom\u00f3rek. W dermatologii i kosmetyce ceniony jest jako sk\u0142adnik o dzia\u0142aniu przeciwzmarszczkowym i spowalniaj\u0105cym procesy starzenia sk\u00f3ry.<\/p>\n<p data-start=\"382\" data-end=\"735\">Sprawdza si\u0119 w kosmetykach dla ka\u017cdego rodzaju cery, szczeg\u00f3lnie dojrza\u0142ej, suchej, zm\u0119czonej, os\u0142abionej chorobami lub stresem. Polecany jako dodatek do codziennych krem\u00f3w i maseczek do twarzy, balsam\u00f3w do cia\u0142a, mase\u0142 kosmetycznych oraz olejk\u00f3w. Skuteczny w redukcji przebarwie\u0144, a jako sk\u0142adnik kremu pod oczy rozja\u015bnia sk\u00f3r\u0119 i poprawia jej wygl\u0105d.<\/p>\n<p data-start=\"737\" data-end=\"938\">Prezentowany koenzym Q10 ma posta\u0107 roztworu w wysokiej jako\u015bci oleju z orzech\u00f3w makadamii. Taka forma u\u0142atwia jego wprowadzanie do formu\u0142 kosmetycznych w fazie olejowej, w temperaturze poni\u017cej 50 \u00b0C.<\/p>\n<h3 data-start=\"940\" data-end=\"960\">Opis dzia\u0142ania<\/h3>\n<p data-start=\"961\" data-end=\"1054\">Koenzym Q10 w kosmetykach wnika w g\u0142\u0119bsze warstwy sk\u00f3ry i wykazuje nast\u0119puj\u0105ce w\u0142a\u015bciwo\u015bci:<\/p>\n<ul>\n<li data-start=\"1057\" data-end=\"1141\">chroni przed rozpadem kolagenu i elastyny, kt\u00f3re tworz\u0105 struktur\u0119 podporow\u0105 sk\u00f3ry,<\/li>\n<li data-start=\"1144\" data-end=\"1203\">dzia\u0142a przeciwzmarszczkowo i spowalnia procesy starzenia,<\/li>\n<li data-start=\"1206\" data-end=\"1247\">poprawia elastyczno\u015b\u0107 i j\u0119drno\u015b\u0107 sk\u00f3ry,<\/li>\n<li data-start=\"1250\" data-end=\"1313\">wyr\u00f3wnuje koloryt i daje efekt natychmiastowego rozja\u015bnienia,<\/li>\n<li data-start=\"1316\" data-end=\"1359\">chroni przed dzia\u0142aniem wolnych rodnik\u00f3w,<\/li>\n<li data-start=\"1362\" data-end=\"1412\">wzmacnia ochron\u0119 sk\u00f3ry przed promieniowaniem UV,<\/li>\n<li data-start=\"1415\" data-end=\"1454\">\u0142agodzi mikrourazy i zaczerwienienia.<\/li>\n<\/ul>\n<h3 data-start=\"1456\" data-end=\"1476\">Przechowywanie<\/h3>\n<p data-start=\"1477\" data-end=\"1554\">Przechowywa\u0107 w temperaturze pokojowej. Nie wymaga przechowywania w lod\u00f3wce.<\/p>\n<h3 data-start=\"1556\" data-end=\"1573\">Ostrze\u017cenia<\/h3>\n<p data-start=\"1574\" data-end=\"1629\">Przestrzega\u0107 terminu wa\u017cno\u015bci podanego na opakowaniu.<\/p>\n","protected":false},"excerpt":{"rendered":"<p>INCI:\u00a0Ubichinon, Macadamia-Samen\u00f6l Zastosowanie Koenzym Q10 to zwi\u0105zek chemiczny naturalnie wyst\u0119puj\u0105cy w kom\u00f3rkach cz\u0142owieka. Odpowiada za liczne procesy energetyczne oraz tempo podzia\u0142u kom\u00f3rek. W dermatologii i kosmetyce ceniony jest jako sk\u0142adnik o dzia\u0142aniu przeciwzmarszczkowym i spowalniaj\u0105cym procesy starzenia sk\u00f3ry. Sprawdza si\u0119 w kosmetykach dla ka\u017cdego rodzaju cery, szczeg\u00f3lnie dojrza\u0142ej, suchej, zm\u0119czonej, os\u0142abionej chorobami lub stresem. Polecany [&hellip;]<\/p>\n","protected":false},"featured_media":428,"comment_status":"open","ping_status":"closed","template":"","meta":[],"product_brand":[],"product_cat":[221,157,164,170,173],"product_tag":[],"class_list":{"0":"post-762","1":"product","2":"type-product","3":"status-publish","4":"has-post-thumbnail","6":"product_cat-skladniki-aktywne","7":"product_cat-surowce-anti-aging","8":"product_cat-twarz","9":"product_cat-kwas-hialuronowy-kolageny-keratyna-i-pochodne","10":"product_cat-oleje-skwalany-masla-kosmetyczne-i-maceraty","12":"first","13":"instock","14":"taxable","15":"shipping-taxable","16":"purchasable","17":"product-type-simple"},"_links":{"self":[{"href":"https:\/\/densilab.com\/pl\/wp-json\/wp\/v2\/product\/762","targetHints":{"allow":["GET"]}}],"collection":[{"href":"https:\/\/densilab.com\/pl\/wp-json\/wp\/v2\/product"}],"about":[{"href":"https:\/\/densilab.com\/pl\/wp-json\/wp\/v2\/types\/product"}],"replies":[{"embeddable":true,"href":"https:\/\/densilab.com\/pl\/wp-json\/wp\/v2\/comments?post=762"}],"wp:featuredmedia":[{"embeddable":true,"href":"https:\/\/densilab.com\/pl\/wp-json\/wp\/v2\/media\/428"}],"wp:attachment":[{"href":"https:\/\/densilab.com\/pl\/wp-json\/wp\/v2\/media?parent=762"}],"wp:term":[{"taxonomy":"product_brand","embeddable":true,"href":"https:\/\/densilab.com\/pl\/wp-json\/wp\/v2\/product_brand?post=762"},{"taxonomy":"product_cat","embeddable":true,"href":"https:\/\/densilab.com\/pl\/wp-json\/wp\/v2\/product_cat?post=762"},{"taxonomy":"product_tag","embeddable":true,"href":"https:\/\/densilab.com\/pl\/wp-json\/wp\/v2\/product_tag?post=762"}],"curies":[{"name":"wp","href":"https:\/\/api.w.org\/{rel}","templated":true}]}}