{"id":743,"date":"2024-01-08T12:28:12","date_gmt":"2024-01-08T12:28:12","guid":{"rendered":"https:\/\/densilab.com\/produkt\/gefilterter-schneckenschleim\/"},"modified":"2025-08-31T09:24:42","modified_gmt":"2025-08-31T09:24:42","slug":"gefilterter-schneckenschleim","status":"publish","type":"product","link":"https:\/\/densilab.com\/pl\/produkt\/gefilterter-schneckenschleim\/","title":{"rendered":"\u015aLUZ ZE \u015aLIMAKA FILTROWANY 30ml"},"content":{"rendered":"<p data-start=\"49\" data-end=\"101\"><strong data-start=\"49\" data-end=\"58\">INCI:<\/strong> Filtrat ze \u015bluzu \u015blimaka, Phenoxyethanol<\/p>\n<h3 data-start=\"103\" data-end=\"121\">Zastosowanie<\/h3>\n<p data-start=\"122\" data-end=\"399\">Naturalny ekstrakt pozyskiwany z wydzieliny n\u00f3g hodowlanych \u015blimak\u00f3w. Zawiera naturalny alantoin\u0119, kwas glikolowy, mukopolisacharydy, kolagen, elastyn\u0119, naturalne antybiotyki oraz witaminy A, C i E. \u015aluz pozyskiwany jest w spos\u00f3b etyczny, z poszanowaniem dobrostanu zwierz\u0105t.<\/p>\n<p data-start=\"401\" data-end=\"701\">Mo\u017ce by\u0107 stosowany w kosmetykach do wszystkich typ\u00f3w sk\u00f3ry i grup wiekowych. Zalecana koncentracja w produktach kosmetycznych: do 80\u202f%. Dodawany w fazie wodnej kosmetyku. Nie nadaje si\u0119 do formu\u0142 zawieraj\u0105cych detergenty (szczeg\u00f3lnie syntetyczne) ani alkohol; nie toleruje temperatur powy\u017cej 42\u202f\u00b0C.<\/p>\n<h3 data-start=\"708\" data-end=\"723\">Dzia\u0142anie<\/h3>\n<p data-start=\"724\" data-end=\"999\">Preparat intensywnie nawil\u017ca, wyg\u0142adza, wzmacnia i poprawia elastyczno\u015b\u0107 sk\u00f3ry. Dzi\u0119ki stymulacji produkcji kolagenu wykazuje dzia\u0142anie przeciwstarzeniowe. Naturalne substancje antybakteryjne i przeciwgrzybicze \u0142agodz\u0105 podra\u017cnienia i przyspieszaj\u0105 gojenie stan\u00f3w zapalnych.<\/p>\n<p data-start=\"1001\" data-end=\"1138\">W lotionach zmniejsza widoczno\u015b\u0107 blizn i rozst\u0119p\u00f3w. Wspomaga kr\u0105\u017cenie podsk\u00f3rne i limfatyczne, przyczyniaj\u0105c si\u0119 do redukcji cellulitu.<\/p>\n<p data-start=\"1140\" data-end=\"1209\">Usuwa martwe kom\u00f3rki nask\u00f3rka, oczyszcza sk\u00f3r\u0119 i wyr\u00f3wnuje koloryt.<\/p>\n<p data-start=\"1211\" data-end=\"1237\"><strong data-start=\"1211\" data-end=\"1235\">Korzy\u015bci stosowania:<\/strong><\/p>\n<ul>\n<li data-start=\"1240\" data-end=\"1261\">intensywnie nawil\u017ca<\/li>\n<li data-start=\"1264\" data-end=\"1296\">dzia\u0142a jako silny antyoksydant<\/li>\n<li data-start=\"1299\" data-end=\"1386\">poprawia kr\u0105\u017cenie podsk\u00f3rne i przep\u0142yw limfy, wspomagaj\u0105c redukcj\u0119 tkanki t\u0142uszczowej<\/li>\n<li data-start=\"1389\" data-end=\"1414\">wyr\u00f3wnuje koloryt sk\u00f3ry<\/li>\n<li data-start=\"1417\" data-end=\"1488\">dzia\u0142a antybakteryjnie, przeciwgrzybiczo, \u0142agodz\u0105co i przeciwzapalnie<\/li>\n<li data-start=\"1491\" data-end=\"1517\">reguluje produkcj\u0119 sebum<\/li>\n<li data-start=\"1520\" data-end=\"1612\">wyg\u0142adza sk\u00f3r\u0119, poprawia jej j\u0119drno\u015b\u0107, stymuluje metabolizm kom\u00f3rkowy i produkcj\u0119 kolagenu<\/li>\n<li data-start=\"1615\" data-end=\"1671\">dzia\u0142a z\u0142uszczaj\u0105co i zapobiega powstawaniu zmarszczek<\/li>\n<li data-start=\"1674\" data-end=\"1720\">redukuje przebarwienia i plamy pigmentacyjne<\/li>\n<\/ul>\n<h3 data-start=\"1727\" data-end=\"1747\">Przechowywanie<\/h3>\n<p data-start=\"1748\" data-end=\"1841\">Przechowywa\u0107 w temperaturze pokojowej (poni\u017cej 42\u202f\u00b0C). Nie wymaga przechowywania w lod\u00f3wce.<\/p>\n<h3 data-start=\"1848\" data-end=\"1865\">Ostrze\u017cenia<\/h3>\n<p data-start=\"1866\" data-end=\"1986\">Przestrzega\u0107 terminu wa\u017cno\u015bci podanego na opakowaniu.<br data-start=\"1919\" data-end=\"1922\" \/>Nie nadaje si\u0119 do formu\u0142 zawieraj\u0105cych alkohol lub detergenty.<\/p>\n","protected":false},"excerpt":{"rendered":"<p>INCI: Filtrat ze \u015bluzu \u015blimaka, Phenoxyethanol Zastosowanie Naturalny ekstrakt pozyskiwany z wydzieliny n\u00f3g hodowlanych \u015blimak\u00f3w. Zawiera naturalny alantoin\u0119, kwas glikolowy, mukopolisacharydy, kolagen, elastyn\u0119, naturalne antybiotyki oraz witaminy A, C i E. \u015aluz pozyskiwany jest w spos\u00f3b etyczny, z poszanowaniem dobrostanu zwierz\u0105t. Mo\u017ce by\u0107 stosowany w kosmetykach do wszystkich typ\u00f3w sk\u00f3ry i grup wiekowych. Zalecana koncentracja [&hellip;]<\/p>\n","protected":false},"featured_media":2017,"comment_status":"open","ping_status":"closed","template":"","meta":[],"product_brand":[],"product_cat":[221,157,164,174,170],"product_tag":[],"class_list":{"0":"post-743","1":"product","2":"type-product","3":"status-publish","4":"has-post-thumbnail","6":"product_cat-skladniki-aktywne","7":"product_cat-surowce-anti-aging","8":"product_cat-twarz","9":"product_cat-cialo","10":"product_cat-kwas-hialuronowy-kolageny-keratyna-i-pochodne","12":"first","13":"instock","14":"taxable","15":"shipping-taxable","16":"purchasable","17":"product-type-simple"},"_links":{"self":[{"href":"https:\/\/densilab.com\/pl\/wp-json\/wp\/v2\/product\/743","targetHints":{"allow":["GET"]}}],"collection":[{"href":"https:\/\/densilab.com\/pl\/wp-json\/wp\/v2\/product"}],"about":[{"href":"https:\/\/densilab.com\/pl\/wp-json\/wp\/v2\/types\/product"}],"replies":[{"embeddable":true,"href":"https:\/\/densilab.com\/pl\/wp-json\/wp\/v2\/comments?post=743"}],"wp:featuredmedia":[{"embeddable":true,"href":"https:\/\/densilab.com\/pl\/wp-json\/wp\/v2\/media\/2017"}],"wp:attachment":[{"href":"https:\/\/densilab.com\/pl\/wp-json\/wp\/v2\/media?parent=743"}],"wp:term":[{"taxonomy":"product_brand","embeddable":true,"href":"https:\/\/densilab.com\/pl\/wp-json\/wp\/v2\/product_brand?post=743"},{"taxonomy":"product_cat","embeddable":true,"href":"https:\/\/densilab.com\/pl\/wp-json\/wp\/v2\/product_cat?post=743"},{"taxonomy":"product_tag","embeddable":true,"href":"https:\/\/densilab.com\/pl\/wp-json\/wp\/v2\/product_tag?post=743"}],"curies":[{"name":"wp","href":"https:\/\/api.w.org\/{rel}","templated":true}]}}