{"id":739,"date":"2024-01-08T12:24:06","date_gmt":"2024-01-08T12:24:06","guid":{"rendered":"https:\/\/densilab.com\/produkt\/drachenblut-cobiosa\/"},"modified":"2025-08-31T08:48:53","modified_gmt":"2025-08-31T08:48:53","slug":"drachenblut-cobiosa","status":"publish","type":"product","link":"https:\/\/densilab.com\/pl\/produkt\/drachenblut-cobiosa\/","title":{"rendered":"SMOCZA KREW \u2013 COBIOSA"},"content":{"rendered":"<p data-start=\"64\" data-end=\"151\"><strong data-start=\"64\" data-end=\"73\">INCI:<\/strong> <em>Propanediol, Woda, Proszek z \u017cywicy Croton lechleri<\/em><br data-start=\"125\" data-end=\"128\" \/><strong data-start=\"128\" data-end=\"144\">Konserwanty:<\/strong> brak<\/p>\n<h3 data-start=\"153\" data-end=\"171\">Zastosowanie<\/h3>\n<p data-start=\"172\" data-end=\"331\">Roztw\u00f3r sproszkowanej \u017cywicy drzewa Croton lechleri (Sangre de Drago) w propanediolu (produkt pochodzenia ro\u015blinnego, alternatywa dla glikolu propylenowego).<\/p>\n<p data-start=\"333\" data-end=\"449\">Produkty tego drzewa od wiek\u00f3w s\u0105 wykorzystywane przez rdzenn\u0105 ludno\u015b\u0107 Ameryki Po\u0142udniowej w medycynie naturalnej.<\/p>\n<p data-start=\"451\" data-end=\"501\">Preparat nadaje si\u0119 do zastosowa\u0144 kosmetycznych:<\/p>\n<ul>\n<li data-start=\"504\" data-end=\"539\">przeciwstarzeniowych (anti-aging)<\/li>\n<li data-start=\"542\" data-end=\"582\">ochronnych (dzia\u0142anie antyoksydacyjne)<\/li>\n<li data-start=\"585\" data-end=\"637\">uj\u0119drniaj\u0105cych i poprawiaj\u0105cych elastyczno\u015b\u0107 sk\u00f3ry<\/li>\n<li data-start=\"640\" data-end=\"663\">przeciwzmarszczkowych<\/li>\n<li data-start=\"666\" data-end=\"709\">redukuj\u0105cych widoczno\u015b\u0107 blizn i rozst\u0119p\u00f3w<\/li>\n<\/ul>\n<p data-start=\"711\" data-end=\"900\">Zalecana koncentracja w kosmetykach wynosi 3\u20135 %. Preparat jest bezpieczny, rozpuszczalny w wodzie i po rozcie\u0144czeniu przegotowan\u0105, ostudzon\u0105 wod\u0105 mo\u017cna go stosowa\u0107 bezpo\u015brednio na sk\u00f3r\u0119.<\/p>\n<p data-start=\"902\" data-end=\"995\">Dodajemy go do krem\u00f3w lub balsam\u00f3w w fazie wodnej (po olejach) w temperaturze poni\u017cej 50\u00b0C.<\/p>\n<h3 data-start=\"997\" data-end=\"1012\">Dzia\u0142anie<\/h3>\n<p data-start=\"1013\" data-end=\"1229\">\u017bywica tego drzewa jest prawdopodobnie najsilniejszym naturalnym antyoksydantem. Stymuluje regeneracj\u0119 sk\u00f3ry i produkcj\u0119 kolagenu, wykazuje silne dzia\u0142anie przeciwzapalne oraz redukuje widoczno\u015b\u0107 rozst\u0119p\u00f3w i blizn.<\/p>\n<p data-start=\"1231\" data-end=\"1429\">Ma w\u0142a\u015bciwo\u015bci przeciwkrzepliwe i mo\u017ce by\u0107 stosowana wspomagaj\u0105co przy gojeniu ran, egzemie i innych problemach sk\u00f3rnych. Proces gojenia wspiera taspina \u2013 sk\u0142adnik stymuluj\u0105cy regeneracj\u0119 kom\u00f3rek.<\/p>\n<p data-start=\"1431\" data-end=\"1524\">Sangre de Drago zawiera r\u00f3wnie\u017c proantocyjanidyny \u2013 substancj\u0119 przyspieszaj\u0105c\u0105 gojenie ran.<\/p>\n<p data-start=\"1526\" data-end=\"1663\">Stosowany bezpo\u015brednio na sk\u00f3r\u0119 \u0142agodzi sw\u0119dzenie po uk\u0105szeniach owad\u00f3w, stomatyt, opryszczk\u0119, hemoroidy oraz dolegliwo\u015bci reumatyczne.<\/p>\n<h3 data-start=\"1665\" data-end=\"1685\">Przechowywanie<\/h3>\n<p data-start=\"1686\" data-end=\"1763\">Przechowywa\u0107 w temperaturze pokojowej. Nie wymaga przechowywania w lod\u00f3wce.<\/p>\n<h3 data-start=\"1765\" data-end=\"1782\">Ostrze\u017cenia<\/h3>\n<p data-start=\"1783\" data-end=\"1838\">Przestrzega\u0107 terminu wa\u017cno\u015bci podanego na opakowaniu.<\/p>\n","protected":false},"excerpt":{"rendered":"<p>INCI: Propanediol, Woda, Proszek z \u017cywicy Croton lechleriKonserwanty: brak Zastosowanie Roztw\u00f3r sproszkowanej \u017cywicy drzewa Croton lechleri (Sangre de Drago) w propanediolu (produkt pochodzenia ro\u015blinnego, alternatywa dla glikolu propylenowego). Produkty tego drzewa od wiek\u00f3w s\u0105 wykorzystywane przez rdzenn\u0105 ludno\u015b\u0107 Ameryki Po\u0142udniowej w medycynie naturalnej. Preparat nadaje si\u0119 do zastosowa\u0144 kosmetycznych: przeciwstarzeniowych (anti-aging) ochronnych (dzia\u0142anie antyoksydacyjne) uj\u0119drniaj\u0105cych [&hellip;]<\/p>\n","protected":false},"featured_media":444,"comment_status":"open","ping_status":"closed","template":"","meta":[],"product_brand":[],"product_cat":[157,163,164,174,172],"product_tag":[],"class_list":{"0":"post-739","1":"product","2":"type-product","3":"status-publish","4":"has-post-thumbnail","6":"product_cat-surowce-anti-aging","7":"product_cat-cera-naczynkowa-tradzik-preparaty-antycellulitowe","8":"product_cat-twarz","9":"product_cat-cialo","10":"product_cat-hydrolaty","12":"first","13":"instock","14":"taxable","15":"shipping-taxable","16":"purchasable","17":"product-type-simple"},"_links":{"self":[{"href":"https:\/\/densilab.com\/pl\/wp-json\/wp\/v2\/product\/739","targetHints":{"allow":["GET"]}}],"collection":[{"href":"https:\/\/densilab.com\/pl\/wp-json\/wp\/v2\/product"}],"about":[{"href":"https:\/\/densilab.com\/pl\/wp-json\/wp\/v2\/types\/product"}],"replies":[{"embeddable":true,"href":"https:\/\/densilab.com\/pl\/wp-json\/wp\/v2\/comments?post=739"}],"wp:featuredmedia":[{"embeddable":true,"href":"https:\/\/densilab.com\/pl\/wp-json\/wp\/v2\/media\/444"}],"wp:attachment":[{"href":"https:\/\/densilab.com\/pl\/wp-json\/wp\/v2\/media?parent=739"}],"wp:term":[{"taxonomy":"product_brand","embeddable":true,"href":"https:\/\/densilab.com\/pl\/wp-json\/wp\/v2\/product_brand?post=739"},{"taxonomy":"product_cat","embeddable":true,"href":"https:\/\/densilab.com\/pl\/wp-json\/wp\/v2\/product_cat?post=739"},{"taxonomy":"product_tag","embeddable":true,"href":"https:\/\/densilab.com\/pl\/wp-json\/wp\/v2\/product_tag?post=739"}],"curies":[{"name":"wp","href":"https:\/\/api.w.org\/{rel}","templated":true}]}}