{"id":730,"date":"2024-01-08T12:31:34","date_gmt":"2024-01-08T12:31:34","guid":{"rendered":"https:\/\/densilab.com\/produkt\/damaszener-rosenhydrolat\/"},"modified":"2025-08-30T10:23:12","modified_gmt":"2025-08-30T10:23:12","slug":"damaszener-rosenhydrolat","status":"publish","type":"product","link":"https:\/\/densilab.com\/pl\/produkt\/damaszener-rosenhydrolat\/","title":{"rendered":"HYDROLAT Z R\u00d3\u017bY DAMASCE\u0143SKIEJ"},"content":{"rendered":"<p><strong>INCI:<\/strong> <em>Rosa Damascena Organic Flower Water 100%<\/em><\/p>\n<h3 data-start=\"142\" data-end=\"161\"><strong data-start=\"142\" data-end=\"159\">Zastosowanie<\/strong><\/h3>\n<p data-start=\"163\" data-end=\"335\">Organiczny hydrolat pozyskiwany w procesie destylacji parowej kwiat\u00f3w r\u00f3\u017cy damasce\u0144skiej z s\u0142ynnej Doliny R\u00f3\u017c w Bu\u0142garii, znanej z intensywnego, naturalnego zapachu r\u00f3\u017cy.<\/p>\n<p data-start=\"337\" data-end=\"402\">Produkt wysokiej jako\u015bci, wykorzystywany w kosmetykach premium.<\/p>\n<p data-start=\"404\" data-end=\"622\">Cz\u0119sto nazywany wod\u0105 r\u00f3\u017can\u0105, jednak nie nale\u017cy go myli\u0107 z wodami perfumowanymi. Jest to czysty hydrolat, b\u0119d\u0105cy produktem ubocznym destylacji parowej p\u0142atk\u00f3w r\u00f3\u017cy, zachowuj\u0105cy wszystkie naturalne w\u0142a\u015bciwo\u015bci ro\u015bliny.<\/p>\n<p data-start=\"624\" data-end=\"794\">\u015awietny jako sk\u0142adnik lub baza do mgie\u0142ek do twarzy, w\u00f3d micelarnych, p\u0142yn\u00f3w tonizuj\u0105cych i od\u015bwie\u017caj\u0105cych spray\u00f3w. Zalecana koncentracja w takich kosmetykach: 30\u201380\u202f%.<\/p>\n<p data-start=\"796\" data-end=\"956\">Mo\u017ce by\u0107 r\u00f3wnie\u017c stosowany w kremach, serum, perfumach hipoalergicznych lub dodawany do produkt\u00f3w do higieny intymnej. Idealny jako delikatny tonik do twarzy.<\/p>\n<p data-start=\"958\" data-end=\"1094\">Wnosi swoje w\u0142a\u015bciwo\u015bci antyseptyczne i \u0142agodz\u0105ce, a tak\u017ce naturalny, delikatny i przyjemny zapach do wszystkich formu\u0142 kosmetycznych.<\/p>\n<h3 data-start=\"1096\" data-end=\"1123\"><strong data-start=\"1096\" data-end=\"1121\">Dzia\u0142anie \/ Korzy\u015bci<\/strong><\/h3>\n<ul>\n<li data-start=\"1127\" data-end=\"1209\">Delikatnie nawil\u017ca sk\u00f3r\u0119, wi\u0105\u017c\u0105c wod\u0119 i utrzymuj\u0105c odpowiedni poziom nawil\u017cenia.<\/li>\n<li data-start=\"1212\" data-end=\"1270\">Od\u015bwie\u017ca i rewitalizuje cer\u0119, poprawiaj\u0105c mikrokr\u0105\u017cenie.<\/li>\n<li data-start=\"1273\" data-end=\"1358\">Nadaje naturalny, subtelny zapach r\u00f3\u017cy, wzbogacaj\u0105c wra\u017cenia z u\u017cywania kosmetyk\u00f3w.<\/li>\n<li data-start=\"1361\" data-end=\"1476\">Redukuje zaczerwienienia twarzy i \u0142agodzi zm\u0119czenie oczu, np. w produktach do demakija\u017cu lub mgie\u0142kach do twarzy.<\/li>\n<li data-start=\"1479\" data-end=\"1586\">Wykazuje dzia\u0142anie przeciwzapalne i antyseptyczne, wspomagaj\u0105c gojenie drobnych ranek i podra\u017cnie\u0144 sk\u00f3ry.<\/li>\n<li data-start=\"1589\" data-end=\"1695\">\u0141agodzi sk\u00f3r\u0119 wra\u017cliw\u0105 i reaktywn\u0105, odpowiedni dla wszystkich typ\u00f3w sk\u00f3ry, w tym dojrza\u0142ej i delikatnej.<\/li>\n<li data-start=\"1698\" data-end=\"1763\">Wzmacnia skuteczno\u015b\u0107 innych sk\u0142adnik\u00f3w aktywnych w kosmetykach.<\/li>\n<\/ul>\n<h3 data-start=\"1765\" data-end=\"1786\"><strong data-start=\"1765\" data-end=\"1784\">Przechowywanie<\/strong><\/h3>\n<p data-start=\"1788\" data-end=\"1887\">Przechowywa\u0107 w temperaturze pokojowej, chroni\u0107 przed bezpo\u015brednim dzia\u0142aniem \u015bwiat\u0142a s\u0142onecznego.<\/p>\n<h3 data-start=\"1889\" data-end=\"1907\"><strong data-start=\"1889\" data-end=\"1905\">Ostrze\u017cenia<\/strong><\/h3>\n<p data-start=\"1909\" data-end=\"2002\" data-is-last-node=\"\" data-is-only-node=\"\">Przestrzega\u0107 daty wa\u017cno\u015bci podanej na opakowaniu. Unika\u0107 zanieczyszczenia podczas stosowania.<\/p>\n","protected":false},"excerpt":{"rendered":"<p>INCI: Rosa Damascena Organic Flower Water 100% Zastosowanie Organiczny hydrolat pozyskiwany w procesie destylacji parowej kwiat\u00f3w r\u00f3\u017cy damasce\u0144skiej z s\u0142ynnej Doliny R\u00f3\u017c w Bu\u0142garii, znanej z intensywnego, naturalnego zapachu r\u00f3\u017cy. Produkt wysokiej jako\u015bci, wykorzystywany w kosmetykach premium. Cz\u0119sto nazywany wod\u0105 r\u00f3\u017can\u0105, jednak nie nale\u017cy go myli\u0107 z wodami perfumowanymi. Jest to czysty hydrolat, b\u0119d\u0105cy produktem [&hellip;]<\/p>\n","protected":false},"featured_media":550,"comment_status":"open","ping_status":"closed","template":"","meta":[],"product_brand":[],"product_cat":[162,164,168,174,172],"product_tag":[],"class_list":{"0":"post-730","1":"product","2":"type-product","3":"status-publish","4":"has-post-thumbnail","6":"product_cat-surowce-nawilzajace","7":"product_cat-twarz","8":"product_cat-wlosy","9":"product_cat-cialo","10":"product_cat-hydrolaty","12":"first","13":"instock","14":"taxable","15":"shipping-taxable","16":"purchasable","17":"product-type-simple"},"_links":{"self":[{"href":"https:\/\/densilab.com\/pl\/wp-json\/wp\/v2\/product\/730","targetHints":{"allow":["GET"]}}],"collection":[{"href":"https:\/\/densilab.com\/pl\/wp-json\/wp\/v2\/product"}],"about":[{"href":"https:\/\/densilab.com\/pl\/wp-json\/wp\/v2\/types\/product"}],"replies":[{"embeddable":true,"href":"https:\/\/densilab.com\/pl\/wp-json\/wp\/v2\/comments?post=730"}],"wp:featuredmedia":[{"embeddable":true,"href":"https:\/\/densilab.com\/pl\/wp-json\/wp\/v2\/media\/550"}],"wp:attachment":[{"href":"https:\/\/densilab.com\/pl\/wp-json\/wp\/v2\/media?parent=730"}],"wp:term":[{"taxonomy":"product_brand","embeddable":true,"href":"https:\/\/densilab.com\/pl\/wp-json\/wp\/v2\/product_brand?post=730"},{"taxonomy":"product_cat","embeddable":true,"href":"https:\/\/densilab.com\/pl\/wp-json\/wp\/v2\/product_cat?post=730"},{"taxonomy":"product_tag","embeddable":true,"href":"https:\/\/densilab.com\/pl\/wp-json\/wp\/v2\/product_tag?post=730"}],"curies":[{"name":"wp","href":"https:\/\/api.w.org\/{rel}","templated":true}]}}