{"id":720,"date":"2024-01-11T20:24:11","date_gmt":"2024-01-11T20:24:11","guid":{"rendered":"https:\/\/densilab.com\/produkt\/pflanzenkollagen-kollaplantat\/"},"modified":"2025-08-31T08:30:26","modified_gmt":"2025-08-31T08:30:26","slug":"pflanzenkollagen-kollaplantat","status":"publish","type":"product","link":"https:\/\/densilab.com\/pl\/produkt\/pflanzenkollagen-kollaplantat\/","title":{"rendered":"KOLAGEN RO\u015aLINNY COLLAPLANT"},"content":{"rendered":"<p data-start=\"64\" data-end=\"182\"><strong data-start=\"64\" data-end=\"72\">INCI<\/strong>: <em>Hydrolizowane bia\u0142ko soi, aminokwasy ry\u017cowe, L-prolina, hydrolizowany ekstrakt z nasion Adansonia digitata<\/em><\/p>\n<h3 data-start=\"184\" data-end=\"202\">Zastosowanie<\/h3>\n<p data-start=\"203\" data-end=\"458\">Poziom kolagenu w organizmie cz\u0142owieka naturalnie spada wraz z wiekiem. Prowadzi to do utraty j\u0119drno\u015bci, elastyczno\u015bci oraz do widocznych oznak starzenia si\u0119 sk\u00f3ry i w\u0142os\u00f3w. Regularne uzupe\u0142nianie poprzez kosmetyki pomaga zachowa\u0107 m\u0142ody i zdrowy wygl\u0105d.<\/p>\n<p data-start=\"460\" data-end=\"1162\">\u2022 100% wega\u0144ska alternatywa dla kolagenu zwierz\u0119cego, o por\u00f3wnywalnym profilu sensorycznym i wszechstronnych w\u0142a\u015bciwo\u015bciach<br data-start=\"583\" data-end=\"586\" \/>\u2022 Oparta na hydrolizowanych bia\u0142kach soi, aminokwasach ry\u017cowych i hydrolizowanym ekstrakcie z nasion baobabu<br data-start=\"694\" data-end=\"697\" \/>\u2022 Wzbogacona o L-prolin\u0119 \u2013 niezb\u0119dny aminokwas odgrywaj\u0105cy kluczow\u0105 rol\u0119 w naturalnej syntezie kolagenu i regeneracji tkanek<br data-start=\"821\" data-end=\"824\" \/>\u2022 Wolna od GMO, paraben\u00f3w, formaldehydu i innych szkodliwych dodatk\u00f3w<br data-start=\"893\" data-end=\"896\" \/>\u2022 Stworzona do kompleksowej piel\u0119gnacji sk\u00f3ry, w\u0142os\u00f3w i paznokci \u2013 intensywnie nawil\u017ca, chroni i regeneruje<br data-start=\"1003\" data-end=\"1006\" \/>\u2022 Zalecane st\u0119\u017cenie w formulacjach kosmetycznych: 1\u20135%, odpowiednia do krem\u00f3w, serum, balsam\u00f3w, szampon\u00f3w, od\u017cywek oraz produkt\u00f3w wzmacniaj\u0105cych paznokcie<\/p>\n<h3 data-start=\"1164\" data-end=\"1179\">Dzia\u0142anie<\/h3>\n<p data-start=\"1180\" data-end=\"1556\">L-prolina, aminokwas odgrywaj\u0105cy kluczow\u0105 rol\u0119 w procesie tworzenia kolagenu, zapewnia sk\u00f3rze j\u0119drno\u015b\u0107, elastyczno\u015b\u0107 i spr\u0119\u017cysto\u015b\u0107. \u0141atwo przenika do sk\u00f3ry i jest dobrze przyswajana przez jej struktur\u0119, dzi\u0119ki czemu znajduje zastosowanie w kremach i serum, szczeg\u00f3lnie w przypadku sk\u00f3ry wra\u017cliwej i podra\u017cnionej. Mo\u017ce tak\u017ce zmniejsza\u0107 widoczno\u015b\u0107 drobnych linii i zmarszczek.<\/p>\n<p data-start=\"1558\" data-end=\"1924\"><strong data-start=\"1558\" data-end=\"1588\">Dzia\u0142anie antyoksydacyjne:<\/strong> chroni sk\u00f3r\u0119 przed szkodliwym dzia\u0142aniem wolnych rodnik\u00f3w powstaj\u0105cych pod wp\u0142ywem czynnik\u00f3w \u015brodowiskowych, takich jak promieniowanie UV, zanieczyszczenia czy dym tytoniowy. Wspiera produkcj\u0119 naturalnych przeciwutleniaczy, dzi\u0119ki czemu wzmacnia odporno\u015b\u0107 sk\u00f3ry na dzia\u0142anie czynnik\u00f3w zewn\u0119trznych i sprawia, \u017ce wygl\u0105da ona zdrowiej.<\/p>\n<p data-start=\"1926\" data-end=\"1952\"><strong data-start=\"1926\" data-end=\"1950\">Korzy\u015bci dla w\u0142os\u00f3w:<\/strong><\/p>\n<ul>\n<li data-start=\"1955\" data-end=\"2001\">nadaje w\u0142osom zdrowy wygl\u0105d, obj\u0119to\u015b\u0107 i si\u0142\u0119<\/li>\n<li data-start=\"2004\" data-end=\"2092\">zwi\u0119ksza elastyczno\u015b\u0107 w\u0142os\u00f3w i ich odporno\u015b\u0107 na uszkodzenia mechaniczne oraz termiczne<\/li>\n<li data-start=\"2095\" data-end=\"2181\">zapobiega utracie wilgoci, dzi\u0119ki czemu w\u0142osy pozostaj\u0105 dobrze nawil\u017cone i od\u017cywione<\/li>\n<li data-start=\"2184\" data-end=\"2333\">wspomaga regeneracj\u0119 po zabiegach fryzjerskich (farbowanie, rozja\u015bnianie, prostowanie), wzmacniaj\u0105c struktur\u0119 w\u0142osa i przywracaj\u0105c mu zdrowy wygl\u0105d<\/li>\n<\/ul>\n<h3 data-start=\"2335\" data-end=\"2355\">Przechowywanie<\/h3>\n<p data-start=\"2356\" data-end=\"2393\">Po otwarciu przechowywa\u0107 w lod\u00f3wce.<\/p>\n<h3 data-start=\"2395\" data-end=\"2412\">Ostrze\u017cenia<\/h3>\n<p data-start=\"2413\" data-end=\"2468\">Przestrzega\u0107 terminu wa\u017cno\u015bci podanego na opakowaniu.<\/p>\n","protected":false},"excerpt":{"rendered":"<p>INCI: Hydrolizowane bia\u0142ko soi, aminokwasy ry\u017cowe, L-prolina, hydrolizowany ekstrakt z nasion Adansonia digitata Zastosowanie Poziom kolagenu w organizmie cz\u0142owieka naturalnie spada wraz z wiekiem. Prowadzi to do utraty j\u0119drno\u015bci, elastyczno\u015bci oraz do widocznych oznak starzenia si\u0119 sk\u00f3ry i w\u0142os\u00f3w. Regularne uzupe\u0142nianie poprzez kosmetyki pomaga zachowa\u0107 m\u0142ody i zdrowy wygl\u0105d. \u2022 100% wega\u0144ska alternatywa dla kolagenu [&hellip;]<\/p>\n","protected":false},"featured_media":458,"comment_status":"open","ping_status":"closed","template":"","meta":[],"product_brand":[],"product_cat":[221,157,162,164,168,174,170],"product_tag":[],"class_list":{"0":"post-720","1":"product","2":"type-product","3":"status-publish","4":"has-post-thumbnail","6":"product_cat-skladniki-aktywne","7":"product_cat-surowce-anti-aging","8":"product_cat-surowce-nawilzajace","9":"product_cat-twarz","10":"product_cat-wlosy","11":"product_cat-cialo","12":"product_cat-kwas-hialuronowy-kolageny-keratyna-i-pochodne","14":"first","15":"instock","16":"taxable","17":"shipping-taxable","18":"purchasable","19":"product-type-simple"},"_links":{"self":[{"href":"https:\/\/densilab.com\/pl\/wp-json\/wp\/v2\/product\/720","targetHints":{"allow":["GET"]}}],"collection":[{"href":"https:\/\/densilab.com\/pl\/wp-json\/wp\/v2\/product"}],"about":[{"href":"https:\/\/densilab.com\/pl\/wp-json\/wp\/v2\/types\/product"}],"replies":[{"embeddable":true,"href":"https:\/\/densilab.com\/pl\/wp-json\/wp\/v2\/comments?post=720"}],"wp:featuredmedia":[{"embeddable":true,"href":"https:\/\/densilab.com\/pl\/wp-json\/wp\/v2\/media\/458"}],"wp:attachment":[{"href":"https:\/\/densilab.com\/pl\/wp-json\/wp\/v2\/media?parent=720"}],"wp:term":[{"taxonomy":"product_brand","embeddable":true,"href":"https:\/\/densilab.com\/pl\/wp-json\/wp\/v2\/product_brand?post=720"},{"taxonomy":"product_cat","embeddable":true,"href":"https:\/\/densilab.com\/pl\/wp-json\/wp\/v2\/product_cat?post=720"},{"taxonomy":"product_tag","embeddable":true,"href":"https:\/\/densilab.com\/pl\/wp-json\/wp\/v2\/product_tag?post=720"}],"curies":[{"name":"wp","href":"https:\/\/api.w.org\/{rel}","templated":true}]}}