{"id":709,"date":"2024-01-11T20:34:13","date_gmt":"2024-01-11T20:34:13","guid":{"rendered":"https:\/\/densilab.com\/produkt\/macadamiaoel-unraffiniert-desodoriert-kaltgepresst\/"},"modified":"2025-08-31T10:35:48","modified_gmt":"2025-08-31T10:35:48","slug":"macadamiaoel-unraffiniert-desodoriert-kaltgepresst","status":"publish","type":"product","link":"https:\/\/densilab.com\/pl\/produkt\/macadamiaoel-unraffiniert-desodoriert-kaltgepresst\/","title":{"rendered":"OLEJ MAKADAMIA NIERAFINOWANY, DEODORYZOWANY, T\u0141OCZONY NA ZIMNO"},"content":{"rendered":"<article class=\"text-token-text-primary w-full focus:outline-none scroll-mt-[calc(var(--header-height)+min(200px,max(70px,20svh)))]\" dir=\"auto\" tabindex=\"-1\" data-turn-id=\"request-68b3ec04-6b38-8320-ba50-ca6fd9951650-61\" data-testid=\"conversation-turn-138\" data-scroll-anchor=\"true\" data-turn=\"assistant\">\n<div class=\"text-base my-auto mx-auto pb-10 [--thread-content-margin:--spacing(4)] @[37rem]:[--thread-content-margin:--spacing(6)] @[72rem]:[--thread-content-margin:--spacing(16)] px-(--thread-content-margin)\">\n<div class=\"[--thread-content-max-width:32rem] @[34rem]:[--thread-content-max-width:40rem] @[64rem]:[--thread-content-max-width:48rem] mx-auto max-w-(--thread-content-max-width) flex-1 group\/turn-messages focus-visible:outline-hidden relative flex w-full min-w-0 flex-col agent-turn\" tabindex=\"-1\">\n<div class=\"flex max-w-full flex-col grow\">\n<div class=\"min-h-8 text-message relative flex w-full flex-col items-end gap-2 text-start break-words whitespace-normal [.text-message+&amp;]:mt-5\" dir=\"auto\" data-message-author-role=\"assistant\" data-message-id=\"ed39e3e8-d56e-4215-b03f-a8bb5f9dd4a6\" data-message-model-slug=\"gpt-5-mini\">\n<div class=\"flex w-full flex-col gap-1 empty:hidden first:pt-[3px]\">\n<div class=\"markdown prose dark:prose-invert w-full break-words dark markdown-new-styling\">\n<p data-start=\"41\" data-end=\"87\"><strong data-start=\"41\" data-end=\"50\">INCI:<\/strong> <em>Olej z nasion Macadamia Ternifolia<\/em><\/p>\n<h3 data-start=\"94\" data-end=\"112\">Zastosowanie<\/h3>\n<p data-start=\"113\" data-end=\"476\">Naturalny, jasno\u017c\u00f3\u0142ty olej pozyskiwany na zimno z orzech\u00f3w Macadamia integrifolia, bez procesu rafinacji. Cho\u0107 metoda ta jest kosztowna i podnosi cen\u0119 produktu, zachowuje cenne sk\u0142adniki, zwi\u0119kszaj\u0105c jego skuteczno\u015b\u0107. Zawiera 57\u202f% kwasu oleinowego, 25\u202f% kwasu palmitynowego, kwasy t\u0142uszczowe omega 3\/6\/9 oraz jest bogaty w witaminy A, B, E, minera\u0142y i lecytyn\u0119.<\/p>\n<p data-start=\"478\" data-end=\"813\">Polecany do piel\u0119gnacji sk\u00f3ry suchej, wra\u017cliwej i \u0142uszcz\u0105cej si\u0119. Kwas oleinowy i palmitynowy s\u0105 podobne do tych wyst\u0119puj\u0105cych w sk\u00f3rze ludzkiej, co zapewnia doskona\u0142e wch\u0142anianie oleju. Idealny sk\u0142adnik kosmetyk\u00f3w antycellulitowych, zw\u0142aszcza w po\u0142\u0105czeniu z mas\u0142em shea lub olejem migda\u0142owym. Mo\u017ce by\u0107 stosowany jako olej do masa\u017cu.<\/p>\n<p data-start=\"815\" data-end=\"1172\">Stosowanie jest ca\u0142kowicie bezpieczne \u2013 zalecana koncentracja w formu\u0142ach kosmetycznych do 99\u202f% (pozosta\u0142e 1\u202f% mo\u017cna uzupe\u0142ni\u0107 kwasem hialuronowym, mas\u0142em kosmetycznym lub innym olejem). Doskona\u0142y jako sk\u0142adnik lub baza w kosmetykach przeciw rozst\u0119pom, formu\u0142ach nawil\u017caj\u0105cych i uj\u0119drniaj\u0105cych. Mo\u017ce by\u0107 dodawany do krem\u00f3w, balsam\u00f3w lub od\u017cywek do w\u0142os\u00f3w.<\/p>\n<h3 data-start=\"1179\" data-end=\"1194\">Dzia\u0142anie<\/h3>\n<ul>\n<li data-start=\"1197\" data-end=\"1281\">Intensywnie nawil\u017ca i wyg\u0142adza sk\u00f3r\u0119, przywracaj\u0105c jej elastyczno\u015b\u0107 i spr\u0119\u017cysto\u015b\u0107.<\/li>\n<li data-start=\"1284\" data-end=\"1398\">\u0141agodzi podra\u017cnienia po ekspozycji na s\u0142o\u0144ce i wspomaga regeneracj\u0119 drobnych uszkodze\u0144 sk\u00f3ry, rozst\u0119p\u00f3w i blizn.<\/li>\n<li data-start=\"1401\" data-end=\"1474\">Od\u017cywia, rewitalizuje i poprawia j\u0119drno\u015b\u0107 sk\u00f3ry, szczeg\u00f3lnie dojrza\u0142ej.<\/li>\n<li data-start=\"1477\" data-end=\"1592\">Silne w\u0142a\u015bciwo\u015bci antyoksydacyjne \u2013 chroni kom\u00f3rki przed stresem oksydacyjnym i spowalnia proces starzenia sk\u00f3ry.<\/li>\n<li data-start=\"1595\" data-end=\"1672\">Wzmacnia naturaln\u0105 barier\u0119 hydrolipidow\u0105 sk\u00f3ry i zapobiega utracie wilgoci.<\/li>\n<li data-start=\"1675\" data-end=\"1757\">Dzia\u0142a ochronnie i zwi\u0119ksza odporno\u015b\u0107 sk\u00f3ry na dzia\u0142anie czynnik\u00f3w zewn\u0119trznych.<\/li>\n<li data-start=\"1760\" data-end=\"1866\">Nadaje w\u0142osom wyj\u0105tkowy po\u0142ysk i mi\u0119kko\u015b\u0107, od\u017cywia je w g\u0142\u0105b i zwi\u0119ksza obj\u0119to\u015b\u0107, nawet w\u0142os\u00f3w cienkich.<\/li>\n<li data-start=\"1869\" data-end=\"1920\">U\u0142atwia rozczesywanie i redukuje puszenie w\u0142os\u00f3w.<\/li>\n<\/ul>\n<h3 data-start=\"1927\" data-end=\"1947\">Przechowywanie<\/h3>\n<p data-start=\"1948\" data-end=\"2017\">Przechowywa\u0107 w temperaturze pokojowej, bez konieczno\u015bci ch\u0142odzenia.<\/p>\n<h3 data-start=\"2024\" data-end=\"2041\">Ostrze\u017cenia<\/h3>\n<p data-start=\"2042\" data-end=\"2095\" data-is-last-node=\"\" data-is-only-node=\"\">Przestrzega\u0107 terminu wa\u017cno\u015bci podanego na opakowaniu.<\/p>\n<\/div>\n<\/div>\n<\/div>\n<\/div>\n<div class=\"flex min-h-[46px] justify-start\"><\/div>\n<div class=\"mt-3 w-full empty:hidden\">\n<div class=\"text-center\"><\/div>\n<\/div>\n<\/div>\n<\/div>\n<\/article>\n<div class=\"pointer-events-none h-px w-px\" aria-hidden=\"true\" data-edge=\"true\"><\/div>\n","protected":false},"excerpt":{"rendered":"<p>INCI: Olej z nasion Macadamia Ternifolia Zastosowanie Naturalny, jasno\u017c\u00f3\u0142ty olej pozyskiwany na zimno z orzech\u00f3w Macadamia integrifolia, bez procesu rafinacji. Cho\u0107 metoda ta jest kosztowna i podnosi cen\u0119 produktu, zachowuje cenne sk\u0142adniki, zwi\u0119kszaj\u0105c jego skuteczno\u015b\u0107. Zawiera 57\u202f% kwasu oleinowego, 25\u202f% kwasu palmitynowego, kwasy t\u0142uszczowe omega 3\/6\/9 oraz jest bogaty w witaminy A, B, E, minera\u0142y [&hellip;]<\/p>\n","protected":false},"featured_media":466,"comment_status":"open","ping_status":"closed","template":"","meta":[],"product_brand":[],"product_cat":[157,162,164,168,174,173],"product_tag":[],"class_list":{"0":"post-709","1":"product","2":"type-product","3":"status-publish","4":"has-post-thumbnail","6":"product_cat-surowce-anti-aging","7":"product_cat-surowce-nawilzajace","8":"product_cat-twarz","9":"product_cat-wlosy","10":"product_cat-cialo","11":"product_cat-oleje-skwalany-masla-kosmetyczne-i-maceraty","13":"first","14":"instock","15":"taxable","16":"shipping-taxable","17":"purchasable","18":"product-type-simple"},"_links":{"self":[{"href":"https:\/\/densilab.com\/pl\/wp-json\/wp\/v2\/product\/709","targetHints":{"allow":["GET"]}}],"collection":[{"href":"https:\/\/densilab.com\/pl\/wp-json\/wp\/v2\/product"}],"about":[{"href":"https:\/\/densilab.com\/pl\/wp-json\/wp\/v2\/types\/product"}],"replies":[{"embeddable":true,"href":"https:\/\/densilab.com\/pl\/wp-json\/wp\/v2\/comments?post=709"}],"wp:featuredmedia":[{"embeddable":true,"href":"https:\/\/densilab.com\/pl\/wp-json\/wp\/v2\/media\/466"}],"wp:attachment":[{"href":"https:\/\/densilab.com\/pl\/wp-json\/wp\/v2\/media?parent=709"}],"wp:term":[{"taxonomy":"product_brand","embeddable":true,"href":"https:\/\/densilab.com\/pl\/wp-json\/wp\/v2\/product_brand?post=709"},{"taxonomy":"product_cat","embeddable":true,"href":"https:\/\/densilab.com\/pl\/wp-json\/wp\/v2\/product_cat?post=709"},{"taxonomy":"product_tag","embeddable":true,"href":"https:\/\/densilab.com\/pl\/wp-json\/wp\/v2\/product_tag?post=709"}],"curies":[{"name":"wp","href":"https:\/\/api.w.org\/{rel}","templated":true}]}}