{"id":672,"date":"2024-01-11T20:36:53","date_gmt":"2024-01-11T20:36:53","guid":{"rendered":"https:\/\/densilab.com\/produkt\/suessmandeloel-unraffiniert\/"},"modified":"2025-08-30T08:38:55","modified_gmt":"2025-08-30T08:38:55","slug":"suessmandeloel-unraffiniert","status":"publish","type":"product","link":"https:\/\/densilab.com\/pl\/produkt\/suessmandeloel-unraffiniert\/","title":{"rendered":"OLEJ ZE S\u0141ODKICH MIGDA\u0141\u00d3W NIERAFINOWANY"},"content":{"rendered":"<p data-start=\"94\" data-end=\"129\"><strong data-start=\"94\" data-end=\"103\">INCI:<\/strong> Prunus Amygdalus Dulcis<\/p>\n<h3 data-start=\"131\" data-end=\"149\"><strong data-start=\"131\" data-end=\"147\">Zastosowanie<\/strong><\/h3>\n<p data-start=\"151\" data-end=\"551\">Pozyskiwany z nasion s\u0142odkiego drzewa migda\u0142owego. T\u0142oczony na zimno, nierafinowany. Metoda ta jest stosunkowo kosztowna, ale oleje t\u0142oczone na zimno zachowuj\u0105 wi\u0119cej cennych sk\u0142adnik\u00f3w aktywnych, co zwi\u0119ksza skuteczno\u015b\u0107 produktu. Uwa\u017cany jest za jeden z najlepszych olej\u00f3w kosmetycznych i szeroko stosowany przez producent\u00f3w kosmetyk\u00f3w jako sk\u0142adnik aktywny. Odpowiedni dla wszystkich typ\u00f3w sk\u00f3ry.<\/p>\n<p data-start=\"553\" data-end=\"687\">Doskonale sprawdza si\u0119 do masa\u017cu oraz piel\u0119gnacji sk\u00f3ry suchej i podra\u017cnionej \u2013 dobrze si\u0119 wch\u0142ania i nie pozostawia t\u0142ustego filmu.<\/p>\n<p data-start=\"689\" data-end=\"886\">Stosowany w profilaktyce rozst\u0119p\u00f3w oraz w leczeniu \u0142uszczycy i egzemy. Szczeg\u00f3lnie polecany dla sk\u00f3ry dzieci\u0119cej, zw\u0142aszcza atopowej i podra\u017cnionej, dzi\u0119ki swoim \u0142agodnym i koj\u0105cym w\u0142a\u015bciwo\u015bciom.<\/p>\n<p data-start=\"888\" data-end=\"1014\">Idealny jako baza do nawil\u017cania po k\u0105pieli lub jako codzienny balsam nawil\u017caj\u0105cy bez pozostawiania t\u0142ustego filmu na sk\u00f3rze.<\/p>\n<p data-start=\"1016\" data-end=\"1182\">Posiada doskona\u0142e w\u0142a\u015bciwo\u015bci zmydlaj\u0105ce, cz\u0119sto wykorzystywany w produktach do demakija\u017cu. \u015awietnie nadaje si\u0119 r\u00f3wnie\u017c jako sk\u0142adnik szampon\u00f3w i od\u017cywek do w\u0142os\u00f3w.<\/p>\n<p data-start=\"1184\" data-end=\"1246\"><strong data-start=\"1184\" data-end=\"1235\">Zalecane st\u0119\u017cenie w formulacjach kosmetycznych:<\/strong> do 99\u202f%.<\/p>\n<p data-start=\"1248\" data-end=\"1816\"><strong data-start=\"1248\" data-end=\"1274\">Proste sposoby u\u017cycia:<\/strong><br data-start=\"1274\" data-end=\"1277\" \/>\ud83d\udd38 Stosowa\u0107 jako balsam po k\u0105pieli na wilgotn\u0105 sk\u00f3r\u0119 w celu jej nawil\u017cenia i od\u017cywienia.<br data-start=\"1365\" data-end=\"1368\" \/>\ud83d\udd38 Nak\u0142ada\u0107 na miejsca szczeg\u00f3lnie nara\u017cone na powstawanie rozst\u0119p\u00f3w (brzuch, piersi, uda), aby skutecznie zapobiega\u0107 ich powstawaniu.<br data-start=\"1502\" data-end=\"1505\" \/>\ud83d\udd38 Mo\u017ce zast\u0105pi\u0107 krem do twarzy, szczeg\u00f3lnie w po\u0142\u0105czeniu z kilkoma kroplami kwasu hialuronowego.<br data-start=\"1602\" data-end=\"1605\" \/>\ud83d\udd38 W po\u0142\u0105czeniu z hydrolatem r\u00f3\u017canym \u2013 idealny demakija\u017c, tak\u017ce przy mocnym makija\u017cu.<br data-start=\"1690\" data-end=\"1693\" \/>\ud83d\udd38 Dodany do od\u017cywki do w\u0142os\u00f3w, od\u017cywia i wzmacnia w\u0142osy.<br data-start=\"1750\" data-end=\"1753\" \/>\ud83d\udd38 Wmasowa\u0107 w p\u0142ytk\u0119 paznokcia, od\u017cywia i wzmacnia paznokcie.<\/p>\n<h3 data-start=\"1818\" data-end=\"1844\"><strong data-start=\"1818\" data-end=\"1842\">Dzia\u0142anie \/ Korzy\u015bci<\/strong><\/h3>\n<p data-start=\"1846\" data-end=\"1936\">Przywraca r\u00f3wnowag\u0119 lipidow\u0105 nask\u00f3rka, zapewniaj\u0105c optymalne nawil\u017cenie i nat\u0142uszczenie.<\/p>\n<p data-start=\"1938\" data-end=\"2158\">Posiada w\u0142a\u015bciwo\u015bci okluzyjne \u2013 tworzy ochronny film na sk\u00f3rze, zapobiegaj\u0105c utracie wody, a zawarte w nim nienasycone kwasy t\u0142uszczowe u\u0142atwiaj\u0105 wnikanie sk\u0142adnik\u00f3w aktywnych z kosmetyk\u00f3w, zwi\u0119kszaj\u0105c ich skuteczno\u015b\u0107.<\/p>\n<p data-start=\"2160\" data-end=\"2305\">Bogaty w tokoferole, zw\u0142aszcza witamin\u0119\u202fE \u2013 \u201ewitamin\u0119 m\u0142odo\u015bci\u201d. Odm\u0142adza sk\u00f3r\u0119, nawil\u017ca, dzia\u0142a antyoksydacyjnie i neutralizuje wolne rodniki.<\/p>\n<p data-start=\"2307\" data-end=\"2476\">Olej migda\u0142owy zawiera tak\u017ce bogactwo minera\u0142\u00f3w i innych witamin, m.in. A, D i z grupy B, a tak\u017ce skwalan i fitosterole, kt\u00f3re od\u017cywiaj\u0105, nawil\u017caj\u0105 i zmi\u0119kczaj\u0105 sk\u00f3r\u0119.<\/p>\n<h3 data-start=\"2478\" data-end=\"2498\"><strong data-start=\"2478\" data-end=\"2496\">Przechowywanie<\/strong><\/h3>\n<p data-start=\"2500\" data-end=\"2577\">Przechowywa\u0107 w temperaturze pokojowej. Nie wymaga przechowywania w lod\u00f3wce.<\/p>\n<h3 data-start=\"2579\" data-end=\"2596\"><strong data-start=\"2579\" data-end=\"2594\">Ostrze\u017cenia<\/strong><\/h3>\n<p data-start=\"2598\" data-end=\"2647\" data-is-last-node=\"\" data-is-only-node=\"\">Przestrzega\u0107 daty wa\u017cno\u015bci podanej na opakowaniu.<\/p>\n","protected":false},"excerpt":{"rendered":"<p>INCI: Prunus Amygdalus Dulcis Zastosowanie Pozyskiwany z nasion s\u0142odkiego drzewa migda\u0142owego. T\u0142oczony na zimno, nierafinowany. Metoda ta jest stosunkowo kosztowna, ale oleje t\u0142oczone na zimno zachowuj\u0105 wi\u0119cej cennych sk\u0142adnik\u00f3w aktywnych, co zwi\u0119ksza skuteczno\u015b\u0107 produktu. Uwa\u017cany jest za jeden z najlepszych olej\u00f3w kosmetycznych i szeroko stosowany przez producent\u00f3w kosmetyk\u00f3w jako sk\u0142adnik aktywny. Odpowiedni dla wszystkich typ\u00f3w [&hellip;]<\/p>\n","protected":false},"featured_media":470,"comment_status":"open","ping_status":"closed","template":"","meta":[],"product_brand":[],"product_cat":[162,164,168,174,173],"product_tag":[],"class_list":{"0":"post-672","1":"product","2":"type-product","3":"status-publish","4":"has-post-thumbnail","6":"product_cat-surowce-nawilzajace","7":"product_cat-twarz","8":"product_cat-wlosy","9":"product_cat-cialo","10":"product_cat-oleje-skwalany-masla-kosmetyczne-i-maceraty","12":"first","13":"instock","14":"taxable","15":"shipping-taxable","16":"purchasable","17":"product-type-simple"},"_links":{"self":[{"href":"https:\/\/densilab.com\/pl\/wp-json\/wp\/v2\/product\/672","targetHints":{"allow":["GET"]}}],"collection":[{"href":"https:\/\/densilab.com\/pl\/wp-json\/wp\/v2\/product"}],"about":[{"href":"https:\/\/densilab.com\/pl\/wp-json\/wp\/v2\/types\/product"}],"replies":[{"embeddable":true,"href":"https:\/\/densilab.com\/pl\/wp-json\/wp\/v2\/comments?post=672"}],"wp:featuredmedia":[{"embeddable":true,"href":"https:\/\/densilab.com\/pl\/wp-json\/wp\/v2\/media\/470"}],"wp:attachment":[{"href":"https:\/\/densilab.com\/pl\/wp-json\/wp\/v2\/media?parent=672"}],"wp:term":[{"taxonomy":"product_brand","embeddable":true,"href":"https:\/\/densilab.com\/pl\/wp-json\/wp\/v2\/product_brand?post=672"},{"taxonomy":"product_cat","embeddable":true,"href":"https:\/\/densilab.com\/pl\/wp-json\/wp\/v2\/product_cat?post=672"},{"taxonomy":"product_tag","embeddable":true,"href":"https:\/\/densilab.com\/pl\/wp-json\/wp\/v2\/product_tag?post=672"}],"curies":[{"name":"wp","href":"https:\/\/api.w.org\/{rel}","templated":true}]}}