{"id":661,"date":"2024-01-11T20:42:05","date_gmt":"2024-01-11T20:42:05","guid":{"rendered":"https:\/\/densilab.com\/produkt\/hydrolysierte-seide-fluessigseide\/"},"modified":"2025-08-31T15:11:00","modified_gmt":"2025-08-31T15:11:00","slug":"hydrolysierte-seide-fluessigseide","status":"publish","type":"product","link":"https:\/\/densilab.com\/pl\/produkt\/hydrolysierte-seide-fluessigseide\/","title":{"rendered":"JEDWAB HYDROLIZOWANY (P\u0141YNNY JEDWAB)"},"content":{"rendered":"<p data-start=\"41\" data-end=\"73\"><strong data-start=\"41\" data-end=\"50\">INCI:<\/strong> <em>Hydrolizowany jedwab<\/em><\/p>\n<h3 data-start=\"75\" data-end=\"93\"><strong data-start=\"75\" data-end=\"91\">Zastosowanie<\/strong><\/h3>\n<p data-start=\"95\" data-end=\"227\">Bia\u0142ka jedwabiu maj\u0105 struktur\u0119 bardzo zbli\u017con\u0105 do naturalnych bia\u0142ek w\u0142os\u00f3w i paznokci, co u\u0142atwia ich g\u0142\u0119bokie wnikanie w tkanki.<\/p>\n<p data-start=\"229\" data-end=\"258\"><strong data-start=\"229\" data-end=\"256\">Przyk\u0142ady zastosowania:<\/strong><\/p>\n<ul>\n<li data-start=\"261\" data-end=\"310\">Dodatek do od\u017cywek do w\u0142os\u00f3w (w proporcji 1:30)<\/li>\n<li data-start=\"313\" data-end=\"393\">Baza do domowej od\u017cywki jedwabnej (rozcie\u0144czona wod\u0105 w stosunku 1:10 lub 1:20)<\/li>\n<li data-start=\"396\" data-end=\"543\">W po\u0142\u0105czeniu z hydrolizowan\u0105 keratyn\u0105 \u2013 kompresy do w\u0142os\u00f3w (po rozcie\u0144czeniu na\u0142o\u017cy\u0107, pozostawi\u0107 minimum 20 minut, a nast\u0119pnie dok\u0142adnie sp\u0142uka\u0107)<\/li>\n<li data-start=\"546\" data-end=\"592\">Kilka kropli bezpo\u015brednio do gotowej od\u017cywki<\/li>\n<li data-start=\"595\" data-end=\"664\">Jako dodatek do krem\u00f3w do twarzy, balsam\u00f3w do cia\u0142a i krem\u00f3w do r\u0105k<\/li>\n<\/ul>\n<h3 data-start=\"666\" data-end=\"681\"><strong data-start=\"666\" data-end=\"679\">Dzia\u0142anie<\/strong><\/h3>\n<ul>\n<li data-start=\"685\" data-end=\"728\">G\u0142\u0119boko wnika we w\u0142osy, od\u017cywia i nawil\u017ca<\/li>\n<li data-start=\"731\" data-end=\"835\">Tworzy ochronny film na powierzchni w\u0142os\u00f3w \u2013 chroni przed promieniowaniem UV i czynnikami zewn\u0119trznymi<\/li>\n<li data-start=\"838\" data-end=\"903\">Poprawia rozczesywanie, zapobiega elektryzowaniu, nadaje po\u0142ysk<\/li>\n<li data-start=\"906\" data-end=\"976\">Szczeg\u00f3lnie polecany do w\u0142os\u00f3w os\u0142abionych i chemicznie traktowanych<\/li>\n<li data-start=\"979\" data-end=\"1030\">W piel\u0119gnacji sk\u00f3ry \u2013 od\u017cywia, nawil\u017ca i wyg\u0142adza<\/li>\n<li data-start=\"1033\" data-end=\"1093\">Chroni przed utrat\u0105 wilgoci i zapewnia jedwabist\u0105 g\u0142adko\u015b\u0107<\/li>\n<li data-start=\"1096\" data-end=\"1173\">\u0141atwo przenika w g\u0142\u0105b nask\u00f3rka, dzia\u0142aj\u0105c tak\u017ce w g\u0142\u0119bszych warstwach sk\u00f3ry<\/li>\n<\/ul>\n<h3 data-start=\"1175\" data-end=\"1195\"><strong data-start=\"1175\" data-end=\"1193\">Przechowywanie<\/strong><\/h3>\n<p data-start=\"1197\" data-end=\"1234\">Po otwarciu przechowywa\u0107 w lod\u00f3wce.<\/p>\n<h3 data-start=\"1236\" data-end=\"1253\"><strong data-start=\"1236\" data-end=\"1251\">Ostrze\u017cenia<\/strong><\/h3>\n<p data-start=\"1255\" data-end=\"1310\" data-is-only-node=\"\">Przestrzega\u0107 terminu wa\u017cno\u015bci podanego na opakowaniu.<\/p>\n","protected":false},"excerpt":{"rendered":"<p>INCI: Hydrolizowany jedwab Zastosowanie Bia\u0142ka jedwabiu maj\u0105 struktur\u0119 bardzo zbli\u017con\u0105 do naturalnych bia\u0142ek w\u0142os\u00f3w i paznokci, co u\u0142atwia ich g\u0142\u0119bokie wnikanie w tkanki. Przyk\u0142ady zastosowania: Dodatek do od\u017cywek do w\u0142os\u00f3w (w proporcji 1:30) Baza do domowej od\u017cywki jedwabnej (rozcie\u0144czona wod\u0105 w stosunku 1:10 lub 1:20) W po\u0142\u0105czeniu z hydrolizowan\u0105 keratyn\u0105 \u2013 kompresy do w\u0142os\u00f3w (po [&hellip;]<\/p>\n","protected":false},"featured_media":476,"comment_status":"open","ping_status":"closed","template":"","meta":[],"product_brand":[],"product_cat":[221,162,164,168,174,172],"product_tag":[],"class_list":{"0":"post-661","1":"product","2":"type-product","3":"status-publish","4":"has-post-thumbnail","6":"product_cat-skladniki-aktywne","7":"product_cat-surowce-nawilzajace","8":"product_cat-twarz","9":"product_cat-wlosy","10":"product_cat-cialo","11":"product_cat-hydrolaty","13":"first","14":"instock","15":"taxable","16":"shipping-taxable","17":"purchasable","18":"product-type-simple"},"_links":{"self":[{"href":"https:\/\/densilab.com\/pl\/wp-json\/wp\/v2\/product\/661","targetHints":{"allow":["GET"]}}],"collection":[{"href":"https:\/\/densilab.com\/pl\/wp-json\/wp\/v2\/product"}],"about":[{"href":"https:\/\/densilab.com\/pl\/wp-json\/wp\/v2\/types\/product"}],"replies":[{"embeddable":true,"href":"https:\/\/densilab.com\/pl\/wp-json\/wp\/v2\/comments?post=661"}],"wp:featuredmedia":[{"embeddable":true,"href":"https:\/\/densilab.com\/pl\/wp-json\/wp\/v2\/media\/476"}],"wp:attachment":[{"href":"https:\/\/densilab.com\/pl\/wp-json\/wp\/v2\/media?parent=661"}],"wp:term":[{"taxonomy":"product_brand","embeddable":true,"href":"https:\/\/densilab.com\/pl\/wp-json\/wp\/v2\/product_brand?post=661"},{"taxonomy":"product_cat","embeddable":true,"href":"https:\/\/densilab.com\/pl\/wp-json\/wp\/v2\/product_cat?post=661"},{"taxonomy":"product_tag","embeddable":true,"href":"https:\/\/densilab.com\/pl\/wp-json\/wp\/v2\/product_tag?post=661"}],"curies":[{"name":"wp","href":"https:\/\/api.w.org\/{rel}","templated":true}]}}