{"id":643,"date":"2024-01-11T20:49:02","date_gmt":"2024-01-11T20:49:02","guid":{"rendered":"https:\/\/densilab.com\/produkt\/mohnoel-unraffiniert-kaltgepresst\/"},"modified":"2025-08-31T10:25:07","modified_gmt":"2025-08-31T10:25:07","slug":"mohnoel-unraffiniert-kaltgepresst","status":"publish","type":"product","link":"https:\/\/densilab.com\/pl\/produkt\/mohnoel-unraffiniert-kaltgepresst\/","title":{"rendered":"OLEJ Z NASION MAKU NIERAFINOWANY, TLOCZONY NA ZIMNO"},"content":{"rendered":"<p data-start=\"27\" data-end=\"82\"><strong data-start=\"27\" data-end=\"36\">INCI:<\/strong> <em>Olej z nasion maku polnego (Papaver rhoeas)<\/em><\/p>\n<h3 data-start=\"89\" data-end=\"107\">Zastosowanie<\/h3>\n<p data-start=\"108\" data-end=\"361\">100% naturalny, t\u0142oczony na zimno olej o delikatnym, orzechowym aromacie, jasn\u017c\u00f3\u0142ty do bezbarwnego. Sk\u0142ada si\u0119 g\u0142\u00f3wnie z kwasu linolowego (do 75%), zawiera r\u00f3wnie\u017c kwas oleinowy oraz niewielkie ilo\u015bci kwas\u00f3w palmitynowego, stearynowego i linolenowego.<\/p>\n<p data-start=\"363\" data-end=\"527\">Mo\u017ce by\u0107 stosowany bezpo\u015brednio na sk\u00f3r\u0119 i w\u0142osy (zalecane st\u0119\u017cenie w formu\u0142ach kosmetycznych: do 100%). Do stosowania zewn\u0119trznego na twarz, cia\u0142o i sk\u00f3r\u0119 g\u0142owy.<\/p>\n<p data-start=\"529\" data-end=\"719\">Szczeg\u00f3lnie zalecany dla sk\u00f3ry suchej, wra\u017cliwej lub problematycznej, a tak\u017ce dla suchych, os\u0142abionych w\u0142os\u00f3w z rozdwojonymi ko\u0144c\u00f3wkami. Nadaje si\u0119 r\u00f3wnie\u017c do zastosowa\u0144 dermatologicznych.<\/p>\n<p data-start=\"721\" data-end=\"791\">Idealny jako sk\u0142adnik kosmetyk\u00f3w antycellulitowych i uj\u0119drniaj\u0105cych.<\/p>\n<h3 data-start=\"798\" data-end=\"813\">Dzia\u0142anie<\/h3>\n<ul>\n<li data-start=\"816\" data-end=\"875\">Szczeg\u00f3lnie odpowiedni dla sk\u00f3ry wra\u017cliwej i naczynkowej.<\/li>\n<li data-start=\"878\" data-end=\"989\">Poprawia mikrokr\u0105\u017cenie, wyg\u0142adza i uj\u0119drnia sk\u00f3r\u0119 \u2013 idealny do preparat\u00f3w antycellulitowych i uj\u0119drniaj\u0105cych.<\/li>\n<li data-start=\"992\" data-end=\"1175\">Doskona\u0142y emolient: tworzy ochronny, wyg\u0142adzaj\u0105cy film, kt\u00f3ry zapobiega utracie wody przez nask\u00f3rek i chroni przed czynnikami zewn\u0119trznymi, takimi jak wiatr, zimno czy klimatyzacja.<\/li>\n<li data-start=\"1178\" data-end=\"1229\">Intensywnie nawil\u017ca i zapobiega wysuszeniu sk\u00f3ry.<\/li>\n<li data-start=\"1232\" data-end=\"1397\">W niskich st\u0119\u017ceniach pomocny przy sk\u00f3rze problematycznej \u2013 rozcie\u0144cza nadmiar sebum, oczyszcza zatkane pory, \u0142agodzi stany zapalne i wspomaga regeneracj\u0119 nask\u00f3rka.<\/li>\n<li data-start=\"1400\" data-end=\"1484\">Od\u017cywia, regeneruje i dzia\u0142a antyoksydacyjnie \u2013 spowalnia procesy starzenia sk\u00f3ry.<\/li>\n<li data-start=\"1487\" data-end=\"1662\">W piel\u0119gnacji w\u0142os\u00f3w wzmacnia cebulki i mieszki w\u0142osowe, zapobiega wypadaniu w\u0142os\u00f3w, \u0142agodzi stany zapalne sk\u00f3ry g\u0142owy, dzia\u0142a przeciw\u0142upie\u017cowo i reguluje wydzielanie sebum.<\/li>\n<li data-start=\"1665\" data-end=\"1747\">Redukuje rozdwojone ko\u0144c\u00f3wki, nadaje w\u0142osom mi\u0119kko\u015b\u0107, blask i u\u0142atwia uk\u0142adanie.<\/li>\n<\/ul>\n<h3 data-start=\"1754\" data-end=\"1774\">Przechowywanie<\/h3>\n<p data-start=\"1775\" data-end=\"1920\">Przechowywa\u0107 w szczelnie zamkni\u0119tym pojemniku w lod\u00f3wce.<br data-start=\"1831\" data-end=\"1834\" \/>Olej wra\u017cliwy na \u015bwiat\u0142o i ciep\u0142o, szybko si\u0119 utlenia \u2013 unika\u0107 ekspozycji na s\u0142o\u0144ce.<\/p>\n<h3 data-start=\"1927\" data-end=\"1944\">Ostrze\u017cenia<\/h3>\n<p data-start=\"1945\" data-end=\"1998\" data-is-last-node=\"\" data-is-only-node=\"\">Przestrzega\u0107 terminu wa\u017cno\u015bci podanego na opakowaniu.<\/p>\n","protected":false},"excerpt":{"rendered":"<p>INCI: Olej z nasion maku polnego (Papaver rhoeas) Zastosowanie 100% naturalny, t\u0142oczony na zimno olej o delikatnym, orzechowym aromacie, jasn\u017c\u00f3\u0142ty do bezbarwnego. Sk\u0142ada si\u0119 g\u0142\u00f3wnie z kwasu linolowego (do 75%), zawiera r\u00f3wnie\u017c kwas oleinowy oraz niewielkie ilo\u015bci kwas\u00f3w palmitynowego, stearynowego i linolenowego. Mo\u017ce by\u0107 stosowany bezpo\u015brednio na sk\u00f3r\u0119 i w\u0142osy (zalecane st\u0119\u017cenie w formu\u0142ach kosmetycznych: [&hellip;]<\/p>\n","protected":false},"featured_media":486,"comment_status":"open","ping_status":"closed","template":"","meta":[],"product_brand":[],"product_cat":[162,163,164,168,174,173],"product_tag":[],"class_list":{"0":"post-643","1":"product","2":"type-product","3":"status-publish","4":"has-post-thumbnail","6":"product_cat-surowce-nawilzajace","7":"product_cat-cera-naczynkowa-tradzik-preparaty-antycellulitowe","8":"product_cat-twarz","9":"product_cat-wlosy","10":"product_cat-cialo","11":"product_cat-oleje-skwalany-masla-kosmetyczne-i-maceraty","13":"first","14":"instock","15":"taxable","16":"shipping-taxable","17":"purchasable","18":"product-type-simple"},"_links":{"self":[{"href":"https:\/\/densilab.com\/pl\/wp-json\/wp\/v2\/product\/643","targetHints":{"allow":["GET"]}}],"collection":[{"href":"https:\/\/densilab.com\/pl\/wp-json\/wp\/v2\/product"}],"about":[{"href":"https:\/\/densilab.com\/pl\/wp-json\/wp\/v2\/types\/product"}],"replies":[{"embeddable":true,"href":"https:\/\/densilab.com\/pl\/wp-json\/wp\/v2\/comments?post=643"}],"wp:featuredmedia":[{"embeddable":true,"href":"https:\/\/densilab.com\/pl\/wp-json\/wp\/v2\/media\/486"}],"wp:attachment":[{"href":"https:\/\/densilab.com\/pl\/wp-json\/wp\/v2\/media?parent=643"}],"wp:term":[{"taxonomy":"product_brand","embeddable":true,"href":"https:\/\/densilab.com\/pl\/wp-json\/wp\/v2\/product_brand?post=643"},{"taxonomy":"product_cat","embeddable":true,"href":"https:\/\/densilab.com\/pl\/wp-json\/wp\/v2\/product_cat?post=643"},{"taxonomy":"product_tag","embeddable":true,"href":"https:\/\/densilab.com\/pl\/wp-json\/wp\/v2\/product_tag?post=643"}],"curies":[{"name":"wp","href":"https:\/\/api.w.org\/{rel}","templated":true}]}}