{"id":641,"date":"2024-01-11T20:51:46","date_gmt":"2024-01-11T20:51:46","guid":{"rendered":"https:\/\/densilab.com\/produkt\/gemahlene-schwarze-johannisbeersamen-peelinggrundlage\/"},"modified":"2025-08-31T09:35:23","modified_gmt":"2025-08-31T09:35:23","slug":"gemahlene-schwarze-johannisbeersamen-peelinggrundlage","status":"publish","type":"product","link":"https:\/\/densilab.com\/pl\/produkt\/gemahlene-schwarze-johannisbeersamen-peelinggrundlage\/","title":{"rendered":"MIELONE NASIONA CZARNEJ PORZECZKI (BAZA DO PEELINGU)"},"content":{"rendered":"<p data-start=\"69\" data-end=\"121\"><strong data-start=\"69\" data-end=\"78\">INCI:<\/strong> <em>Nasiona czarnej porzeczki (Ribes Nigrum)<\/em><\/p>\n<h3 data-start=\"123\" data-end=\"141\">Zastosowanie<\/h3>\n<p data-start=\"142\" data-end=\"381\">Suszone i zmielone nasiona czarnej porzeczki zawieraj\u0105 pektyny, b\u0142onnik oraz kwasy owocowe. Dzi\u0119ki naturalnej szorstko\u015bci skutecznie usuwaj\u0105 zewn\u0119trzn\u0105 warstw\u0119 martwego nask\u00f3rka, pobudzaj\u0105c sk\u00f3r\u0119 do regeneracji i odbudowy g\u00f3rnych warstw.<\/p>\n<p data-start=\"383\" data-end=\"675\">Peeling jest bezpieczny i mo\u017cna go stosowa\u0107 1\u20132 razy w tygodniu. Zmielone nasiona miesza si\u0119 z wod\u0105, olejem lub wysokiej jako\u015bci kefirem, nak\u0142ada na lekko zwil\u017con\u0105 sk\u00f3r\u0119 i delikatnie masuje przez oko\u0142o 5 minut. Skuteczno\u015b\u0107 peelingu zale\u017cy od intensywno\u015bci masa\u017cu. Pozosta\u0142o\u015bci sp\u0142uka\u0107 wod\u0105.<\/p>\n<p data-start=\"677\" data-end=\"792\">Peeling doskonale przygotowuje sk\u00f3r\u0119 do aplikacji krem\u00f3w, serum czy masek. Pomaga r\u00f3wnie\u017c w redukcji przebarwie\u0144.<\/p>\n<h3 data-start=\"799\" data-end=\"814\">Dzia\u0142anie<\/h3>\n<p data-start=\"815\" data-end=\"957\">Peeling dzia\u0142a przede wszystkim mechanicznie, usuwaj\u0105c zewn\u0119trzn\u0105 (najcz\u0119\u015bciej martw\u0105) warstw\u0119 nask\u00f3rka i pobudzaj\u0105c mikrokr\u0105\u017cenie w sk\u00f3rze.<\/p>\n<p data-start=\"959\" data-end=\"1199\">Oczyszcza pory, usuwa nadmiar sebum, martwe kom\u00f3rki i zanieczyszczenia. Poprawia kr\u0105\u017cenie we wszystkich warstwach sk\u00f3ry i przyspiesza jej naturaln\u0105 regeneracj\u0119. Sk\u00f3ra staje si\u0119 g\u0142adsza, mi\u0119kka, elastyczna i bardziej jednolita w kolorycie.<\/p>\n<p data-start=\"1201\" data-end=\"1316\">Poza dzia\u0142aniem mechanicznym peeling piel\u0119gnuje sk\u00f3r\u0119, dostarczaj\u0105c witaminy i kwasy owocowe zawarte w produkcie.<\/p>\n<h3 data-start=\"1323\" data-end=\"1343\">Przechowywanie<\/h3>\n<p data-start=\"1344\" data-end=\"1381\">Po otwarciu chroni\u0107 przed wilgoci\u0105.<\/p>\n<h3 data-start=\"1388\" data-end=\"1405\">Ostrze\u017cenia<\/h3>\n<ul>\n<li data-start=\"1408\" data-end=\"1482\">U os\u00f3b z wra\u017cliw\u0105 lub naczynkow\u0105 sk\u00f3r\u0105 dostosowa\u0107 intensywno\u015b\u0107 peelingu.<\/li>\n<li data-start=\"1485\" data-end=\"1591\">Nie stosowa\u0107 przy opryszczce, grzybicach sk\u00f3ry (np. grzybica pier\u015bcieniowa) ani infekcjach bakteryjnych.<\/li>\n<li data-start=\"1594\" data-end=\"1663\">Unika\u0107 kontaktu z ranami, uszkodzeniami sk\u00f3ry i miejscami z erozj\u0105.<\/li>\n<li data-start=\"1666\" data-end=\"1728\">Nie stosowa\u0107 peelingu w czasie intensywnego nas\u0142onecznienia.<\/li>\n<\/ul>\n","protected":false},"excerpt":{"rendered":"<p>INCI: Nasiona czarnej porzeczki (Ribes Nigrum) Zastosowanie Suszone i zmielone nasiona czarnej porzeczki zawieraj\u0105 pektyny, b\u0142onnik oraz kwasy owocowe. Dzi\u0119ki naturalnej szorstko\u015bci skutecznie usuwaj\u0105 zewn\u0119trzn\u0105 warstw\u0119 martwego nask\u00f3rka, pobudzaj\u0105c sk\u00f3r\u0119 do regeneracji i odbudowy g\u00f3rnych warstw. Peeling jest bezpieczny i mo\u017cna go stosowa\u0107 1\u20132 razy w tygodniu. Zmielone nasiona miesza si\u0119 z wod\u0105, olejem lub [&hellip;]<\/p>\n","protected":false},"featured_media":490,"comment_status":"open","ping_status":"closed","template":"","meta":[],"product_brand":[],"product_cat":[157,163,164,174],"product_tag":[],"class_list":{"0":"post-641","1":"product","2":"type-product","3":"status-publish","4":"has-post-thumbnail","6":"product_cat-surowce-anti-aging","7":"product_cat-cera-naczynkowa-tradzik-preparaty-antycellulitowe","8":"product_cat-twarz","9":"product_cat-cialo","11":"first","12":"instock","13":"taxable","14":"shipping-taxable","15":"purchasable","16":"product-type-simple"},"_links":{"self":[{"href":"https:\/\/densilab.com\/pl\/wp-json\/wp\/v2\/product\/641","targetHints":{"allow":["GET"]}}],"collection":[{"href":"https:\/\/densilab.com\/pl\/wp-json\/wp\/v2\/product"}],"about":[{"href":"https:\/\/densilab.com\/pl\/wp-json\/wp\/v2\/types\/product"}],"replies":[{"embeddable":true,"href":"https:\/\/densilab.com\/pl\/wp-json\/wp\/v2\/comments?post=641"}],"wp:featuredmedia":[{"embeddable":true,"href":"https:\/\/densilab.com\/pl\/wp-json\/wp\/v2\/media\/490"}],"wp:attachment":[{"href":"https:\/\/densilab.com\/pl\/wp-json\/wp\/v2\/media?parent=641"}],"wp:term":[{"taxonomy":"product_brand","embeddable":true,"href":"https:\/\/densilab.com\/pl\/wp-json\/wp\/v2\/product_brand?post=641"},{"taxonomy":"product_cat","embeddable":true,"href":"https:\/\/densilab.com\/pl\/wp-json\/wp\/v2\/product_cat?post=641"},{"taxonomy":"product_tag","embeddable":true,"href":"https:\/\/densilab.com\/pl\/wp-json\/wp\/v2\/product_tag?post=641"}],"curies":[{"name":"wp","href":"https:\/\/api.w.org\/{rel}","templated":true}]}}