{"id":639,"date":"2024-01-11T20:52:48","date_gmt":"2024-01-11T20:52:48","guid":{"rendered":"https:\/\/densilab.com\/produkt\/peeling-mikrokapseln-mit-suessmandeloel\/"},"modified":"2025-08-31T14:22:32","modified_gmt":"2025-08-31T14:22:32","slug":"peeling-mikrokapseln-mit-suessmandeloel","status":"publish","type":"product","link":"https:\/\/densilab.com\/pl\/produkt\/peeling-mikrokapseln-mit-suessmandeloel\/","title":{"rendered":"MIKROKAPSU\u0141KI PEELINGUJ\u0104CE Z OLEJEM ZE S\u0141ODKICH MIGDA\u0141\u00d3W"},"content":{"rendered":"<p><strong>INCI:<\/strong> <em>Sodium Alginate, Prunus Amygdalus Dulcis (Sweet \\Almond) Oil<\/em><\/p>\n<p data-start=\"76\" data-end=\"169\">Zawarto\u015b\u0107 sk\u0142adnik\u00f3w w mieszance: alginian 44%, nierafinowany olej ze s\u0142odkich migda\u0142\u00f3w 56%<\/p>\n<h3 data-start=\"171\" data-end=\"189\"><strong data-start=\"171\" data-end=\"187\">Zastosowanie<\/strong><\/h3>\n<p data-start=\"191\" data-end=\"310\">P\u00f3\u0142przezroczyste mikrokapsu\u0142ki o \u017c\u00f3\u0142tej barwie i charakterystycznym, przyjemnym zapachu, o lekko szorstkiej fakturze.<\/p>\n<p data-start=\"312\" data-end=\"465\">Otoczka sk\u0142ada si\u0119 z alginianu sodu (pochodzenia naturalnego, pozyskiwanego z alg). W jej wn\u0119trzu znajduje si\u0119 nierafinowany olej ze s\u0142odkich migda\u0142\u00f3w.<\/p>\n<p data-start=\"467\" data-end=\"647\">Produkt mo\u017cna nak\u0142ada\u0107 bezpo\u015brednio na sk\u00f3r\u0119 lub stosowa\u0107 jako sk\u0142adnik bardziej zaawansowanych peeling\u00f3w, wzbogaconych np. o mielone nasiona zielonej kawy lub nasiona porzeczki.<\/p>\n<h3 data-start=\"649\" data-end=\"664\"><strong data-start=\"649\" data-end=\"662\">Dzia\u0142anie<\/strong><\/h3>\n<p data-start=\"666\" data-end=\"1024\">Mechaniczne dzia\u0142anie peelingu polega na usuni\u0119ciu zewn\u0119trznej (zwykle martwej) warstwy nask\u00f3rka i pobudzeniu mikrokr\u0105\u017cenia sk\u00f3ry \u2013 do tej cz\u0119\u015bci zabiegu odpowiednia jest otoczka z alg morskich. W efekcie oczyszczane s\u0105 pory, usuwany nadmiar sebum, a drobne zmarszczki ulegaj\u0105 wyg\u0142adzeniu. Sk\u00f3ra staje si\u0119 g\u0142adsza, pory mniej widoczne, a koloryt wyr\u00f3wnany.<\/p>\n<p data-start=\"1026\" data-end=\"1218\">Podczas peelingu uwalniany jest olej migda\u0142owy, kt\u00f3ry dodatkowo nawil\u017ca i od\u017cywia sk\u00f3r\u0119 (szczeg\u00f3\u0142owe dzia\u0142anie oleju migda\u0142owego opisano w opisie oleju nierafinowanego ze s\u0142odkich migda\u0142\u00f3w).<\/p>\n<h3 data-start=\"1220\" data-end=\"1240\"><strong data-start=\"1220\" data-end=\"1238\">Przechowywanie<\/strong><\/h3>\n<p data-start=\"1242\" data-end=\"1299\">Przechowywa\u0107 w suchym miejscu w temperaturze pokojowej.<\/p>\n<h3 data-start=\"1301\" data-end=\"1318\"><strong data-start=\"1301\" data-end=\"1316\">Ostrze\u017cenia<\/strong><\/h3>\n<p data-start=\"1320\" data-end=\"1479\">\u017baden ze sk\u0142adnik\u00f3w mieszanki nie wykazuje potencja\u0142u uczulaj\u0105cego, jednak zaleca si\u0119 wykonanie testu alergicznego na ma\u0142ej, przykrytej sk\u00f3rze przed u\u017cyciem.<\/p>\n<p data-start=\"1481\" data-end=\"1618\" data-is-last-node=\"\" data-is-only-node=\"\">Podczas stosowania peelingu na twarz nale\u017cy zachowa\u0107 szczeg\u00f3ln\u0105 ostro\u017cno\u015b\u0107 w okolicach oczu, aby produkt nie mia\u0142 kontaktu z ga\u0142k\u0105 oczn\u0105.<\/p>\n","protected":false},"excerpt":{"rendered":"<p>INCI: Sodium Alginate, Prunus Amygdalus Dulcis (Sweet \\Almond) Oil Zawarto\u015b\u0107 sk\u0142adnik\u00f3w w mieszance: alginian 44%, nierafinowany olej ze s\u0142odkich migda\u0142\u00f3w 56% Zastosowanie P\u00f3\u0142przezroczyste mikrokapsu\u0142ki o \u017c\u00f3\u0142tej barwie i charakterystycznym, przyjemnym zapachu, o lekko szorstkiej fakturze. Otoczka sk\u0142ada si\u0119 z alginianu sodu (pochodzenia naturalnego, pozyskiwanego z alg). W jej wn\u0119trzu znajduje si\u0119 nierafinowany olej ze s\u0142odkich [&hellip;]<\/p>\n","protected":false},"featured_media":492,"comment_status":"open","ping_status":"closed","template":"","meta":[],"product_brand":[],"product_cat":[162,163,164,174],"product_tag":[],"class_list":{"0":"post-639","1":"product","2":"type-product","3":"status-publish","4":"has-post-thumbnail","6":"product_cat-surowce-nawilzajace","7":"product_cat-cera-naczynkowa-tradzik-preparaty-antycellulitowe","8":"product_cat-twarz","9":"product_cat-cialo","11":"first","12":"outofstock","13":"taxable","14":"shipping-taxable","15":"purchasable","16":"product-type-simple"},"_links":{"self":[{"href":"https:\/\/densilab.com\/pl\/wp-json\/wp\/v2\/product\/639","targetHints":{"allow":["GET"]}}],"collection":[{"href":"https:\/\/densilab.com\/pl\/wp-json\/wp\/v2\/product"}],"about":[{"href":"https:\/\/densilab.com\/pl\/wp-json\/wp\/v2\/types\/product"}],"replies":[{"embeddable":true,"href":"https:\/\/densilab.com\/pl\/wp-json\/wp\/v2\/comments?post=639"}],"wp:featuredmedia":[{"embeddable":true,"href":"https:\/\/densilab.com\/pl\/wp-json\/wp\/v2\/media\/492"}],"wp:attachment":[{"href":"https:\/\/densilab.com\/pl\/wp-json\/wp\/v2\/media?parent=639"}],"wp:term":[{"taxonomy":"product_brand","embeddable":true,"href":"https:\/\/densilab.com\/pl\/wp-json\/wp\/v2\/product_brand?post=639"},{"taxonomy":"product_cat","embeddable":true,"href":"https:\/\/densilab.com\/pl\/wp-json\/wp\/v2\/product_cat?post=639"},{"taxonomy":"product_tag","embeddable":true,"href":"https:\/\/densilab.com\/pl\/wp-json\/wp\/v2\/product_tag?post=639"}],"curies":[{"name":"wp","href":"https:\/\/api.w.org\/{rel}","templated":true}]}}