{"id":615,"date":"2024-01-08T11:28:33","date_gmt":"2024-01-08T11:28:33","guid":{"rendered":"https:\/\/densilab.com\/produkt\/creme-basis\/"},"modified":"2026-01-20T15:28:35","modified_gmt":"2026-01-20T15:28:35","slug":"creme-basis","status":"publish","type":"product","link":"https:\/\/densilab.com\/pl\/produkt\/creme-basis\/","title":{"rendered":"BAZA KREMOWA ze skwalanem"},"content":{"rendered":"<p><strong>INCI:<\/strong> <em>Aqua, Helianthus Annuus (Sunflower) Seed Oil, Squalane, Cetearyl Olivate, Sorbitan Olivate, Glycerin, Cetearyl Alcohol, Cetyl Palmitate, Sorbinian Palmitate, Sorbitan Cleats, Dehydroacetic Acid, Benzyl Alcohol<\/em><\/p>\n<h3><strong>Zastosowanie<\/strong><\/h3>\n<p data-start=\"302\" data-end=\"866\">Lekka, prosta w u\u017cyciu baza o jedwabistej konsystencji i neutralnym zapachu, kt\u00f3ra mo\u017ce przyj\u0105\u0107 do 20\u201330% sk\u0142adnik\u00f3w aktywnych. Idealna do przygotowywania krem\u00f3w domowych, a tak\u017ce profesjonalnych kosmetyk\u00f3w (spersonalizowanych preparat\u00f3w piel\u0119gnacyjnych w gabinetach kosmetycznych) do twarzy, cia\u0142a i r\u0105k.<br data-start=\"607\" data-end=\"610\" \/>Uniwersalna formu\u0142a sprawia, \u017ce jest kompatybilna ze wszystkimi aktywnymi dodatkami i odporna na b\u0142\u0119dy w dozowaniu \u2013 nawet przy zbyt du\u017cej ilo\u015bci dodatk\u00f3w mo\u017ce doj\u015b\u0107 jedynie do rozwarstwienia faz (wystarczy doda\u0107 wi\u0119cej bazy lub ponownie wymiesza\u0107 krem).<\/p>\n<p data-start=\"302\" data-end=\"866\">Baza z powodzeniem wystarcza na przygotowanie dw\u00f3ch porcji kremu - np. kremu na dzie\u0144 oraz kremu na noc.<\/p>\n<p data-start=\"868\" data-end=\"1381\"><strong data-start=\"868\" data-end=\"897\">Instrukcje przygotowania:<\/strong><br data-start=\"897\" data-end=\"900\" \/>Do bazy wystarczy doda\u0107 wybrane oleje i\/lub inne sk\u0142adniki aktywne, a nast\u0119pnie wymiesza\u0107 (sk\u0142adniki powinny mie\u0107 zbli\u017con\u0105 temperatur\u0119, najlepiej pokojow\u0105).<br data-start=\"1056\" data-end=\"1059\" \/>Najpierw nale\u017cy doda\u0107 sk\u0142adniki t\u0142uszczowe (oleje, roztopione mas\u0142a ro\u015blinne), a nast\u0119pnie dodatki rozpuszczalne w wodzie (np. kolagen czy kwas hialuronowy).<br data-start=\"1216\" data-end=\"1219\" \/>Je\u015bli krem oka\u017ce si\u0119 zbyt p\u0142ynny, mo\u017cna doda\u0107 kilka kropel roztopionego mas\u0142a kosmetycznego (np. shea lub aloesowego), kt\u00f3re podczas stygni\u0119cia zag\u0119\u015bci produkt.<\/p>\n<h3 data-start=\"1383\" data-end=\"1398\"><strong data-start=\"1383\" data-end=\"1396\">Dzia\u0142anie<\/strong><\/h3>\n<p data-start=\"1400\" data-end=\"1676\">Dzi\u0119ki lekkiej konsystencji gotowy produkt bardzo dobrze si\u0119 wch\u0142ania, nie zatyka por\u00f3w i nie obci\u0105\u017ca sk\u00f3ry.<br data-start=\"1508\" data-end=\"1511\" \/>W zale\u017cno\u015bci od dodanych sk\u0142adnik\u00f3w aktywnych mo\u017cna uzyska\u0107 efekt nawil\u017caj\u0105cy, uj\u0119drniaj\u0105cy, liftinguj\u0105cy lub specjalistyczny \u2013 np. przeciwstarzeniowy krem do r\u0105k.<\/p>\n<p data-start=\"1678\" data-end=\"2175\">Sama baza jest ju\u017c bogata w cenne sk\u0142adniki piel\u0119gnacyjne:<br data-start=\"1736\" data-end=\"1739\" \/>\u2022 <strong data-start=\"1741\" data-end=\"1758\">Faza olejowa:<\/strong> zawiera lekkie olej s\u0142onecznikowy i luksusowy skwalan, kt\u00f3re nawil\u017caj\u0105 i regeneruj\u0105 sk\u00f3r\u0119.<br data-start=\"1849\" data-end=\"1852\" \/>\u2022 <strong data-start=\"1854\" data-end=\"1877\">System emulgator\u00f3w:<\/strong> oparty na naturalnych pochodnych oliwy (Cetearyl Olivate, Sorbitan Olivate), kt\u00f3re tworz\u0105 struktur\u0119 lamelarn\u0105, zapewniaj\u0105c jedwabist\u0105 g\u0142adko\u015b\u0107 i dodatkowe uczucie nawil\u017cenia.<br data-start=\"2052\" data-end=\"2055\" \/>\u2022 <strong data-start=\"2057\" data-end=\"2081\">System konserwuj\u0105cy:<\/strong> zabezpieczony konserwantem dopuszczonym przez ECOCERT (Dehydroacetic Acid, Benzyl Alcohol).<\/p>\n<h3 data-start=\"2177\" data-end=\"2197\"><strong data-start=\"2177\" data-end=\"2195\">Przechowywanie<\/strong><\/h3>\n<p data-start=\"2199\" data-end=\"2268\">Przechowywa\u0107 w temperaturze pokojowej, bez konieczno\u015bci ch\u0142odzenia.<\/p>\n<h3 data-start=\"2270\" data-end=\"2287\"><strong data-start=\"2270\" data-end=\"2285\">Ostrze\u017cenia<\/strong><\/h3>\n<p data-start=\"2289\" data-end=\"2340\">Przestrzega\u0107 daty wa\u017cno\u015bci podanej na opakowaniu.<\/p>\n","protected":false},"excerpt":{"rendered":"<p>INCI: Aqua, Helianthus Annuus (Sunflower) Seed Oil, Squalane, Cetearyl Olivate, Sorbitan Olivate, Glycerin, Cetearyl Alcohol, Cetyl Palmitate, Sorbinian Palmitate, Sorbitan Cleats, Dehydroacetic Acid, Benzyl Alcohol Zastosowanie Lekka, prosta w u\u017cyciu baza o jedwabistej konsystencji i neutralnym zapachu, kt\u00f3ra mo\u017ce przyj\u0105\u0107 do 20\u201330% sk\u0142adnik\u00f3w aktywnych. Idealna do przygotowywania krem\u00f3w domowych, a tak\u017ce profesjonalnych kosmetyk\u00f3w (spersonalizowanych preparat\u00f3w [&hellip;]<\/p>\n","protected":false},"featured_media":3170,"comment_status":"open","ping_status":"closed","template":"","meta":[],"product_brand":[],"product_cat":[164,158],"product_tag":[],"class_list":{"0":"post-615","1":"product","2":"type-product","3":"status-publish","4":"has-post-thumbnail","6":"product_cat-twarz","7":"product_cat-bazy","9":"first","10":"instock","11":"taxable","12":"shipping-taxable","13":"purchasable","14":"product-type-simple"},"_links":{"self":[{"href":"https:\/\/densilab.com\/pl\/wp-json\/wp\/v2\/product\/615","targetHints":{"allow":["GET"]}}],"collection":[{"href":"https:\/\/densilab.com\/pl\/wp-json\/wp\/v2\/product"}],"about":[{"href":"https:\/\/densilab.com\/pl\/wp-json\/wp\/v2\/types\/product"}],"replies":[{"embeddable":true,"href":"https:\/\/densilab.com\/pl\/wp-json\/wp\/v2\/comments?post=615"}],"wp:featuredmedia":[{"embeddable":true,"href":"https:\/\/densilab.com\/pl\/wp-json\/wp\/v2\/media\/3170"}],"wp:attachment":[{"href":"https:\/\/densilab.com\/pl\/wp-json\/wp\/v2\/media?parent=615"}],"wp:term":[{"taxonomy":"product_brand","embeddable":true,"href":"https:\/\/densilab.com\/pl\/wp-json\/wp\/v2\/product_brand?post=615"},{"taxonomy":"product_cat","embeddable":true,"href":"https:\/\/densilab.com\/pl\/wp-json\/wp\/v2\/product_cat?post=615"},{"taxonomy":"product_tag","embeddable":true,"href":"https:\/\/densilab.com\/pl\/wp-json\/wp\/v2\/product_tag?post=615"}],"curies":[{"name":"wp","href":"https:\/\/api.w.org\/{rel}","templated":true}]}}