{"id":609,"date":"2024-01-08T12:21:59","date_gmt":"2024-01-08T12:21:59","guid":{"rendered":"https:\/\/densilab.com\/produkt\/qt40-gesichtskonturierung\/"},"modified":"2025-09-19T17:22:21","modified_gmt":"2025-09-19T17:22:21","slug":"qt40-gesichtskonturierung","status":"publish","type":"product","link":"https:\/\/densilab.com\/pl\/produkt\/qt40-gesichtskonturierung\/","title":{"rendered":"QT40 MODELOWANIE KONTURU TWARZY 30ml"},"content":{"rendered":"<p data-start=\"0\" data-end=\"85\"><strong>INCI:<\/strong>\u00a0<em>Oligosacharyd siarczanowo-ramno-glukuronowy z Ulva lactuca \/ Gliceryna \/ Woda<\/em><\/p>\n<h3 data-start=\"87\" data-end=\"405\"><strong data-start=\"87\" data-end=\"103\">Zastosowanie<\/strong><\/h3>\n<p data-start=\"87\" data-end=\"405\">Oryginalny oligosacharyd pochodzenia morskiego, zalecany jako sk\u0142adnik kosmetyk\u00f3w modeluj\u0105cych kontury twarzy. Jego wielokierunkowe dzia\u0142anie na macierz pozakom\u00f3rkow\u0105, z\u0142o\u017con\u0105 sie\u0107 wype\u0142niaj\u0105c\u0105 przestrze\u0144 mi\u0119dzy kom\u00f3rkami sk\u00f3ry i utrzymuj\u0105c\u0105 je razem, zosta\u0142o potwierdzone w badaniach klinicznych.<\/p>\n<p data-start=\"407\" data-end=\"599\">W kosmetykach przygotowywanych na zimno surowiec nale\u017cy doda\u0107 na ko\u0144cu formulacji. W emulsjach produkt wprowadza si\u0119 podczas procesu sch\u0142adzania, gdy ca\u0142kowita temperatura osi\u0105gnie 35\u201340\u202f\u00b0C.<\/p>\n<p data-start=\"601\" data-end=\"713\">Zalecane st\u0119\u017cenie w kosmetykach wynosi 0,5\u20132\u202f%. Przy dodawaniu do naszej bazy kremowej wystarczy kilka kropli.<\/p>\n<h3 data-start=\"715\" data-end=\"856\"><strong data-start=\"715\" data-end=\"728\">Dzia\u0142anie<\/strong><\/h3>\n<p data-start=\"715\" data-end=\"856\">W badaniach klinicznych 60\u202f% uczestnik\u00f3w zaobserwowa\u0142o popraw\u0119 owalu twarzy po 56 dniach stosowania kosmetyku z 2\u202f% QT 40\u00ae.<\/p>\n<p data-start=\"858\" data-end=\"969\">QT 40\u00ae przywraca g\u0119sto\u015b\u0107, j\u0119drno\u015b\u0107 i elastyczno\u015b\u0107 sk\u00f3ry dzi\u0119ki potr\u00f3jnemu dzia\u0142aniu na macierz pozakom\u00f3rkow\u0105:<\/p>\n<ul>\n<li data-start=\"972\" data-end=\"1053\">Stymuluje syntez\u0119 kolagenu i kwasu hialuronowego, g\u0142\u00f3wnych sk\u0142adnik\u00f3w macierzy,<\/li>\n<li data-start=\"1056\" data-end=\"1137\">Zwi\u0119ksza syntez\u0119 bia\u0142ka RHAMM, utrzymuj\u0105c charakterystyczn\u0105 struktur\u0119 macierzy,<\/li>\n<li data-start=\"1140\" data-end=\"1221\">Zapobiega degradacji macierzy poprzez hamowanie enzym\u00f3w rozk\u0142adaj\u0105cych kolagen.<\/li>\n<\/ul>\n<p data-start=\"1223\" data-end=\"1308\">Surowiec hipoalergiczny, dobrze tolerowany przez sk\u00f3r\u0119, bez efektu fototoksycznego.<\/p>\n<p data-start=\"1310\" data-end=\"1353\">Po dodaniu do kosmetyk\u00f3w piel\u0119gnacyjnych:<\/p>\n<ul>\n<li data-start=\"1356\" data-end=\"1407\">Stymuluje syntez\u0119 kolagenu i kwasu hialuronowego,<\/li>\n<li data-start=\"1410\" data-end=\"1483\">Zwi\u0119ksza magazynowanie kwasu hialuronowego i poprawia nawil\u017cenie sk\u00f3ry,<\/li>\n<li data-start=\"1486\" data-end=\"1546\">Stymuluje tworzenie i utrzymanie macierzy w dobrym stanie,<\/li>\n<li data-start=\"1549\" data-end=\"1640\">Chroni struktur\u0119 sk\u00f3ry przed szkodliwym dzia\u0142aniem czynnik\u00f3w wewn\u0119trznych i zewn\u0119trznych,<\/li>\n<li data-start=\"1643\" data-end=\"1698\">Uj\u0119drnia sk\u00f3r\u0119 twarzy i przeciwdzia\u0142a jej wiotczeniu,<\/li>\n<li data-start=\"1701\" data-end=\"1755\">Modeluje kontury twarzy, nadaj\u0105c jej m\u0142odszy wygl\u0105d.<\/li>\n<\/ul>\n<h3 data-start=\"1757\" data-end=\"1878\"><strong data-start=\"1757\" data-end=\"1775\">Przechowywanie<\/strong><\/h3>\n<p data-start=\"1757\" data-end=\"1878\">Chroni\u0107 przed \u015bwiat\u0142em, przechowywa\u0107 w oryginalnym opakowaniu w temperaturze pokojowej (15\u201325\u202f\u00b0C).<\/p>\n<h3 data-start=\"1880\" data-end=\"1951\"><strong data-start=\"1880\" data-end=\"1895\">Ostrze\u017cenia<\/strong><\/h3>\n<p data-start=\"1880\" data-end=\"1951\" data-is-last-node=\"\" data-is-only-node=\"\">Przestrzega\u0107 terminu wa\u017cno\u015bci podanego na opakowaniu.<\/p>\n","protected":false},"excerpt":{"rendered":"<p>INCI:\u00a0Oligosacharyd siarczanowo-ramno-glukuronowy z Ulva lactuca \/ Gliceryna \/ Woda Zastosowanie Oryginalny oligosacharyd pochodzenia morskiego, zalecany jako sk\u0142adnik kosmetyk\u00f3w modeluj\u0105cych kontury twarzy. Jego wielokierunkowe dzia\u0142anie na macierz pozakom\u00f3rkow\u0105, z\u0142o\u017con\u0105 sie\u0107 wype\u0142niaj\u0105c\u0105 przestrze\u0144 mi\u0119dzy kom\u00f3rkami sk\u00f3ry i utrzymuj\u0105c\u0105 je razem, zosta\u0142o potwierdzone w badaniach klinicznych. W kosmetykach przygotowywanych na zimno surowiec nale\u017cy doda\u0107 na ko\u0144cu formulacji. W [&hellip;]<\/p>\n","protected":false},"featured_media":2045,"comment_status":"open","ping_status":"closed","template":"","meta":[],"product_brand":[],"product_cat":[221,157,164,181],"product_tag":[],"class_list":{"0":"post-609","1":"product","2":"type-product","3":"status-publish","4":"has-post-thumbnail","6":"product_cat-skladniki-aktywne","7":"product_cat-surowce-anti-aging","8":"product_cat-twarz","9":"product_cat-liposomy-i-peptydy","11":"first","12":"instock","13":"taxable","14":"shipping-taxable","15":"purchasable","16":"product-type-simple"},"_links":{"self":[{"href":"https:\/\/densilab.com\/pl\/wp-json\/wp\/v2\/product\/609","targetHints":{"allow":["GET"]}}],"collection":[{"href":"https:\/\/densilab.com\/pl\/wp-json\/wp\/v2\/product"}],"about":[{"href":"https:\/\/densilab.com\/pl\/wp-json\/wp\/v2\/types\/product"}],"replies":[{"embeddable":true,"href":"https:\/\/densilab.com\/pl\/wp-json\/wp\/v2\/comments?post=609"}],"wp:featuredmedia":[{"embeddable":true,"href":"https:\/\/densilab.com\/pl\/wp-json\/wp\/v2\/media\/2045"}],"wp:attachment":[{"href":"https:\/\/densilab.com\/pl\/wp-json\/wp\/v2\/media?parent=609"}],"wp:term":[{"taxonomy":"product_brand","embeddable":true,"href":"https:\/\/densilab.com\/pl\/wp-json\/wp\/v2\/product_brand?post=609"},{"taxonomy":"product_cat","embeddable":true,"href":"https:\/\/densilab.com\/pl\/wp-json\/wp\/v2\/product_cat?post=609"},{"taxonomy":"product_tag","embeddable":true,"href":"https:\/\/densilab.com\/pl\/wp-json\/wp\/v2\/product_tag?post=609"}],"curies":[{"name":"wp","href":"https:\/\/api.w.org\/{rel}","templated":true}]}}