{"id":606,"date":"2024-01-11T20:31:08","date_gmt":"2024-01-11T20:31:08","guid":{"rendered":"https:\/\/densilab.com\/produkt\/look-oleoactif-augenpartie\/"},"modified":"2025-08-31T12:23:46","modified_gmt":"2025-08-31T12:23:46","slug":"look-oleoactif-augenpartie","status":"publish","type":"product","link":"https:\/\/densilab.com\/pl\/produkt\/look-oleoactif-augenpartie\/","title":{"rendered":"LOOK OLEOACTIF OKOLICE OCZU 20ml"},"content":{"rendered":"<p data-start=\"62\" data-end=\"145\"><strong data-start=\"62\" data-end=\"71\">INCI:<\/strong> <em>Kwas oleinowy (i) Ekstrakt z kory drzewa Terminalia Arjuna (i) Lecytyna<\/em><\/p>\n<h3 data-start=\"147\" data-end=\"165\">Zastosowanie<\/h3>\n<p data-start=\"166\" data-end=\"356\">Ekstrakt z kory drzewa Arjuna w roztworze kwasu oleinowego z lecytyn\u0105, uzyskany w opatentowanym procesie ekstrakcji Ol\u00e9o-\u00e9co. Specjalny preparat do piel\u0119gnacji delikatnej sk\u00f3ry wok\u00f3\u0142 oczu.<\/p>\n<p data-start=\"358\" data-end=\"560\">Formu\u0142a oparta na olejach z upraw ekologicznych, w 100\u202f% ro\u015blinna, certyfikowana COSMOS, ca\u0142kowicie bezpieczna dla wra\u017cliwej sk\u00f3ry oczu. Skuteczno\u015b\u0107 zosta\u0142a potwierdzona in vivo przy st\u0119\u017ceniu ju\u017c 1\u202f%.<\/p>\n<p data-start=\"562\" data-end=\"609\"><strong data-start=\"562\" data-end=\"598\">Zalecane st\u0119\u017cenie w kosmetykach:<\/strong> 1\u202f\u2013\u202f5\u202f%.<\/p>\n<p data-start=\"611\" data-end=\"902\">Produkt rozpuszcza si\u0119 w olejach i dodaje do fazy olejowej w formule lub na ko\u0144cu procesu produkcji. Najprostsza formu\u0142a to serum olejowe na bazie lekkiego oleju kosmetycznego (np. migda\u0142owego, makadamia, jojoba lub premium na bazie oleju z maku) w proporcji 5\u202fml kompleksu na 95\u202fml oleju.<\/p>\n<h3 data-start=\"904\" data-end=\"919\">Dzia\u0142anie<\/h3>\n<ul>\n<li data-start=\"922\" data-end=\"963\">Wyra\u017anie redukuje opuchlizn\u0119 pod oczami<\/li>\n<li data-start=\"966\" data-end=\"1036\">Nadaje sk\u00f3rze \u015bwie\u017cy, zdrowy wygl\u0105d i widocznie odm\u0142adza kontur oczu<\/li>\n<li data-start=\"1039\" data-end=\"1146\">Uj\u0119drnia tkanki i chroni sk\u00f3r\u0119 wok\u00f3\u0142 oczu przed wolnymi rodnikami (przyczyn\u0105 drobnych linii i zmarszczek)<\/li>\n<li data-start=\"1149\" data-end=\"1199\">Redukuje cienie i przebarwienia, rozja\u015bnia sk\u00f3r\u0119<\/li>\n<li data-start=\"1202\" data-end=\"1239\">Wykazuje w\u0142a\u015bciwo\u015bci kardiotoniczne<\/li>\n<\/ul>\n<h3 data-start=\"1241\" data-end=\"1261\">Przechowywanie<\/h3>\n<p data-start=\"1262\" data-end=\"1331\">Przechowywa\u0107 w temperaturze pokojowej, bez konieczno\u015bci ch\u0142odzenia.<\/p>\n<h3 data-start=\"1333\" data-end=\"1350\">Ostrze\u017cenia<\/h3>\n<p data-start=\"1351\" data-end=\"1402\">Przestrzega\u0107 daty wa\u017cno\u015bci podanej na opakowaniu.<\/p>\n","protected":false},"excerpt":{"rendered":"<p>INCI: Kwas oleinowy (i) Ekstrakt z kory drzewa Terminalia Arjuna (i) Lecytyna Zastosowanie Ekstrakt z kory drzewa Arjuna w roztworze kwasu oleinowego z lecytyn\u0105, uzyskany w opatentowanym procesie ekstrakcji Ol\u00e9o-\u00e9co. Specjalny preparat do piel\u0119gnacji delikatnej sk\u00f3ry wok\u00f3\u0142 oczu. Formu\u0142a oparta na olejach z upraw ekologicznych, w 100\u202f% ro\u015blinna, certyfikowana COSMOS, ca\u0142kowicie bezpieczna dla wra\u017cliwej sk\u00f3ry [&hellip;]<\/p>\n","protected":false},"featured_media":462,"comment_status":"open","ping_status":"closed","template":"","meta":[],"product_brand":[],"product_cat":[221,157,162,164,181],"product_tag":[],"class_list":{"0":"post-606","1":"product","2":"type-product","3":"status-publish","4":"has-post-thumbnail","6":"product_cat-skladniki-aktywne","7":"product_cat-surowce-anti-aging","8":"product_cat-surowce-nawilzajace","9":"product_cat-twarz","10":"product_cat-liposomy-i-peptydy","12":"first","13":"instock","14":"taxable","15":"shipping-taxable","16":"purchasable","17":"product-type-simple"},"_links":{"self":[{"href":"https:\/\/densilab.com\/pl\/wp-json\/wp\/v2\/product\/606","targetHints":{"allow":["GET"]}}],"collection":[{"href":"https:\/\/densilab.com\/pl\/wp-json\/wp\/v2\/product"}],"about":[{"href":"https:\/\/densilab.com\/pl\/wp-json\/wp\/v2\/types\/product"}],"replies":[{"embeddable":true,"href":"https:\/\/densilab.com\/pl\/wp-json\/wp\/v2\/comments?post=606"}],"wp:featuredmedia":[{"embeddable":true,"href":"https:\/\/densilab.com\/pl\/wp-json\/wp\/v2\/media\/462"}],"wp:attachment":[{"href":"https:\/\/densilab.com\/pl\/wp-json\/wp\/v2\/media?parent=606"}],"wp:term":[{"taxonomy":"product_brand","embeddable":true,"href":"https:\/\/densilab.com\/pl\/wp-json\/wp\/v2\/product_brand?post=606"},{"taxonomy":"product_cat","embeddable":true,"href":"https:\/\/densilab.com\/pl\/wp-json\/wp\/v2\/product_cat?post=606"},{"taxonomy":"product_tag","embeddable":true,"href":"https:\/\/densilab.com\/pl\/wp-json\/wp\/v2\/product_tag?post=606"}],"curies":[{"name":"wp","href":"https:\/\/api.w.org\/{rel}","templated":true}]}}