{"id":3430,"date":"2026-01-16T11:10:36","date_gmt":"2026-01-16T11:10:36","guid":{"rendered":"https:\/\/densilab.com\/?post_type=product&#038;p=3430"},"modified":"2026-01-16T11:15:32","modified_gmt":"2026-01-16T11:15:32","slug":"sloik-na-krem-kosmetyczny-200-ml-pp","status":"publish","type":"product","link":"https:\/\/densilab.com\/pl\/produkt\/sloik-na-krem-kosmetyczny-200-ml-pp\/","title":{"rendered":"S\u0141OIK NA KREM KOSMETYCZNY 200 ml PP"},"content":{"rendered":"<p data-start=\"41\" data-end=\"118\">Higieniczne i chemicznie oboj\u0119tne opakowanie.<br data-start=\"86\" data-end=\"89\" \/>\u0141atwe otwieranie i zamykanie.<\/p>\n<p data-start=\"120\" data-end=\"219\"><strong data-start=\"120\" data-end=\"133\">Materia\u0142:<\/strong> tworzywo sztuczne PP<br data-start=\"154\" data-end=\"157\" \/><strong data-start=\"157\" data-end=\"166\">Sp\u00f3d:<\/strong> przezroczysty, matowy<br data-start=\"188\" data-end=\"191\" \/><strong data-start=\"191\" data-end=\"203\">Wieczko:<\/strong> bia\u0142e, matowe<\/p>\n<h3 data-start=\"221\" data-end=\"237\"><strong data-start=\"221\" data-end=\"237\">Zastosowanie<\/strong><\/h3>\n<p data-start=\"239\" data-end=\"595\">Kosmetyki wykonywane samodzielnie wymagaj\u0105 odpowiedniego przechowywania, aby jak najd\u0142u\u017cej zachowa\u0107 swoje cenne w\u0142a\u015bciwo\u015bci piel\u0119gnacyjne.<br data-start=\"377\" data-end=\"380\" \/><strong>Nale\u017cy unika\u0107 stosowania opakowa\u0144 po przeterminowanych kosmetykach kupionych w sklepie<\/strong>. Zazwyczaj nie s\u0105 one przystosowane do ponownego u\u017cycia, a niedok\u0142adne czyszczenie mo\u017ce sprzyja\u0107 rozwojowi szkodliwych bakterii.<\/p>\n<p data-start=\"597\" data-end=\"950\" data-is-last-node=\"\" data-is-only-node=\"\"><strong data-start=\"597\" data-end=\"657\">Na co zwr\u00f3ci\u0107 uwag\u0119 przy zakupie opakowa\u0144 kosmetycznych?<\/strong><br data-start=\"657\" data-end=\"660\" \/>Przede wszystkim nie nale\u017cy wybiera\u0107 opakowa\u0144 wykonanych z materia\u0142\u00f3w niewiadomego pochodzenia. Przed z\u0142o\u017ceniem zam\u00f3wienia warto sprawdzi\u0107, z jakiego materia\u0142u wykonane jest opakowanie.<br data-start=\"845\" data-end=\"848\" \/>W naszym sklepie oferujemy wy\u0142\u0105cznie bezpieczne opakowania, kt\u00f3re nie stanowi\u0105 zagro\u017cenia dla zdrowia.<\/p>\n","protected":false},"excerpt":{"rendered":"<p>Higieniczne i chemicznie oboj\u0119tne opakowanie.\u0141atwe otwieranie i zamykanie. Materia\u0142: tworzywo sztuczne PPSp\u00f3d: przezroczysty, matowyWieczko: bia\u0142e, matowe Zastosowanie Kosmetyki wykonywane samodzielnie wymagaj\u0105 odpowiedniego przechowywania, aby jak najd\u0142u\u017cej zachowa\u0107 swoje cenne w\u0142a\u015bciwo\u015bci piel\u0119gnacyjne.Nale\u017cy unika\u0107 stosowania opakowa\u0144 po przeterminowanych kosmetykach kupionych w sklepie. Zazwyczaj nie s\u0105 one przystosowane do ponownego u\u017cycia, a niedok\u0142adne czyszczenie mo\u017ce sprzyja\u0107 rozwojowi szkodliwych [&hellip;]<\/p>\n","protected":false},"featured_media":3427,"comment_status":"open","ping_status":"closed","template":"","meta":[],"product_brand":[],"product_cat":[164,158],"product_tag":[],"class_list":{"0":"post-3430","1":"product","2":"type-product","3":"status-publish","4":"has-post-thumbnail","6":"product_cat-twarz","7":"product_cat-bazy","9":"first","10":"instock","11":"taxable","12":"shipping-taxable","13":"purchasable","14":"product-type-simple"},"_links":{"self":[{"href":"https:\/\/densilab.com\/pl\/wp-json\/wp\/v2\/product\/3430","targetHints":{"allow":["GET"]}}],"collection":[{"href":"https:\/\/densilab.com\/pl\/wp-json\/wp\/v2\/product"}],"about":[{"href":"https:\/\/densilab.com\/pl\/wp-json\/wp\/v2\/types\/product"}],"replies":[{"embeddable":true,"href":"https:\/\/densilab.com\/pl\/wp-json\/wp\/v2\/comments?post=3430"}],"wp:featuredmedia":[{"embeddable":true,"href":"https:\/\/densilab.com\/pl\/wp-json\/wp\/v2\/media\/3427"}],"wp:attachment":[{"href":"https:\/\/densilab.com\/pl\/wp-json\/wp\/v2\/media?parent=3430"}],"wp:term":[{"taxonomy":"product_brand","embeddable":true,"href":"https:\/\/densilab.com\/pl\/wp-json\/wp\/v2\/product_brand?post=3430"},{"taxonomy":"product_cat","embeddable":true,"href":"https:\/\/densilab.com\/pl\/wp-json\/wp\/v2\/product_cat?post=3430"},{"taxonomy":"product_tag","embeddable":true,"href":"https:\/\/densilab.com\/pl\/wp-json\/wp\/v2\/product_tag?post=3430"}],"curies":[{"name":"wp","href":"https:\/\/api.w.org\/{rel}","templated":true}]}}