{"id":3403,"date":"2025-12-31T12:14:14","date_gmt":"2025-12-31T12:14:14","guid":{"rendered":"https:\/\/densilab.com\/?post_type=product&#038;p=3403"},"modified":"2026-01-05T11:39:00","modified_gmt":"2026-01-05T11:39:00","slug":"kopcarotol-bioferment-z-korzenia-marchwi","status":"publish","type":"product","link":"https:\/\/densilab.com\/pl\/produkt\/kopcarotol-bioferment-z-korzenia-marchwi\/","title":{"rendered":"KOPCAROTOL \u2013 Bioferment z Korzenia Marchwi"},"content":{"rendered":"<p data-start=\"183\" data-end=\"371\"><strong>INCI:<\/strong> <em>Bacillus\/Carrot Root Ferment Filtrate<\/em><br data-start=\"226\" data-end=\"229\" \/><strong>CAS:<\/strong> sk\u0142adnik naturalny (ferment)<br data-start=\"262\" data-end=\"265\" \/><strong>Posta\u0107:<\/strong> klarowna ciecz<br data-start=\"287\" data-end=\"290\" \/><strong>Barwa:<\/strong> od \u017c\u00f3\u0142tej do jasnobursztynowej<br data-start=\"327\" data-end=\"330\" \/><strong>Rozpuszczalno\u015b\u0107:<\/strong> w wodzie<br data-start=\"355\" data-end=\"358\" \/><strong>pH:<\/strong> 4,0\u20136,0<\/p>\n<h3 data-start=\"373\" data-end=\"389\"><strong data-start=\"373\" data-end=\"389\">Zastosowanie<\/strong><\/h3>\n<p data-start=\"391\" data-end=\"864\">Kopcarotol to bioaktywny ferment ro\u015blinny typu skin food, przeznaczony do formulacji kosmetyk\u00f3w do piel\u0119gnacji <strong>sk\u00f3ry twarzy, cia\u0142a oraz sk\u00f3ry g\u0142owy i w\u0142os\u00f3w<\/strong>.<br data-start=\"548\" data-end=\"551\" \/>Preparat stanowi bogate \u017ar\u00f3d\u0142o naturalnych karotenoid\u00f3w, witamin oraz minera\u0142\u00f3w. Jest to nowoczesny sk\u0142adnik, kt\u00f3ry \u0142\u0105czy tradycyjne w\u0142a\u015bciwo\u015bci marchwi z zaawansowan\u0105 biotechnologi\u0105, oferuj\u0105c intensywne dzia\u0142anie rewitalizuj\u0105ce i ochronne.<br data-start=\"791\" data-end=\"794\" \/><strong>Surowiec jest odpowiedni dla wegan i nie by\u0142 testowany na zwierz\u0119tach.<\/strong><\/p>\n<p data-start=\"391\" data-end=\"864\"><strong data-start=\"0\" data-end=\"31\" data-is-only-node=\"\">Kluczowe sk\u0142adniki aktywne:<\/strong><\/p>\n<ul>\n<li data-start=\"391\" data-end=\"864\"><strong data-start=\"34\" data-end=\"49\">Witamina A:<\/strong> Kluczowa w profilaktyce przeciwstarzeniowej, pomaga zapobiega\u0107 powstawaniu zmarszczek i wyg\u0142adza sk\u00f3r\u0119.<\/li>\n<li data-start=\"391\" data-end=\"864\"><strong data-start=\"156\" data-end=\"171\">Witamina C:<\/strong> Wspiera naturaln\u0105 produkcj\u0119 kolagenu, dzia\u0142a roz\u015bwietlaj\u0105co i poprawia koloryt cery.<\/li>\n<li data-start=\"391\" data-end=\"864\"><strong data-start=\"259\" data-end=\"269\">Potas:<\/strong> Pierwiastek odpowiedzialny za utrzymanie prawid\u0142owego poziomu nawil\u017cenia sk\u00f3ry cia\u0142a i g\u0142owy.<\/li>\n<li data-start=\"391\" data-end=\"864\"><strong data-start=\"366\" data-end=\"389\">Zwi\u0105zki bioaktywne:<\/strong> Wspieraj\u0105 metabolizm kom\u00f3rkowy.<\/li>\n<\/ul>\n<p data-start=\"866\" data-end=\"912\"><strong data-start=\"866\" data-end=\"912\">Przyk\u0142adowe zastosowanie w kosmetykach DIY<\/strong><\/p>\n<p data-start=\"914\" data-end=\"1212\">\u2022 Twarz i cia\u0142o: sera roz\u015bwietlaj\u0105ce, kremy przeciwstarzeniowe, emulsje regeneruj\u0105ce, balsamy nawil\u017caj\u0105ce, toniki, mgie\u0142ki, kosmetyki myj\u0105ce.<br data-start=\"1055\" data-end=\"1058\" \/>\u2022 W\u0142osy: szampony, od\u017cywki, maski, wcierki stymuluj\u0105ce porost, preparaty trychologiczne.<br data-start=\"1146\" data-end=\"1149\" \/><em>(uwaga: mo\u017cliwa delikatna koloryzacja przy wy\u017cszych st\u0119\u017ceniach)<\/em><\/p>\n<p data-start=\"1214\" data-end=\"1245\"><strong data-start=\"1214\" data-end=\"1245\">Spos\u00f3b u\u017cycia w recepturach<\/strong><\/p>\n<p data-start=\"1247\" data-end=\"1476\">Dodawa\u0107 do fazy wodnej lub do gotowego produktu (w temperaturze poni\u017cej 40\u00b0C). Fermentacja zwi\u0119ksza biodost\u0119pno\u015b\u0107 sk\u0142adnik\u00f3w aktywnych, dlatego surowiec dzia\u0142a efektywnie ju\u017c przy niskich st\u0119\u017ceniach.<br data-start=\"1446\" data-end=\"1449\" \/>Zalecane st\u0119\u017cenie:<strong> 1,0\u20135,0%<\/strong><\/p>\n<h3 data-start=\"1478\" data-end=\"1491\"><strong data-start=\"1478\" data-end=\"1491\">Dzia\u0142anie<\/strong><\/h3>\n<p data-start=\"1493\" data-end=\"1505\"><strong data-start=\"1493\" data-end=\"1505\">Na sk\u00f3r\u0119<\/strong><\/p>\n<p data-start=\"1507\" data-end=\"1961\">\u2022 Roz\u015bwietla i poprawia koloryt cery, redukuj\u0105c efekt szaro\u015bci i zm\u0119czenia.<br data-start=\"1582\" data-end=\"1585\" \/>\u2022 Dostarcza naturalnych karotenoid\u00f3w \u2013 silnych antyoksydant\u00f3w chroni\u0105cych przed stresem oksydacyjnym i fotostarzeniem.<br data-start=\"1703\" data-end=\"1706\" \/>\u2022 Wspiera regeneracj\u0119 nask\u00f3rka oraz naturalne procesy odnowy kom\u00f3rkowej.<br data-start=\"1778\" data-end=\"1781\" \/>\u2022 Wzmacnia barier\u0119 hydrolipidow\u0105, ograniczaj\u0105c utrat\u0119 wody.<br data-start=\"1840\" data-end=\"1843\" \/>\u2022 Poprawia poziom nawil\u017cenia i elastyczno\u015b\u0107 sk\u00f3ry dzi\u0119ki zawarto\u015bci potasu i bioaktywnych metabolit\u00f3w fermentacyjnych.<\/p>\n<p data-start=\"1963\" data-end=\"1989\"><strong data-start=\"1963\" data-end=\"1989\">Na sk\u00f3r\u0119 g\u0142owy i w\u0142osy<\/strong><\/p>\n<p data-start=\"1991\" data-end=\"2237\">\u2022 Wspiera metabolizm kom\u00f3rek sk\u00f3ry g\u0142owy i mieszk\u00f3w w\u0142osowych, co sprzyja zdrowszemu wzrostowi w\u0142os\u00f3w.<br data-start=\"2093\" data-end=\"2096\" \/>\u2022 Poprawia kondycj\u0119 sk\u00f3ry g\u0142owy, zmniejszaj\u0105c jej przesuszenie.<br data-start=\"2159\" data-end=\"2162\" \/>\u2022 Dzia\u0142a kondycjonuj\u0105co na w\u0142osy, poprawiaj\u0105c ich mi\u0119kko\u015b\u0107 i og\u00f3lny wygl\u0105d.<\/p>\n<p data-start=\"2239\" data-end=\"2278\"><strong data-start=\"2239\" data-end=\"2278\">Dodatkowe informacje o skuteczno\u015bci<\/strong><\/p>\n<p data-start=\"2280\" data-end=\"2709\">\u2022 Fermenty z udzia\u0142em bakterii <em data-start=\"2311\" data-end=\"2321\">Bacillus<\/em> s\u0105 znane z poprawy biodost\u0119pno\u015bci witamin i antyoksydant\u00f3w oraz z dzia\u0142ania wspieraj\u0105cego mikrobiom sk\u00f3ry.<br data-start=\"2428\" data-end=\"2431\" \/>\u2022 Biofermenty ro\u015blinne wykazuj\u0105 lepsz\u0105 tolerancj\u0119 sk\u00f3rn\u0105 ni\u017c klasyczne ekstrakty, co czyni je odpowiednimi tak\u017ce dla cer wra\u017cliwych i zm\u0119czonych.<br data-start=\"2576\" data-end=\"2579\" \/>\u2022 Regularne stosowanie ferment\u00f3w w kosmetykach sprzyja poprawie tekstury sk\u00f3ry, jej wyg\u0142adzeniu i bardziej jednolitemu kolorytowi.<\/p>\n<h3 data-start=\"2711\" data-end=\"2729\"><strong data-start=\"2711\" data-end=\"2729\">Przechowywanie<\/strong><\/h3>\n<p data-start=\"2731\" data-end=\"2865\">Przechowywa\u0107 w szczelnie zamkni\u0119tym opakowaniu, w temperaturze pokojowej. Chroni\u0107 przed \u015bwiat\u0142em, nadmiernym ciep\u0142em oraz zamarzaniem.<\/p>\n<h3 data-start=\"2867\" data-end=\"2882\"><strong data-start=\"2867\" data-end=\"2882\">Ostrze\u017cenia<\/strong><\/h3>\n<p data-start=\"2884\" data-end=\"2944\">Surowiec do u\u017cytku zewn\u0119trznego. Unika\u0107 kontaktu z oczami.<\/p>\n","protected":false},"excerpt":{"rendered":"<p>INCI: Bacillus\/Carrot Root Ferment FiltrateCAS: sk\u0142adnik naturalny (ferment)Posta\u0107: klarowna cieczBarwa: od \u017c\u00f3\u0142tej do jasnobursztynowejRozpuszczalno\u015b\u0107: w wodziepH: 4,0\u20136,0 Zastosowanie Kopcarotol to bioaktywny ferment ro\u015blinny typu skin food, przeznaczony do formulacji kosmetyk\u00f3w do piel\u0119gnacji sk\u00f3ry twarzy, cia\u0142a oraz sk\u00f3ry g\u0142owy i w\u0142os\u00f3w.Preparat stanowi bogate \u017ar\u00f3d\u0142o naturalnych karotenoid\u00f3w, witamin oraz minera\u0142\u00f3w. Jest to nowoczesny sk\u0142adnik, kt\u00f3ry \u0142\u0105czy tradycyjne [&hellip;]<\/p>\n","protected":false},"featured_media":3400,"comment_status":"open","ping_status":"closed","template":"","meta":[],"product_brand":[],"product_cat":[221,157,162,164,168,174],"product_tag":[],"class_list":{"0":"post-3403","1":"product","2":"type-product","3":"status-publish","4":"has-post-thumbnail","6":"product_cat-skladniki-aktywne","7":"product_cat-surowce-anti-aging","8":"product_cat-surowce-nawilzajace","9":"product_cat-twarz","10":"product_cat-wlosy","11":"product_cat-cialo","13":"first","14":"instock","15":"taxable","16":"shipping-taxable","17":"purchasable","18":"product-type-simple"},"_links":{"self":[{"href":"https:\/\/densilab.com\/pl\/wp-json\/wp\/v2\/product\/3403","targetHints":{"allow":["GET"]}}],"collection":[{"href":"https:\/\/densilab.com\/pl\/wp-json\/wp\/v2\/product"}],"about":[{"href":"https:\/\/densilab.com\/pl\/wp-json\/wp\/v2\/types\/product"}],"replies":[{"embeddable":true,"href":"https:\/\/densilab.com\/pl\/wp-json\/wp\/v2\/comments?post=3403"}],"wp:featuredmedia":[{"embeddable":true,"href":"https:\/\/densilab.com\/pl\/wp-json\/wp\/v2\/media\/3400"}],"wp:attachment":[{"href":"https:\/\/densilab.com\/pl\/wp-json\/wp\/v2\/media?parent=3403"}],"wp:term":[{"taxonomy":"product_brand","embeddable":true,"href":"https:\/\/densilab.com\/pl\/wp-json\/wp\/v2\/product_brand?post=3403"},{"taxonomy":"product_cat","embeddable":true,"href":"https:\/\/densilab.com\/pl\/wp-json\/wp\/v2\/product_cat?post=3403"},{"taxonomy":"product_tag","embeddable":true,"href":"https:\/\/densilab.com\/pl\/wp-json\/wp\/v2\/product_tag?post=3403"}],"curies":[{"name":"wp","href":"https:\/\/api.w.org\/{rel}","templated":true}]}}