{"id":3395,"date":"2025-12-27T15:48:29","date_gmt":"2025-12-27T15:48:29","guid":{"rendered":"https:\/\/densilab.com\/?post_type=product&#038;p=3395"},"modified":"2025-12-27T16:00:18","modified_gmt":"2025-12-27T16:00:18","slug":"kopryza-bioferment-z-czarnego-ryzu-kavuni","status":"publish","type":"product","link":"https:\/\/densilab.com\/pl\/produkt\/kopryza-bioferment-z-czarnego-ryzu-kavuni\/","title":{"rendered":"KOPRYZA Bioferment z czarnego ry\u017cu Kavuni"},"content":{"rendered":"<p data-start=\"171\" data-end=\"390\"><strong data-start=\"171\" data-end=\"180\">INCI:<\/strong> <em>Bacillus\/Rice Ferment Filtrate, Glycerin, Benzyl Alcohol, Lactic Acid<\/em><br data-start=\"250\" data-end=\"253\" \/><strong data-start=\"253\" data-end=\"264\">Posta\u0107:<\/strong> przejrzysta ciecz o barwie od br\u0105zowej do jasnobursztynowej<br data-start=\"324\" data-end=\"327\" \/><strong data-start=\"327\" data-end=\"347\">Rozpuszczalno\u015b\u0107:<\/strong> rozpuszczalny w wodzie<br data-start=\"370\" data-end=\"373\" \/><strong data-start=\"373\" data-end=\"380\">pH:<\/strong> 5,0\u20136,0<\/p>\n<h3 data-start=\"392\" data-end=\"979\"><strong data-start=\"392\" data-end=\"408\">Zastosowanie<\/strong><\/h3>\n<p data-start=\"392\" data-end=\"979\">Kopryza to innowacyjny, aktywny surowiec kosmetyczny b\u0119d\u0105cy biofermentem z rzadkiej odmiany czarnego ry\u017cu, pochodz\u0105cego z po\u0142udniowych Indii. Intensywna, ciemna barwa ziarna \u015bwiadczy o bardzo wysokiej zawarto\u015bci antocyjan\u00f3w \u2013 silnych antyoksydant\u00f3w.<br data-start=\"660\" data-end=\"663\" \/>Surowiec powstaje w procesie fermentacji z udzia\u0142em bakterii z rodzaju Bacillus, kt\u00f3re rozk\u0142adaj\u0105 skrobi\u0119 ry\u017cow\u0105 do \u0142atwiej przyswajalnych sk\u0142adnik\u00f3w aktywnych o mniejszych cz\u0105steczkach. Dzi\u0119ki temu substancje czynne skuteczniej penetruj\u0105 sk\u00f3r\u0119 oraz struktur\u0119 w\u0142osa, zapewniaj\u0105c intensywne dzia\u0142anie piel\u0119gnacyjne.<\/p>\n<p data-start=\"981\" data-end=\"1206\">Surowiec przeznaczony do formulacji kosmetyk\u00f3w do piel\u0119gnacji <strong>w\u0142os\u00f3w, sk\u00f3ry g\u0142owy oraz sk\u00f3ry twarzy i cia\u0142a<\/strong>. Dodawa\u0107 do fazy wodnej lub do gotowych baz kosmetycznych. Zalecane st\u0119\u017cenie w gotowym kosmetyku wynosi <strong>oko\u0142o 2,0%.<\/strong><\/p>\n<p data-start=\"1208\" data-end=\"1664\">Preparat jest <strong>niezwykle skuteczny w piel\u0119gnacji w\u0142os\u00f3w<\/strong> dzi\u0119ki unikalnym sk\u0142adnikom aktywnym:<br data-start=\"1300\" data-end=\"1303\" \/>\u2022 <strong data-start=\"1305\" data-end=\"1317\">Inozytol<\/strong> \u2013 w\u0119glowodan zwany \u201ewitamin\u0105 p\u0142odno\u015bci w\u0142os\u00f3w\u201d. Dzia\u0142a naprawczo, wnika w g\u0142\u0105b w\u0142osa i pozostaje w jego strukturze nawet po sp\u0142ukaniu, tworz\u0105c ochronn\u0105 barier\u0119 przed uszkodzeniami.<br data-start=\"1498\" data-end=\"1501\" \/>\u2022 <strong data-start=\"1503\" data-end=\"1528\">Aminokwasy i witaminy<\/strong> \u2013 proces fermentacji zwi\u0119ksza ich biodost\u0119pno\u015b\u0107, co pozwala na skuteczne od\u017cywienie mieszk\u00f3w w\u0142osowych i stymulacj\u0119 zdrowego wzrostu.<\/p>\n<p data-start=\"1666\" data-end=\"1924\"><strong data-start=\"1666\" data-end=\"1696\">Zastosowanie w kosmetykach<\/strong><br data-start=\"1696\" data-end=\"1699\" \/>\u2022 Szampony, od\u017cywki i maski do w\u0142os\u00f3w<br data-start=\"1736\" data-end=\"1739\" \/>\u2022 Wcierki trychologiczne na porost w\u0142os\u00f3w<br data-start=\"1780\" data-end=\"1783\" \/>\u2022 Mgie\u0142ki wyg\u0142adzaj\u0105ce bez sp\u0142ukiwania<br data-start=\"1821\" data-end=\"1824\" \/>\u2022 Sera antyoksydacyjne<br data-start=\"1846\" data-end=\"1849\" \/>\u2022 Kremy nawil\u017caj\u0105ce<br data-start=\"1868\" data-end=\"1871\" \/>\u2022 Balsamy do cia\u0142a<br data-start=\"1889\" data-end=\"1892\" \/>\u2022 Toniki oraz kosmetyki myj\u0105ce<\/p>\n<h3 data-start=\"1926\" data-end=\"2482\"><strong data-start=\"1926\" data-end=\"1939\">Dzia\u0142anie<\/strong><\/h3>\n<p data-start=\"1926\" data-end=\"2482\">\u2022 Domyka \u0142uski w\u0142osa dzi\u0119ki pH zbli\u017conemu do naturalnego pH w\u0142os\u00f3w, wyg\u0142adza powierzchni\u0119 i nadaje po\u0142ysk.<br data-start=\"2048\" data-end=\"2051\" \/>\u2022 Regeneruje i chroni w\u0142osy przed uszkodzeniami mechanicznymi i \u015brodowiskowymi dzi\u0119ki zawarto\u015bci inozytolu.<br data-start=\"2158\" data-end=\"2161\" \/>\u2022 Wspiera porost w\u0142os\u00f3w poprzez od\u017cywienie mieszk\u00f3w w\u0142osowych i popraw\u0119 kondycji sk\u00f3ry g\u0142owy.<br data-start=\"2254\" data-end=\"2257\" \/>\u2022 Dzia\u0142a nawil\u017caj\u0105co i kondycjonuj\u0105co na w\u0142osy oraz sk\u00f3r\u0119.<br data-start=\"2315\" data-end=\"2318\" \/>\u2022 Zapewnia silne dzia\u0142anie antyoksydacyjne, chroni\u0105c sk\u00f3r\u0119 przed stresem oksydacyjnym.<br data-start=\"2404\" data-end=\"2407\" \/>\u2022 Od\u017cywia sk\u00f3r\u0119, dostarczaj\u0105c \u0142atwo przyswajalnych aminokwas\u00f3w i witamin.<\/p>\n<h3 data-start=\"2484\" data-end=\"2637\"><strong data-start=\"2484\" data-end=\"2502\">Przechowywanie<\/strong><\/h3>\n<p data-start=\"2484\" data-end=\"2637\">Przechowywa\u0107 w szczelnie zamkni\u0119tym opakowaniu, w temperaturze pokojowej. Chroni\u0107 przed nadmiernym ciep\u0142em i zimnem. Nie zamra\u017ca\u0107.<\/p>\n<h3 data-start=\"2639\" data-end=\"2795\"><strong data-start=\"2639\" data-end=\"2661\">\u015arodki ostro\u017cno\u015bci<\/strong><\/h3>\n<p data-start=\"2639\" data-end=\"2795\" data-is-last-node=\"\" data-is-only-node=\"\">Surowiec przeznaczony do u\u017cytku zewn\u0119trznego. Unika\u0107 kontaktu z oczami. W przypadku dostania si\u0119 do oczu przemy\u0107 du\u017c\u0105 ilo\u015bci\u0105 wody.<\/p>\n","protected":false},"excerpt":{"rendered":"<p>INCI: Bacillus\/Rice Ferment Filtrate, Glycerin, Benzyl Alcohol, Lactic AcidPosta\u0107: przejrzysta ciecz o barwie od br\u0105zowej do jasnobursztynowejRozpuszczalno\u015b\u0107: rozpuszczalny w wodziepH: 5,0\u20136,0 Zastosowanie Kopryza to innowacyjny, aktywny surowiec kosmetyczny b\u0119d\u0105cy biofermentem z rzadkiej odmiany czarnego ry\u017cu, pochodz\u0105cego z po\u0142udniowych Indii. Intensywna, ciemna barwa ziarna \u015bwiadczy o bardzo wysokiej zawarto\u015bci antocyjan\u00f3w \u2013 silnych antyoksydant\u00f3w.Surowiec powstaje w procesie [&hellip;]<\/p>\n","protected":false},"featured_media":3388,"comment_status":"open","ping_status":"closed","template":"","meta":[],"product_brand":[],"product_cat":[221,157,162,164,168,174],"product_tag":[],"class_list":{"0":"post-3395","1":"product","2":"type-product","3":"status-publish","4":"has-post-thumbnail","6":"product_cat-skladniki-aktywne","7":"product_cat-surowce-anti-aging","8":"product_cat-surowce-nawilzajace","9":"product_cat-twarz","10":"product_cat-wlosy","11":"product_cat-cialo","13":"first","14":"instock","15":"taxable","16":"shipping-taxable","17":"purchasable","18":"product-type-simple"},"_links":{"self":[{"href":"https:\/\/densilab.com\/pl\/wp-json\/wp\/v2\/product\/3395","targetHints":{"allow":["GET"]}}],"collection":[{"href":"https:\/\/densilab.com\/pl\/wp-json\/wp\/v2\/product"}],"about":[{"href":"https:\/\/densilab.com\/pl\/wp-json\/wp\/v2\/types\/product"}],"replies":[{"embeddable":true,"href":"https:\/\/densilab.com\/pl\/wp-json\/wp\/v2\/comments?post=3395"}],"wp:featuredmedia":[{"embeddable":true,"href":"https:\/\/densilab.com\/pl\/wp-json\/wp\/v2\/media\/3388"}],"wp:attachment":[{"href":"https:\/\/densilab.com\/pl\/wp-json\/wp\/v2\/media?parent=3395"}],"wp:term":[{"taxonomy":"product_brand","embeddable":true,"href":"https:\/\/densilab.com\/pl\/wp-json\/wp\/v2\/product_brand?post=3395"},{"taxonomy":"product_cat","embeddable":true,"href":"https:\/\/densilab.com\/pl\/wp-json\/wp\/v2\/product_cat?post=3395"},{"taxonomy":"product_tag","embeddable":true,"href":"https:\/\/densilab.com\/pl\/wp-json\/wp\/v2\/product_tag?post=3395"}],"curies":[{"name":"wp","href":"https:\/\/api.w.org\/{rel}","templated":true}]}}