{"id":3386,"date":"2025-12-27T13:04:34","date_gmt":"2025-12-27T13:04:34","guid":{"rendered":"https:\/\/densilab.com\/?post_type=product&#038;p=3386"},"modified":"2025-12-27T13:14:07","modified_gmt":"2025-12-27T13:14:07","slug":"kopsoyatol-bioferment-sojowy-anti-age","status":"publish","type":"product","link":"https:\/\/densilab.com\/pl\/produkt\/kopsoyatol-bioferment-sojowy-anti-age\/","title":{"rendered":"KOPSOYATOL Bioferment sojowy \/ Anti-Age"},"content":{"rendered":"<p data-start=\"154\" data-end=\"420\"><strong data-start=\"154\" data-end=\"163\">INCI:<\/strong> <em>Bacillus\/Soybean Ferment Filtrate, Glycerin<\/em><br data-start=\"207\" data-end=\"210\" \/><strong data-start=\"210\" data-end=\"221\">Posta\u0107:<\/strong> klarowna do lekko m\u0119tnej ciecz o barwie od \u017c\u00f3\u0142tej do jasnobursztynowej<br data-start=\"292\" data-end=\"295\" \/><strong data-start=\"295\" data-end=\"315\">Rozpuszczalno\u015b\u0107:<\/strong> rozpuszczalny w wodzie<br data-start=\"338\" data-end=\"341\" \/><strong data-start=\"341\" data-end=\"348\">pH:<\/strong> 4,0\u20136,0<br data-start=\"356\" data-end=\"359\" \/><strong>Produkt wega\u0144ski, wolny od GMO, nietestowany na zwierz\u0119tach<\/strong><\/p>\n<h3 data-start=\"422\" data-end=\"786\"><strong data-start=\"422\" data-end=\"438\">Zastosowanie<\/strong><\/h3>\n<p data-start=\"422\" data-end=\"786\">Kopsoyatol to wysokiej jako\u015bci bioferment sojowy przeznaczony do produkcji kosmetyk\u00f3w DIY oraz profesjonalnych formulacji kosmetycznych. Surowiec powstaje w procesie fermentacji nasion soi (Glycine max) z udzia\u0142em bakterii Bacillus subtilis, <strong>co zwi\u0119ksza biodost\u0119pno\u015b\u0107 cennych sk\u0142adnik\u00f3w aktywnych, takich jak izoflawony, aminokwasy i witaminy<\/strong>.<\/p>\n<p data-start=\"788\" data-end=\"1190\">Bioferment sojowy jest naturalnym wodnym antyoksydantem, kt\u00f3ry skutecznie chroni sk\u00f3r\u0119 przed wolnymi rodnikami i wspiera profilaktyk\u0119 przeciwstarzeniow\u0105. Dzi\u0119ki temu jest idealnym sk\u0142adnikiem kosmetyk\u00f3w typu anti-ageing. Dodatkowo, jako produkt fermentacji, wspiera naturaln\u0105 r\u00f3wnowag\u0119 mikrobiomu sk\u00f3ry. Regularnie stosowany poprawia kondycj\u0119 sk\u00f3ry, jej j\u0119drno\u015b\u0107 i elastyczno\u015b\u0107 oraz promienny wygl\u0105d.<\/p>\n<p data-start=\"1192\" data-end=\"1436\">Bioferment sojowy Kopsoyatol stosuje si\u0119 jako sk\u0142adnik aktywny w <strong>kosmetykach do twarzy, cia\u0142a i w\u0142os\u00f3w<\/strong>. Dodawa\u0107 do fazy aktywnej, na etapie stygni\u0119cia formulacji, w temperaturze poni\u017cej 40\u00b0C. Zalecane st\u0119\u017cenie w gotowym kosmetyku wynosi 1\u20135%.<\/p>\n<p data-start=\"1438\" data-end=\"1664\"><strong data-start=\"1438\" data-end=\"1469\">Zastosowanie w kosmetykach:<\/strong><br data-start=\"1469\" data-end=\"1472\" \/>\u2022 Sera antyoksydacyjne i anti-aging<br data-start=\"1507\" data-end=\"1510\" \/>\u2022 Kremy i emulsje do twarzy<br data-start=\"1537\" data-end=\"1540\" \/>\u2022 Toniki i esencje nawil\u017caj\u0105ce<br data-start=\"1570\" data-end=\"1573\" \/>\u2022 Balsamy uj\u0119drniaj\u0105ce do cia\u0142a<br data-start=\"1604\" data-end=\"1607\" \/>\u2022 Od\u017cywki i maski do w\u0142os\u00f3w regeneruj\u0105ce i wyg\u0142adzaj\u0105ce<\/p>\n<h3 data-start=\"1666\" data-end=\"2143\"><strong data-start=\"1666\" data-end=\"1680\">Dzia\u0142anie<\/strong><\/h3>\n<p data-start=\"1666\" data-end=\"2143\">\u2022 Dzia\u0142a przeciwstarzeniowo, wspieraj\u0105c j\u0119drno\u015b\u0107 i elastyczno\u015b\u0107 sk\u00f3ry<br data-start=\"1752\" data-end=\"1755\" \/>\u2022 Zapewnia siln\u0105 ochron\u0119 antyoksydacyjn\u0105 przed stresem oksydacyjnym<br data-start=\"1822\" data-end=\"1825\" \/>\u2022 Wspomaga nawil\u017cenie i regeneracj\u0119 sk\u00f3ry<br data-start=\"1866\" data-end=\"1869\" \/>\u2022 Poprawia koloryt cery i przywraca sk\u00f3rze zdrowy, promienny wygl\u0105d<br data-start=\"1936\" data-end=\"1939\" \/>\u2022 Wspiera naturaln\u0105 r\u00f3wnowag\u0119 mikrobiomu sk\u00f3ry<br data-start=\"1985\" data-end=\"1988\" \/>\u2022 W kuracjach do w\u0142os\u00f3w wspiera ich kondycj\u0119, wzmacnia struktur\u0119 w\u0142\u00f3kien w\u0142osowych, poprawia poziom nawil\u017cenia oraz nadaje im mi\u0119kko\u015b\u0107 i naturalny po\u0142ysk<\/p>\n<h3 data-start=\"2145\" data-end=\"2335\"><strong data-start=\"2145\" data-end=\"2164\">Przechowywanie<\/strong><\/h3>\n<p data-start=\"2145\" data-end=\"2335\">Surowiec kosmetyczny przechowywa\u0107 w szczelnie zamkni\u0119tym opakowaniu, w temperaturze pokojowej. Chroni\u0107 przed \u015bwiat\u0142em s\u0142onecznym, wysok\u0105 temperatur\u0105 oraz zamarzaniem.<\/p>\n<h3 data-start=\"2337\" data-end=\"2498\"><strong data-start=\"2337\" data-end=\"2353\">Ostrze\u017cenia<\/strong><\/h3>\n<p data-start=\"2337\" data-end=\"2498\">Produkt przeznaczony wy\u0142\u0105cznie do u\u017cytku zewn\u0119trznego. Unika\u0107 kontaktu z oczami. W przypadku dostania si\u0119 do oczu przemy\u0107 du\u017c\u0105 ilo\u015bci\u0105 wody.<\/p>\n","protected":false},"excerpt":{"rendered":"<p>INCI: Bacillus\/Soybean Ferment Filtrate, GlycerinPosta\u0107: klarowna do lekko m\u0119tnej ciecz o barwie od \u017c\u00f3\u0142tej do jasnobursztynowejRozpuszczalno\u015b\u0107: rozpuszczalny w wodziepH: 4,0\u20136,0Produkt wega\u0144ski, wolny od GMO, nietestowany na zwierz\u0119tach Zastosowanie Kopsoyatol to wysokiej jako\u015bci bioferment sojowy przeznaczony do produkcji kosmetyk\u00f3w DIY oraz profesjonalnych formulacji kosmetycznych. Surowiec powstaje w procesie fermentacji nasion soi (Glycine max) z udzia\u0142em bakterii [&hellip;]<\/p>\n","protected":false},"featured_media":3383,"comment_status":"open","ping_status":"closed","template":"","meta":[],"product_brand":[],"product_cat":[221,157,162,164,168,174],"product_tag":[],"class_list":{"0":"post-3386","1":"product","2":"type-product","3":"status-publish","4":"has-post-thumbnail","6":"product_cat-skladniki-aktywne","7":"product_cat-surowce-anti-aging","8":"product_cat-surowce-nawilzajace","9":"product_cat-twarz","10":"product_cat-wlosy","11":"product_cat-cialo","13":"first","14":"instock","15":"taxable","16":"shipping-taxable","17":"purchasable","18":"product-type-simple"},"_links":{"self":[{"href":"https:\/\/densilab.com\/pl\/wp-json\/wp\/v2\/product\/3386","targetHints":{"allow":["GET"]}}],"collection":[{"href":"https:\/\/densilab.com\/pl\/wp-json\/wp\/v2\/product"}],"about":[{"href":"https:\/\/densilab.com\/pl\/wp-json\/wp\/v2\/types\/product"}],"replies":[{"embeddable":true,"href":"https:\/\/densilab.com\/pl\/wp-json\/wp\/v2\/comments?post=3386"}],"wp:featuredmedia":[{"embeddable":true,"href":"https:\/\/densilab.com\/pl\/wp-json\/wp\/v2\/media\/3383"}],"wp:attachment":[{"href":"https:\/\/densilab.com\/pl\/wp-json\/wp\/v2\/media?parent=3386"}],"wp:term":[{"taxonomy":"product_brand","embeddable":true,"href":"https:\/\/densilab.com\/pl\/wp-json\/wp\/v2\/product_brand?post=3386"},{"taxonomy":"product_cat","embeddable":true,"href":"https:\/\/densilab.com\/pl\/wp-json\/wp\/v2\/product_cat?post=3386"},{"taxonomy":"product_tag","embeddable":true,"href":"https:\/\/densilab.com\/pl\/wp-json\/wp\/v2\/product_tag?post=3386"}],"curies":[{"name":"wp","href":"https:\/\/api.w.org\/{rel}","templated":true}]}}