{"id":3221,"date":"2025-09-11T11:20:17","date_gmt":"2025-09-11T11:20:17","guid":{"rendered":"https:\/\/densilab.com\/?post_type=product&#038;p=3221"},"modified":"2025-09-11T11:26:12","modified_gmt":"2025-09-11T11:26:12","slug":"komorki-macierzyste-z-agawy-amerykanskiej-fss","status":"publish","type":"product","link":"https:\/\/densilab.com\/pl\/produkt\/komorki-macierzyste-z-agawy-amerykanskiej-fss\/","title":{"rendered":"KOM\u00d3RKI MACIERZYSTE Z AGAWY AMERYKA\u0143SKIEJ (FSS)"},"content":{"rendered":"<p data-start=\"60\" data-end=\"336\"><strong data-start=\"60\" data-end=\"69\">INCI:<\/strong> <em>Gliceryna, Ekstrakt z li\u015bci Agawy Ameryka\u0144skiej, Leuconostoc\/Ferment z korzenia rzodkwi<\/em><br data-start=\"157\" data-end=\"160\" \/><em><strong data-start=\"160\" data-end=\"168\">CAS:<\/strong> 56-81-5 (Gliceryna), 91721-59-0 (Ekstrakt z Agawy), 84775-94-0 (Konserwant)<\/em><br data-start=\"244\" data-end=\"247\" \/><strong data-start=\"247\" data-end=\"258\">EINECS:<\/strong> 200-289-5 (Gliceryna), 294-434-5 (Ekstrakt z Agawy), 283-918-6 (Konserwant)<\/p>\n<p data-start=\"338\" data-end=\"365\"><strong data-start=\"338\" data-end=\"363\">W\u0142a\u015bciwo\u015bci fizyczne:<\/strong><\/p>\n<ul>\n<li data-start=\"368\" data-end=\"412\">Posta\u0107: Przejrzysty do lekko m\u0119tnego p\u0142ynu<\/li>\n<li data-start=\"415\" data-end=\"446\">Kolor: \u017b\u00f3\u0142ty do bursztynowego<\/li>\n<li data-start=\"449\" data-end=\"498\">Rozpuszczalno\u015b\u0107: W pe\u0142ni rozpuszczalny w wodzie<\/li>\n<li data-start=\"501\" data-end=\"530\"><strong>pH (1% w wodzie)<\/strong>: 4,0 \u2013 6,5<\/li>\n<\/ul>\n<h3 data-start=\"532\" data-end=\"1018\"><strong data-start=\"532\" data-end=\"548\">Zastosowanie<\/strong><\/h3>\n<p data-start=\"532\" data-end=\"1018\">Wysoce aktywny sk\u0142adnik oparty na technologii ro\u015blinnych kom\u00f3rek macierzystych z Agawy Ameryka\u0144skiej \u2013 niezwykle odpornej ro\u015bliny. Ekstrakt \u0142\u0105czy potencja\u0142 regeneracyjny <strong data-start=\"721\" data-end=\"750\">kom\u00f3rek merystematycznych<\/strong> (specjalny typ kom\u00f3rek, kt\u00f3ry mo\u017ce si\u0119 nieustannie dzieli\u0107 i r\u00f3\u017cnicowa\u0107 w r\u00f3\u017cne rodzaje kom\u00f3rek) z unikaln\u0105 zdolno\u015bci\u0105 naturalnych cukr\u00f3w z agawy do wi\u0105zania wody i ochrony kom\u00f3rek. Powstaje pot\u0119\u017cny eliksir o dzia\u0142aniu nawil\u017caj\u0105cym, ochronnym i przeciwstarzeniowym.<\/p>\n<p data-start=\"1020\" data-end=\"1204\">Idealny jako sk\u0142adnik aktywny w <strong>serum nawil\u017caj\u0105cym i ochronnym<\/strong>, <strong>kremach przeciwstarzeniowych<\/strong>, <strong>preparatach po opalaniu<\/strong> oraz <strong>kosmetykach poprawiaj\u0105cych j\u0119drno\u015b\u0107 i elastyczno\u015b\u0107 sk\u00f3ry<\/strong>.<\/p>\n<p data-start=\"1206\" data-end=\"1248\"><strong data-start=\"1206\" data-end=\"1246\">Stosowanie w formu\u0142ach kosmetycznych<\/strong><\/p>\n<ul>\n<li data-start=\"1251\" data-end=\"1283\">W pe\u0142ni rozpuszczalny w wodzie<\/li>\n<li data-start=\"1286\" data-end=\"1366\">Dodawa\u0107 w ostatniej fazie przygotowania kosmetyku, w temperaturze poni\u017cej 35\u00b0C<\/li>\n<li data-start=\"1369\" data-end=\"1401\">Zalecane st\u0119\u017cenie: 1,0 \u2013 10,0%<\/li>\n<\/ul>\n<h3 data-start=\"1403\" data-end=\"1444\"><strong data-start=\"1403\" data-end=\"1416\">Dzia\u0142anie<\/strong><\/h3>\n<p data-start=\"1403\" data-end=\"1444\"><strong data-start=\"1419\" data-end=\"1442\">Mechanizm dzia\u0142ania<\/strong><\/p>\n<ul>\n<li data-start=\"1447\" data-end=\"1719\"><strong data-start=\"1447\" data-end=\"1488\">Ochrona i nawil\u017cenie (dzi\u0119ki cukrom):<\/strong> Ekstrakt jest bogaty w fruktoz\u0119 i polisacharydy, kt\u00f3re wi\u0105\u017c\u0105 wod\u0119 w warstwie rogowej nask\u00f3rka. Fruktoza stabilizuje b\u0142ony kom\u00f3rkowe, reguluje przep\u0142yw jon\u00f3w i chroni kom\u00f3rki przed stresem \u015brodowiskowym, w tym promieniowaniem UV.<\/li>\n<li data-start=\"1722\" data-end=\"1991\"><strong data-start=\"1722\" data-end=\"1780\">Stymulacja regeneracji (dzi\u0119ki kom\u00f3rkom macierzystym):<\/strong> Ro\u015blinne kom\u00f3rki macierzyste zawieraj\u0105 czynniki epigenetyczne wspieraj\u0105ce witalno\u015b\u0107 ludzkich kom\u00f3rek macierzystych sk\u00f3ry. Spowalnia to procesy starzenia i zwi\u0119ksza naturaln\u0105 zdolno\u015b\u0107 sk\u00f3ry do samoregeneracji.<\/li>\n<\/ul>\n<p data-start=\"1993\" data-end=\"2011\"><strong data-start=\"1993\" data-end=\"2009\">Podsumowanie<\/strong><\/p>\n<ul>\n<li data-start=\"2014\" data-end=\"2095\">Intensywne i d\u0142ugotrwa\u0142e nawil\u017cenie, poprawiaj\u0105ce j\u0119drno\u015b\u0107 i elastyczno\u015b\u0107 sk\u00f3ry<\/li>\n<li data-start=\"2098\" data-end=\"2182\">Wzmacnianie naturalnych mechanizm\u00f3w obronnych sk\u00f3ry i ochrona przed fotostarzeniem<\/li>\n<li data-start=\"2185\" data-end=\"2245\">Wspomaganie syntezy kolagenu, redukcja drobnych zmarszczek<\/li>\n<li data-start=\"2248\" data-end=\"2312\">Przyspieszenie proces\u00f3w regeneracyjnych, poprawa wygl\u0105du sk\u00f3ry<\/li>\n<li data-start=\"2315\" data-end=\"2384\">Ochrona przed stresem oksydacyjnym dzi\u0119ki zawarto\u015bci antyoksydant\u00f3w<\/li>\n<li data-start=\"2387\" data-end=\"2455\">\u0141agodzenie podra\u017cnie\u0144 i wspieranie funkcji bariery ochronnej sk\u00f3ry<\/li>\n<li data-start=\"2458\" data-end=\"2515\">Poprawa struktury sk\u00f3ry i wyg\u0142adzanie szorstkich miejsc<\/li>\n<\/ul>\n<h3 data-start=\"2517\" data-end=\"2645\"><strong data-start=\"2517\" data-end=\"2535\">Przechowywanie<\/strong><\/h3>\n<p data-start=\"2517\" data-end=\"2645\">Przechowywa\u0107 w szczelnie zamkni\u0119tym opakowaniu w temperaturze 10\u201325\u00b0C. Chroni\u0107 przed \u015bwiat\u0142em i wilgoci\u0105.<\/p>\n<h3 data-start=\"2647\" data-end=\"2827\"><strong data-start=\"2647\" data-end=\"2662\">Ostrze\u017cenia<\/strong><\/h3>\n<p data-start=\"2647\" data-end=\"2827\" data-is-last-node=\"\" data-is-only-node=\"\">Nie zawiera szkodliwych substancji chemicznych zgodnie z dyrektyw\u0105 REACH.<br data-start=\"2738\" data-end=\"2741\" \/>Spe\u0142nia wymagania dyrektywy RoHS (ograniczenie stosowania niebezpiecznych substancji).<\/p>\n","protected":false},"excerpt":{"rendered":"<p>INCI: Gliceryna, Ekstrakt z li\u015bci Agawy Ameryka\u0144skiej, Leuconostoc\/Ferment z korzenia rzodkwiCAS: 56-81-5 (Gliceryna), 91721-59-0 (Ekstrakt z Agawy), 84775-94-0 (Konserwant)EINECS: 200-289-5 (Gliceryna), 294-434-5 (Ekstrakt z Agawy), 283-918-6 (Konserwant) W\u0142a\u015bciwo\u015bci fizyczne: Posta\u0107: Przejrzysty do lekko m\u0119tnego p\u0142ynu Kolor: \u017b\u00f3\u0142ty do bursztynowego Rozpuszczalno\u015b\u0107: W pe\u0142ni rozpuszczalny w wodzie pH (1% w wodzie): 4,0 \u2013 6,5 Zastosowanie Wysoce aktywny [&hellip;]<\/p>\n","protected":false},"featured_media":3220,"comment_status":"open","ping_status":"closed","template":"","meta":[],"product_brand":[],"product_cat":[221,157,162],"product_tag":[],"class_list":{"0":"post-3221","1":"product","2":"type-product","3":"status-publish","4":"has-post-thumbnail","6":"product_cat-skladniki-aktywne","7":"product_cat-surowce-anti-aging","8":"product_cat-surowce-nawilzajace","10":"first","11":"instock","12":"taxable","13":"shipping-taxable","14":"purchasable","15":"product-type-simple"},"_links":{"self":[{"href":"https:\/\/densilab.com\/pl\/wp-json\/wp\/v2\/product\/3221","targetHints":{"allow":["GET"]}}],"collection":[{"href":"https:\/\/densilab.com\/pl\/wp-json\/wp\/v2\/product"}],"about":[{"href":"https:\/\/densilab.com\/pl\/wp-json\/wp\/v2\/types\/product"}],"replies":[{"embeddable":true,"href":"https:\/\/densilab.com\/pl\/wp-json\/wp\/v2\/comments?post=3221"}],"wp:featuredmedia":[{"embeddable":true,"href":"https:\/\/densilab.com\/pl\/wp-json\/wp\/v2\/media\/3220"}],"wp:attachment":[{"href":"https:\/\/densilab.com\/pl\/wp-json\/wp\/v2\/media?parent=3221"}],"wp:term":[{"taxonomy":"product_brand","embeddable":true,"href":"https:\/\/densilab.com\/pl\/wp-json\/wp\/v2\/product_brand?post=3221"},{"taxonomy":"product_cat","embeddable":true,"href":"https:\/\/densilab.com\/pl\/wp-json\/wp\/v2\/product_cat?post=3221"},{"taxonomy":"product_tag","embeddable":true,"href":"https:\/\/densilab.com\/pl\/wp-json\/wp\/v2\/product_tag?post=3221"}],"curies":[{"name":"wp","href":"https:\/\/api.w.org\/{rel}","templated":true}]}}