{"id":3205,"date":"2025-09-08T10:37:03","date_gmt":"2025-09-08T10:37:03","guid":{"rendered":"https:\/\/densilab.com\/?post_type=product&#038;p=3205"},"modified":"2025-09-08T10:40:57","modified_gmt":"2025-09-08T10:40:57","slug":"olejek-eteryczny-mandarynkowy","status":"publish","type":"product","link":"https:\/\/densilab.com\/pl\/produkt\/olejek-eteryczny-mandarynkowy\/","title":{"rendered":"OLEJEK ETERYCZNY MANDARYNKOWY"},"content":{"rendered":"<p data-start=\"72\" data-end=\"373\"><strong data-start=\"72\" data-end=\"112\">Surowiec kosmetyczny (Raw Material):<\/strong> Olejek eteryczny mandarynkowy<br data-start=\"142\" data-end=\"145\" \/><strong data-start=\"145\" data-end=\"154\">INCI:<\/strong> <em>Citrus Nobilis (Mandarin Orange) Peel Oil<\/em><br data-start=\"196\" data-end=\"199\" \/><strong data-start=\"199\" data-end=\"207\">CAS:<\/strong> 8008-31-9 \/ 84929-38-4<br data-start=\"230\" data-end=\"233\" \/><strong data-start=\"233\" data-end=\"244\">EINECS:<\/strong> 284-521-0<br data-start=\"254\" data-end=\"257\" \/><strong data-start=\"257\" data-end=\"281\">Metoda pozyskiwania:<\/strong> Wyt\u0142aczanie na zimno i destylacja par\u0105 wodn\u0105 ze sk\u00f3rek owoc\u00f3w mandarynki (Citrus Nobilis)<\/p>\n<p data-start=\"375\" data-end=\"518\"><strong data-start=\"375\" data-end=\"400\">W\u0142a\u015bciwo\u015bci fizyczne:<\/strong><br data-start=\"400\" data-end=\"403\" \/>\u2022 Kolor: \u017b\u00f3\u0142ty do pomara\u0144czowo-z\u0142otego<br data-start=\"441\" data-end=\"444\" \/>\u2022 Zapach: Intensywny, bardzo s\u0142odki, cytrusowy<br data-start=\"490\" data-end=\"493\" \/>\u2022 Nuta zapachowa: G\u00f3rna<\/p>\n<h3 data-start=\"520\" data-end=\"926\"><strong data-start=\"520\" data-end=\"536\">Zastosowanie<\/strong><\/h3>\n<p data-start=\"520\" data-end=\"926\">Olejek eteryczny mandarynkowy nale\u017cy do najdelikatniejszych i najbezpieczniejszych olejk\u00f3w cytrusowych. Jego radosny, s\u0142odki i przyjemny zapach sprawia, \u017ce jest uwielbiany zar\u00f3wno przez doros\u0142ych, jak i dzieci. W kosmetyce ceniony jest za dzia\u0142anie tonizuj\u0105ce oraz wspomaganie profilaktyki i piel\u0119gnacji rozst\u0119p\u00f3w, w aromaterapii \u2013 za w\u0142a\u015bciwo\u015bci uspokajaj\u0105ce i wspieraj\u0105ce zasypianie.<\/p>\n<p data-start=\"928\" data-end=\"1162\"><strong data-start=\"928\" data-end=\"957\">G\u0142\u00f3wne sk\u0142adniki aktywne:<\/strong><br data-start=\"957\" data-end=\"960\" \/>Dzia\u0142anie olejku wynika g\u0142\u00f3wnie z wysokiej zawarto\u015bci D-Limonenu, kt\u00f3ry nadaje mu w\u0142a\u015bciwo\u015bci antyseptyczne i od\u015bwie\u017caj\u0105ce. Obecno\u015b\u0107 innych zwi\u0105zk\u00f3w, jak gamma-terpinen, wzmacnia dzia\u0142anie tonizuj\u0105ce.<\/p>\n<p data-start=\"1164\" data-end=\"1205\"><strong data-start=\"1164\" data-end=\"1198\">Zalecane st\u0119\u017cenie w formu\u0142ach:<\/strong> 1\u20136%<\/p>\n<p data-start=\"1207\" data-end=\"1608\"><strong data-start=\"1207\" data-end=\"1224\">Zastosowanie:<\/strong><br data-start=\"1224\" data-end=\"1227\" \/>\u2022 Kosmetyki: Sk\u0142adnik aktywny i zapachowy w balsamach, kremach, olejkach-serum, olejkach do cia\u0142a oraz kosmetykach dla dzieci. Doskona\u0142y do myde\u0142 DIY i \u017celi pod prysznic.<br data-start=\"1397\" data-end=\"1400\" \/>\u2022 Aromaterapia: Kominki zapachowe, dyfuzory, relaksacyjne k\u0105piele (po rozcie\u0144czeniu w no\u015bniku)<br data-start=\"1494\" data-end=\"1497\" \/>\u2022 Masa\u017c: Sk\u0142adnik olejk\u00f3w do masa\u017cu relaksacyjnego lub przeciw rozst\u0119pom, zawsze rozcie\u0144czony w oleju bazowym<\/p>\n<h3 data-start=\"1610\" data-end=\"2027\"><strong data-start=\"1610\" data-end=\"1623\">Dzia\u0142anie<\/strong><\/h3>\n<p data-start=\"1610\" data-end=\"2027\"><strong data-start=\"1626\" data-end=\"1649\">Dzia\u0142anie na sk\u00f3r\u0119:<\/strong> W\u0142a\u015bciwo\u015bci antyseptyczne i tonizuj\u0105ce od\u015bwie\u017caj\u0105 sk\u00f3r\u0119 i wspieraj\u0105 piel\u0119gnacj\u0119 cery z niedoskona\u0142o\u015bciami. Olejek poprawia elastyczno\u015b\u0107 sk\u00f3ry i jest polecany w profilaktyce oraz terapii rozst\u0119p\u00f3w.<br data-start=\"1846\" data-end=\"1849\" \/><strong data-start=\"1849\" data-end=\"1882\">Dzia\u0142anie aromaterapeutyczne:<\/strong> Olejek relaksuje i poprawia nastr\u00f3j. Dzia\u0142a koj\u0105co na uk\u0142ad nerwowy, zmniejsza napi\u0119cia i stres oraz wspiera zasypianie, szczeg\u00f3lnie u dzieci.<\/p>\n<h3 data-start=\"2029\" data-end=\"2226\"><strong data-start=\"2029\" data-end=\"2047\">Przechowywanie<\/strong><\/h3>\n<p data-start=\"2029\" data-end=\"2226\">Olejek nale\u017cy przechowywa\u0107 w szczelnie zamkni\u0119tej butelce z ciemnego szk\u0142a, w ch\u0142odnym i zacienionym miejscu, z dala od \u017ar\u00f3de\u0142 ciep\u0142a i \u015bwiat\u0142a, aby zapobiec jego utlenianiu.<\/p>\n<h3 data-start=\"2228\" data-end=\"2554\"><strong data-start=\"2228\" data-end=\"2243\">Ostrze\u017cenia<\/strong><\/h3>\n<p data-start=\"2228\" data-end=\"2554\">U os\u00f3b o bardzo wra\u017cliwej sk\u00f3rze mo\u017ce powodowa\u0107 podra\u017cnienia. Przed u\u017cyciem na sk\u00f3rze zawsze rozcie\u0144cza\u0107. Unika\u0107 kontaktu z oczami.<br data-start=\"2377\" data-end=\"2380\" \/>Olejek mandarynkowy t\u0142oczony ze sk\u00f3rek uwa\u017cany jest za bezpieczny i zazwyczaj nie wykazuje dzia\u0142ania fototoksycznego. Przy bardzo wysokich st\u0119\u017ceniach zaleca si\u0119 ostro\u017cno\u015b\u0107.<\/p>\n","protected":false},"excerpt":{"rendered":"<p>Surowiec kosmetyczny (Raw Material): Olejek eteryczny mandarynkowyINCI: Citrus Nobilis (Mandarin Orange) Peel OilCAS: 8008-31-9 \/ 84929-38-4EINECS: 284-521-0Metoda pozyskiwania: Wyt\u0142aczanie na zimno i destylacja par\u0105 wodn\u0105 ze sk\u00f3rek owoc\u00f3w mandarynki (Citrus Nobilis) W\u0142a\u015bciwo\u015bci fizyczne:\u2022 Kolor: \u017b\u00f3\u0142ty do pomara\u0144czowo-z\u0142otego\u2022 Zapach: Intensywny, bardzo s\u0142odki, cytrusowy\u2022 Nuta zapachowa: G\u00f3rna Zastosowanie Olejek eteryczny mandarynkowy nale\u017cy do najdelikatniejszych i najbezpieczniejszych olejk\u00f3w [&hellip;]<\/p>\n","protected":false},"featured_media":3204,"comment_status":"open","ping_status":"closed","template":"","meta":[],"product_brand":[],"product_cat":[163,212,164,168,174],"product_tag":[],"class_list":{"0":"post-3205","1":"product","2":"type-product","3":"status-publish","4":"has-post-thumbnail","6":"product_cat-cera-naczynkowa-tradzik-preparaty-antycellulitowe","7":"product_cat-olejki-aromatyczne-pl","8":"product_cat-twarz","9":"product_cat-wlosy","10":"product_cat-cialo","12":"first","13":"instock","14":"taxable","15":"shipping-taxable","16":"purchasable","17":"product-type-simple"},"_links":{"self":[{"href":"https:\/\/densilab.com\/pl\/wp-json\/wp\/v2\/product\/3205","targetHints":{"allow":["GET"]}}],"collection":[{"href":"https:\/\/densilab.com\/pl\/wp-json\/wp\/v2\/product"}],"about":[{"href":"https:\/\/densilab.com\/pl\/wp-json\/wp\/v2\/types\/product"}],"replies":[{"embeddable":true,"href":"https:\/\/densilab.com\/pl\/wp-json\/wp\/v2\/comments?post=3205"}],"wp:featuredmedia":[{"embeddable":true,"href":"https:\/\/densilab.com\/pl\/wp-json\/wp\/v2\/media\/3204"}],"wp:attachment":[{"href":"https:\/\/densilab.com\/pl\/wp-json\/wp\/v2\/media?parent=3205"}],"wp:term":[{"taxonomy":"product_brand","embeddable":true,"href":"https:\/\/densilab.com\/pl\/wp-json\/wp\/v2\/product_brand?post=3205"},{"taxonomy":"product_cat","embeddable":true,"href":"https:\/\/densilab.com\/pl\/wp-json\/wp\/v2\/product_cat?post=3205"},{"taxonomy":"product_tag","embeddable":true,"href":"https:\/\/densilab.com\/pl\/wp-json\/wp\/v2\/product_tag?post=3205"}],"curies":[{"name":"wp","href":"https:\/\/api.w.org\/{rel}","templated":true}]}}