{"id":3196,"date":"2025-09-08T10:02:47","date_gmt":"2025-09-08T10:02:47","guid":{"rendered":"https:\/\/densilab.com\/?post_type=product&#038;p=3196"},"modified":"2025-09-08T10:08:17","modified_gmt":"2025-09-08T10:08:17","slug":"bright-oleoactif-kompleks-rozjasniajacy","status":"publish","type":"product","link":"https:\/\/densilab.com\/pl\/produkt\/bright-oleoactif-kompleks-rozjasniajacy\/","title":{"rendered":"BRIGHT OL\u00c9OACTIF \u2013 Kompleks Rozja\u015bniaj\u0105cy"},"content":{"rendered":"<p data-start=\"206\" data-end=\"551\"><strong data-start=\"206\" data-end=\"246\">Surowiec kosmetyczny (Raw Material):<\/strong> BRIGHT OL\u00c9OACTIF<br data-start=\"263\" data-end=\"266\" \/><strong data-start=\"266\" data-end=\"275\">INCI:<\/strong> <em>Brassica Campestris (Rapeseed) Seed Oil, Glycyrrhiza Glabra (Licorice) Root Extract, Polyglyceryl-3 Diisostearate, Althaea Officinalis (Marshmallow) Root Extract, Oryza Sativa (Rice) Bran Extract<\/em><br data-start=\"475\" data-end=\"478\" \/><strong data-start=\"478\" data-end=\"489\">Jako\u015b\u0107:<\/strong> Olejowy kompleks aktywny, certyfikat COSMOS, 100% naturalny<\/p>\n<p data-start=\"553\" data-end=\"749\"><strong data-start=\"553\" data-end=\"578\">W\u0142a\u015bciwo\u015bci fizyczne:<\/strong><br data-start=\"578\" data-end=\"581\" \/>\u2022 Posta\u0107: Oleista ciecz<br data-start=\"604\" data-end=\"607\" \/>\u2022 Kolor: Od \u017c\u00f3\u0142tego do zielonkawo-br\u0105zowego<br data-start=\"650\" data-end=\"653\" \/>\u2022 Zapach: Charakterystyczny, zio\u0142owy<br data-start=\"689\" data-end=\"692\" \/>\u2022 Rozpuszczalno\u015b\u0107: Rozpuszczalny w olejach i t\u0142uszczach<\/p>\n<p data-start=\"751\" data-end=\"824\"><strong data-start=\"751\" data-end=\"767\">Pochodzenie:<\/strong> Surowiec wyprodukowany we Francji przez Hallstar OLEOS<\/p>\n<h3 data-start=\"826\" data-end=\"1412\"><strong data-start=\"826\" data-end=\"842\">Zastosowanie<\/strong><\/h3>\n<p data-start=\"826\" data-end=\"1412\">BRIGHT OL\u00c9OACTIF to innowacyjny, w 100% naturalny kompleks olejowy, stworzony przez renomowan\u0105 francusk\u0105 firm\u0119 Hallstar OLEOS\u00ae przy u\u017cyciu opatentowanej, ekologicznej technologii ekstrakcji.<br data-start=\"1035\" data-end=\"1038\" \/>Preparat ma udowodnione dzia\u0142anie rozja\u015bniaj\u0105ce sk\u00f3r\u0119 i redukuj\u0105ce przebarwienia. Nie tylko rozja\u015bnia istniej\u0105ce plamy pigmentacyjne, ale r\u00f3wnie\u017c zapobiega powstawaniu nowych.<br data-start=\"1213\" data-end=\"1216\" \/>Dzia\u0142anie to jest wspierane przez silne w\u0142a\u015bciwo\u015bci antyoksydacyjne i przeciwzapalne, kt\u00f3re chroni\u0105 sk\u00f3r\u0119 przed czynnikami wywo\u0142uj\u0105cymi przebarwienia (np. promieniowaniem UV, stanami zapalnymi).<\/p>\n<p data-start=\"1414\" data-end=\"1672\"><strong data-start=\"1414\" data-end=\"1459\">Idealny jako kluczowy sk\u0142adnik aktywny w:<\/strong><br data-start=\"1459\" data-end=\"1462\" \/>\u2022 Serach olejowych i kremach o dzia\u0142aniu rozja\u015bniaj\u0105cym i depigmentuj\u0105cym<br data-start=\"1535\" data-end=\"1538\" \/>\u2022 Ochronnych kremach na dzie\u0144 i kosmetykach typu \"anti-pollution\"<br data-start=\"1603\" data-end=\"1606\" \/>\u2022 Kuracjach anti-age ukierunkowanych na wyr\u00f3wnanie kolorytu cery<\/p>\n<p data-start=\"1674\" data-end=\"1707\"><strong data-start=\"1674\" data-end=\"1696\">Zalecane st\u0119\u017cenie:<\/strong> 0,5 \u2013 5%<\/p>\n<p data-start=\"1709\" data-end=\"1957\"><strong data-start=\"1709\" data-end=\"1736\">Wskaz\u00f3wki formu\u0142acyjne:<\/strong><br data-start=\"1736\" data-end=\"1739\" \/>\u2022 Produkt jest w pe\u0142ni rozpuszczalny w olejach<br data-start=\"1785\" data-end=\"1788\" \/>\u2022 Nale\u017cy go dodawa\u0107 do fazy olejowej formulacji lub na ko\u0144cu procesu do gotowego produktu bezwodnego<br data-start=\"1888\" data-end=\"1891\" \/>\u2022 Dzia\u0142a stabilnie w gotowym kosmetyku o pH w zakresie 4,0 \u2013 8,0<\/p>\n<p data-start=\"1959\" data-end=\"2102\"><strong data-start=\"1959\" data-end=\"1987\">Prosta formu\u0142a na serum:<\/strong> Wymieszaj 5 ml BRIGHT OL\u00c9OACTIF\u00ae z 95 ml lekkiego oleju bazowego (np. skwalanu, ze s\u0142odkich migda\u0142\u00f3w lub z maku)<\/p>\n<p data-start=\"2104\" data-end=\"2767\"><strong data-start=\"2104\" data-end=\"2133\">G\u0142\u00f3wne sk\u0142adniki aktywne:<\/strong><br data-start=\"2133\" data-end=\"2136\" \/>\u2022 Korze\u0144 Lukrecji (Glycyrrhiza Glabra): g\u0142\u00f3wny sk\u0142adnik aktywny, \u017ar\u00f3d\u0142o glabrydyny \u2013 jeden z najsilniejszych naturalnych inhibitor\u00f3w tyrozynazy, hamuje produkcj\u0119 melaniny i widocznie rozja\u015bnia istniej\u0105ce przebarwienia<br data-start=\"2353\" data-end=\"2356\" \/>\u2022 Korze\u0144 Prawo\u015blazu (Althaea Officinalis): dzia\u0142a \u0142agodz\u0105co, nawil\u017caj\u0105co i przeciwzapalnie, kluczowe w kuracjach rozja\u015bniaj\u0105cych, chroni przed podra\u017cnieniami<br data-start=\"2513\" data-end=\"2516\" \/>\u2022 Otr\u0119by Ry\u017cowe (Oryza Sativa): bogate w kwas ferulowy i fitowy, wzmacniaj\u0105 dzia\u0142anie antyoksydacyjne i rozja\u015bniaj\u0105ce kompleksu<br data-start=\"2643\" data-end=\"2646\" \/>\u2022 Olej Rzepakowy (Brassica Campestris): od\u017cywcza baza bogata w kwasy Omega, transportuje sk\u0142adniki aktywne w g\u0142\u0105b sk\u00f3ry<\/p>\n<h3 data-start=\"2769\" data-end=\"3015\"><strong data-start=\"2769\" data-end=\"2782\">Dzia\u0142anie<\/strong><\/h3>\n<p data-start=\"2769\" data-end=\"3015\">Podstawowy mechanizm dzia\u0142ania BRIGHT OL\u00c9OACTIF\u00ae polega na inhibicji tyrozynazy i syntezy melaniny, dzi\u0119ki czemu skutecznie redukuje plamy pigmentacyjne i przebarwienia. Preparat zapobiega r\u00f3wnie\u017c powstawaniu nowych przebarwie\u0144.<\/p>\n<p data-start=\"3017\" data-end=\"3331\"><strong data-start=\"3017\" data-end=\"3075\">Potwierdzona skuteczno\u015b\u0107 in vivo ju\u017c przy st\u0119\u017ceniu 1%:<\/strong><br data-start=\"3075\" data-end=\"3078\" \/>\u2022 Rozja\u015bnia istniej\u0105ce przebarwienia i ciemne plamy (pos\u0142oneczne, pozapalne, hormonalne)<br data-start=\"3166\" data-end=\"3169\" \/>\u2022 Wyr\u00f3wnuje i ujednolica koloryt sk\u00f3ry<br data-start=\"3207\" data-end=\"3210\" \/>\u2022 Zapobiega powstawaniu nowych plam pigmentacyjnych<br data-start=\"3261\" data-end=\"3264\" \/>\u2022 Dzia\u0142a antyoksydacyjnie i wspomaga ochron\u0119 przed fotostarzeniem<\/p>\n<h3 data-start=\"3333\" data-end=\"3504\"><strong data-start=\"3333\" data-end=\"3351\">Przechowywanie<\/strong><\/h3>\n<p data-start=\"3333\" data-end=\"3504\">Produkt nale\u017cy przechowywa\u0107 w szczelnie zamkni\u0119tym opakowaniu, w temperaturze pokojowej, chroni\u0105c przed bezpo\u015brednim dzia\u0142aniem promieni s\u0142onecznych<\/p>\n<h3 data-start=\"3506\" data-end=\"3731\"><strong data-start=\"3506\" data-end=\"3521\">Ostrze\u017cenia<\/strong><\/h3>\n<p data-start=\"3506\" data-end=\"3731\">Stosowa\u0107 zgodnie z dat\u0105 przydatno\u015bci<br data-start=\"3562\" data-end=\"3565\" \/>Nie zawiera szkodliwych substancji chemicznych zgodnie z dyrektyw\u0105 REACH<br data-start=\"3639\" data-end=\"3642\" \/>Spe\u0142nia wymagania dyrektywy RoHS (ograniczenie stosowania niebezpiecznych substancji)<\/p>\n","protected":false},"excerpt":{"rendered":"<p>Surowiec kosmetyczny (Raw Material): BRIGHT OL\u00c9OACTIFINCI: Brassica Campestris (Rapeseed) Seed Oil, Glycyrrhiza Glabra (Licorice) Root Extract, Polyglyceryl-3 Diisostearate, Althaea Officinalis (Marshmallow) Root Extract, Oryza Sativa (Rice) Bran ExtractJako\u015b\u0107: Olejowy kompleks aktywny, certyfikat COSMOS, 100% naturalny W\u0142a\u015bciwo\u015bci fizyczne:\u2022 Posta\u0107: Oleista ciecz\u2022 Kolor: Od \u017c\u00f3\u0142tego do zielonkawo-br\u0105zowego\u2022 Zapach: Charakterystyczny, zio\u0142owy\u2022 Rozpuszczalno\u015b\u0107: Rozpuszczalny w olejach i t\u0142uszczach Pochodzenie: [&hellip;]<\/p>\n","protected":false},"featured_media":3195,"comment_status":"open","ping_status":"closed","template":"","meta":[],"product_brand":[],"product_cat":[221,157,164,174,173],"product_tag":[],"class_list":{"0":"post-3196","1":"product","2":"type-product","3":"status-publish","4":"has-post-thumbnail","6":"product_cat-skladniki-aktywne","7":"product_cat-surowce-anti-aging","8":"product_cat-twarz","9":"product_cat-cialo","10":"product_cat-oleje-skwalany-masla-kosmetyczne-i-maceraty","12":"first","13":"instock","14":"taxable","15":"shipping-taxable","16":"purchasable","17":"product-type-simple"},"_links":{"self":[{"href":"https:\/\/densilab.com\/pl\/wp-json\/wp\/v2\/product\/3196","targetHints":{"allow":["GET"]}}],"collection":[{"href":"https:\/\/densilab.com\/pl\/wp-json\/wp\/v2\/product"}],"about":[{"href":"https:\/\/densilab.com\/pl\/wp-json\/wp\/v2\/types\/product"}],"replies":[{"embeddable":true,"href":"https:\/\/densilab.com\/pl\/wp-json\/wp\/v2\/comments?post=3196"}],"wp:featuredmedia":[{"embeddable":true,"href":"https:\/\/densilab.com\/pl\/wp-json\/wp\/v2\/media\/3195"}],"wp:attachment":[{"href":"https:\/\/densilab.com\/pl\/wp-json\/wp\/v2\/media?parent=3196"}],"wp:term":[{"taxonomy":"product_brand","embeddable":true,"href":"https:\/\/densilab.com\/pl\/wp-json\/wp\/v2\/product_brand?post=3196"},{"taxonomy":"product_cat","embeddable":true,"href":"https:\/\/densilab.com\/pl\/wp-json\/wp\/v2\/product_cat?post=3196"},{"taxonomy":"product_tag","embeddable":true,"href":"https:\/\/densilab.com\/pl\/wp-json\/wp\/v2\/product_tag?post=3196"}],"curies":[{"name":"wp","href":"https:\/\/api.w.org\/{rel}","templated":true}]}}