{"id":3064,"date":"2025-09-03T14:02:27","date_gmt":"2025-09-03T14:02:27","guid":{"rendered":"https:\/\/densilab.com\/?post_type=product&#038;p=3064"},"modified":"2025-09-03T14:49:34","modified_gmt":"2025-09-03T14:49:34","slug":"olej-z-nasion-majeranku","status":"publish","type":"product","link":"https:\/\/densilab.com\/pl\/produkt\/olej-z-nasion-majeranku\/","title":{"rendered":"OLEJ Z NASION MAJERANKU, NIERAFINOWANY"},"content":{"rendered":"<p><strong>INCI:<\/strong> <em>Origanum Majorana Seed Oil<\/em><br \/>\n<strong>CAS:<\/strong> 84082-55-1<br \/>\n<strong>EINECS:<\/strong> 282-018-2<br \/>\n<strong>Pochodzenie:<\/strong> t\u0142oczenie na zimno z nasion Origanum majorana<br \/>\n<strong>Wygl\u0105d:<\/strong> olej jasno\u017c\u00f3\u0142ty do z\u0142ocisto\u017c\u00f3\u0142tego<br \/>\n<strong>Zapach:<\/strong> zio\u0142owo-korzenny<\/p>\n<h3><strong>Zastosowanie<\/strong><\/h3>\n<p>Olej z nasion majeranku stanowi bogactwo nie tylko zwi\u0105zk\u00f3w aromatycznych, ale przede wszystkim od\u017cywczych kwas\u00f3w t\u0142uszczowych. Jest to specjalistyczny surowiec o pot\u0119\u017cnych w\u0142a\u015bciwo\u015bciach przeciwzapalnych, antyseptycznych, regeneruj\u0105cych i reguluj\u0105cych wydzielane sebum. Stosowany tak\u017ce jako sk\u0142adnik w kosmetykach antyoksydacyjnych.<\/p>\n<p>Olej ten sprawdza si\u0119 jako olej aktywny w piel\u0119gnacji sk\u00f3ry i w\u0142os\u00f3w. Mo\u017ce by\u0107 stosowany bezpo\u015brednio na sk\u00f3r\u0119 lub jako sk\u0142adnik emulsji, serum, olej\u00f3w do masa\u017cu czy produkt\u00f3w do piel\u0119gnacji w\u0142os\u00f3w.<\/p>\n<p><strong>G\u0142\u00f3wne sk\u0142adniki aktywne:<\/strong><\/p>\n<ul>\n<li>Nienasycone Kwasy T\u0142uszczowe: Bardzo wysoka zawarto\u015b\u0107 kwasu linolowego (Omega-6), kt\u00f3ry jest kluczowy dla odbudowy bariery lipidowej, dzia\u0142a przeciwzapalnie i reguluje prac\u0119 gruczo\u0142\u00f3w \u0142ojowych.<\/li>\n<li>Naturalne Zwi\u0105zki Antyseptyczne: Zawiera terpinen-4-ol i inne sk\u0142adniki olejku eterycznego, kt\u00f3re odpowiadaj\u0105 za silne w\u0142a\u015bciwo\u015bci antybakteryjne, przeciwgrzybicze i przeciwzapalne.<\/li>\n<li>Fitosterole i Antyoksydanty: Jest naturalnym \u017ar\u00f3d\u0142em witaminy E i fitosteroli, kt\u00f3re dzia\u0142aj\u0105 \u0142agodz\u0105co, regeneruj\u0105co i chroni\u0105 sk\u00f3r\u0119 przed wolnymi rodnikami.<\/li>\n<\/ul>\n<p><strong>Dozowanie:<\/strong> 1\u201310% w emulsjach i serum, do 100% w olejach do masa\u017cu i piel\u0119gnacji cia\u0142a.<\/p>\n<p><strong>Przyk\u0142adowe zastosowania w recepturach:<\/strong><\/p>\n<ul>\n<li style=\"list-style-type: none;\">\n<ul>\n<li><strong>Jako kluczowy sk\u0142adnik w serach i kremach<\/strong>\u00a0do cery tr\u0105dzikowej, t\u0142ustej i problematycznej.<\/li>\n<li><strong>W olejkach do masa\u017cu<\/strong>\u00a0o dzia\u0142aniu rozgrzewaj\u0105cym i przeciwb\u00f3lowym.<\/li>\n<li><strong>Jako sk\u0142adnik aktywny w kremach<\/strong>\u00a0regeneruj\u0105cych i przeciwzapalnych.<\/li>\n<li><strong>We wcierkach i olejkach<\/strong>\u00a0do problematycznej sk\u00f3ry g\u0142owy.<\/li>\n<\/ul>\n<\/li>\n<\/ul>\n<h3><strong>Dzia\u0142anie<\/strong><\/h3>\n<ul>\n<li>Wykazuje silne dzia\u0142anie antyoksydacyjne i chroni przed wolnymi rodnikami, daj\u0105c tym samym ochron\u0119 przed przedwczesnym starzeniem.<\/li>\n<li>Wspiera regeneracj\u0119 sk\u00f3ry i \u0142agodzi podra\u017cnienia.<\/li>\n<li>Posiada w\u0142a\u015bciwo\u015bci przeciwzapalne, reguluje wydzielanie sebum i hamuje rozw\u00f3j drobnoustroj\u00f3w, co czyni go idealnym sk\u0142adnikiem w walce z tr\u0105dzikiem.<\/li>\n<li>Pobudza mikrokr\u0105\u017cenie i dzia\u0142a rozgrzewaj\u0105co w masa\u017cu. Pomaga \u0142agodzi\u0107 b\u00f3le mi\u0119\u015bniowe i reumatyczne.<\/li>\n<li>Wyg\u0142adza sk\u00f3r\u0119, nawil\u017ca j\u0105 i poprawia jej elastyczno\u015b\u0107.<\/li>\n<li><strong>W piel\u0119gnacji w\u0142os\u00f3w<\/strong> wzmacnia cebulki, dzia\u0142a normalizuj\u0105co na sk\u00f3r\u0119 g\u0142owy i ogranicza powstawanie \u0142upie\u017cu.<\/li>\n<\/ul>\n<h3><strong>Przechowywanie<\/strong><\/h3>\n<p>Przechowywa\u0107 w ch\u0142odnym, suchym i zacienionym miejscu, w szczelnie zamkni\u0119tym opakowaniu.<\/p>\n<h3><strong>Ostrze\u017cenia<\/strong><\/h3>\n<p>Wy\u0142\u0105cznie do u\u017cytku zewn\u0119trznego. U os\u00f3b ze sk\u0142onno\u015bci\u0105 do alergii lub bardzo wra\u017cliw\u0105 sk\u00f3r\u0105 zaleca si\u0119 wykonanie testu p\u0142atkowego przed pierwszym u\u017cyciem.<\/p>\n","protected":false},"excerpt":{"rendered":"<p>INCI: Origanum Majorana Seed Oil CAS: 84082-55-1 EINECS: 282-018-2 Pochodzenie: t\u0142oczenie na zimno z nasion Origanum majorana Wygl\u0105d: olej jasno\u017c\u00f3\u0142ty do z\u0142ocisto\u017c\u00f3\u0142tego Zapach: zio\u0142owo-korzenny Zastosowanie Olej z nasion majeranku stanowi bogactwo nie tylko zwi\u0105zk\u00f3w aromatycznych, ale przede wszystkim od\u017cywczych kwas\u00f3w t\u0142uszczowych. Jest to specjalistyczny surowiec o pot\u0119\u017cnych w\u0142a\u015bciwo\u015bciach przeciwzapalnych, antyseptycznych, regeneruj\u0105cych i reguluj\u0105cych wydzielane sebum. [&hellip;]<\/p>\n","protected":false},"featured_media":3063,"comment_status":"open","ping_status":"closed","template":"","meta":[],"product_brand":[],"product_cat":[157,162,163,164,168,174,173],"product_tag":[],"class_list":{"0":"post-3064","1":"product","2":"type-product","3":"status-publish","4":"has-post-thumbnail","6":"product_cat-surowce-anti-aging","7":"product_cat-surowce-nawilzajace","8":"product_cat-cera-naczynkowa-tradzik-preparaty-antycellulitowe","9":"product_cat-twarz","10":"product_cat-wlosy","11":"product_cat-cialo","12":"product_cat-oleje-skwalany-masla-kosmetyczne-i-maceraty","14":"first","15":"instock","16":"taxable","17":"shipping-taxable","18":"purchasable","19":"product-type-simple"},"_links":{"self":[{"href":"https:\/\/densilab.com\/pl\/wp-json\/wp\/v2\/product\/3064","targetHints":{"allow":["GET"]}}],"collection":[{"href":"https:\/\/densilab.com\/pl\/wp-json\/wp\/v2\/product"}],"about":[{"href":"https:\/\/densilab.com\/pl\/wp-json\/wp\/v2\/types\/product"}],"replies":[{"embeddable":true,"href":"https:\/\/densilab.com\/pl\/wp-json\/wp\/v2\/comments?post=3064"}],"wp:featuredmedia":[{"embeddable":true,"href":"https:\/\/densilab.com\/pl\/wp-json\/wp\/v2\/media\/3063"}],"wp:attachment":[{"href":"https:\/\/densilab.com\/pl\/wp-json\/wp\/v2\/media?parent=3064"}],"wp:term":[{"taxonomy":"product_brand","embeddable":true,"href":"https:\/\/densilab.com\/pl\/wp-json\/wp\/v2\/product_brand?post=3064"},{"taxonomy":"product_cat","embeddable":true,"href":"https:\/\/densilab.com\/pl\/wp-json\/wp\/v2\/product_cat?post=3064"},{"taxonomy":"product_tag","embeddable":true,"href":"https:\/\/densilab.com\/pl\/wp-json\/wp\/v2\/product_tag?post=3064"}],"curies":[{"name":"wp","href":"https:\/\/api.w.org\/{rel}","templated":true}]}}