{"id":2739,"date":"2025-05-08T19:35:18","date_gmt":"2025-05-08T19:35:18","guid":{"rendered":"https:\/\/densilab.com\/?post_type=product&#038;p=2739"},"modified":"2025-05-08T19:41:10","modified_gmt":"2025-05-08T19:41:10","slug":"glinka-czerwona-bio-naczynka-tradzik-rozowaty","status":"publish","type":"product","link":"https:\/\/densilab.com\/pl\/produkt\/glinka-czerwona-bio-naczynka-tradzik-rozowaty\/","title":{"rendered":"GLINKA CZERWONA BIO \u2013 NACZYNKA, TR\u0104DZIK R\u00d3\u017bOWATY"},"content":{"rendered":"<p class=\"\" data-start=\"93\" data-end=\"338\"><strong>Surowiec dla przemys\u0142u (Raw Material): GLINKA CZERWONA, Red clay<\/strong><br data-start=\"212\" data-end=\"215\" \/><strong>Producent: Argile du Velay (Francja)<\/strong><br data-start=\"251\" data-end=\"254\" \/>Naturalny produkt mineralny.<strong> Certyfikat:<\/strong> EKO CERT<br data-start=\"303\" data-end=\"306\" \/><strong>CAS<\/strong>: 12173-60-3<br data-start=\"321\" data-end=\"324\" \/><strong>INCI<\/strong>: <em>Illite<\/em><\/p>\n<h3 data-start=\"340\" data-end=\"727\"><strong data-start=\"340\" data-end=\"356\">Zastosowanie<\/strong><\/h3>\n<p class=\"\" data-start=\"340\" data-end=\"727\">100% naturalna, najwy\u017cszej jako\u015bci glinka czerwona, przeznaczona do piel\u0119gnacji sk\u00f3ry t\u0142ustej, mieszanej, normalnej i naczyniowej. Zatwierdzona certyfikatem ECO CERT dla produkt\u00f3w ekologicznych. Glinka suszona w wysokiej temperaturze, co zapewnia jej czysto\u015b\u0107 kosmetyczn\u0105.<br data-start=\"631\" data-end=\"634\" \/>Zalecane st\u0119\u017cenie w recepturach kosmetycznych: <strong>do 30%.<\/strong> P\u0142aska \u0142y\u017ceczka 5 ml wa\u017cy oko\u0142o 4,5 g.<\/p>\n<p class=\"\" data-start=\"729\" data-end=\"762\"><strong data-start=\"729\" data-end=\"762\">Jak stosowa\u0107 glink\u0119 czerwon\u0105?<\/strong><\/p>\n<p class=\"\" data-start=\"764\" data-end=\"1462\"><em data-start=\"764\" data-end=\"774\">Maseczki<\/em><br data-start=\"774\" data-end=\"777\" \/>Najprostsz\u0105 maseczk\u0119 uzyskujemy, mieszaj\u0105c 4 \u0142y\u017cki glinki z 3 \u0142y\u017ckami wody (proporcje s\u0105 orientacyjne, najlepiej dodawa\u0107 wod\u0119 stopniowo, a\u017c do uzyskania konsystencji papki). Tak\u0105 podstawow\u0105 receptur\u0119 mo\u017cna wzbogaci\u0107 o dodatkowe sk\u0142adniki, np. kilka kropel kwasu hialuronowego lub algi (macerat ze spiruliny).<br data-start=\"1085\" data-end=\"1088\" \/>Maseczk\u0119 nak\u0142adamy na czyst\u0105 sk\u00f3r\u0119 na czas od 15 do 20 minut, po czym zmywamy ciep\u0142\u0105 wod\u0105. Aby maska nie wysch\u0142a, wskazane jest przykrycie twarzy wilgotnym kompresem.<br data-start=\"1254\" data-end=\"1257\" \/>Przygotowuj\u0105c maseczk\u0119 do sk\u00f3ry suchej i zm\u0119czonej, zamiast wody dodajemy dowolny olej kosmetyczny, kt\u00f3ry odpowiada potrzebom naszej sk\u00f3ry. Proporcje pozostaj\u0105 podobne: na 4 \u0142y\u017cki glinki ok. 3 \u0142y\u017cki oleju.<\/p>\n<p class=\"\" data-start=\"1464\" data-end=\"1696\"><em data-start=\"1464\" data-end=\"1491\">K\u0105piel z dodatkiem glinki<\/em><br data-start=\"1491\" data-end=\"1494\" \/>Glink\u0119 mo\u017cna stosowa\u0107 jako dodatek do k\u0105pieli. Do wanny wsypujemy oko\u0142o p\u00f3\u0142 szklanki glinki. Po k\u0105pieli, kt\u00f3ra powinna trwa\u0107 przynajmniej 20 minut, nie wycieramy sk\u00f3ry, a jedynie owijamy si\u0119 r\u0119cznikiem.<\/p>\n<p class=\"\" data-start=\"1698\" data-end=\"2373\"><em data-start=\"1698\" data-end=\"1716\">Kuracja na w\u0142osy<\/em><br data-start=\"1716\" data-end=\"1719\" \/>Aby przygotowa\u0107 maseczk\u0119 do w\u0142os\u00f3w na bazie glinki czerwonej, nale\u017cy wymiesza\u0107 20 ml glinki (4 \u0142y\u017ceczki), 20 ml wody i 10 ml oleju (je\u015bli zale\u017cy Ci na mocniejszym nawil\u017ceniu, arganowy i kameliowy b\u0119d\u0105 najlepsze. Je\u015bli zale\u017cy Ci na od\u017cywieniu i regeneracji, wybierz olej makadamia lub z opuncji figowej. Olej z nasion maku b\u0119dzie bardziej uniwersalny, szczeg\u00f3lnie je\u015bli chcesz delikatnie nawil\u017cy\u0107 i od\u017cywi\u0107 w\u0142osy).<br data-start=\"2132\" data-end=\"2135\" \/>Otrzyman\u0105 papk\u0119 nak\u0142adamy na w\u0142osy i pozostawiamy na ok. 20 minut, po czym zmywamy delikatnym szamponem.<br data-start=\"2239\" data-end=\"2242\" \/>Otrzymana w ten spos\u00f3b maseczka zmniejsza \u0142amliwo\u015b\u0107 i wypadanie w\u0142os\u00f3w, poprawia ukrwienie sk\u00f3ry g\u0142owy i dzia\u0142a przeciw\u0142upie\u017cowo.<\/p>\n<p class=\"\" data-start=\"2375\" data-end=\"2471\"><strong data-start=\"2375\" data-end=\"2385\">UWAGA:<\/strong> Do sporz\u0105dzania maseczek u\u017cywaj tylko ceramicznych lub drewnianych naczy\u0144 i narz\u0119dzi.<\/p>\n<h3 data-start=\"2473\" data-end=\"2939\"><strong data-start=\"2473\" data-end=\"2490\">Dzia\u0142anie<\/strong><\/h3>\n<p class=\"\" data-start=\"2473\" data-end=\"2939\">\u2022 Glinka czerwona znakomicie oczyszcza i odt\u0142uszcza sk\u00f3r\u0119 (delikatniej ni\u017c glinka zielona).<br data-start=\"2584\" data-end=\"2587\" \/>\u2022 Poprawia koloryt sk\u00f3ry, daj\u0105c efekt delikatnej opalenizny przy systematycznym stosowaniu.<br data-start=\"2678\" data-end=\"2681\" \/>\u2022 Uszczelnia naczynia krwiono\u015bne i zapobiega ich p\u0119kaniu.<br data-start=\"2738\" data-end=\"2741\" \/>\u2022 Ma zastosowanie w leczeniu i \u0142agodzeniu objaw\u00f3w tr\u0105dziku r\u00f3\u017cowatego.<br data-start=\"2811\" data-end=\"2814\" \/>\u2022 Mo\u017ce by\u0107 stosowana w produkcji krem\u00f3w i innych kosmetyk\u00f3w, kt\u00f3rym nadaje w\u0142a\u015bciwo\u015bci matuj\u0105ce, oczyszczaj\u0105ce i od\u017cywiaj\u0105ce.<\/p>\n<h3 data-start=\"2941\" data-end=\"3153\"><strong data-start=\"2941\" data-end=\"2959\">Przechowywanie<\/strong><\/h3>\n<p class=\"\" data-start=\"2941\" data-end=\"3153\">Glink\u0119 nale\u017cy chroni\u0107 przed promieniami s\u0142onecznymi. Ma w\u0142a\u015bciwo\u015bci higroskopijne, dlatego najlepiej przechowywa\u0107 j\u0105 w hermetycznym pojemniku, w suchym pomieszczeniu o temperaturze pokojowej.<\/p>\n<h3 data-start=\"3155\" data-end=\"3217\"><strong data-start=\"3155\" data-end=\"3170\">Ostrze\u017cenia<\/strong><\/h3>\n<p class=\"\" data-start=\"3155\" data-end=\"3217\">Nie stosowa\u0107 na \u015bwie\u017ce lub krwawi\u0105ce rany.<\/p>\n","protected":false},"excerpt":{"rendered":"<p>Surowiec dla przemys\u0142u (Raw Material): GLINKA CZERWONA, Red clayProducent: Argile du Velay (Francja)Naturalny produkt mineralny. Certyfikat: EKO CERTCAS: 12173-60-3INCI: Illite Zastosowanie 100% naturalna, najwy\u017cszej jako\u015bci glinka czerwona, przeznaczona do piel\u0119gnacji sk\u00f3ry t\u0142ustej, mieszanej, normalnej i naczyniowej. Zatwierdzona certyfikatem ECO CERT dla produkt\u00f3w ekologicznych. Glinka suszona w wysokiej temperaturze, co zapewnia jej czysto\u015b\u0107 kosmetyczn\u0105.Zalecane st\u0119\u017cenie w [&hellip;]<\/p>\n","protected":false},"featured_media":2738,"comment_status":"open","ping_status":"closed","template":"","meta":[],"product_brand":[],"product_cat":[221,157,163,164,168,174],"product_tag":[],"class_list":{"0":"post-2739","1":"product","2":"type-product","3":"status-publish","4":"has-post-thumbnail","6":"product_cat-skladniki-aktywne","7":"product_cat-surowce-anti-aging","8":"product_cat-cera-naczynkowa-tradzik-preparaty-antycellulitowe","9":"product_cat-twarz","10":"product_cat-wlosy","11":"product_cat-cialo","13":"first","14":"instock","15":"taxable","16":"shipping-taxable","17":"purchasable","18":"product-type-simple"},"_links":{"self":[{"href":"https:\/\/densilab.com\/pl\/wp-json\/wp\/v2\/product\/2739","targetHints":{"allow":["GET"]}}],"collection":[{"href":"https:\/\/densilab.com\/pl\/wp-json\/wp\/v2\/product"}],"about":[{"href":"https:\/\/densilab.com\/pl\/wp-json\/wp\/v2\/types\/product"}],"replies":[{"embeddable":true,"href":"https:\/\/densilab.com\/pl\/wp-json\/wp\/v2\/comments?post=2739"}],"wp:featuredmedia":[{"embeddable":true,"href":"https:\/\/densilab.com\/pl\/wp-json\/wp\/v2\/media\/2738"}],"wp:attachment":[{"href":"https:\/\/densilab.com\/pl\/wp-json\/wp\/v2\/media?parent=2739"}],"wp:term":[{"taxonomy":"product_brand","embeddable":true,"href":"https:\/\/densilab.com\/pl\/wp-json\/wp\/v2\/product_brand?post=2739"},{"taxonomy":"product_cat","embeddable":true,"href":"https:\/\/densilab.com\/pl\/wp-json\/wp\/v2\/product_cat?post=2739"},{"taxonomy":"product_tag","embeddable":true,"href":"https:\/\/densilab.com\/pl\/wp-json\/wp\/v2\/product_tag?post=2739"}],"curies":[{"name":"wp","href":"https:\/\/api.w.org\/{rel}","templated":true}]}}