{"id":2449,"date":"2025-04-16T12:28:49","date_gmt":"2025-04-16T12:28:49","guid":{"rendered":"https:\/\/densilab.com\/?post_type=product&#038;p=2449"},"modified":"2025-04-16T12:41:44","modified_gmt":"2025-04-16T12:41:44","slug":"eko-konserwant-z-kokosa","status":"publish","type":"product","link":"https:\/\/densilab.com\/pl\/produkt\/eko-konserwant-z-kokosa\/","title":{"rendered":"EKO-KONSERWANT Z KOKOSA"},"content":{"rendered":"<p class=\"\" data-start=\"39\" data-end=\"214\"><strong data-start=\"39\" data-end=\"81\">Surowiec dla przemys\u0142u (Raw material):<\/strong> AMTicide\u00ae Coconut \u2013 ekologiczny konserwant<br data-start=\"124\" data-end=\"127\" \/><strong data-start=\"127\" data-end=\"136\">INCI:<\/strong> <em>Lactobacillus\/Cocos Nucifera (Coconut) Ferment<\/em><\/p>\n<p class=\"\" data-start=\"216\" data-end=\"352\"><strong data-start=\"216\" data-end=\"232\">Certyfikaty:<\/strong> ECOCERT<br data-start=\"240\" data-end=\"243\" \/><strong data-start=\"243\" data-end=\"259\">Nie zawiera:<\/strong> GMO, etoksylowania, napromieniowania, sulfonowania, obr\u00f3bki tlenkiem etylenu, uwodorniania<\/p>\n<h3 data-start=\"359\" data-end=\"988\"><strong data-start=\"359\" data-end=\"375\">Zastosowanie<\/strong><\/h3>\n<p class=\"\" data-start=\"359\" data-end=\"988\">AMTicide\u00ae Coconut jest naturalnym konserwantem pozyskiwanym w wyniku fermentacji owoc\u00f3w <em data-start=\"466\" data-end=\"482\">Cocos nucifera<\/em> (kokos) z <em data-start=\"493\" data-end=\"508\">Lactobacillus<\/em>.<br data-start=\"509\" data-end=\"512\" \/>Jest to skuteczny, niepodra\u017cniaj\u0105cy produkt, kt\u00f3ry efektywnie zast\u0119puje parabeny w kosmetykach.<br data-start=\"607\" data-end=\"610\" \/>AMTicide\u00ae Coconut skutecznie hamuje rozw\u00f3j grzyb\u00f3w, w tym ple\u015bni i dro\u017cd\u017cy.<br data-start=\"685\" data-end=\"688\" \/>Jest idealnym uzupe\u0142nieniem konserwantu z rzodkiewki (Leucidal), tworz\u0105c skuteczny duet ochrony przed bakteriami i ple\u015bniami w produktach kosmetycznych.<br data-start=\"840\" data-end=\"843\" \/>AMTicide\u00ae Coconut dzia\u0142a tak\u017ce nawil\u017caj\u0105co i kondycjonuj\u0105co, co sprawia, \u017ce jest idealnym sk\u0142adnikiem preparat\u00f3w do piel\u0119gnacji sk\u00f3ry i w\u0142os\u00f3w.<\/p>\n<p class=\"\" data-start=\"990\" data-end=\"1231\"><strong data-start=\"990\" data-end=\"1017\">Stosowanie i dozowanie:<\/strong><br data-start=\"1017\" data-end=\"1020\" \/>Zalecane st\u0119\u017cenie: do 2% w gotowym produkcie.<br data-start=\"1065\" data-end=\"1068\" \/>Pomimo \u017ce st\u0119\u017cenie to jest wy\u017csze ni\u017c w przypadku innych konserwant\u00f3w, AMTicide\u00ae Coconut jest produktem naturalnym, z dodatkowymi w\u0142a\u015bciwo\u015bciami piel\u0119gnacyjnymi.<\/p>\n<h3 data-start=\"1238\" data-end=\"1437\"><strong data-start=\"1238\" data-end=\"1256\">Opis dzia\u0142ania<\/strong><\/h3>\n<p class=\"\" data-start=\"1238\" data-end=\"1437\"><strong data-start=\"1259\" data-end=\"1275\">Konserwacja:<\/strong> Skutecznie hamuje rozw\u00f3j grzyb\u00f3w, ple\u015bni i dro\u017cd\u017cy<br data-start=\"1326\" data-end=\"1329\" \/><strong data-start=\"1329\" data-end=\"1345\">Piel\u0119gnacja:<\/strong> Dzia\u0142a nawil\u017caj\u0105co i kondycjonuj\u0105co, przyczyniaj\u0105c si\u0119 do poprawy kondycji sk\u00f3ry i w\u0142os\u00f3w<\/p>\n<p class=\"\" data-start=\"1444\" data-end=\"1615\"><strong data-start=\"1444\" data-end=\"1468\">Informacje dodatkowe<\/strong><br data-start=\"1468\" data-end=\"1471\" \/><strong data-start=\"1471\" data-end=\"1482\">Posta\u0107:<\/strong> Bezbarwny do lekko \u017c\u00f3\u0142tego p\u0142yn<br data-start=\"1514\" data-end=\"1517\" \/><strong data-start=\"1517\" data-end=\"1528\">Zapach:<\/strong> Delikatny, neutralny<br data-start=\"1549\" data-end=\"1552\" \/><strong data-start=\"1552\" data-end=\"1559\">pH:<\/strong> 3,0\u20138,0<br data-start=\"1567\" data-end=\"1570\" \/><strong data-start=\"1570\" data-end=\"1590\">Rozpuszczalno\u015b\u0107:<\/strong> Rozpuszczalny w wodzie<\/p>\n<h3 data-start=\"1622\" data-end=\"1745\"><strong data-start=\"1622\" data-end=\"1640\">Przechowywanie<\/strong><\/h3>\n<p class=\"\" data-start=\"1622\" data-end=\"1745\">Przechowywa\u0107 w szczelnie zamkni\u0119tych pojemnikach w temperaturze pokojowej. Przed u\u017cyciem wstrz\u0105sn\u0105\u0107.<\/p>\n<h3 data-start=\"1752\" data-end=\"1932\"><strong data-start=\"1752\" data-end=\"1767\">Ostrze\u017cenia<\/strong><\/h3>\n<p class=\"\" data-start=\"1752\" data-end=\"1932\">Nie zawiera szkodliwych substancji chemicznych zgodnie z dyrektyw\u0105 REACH.<br data-start=\"1843\" data-end=\"1846\" \/>Spe\u0142nia wymagania dyrektywy RoHS (ograniczenie stosowania niebezpiecznych substancji).<\/p>\n","protected":false},"excerpt":{"rendered":"<p>Surowiec dla przemys\u0142u (Raw material): AMTicide\u00ae Coconut \u2013 ekologiczny konserwantINCI: Lactobacillus\/Cocos Nucifera (Coconut) Ferment Certyfikaty: ECOCERTNie zawiera: GMO, etoksylowania, napromieniowania, sulfonowania, obr\u00f3bki tlenkiem etylenu, uwodorniania Zastosowanie AMTicide\u00ae Coconut jest naturalnym konserwantem pozyskiwanym w wyniku fermentacji owoc\u00f3w Cocos nucifera (kokos) z Lactobacillus.Jest to skuteczny, niepodra\u017cniaj\u0105cy produkt, kt\u00f3ry efektywnie zast\u0119puje parabeny w kosmetykach.AMTicide\u00ae Coconut skutecznie hamuje rozw\u00f3j [&hellip;]<\/p>\n","protected":false},"featured_media":2448,"comment_status":"open","ping_status":"closed","template":"","meta":[],"product_brand":[],"product_cat":[162,164,168,174,158],"product_tag":[],"class_list":{"0":"post-2449","1":"product","2":"type-product","3":"status-publish","4":"has-post-thumbnail","6":"product_cat-surowce-nawilzajace","7":"product_cat-twarz","8":"product_cat-wlosy","9":"product_cat-cialo","10":"product_cat-bazy","12":"first","13":"instock","14":"taxable","15":"shipping-taxable","16":"purchasable","17":"product-type-simple"},"_links":{"self":[{"href":"https:\/\/densilab.com\/pl\/wp-json\/wp\/v2\/product\/2449","targetHints":{"allow":["GET"]}}],"collection":[{"href":"https:\/\/densilab.com\/pl\/wp-json\/wp\/v2\/product"}],"about":[{"href":"https:\/\/densilab.com\/pl\/wp-json\/wp\/v2\/types\/product"}],"replies":[{"embeddable":true,"href":"https:\/\/densilab.com\/pl\/wp-json\/wp\/v2\/comments?post=2449"}],"wp:featuredmedia":[{"embeddable":true,"href":"https:\/\/densilab.com\/pl\/wp-json\/wp\/v2\/media\/2448"}],"wp:attachment":[{"href":"https:\/\/densilab.com\/pl\/wp-json\/wp\/v2\/media?parent=2449"}],"wp:term":[{"taxonomy":"product_brand","embeddable":true,"href":"https:\/\/densilab.com\/pl\/wp-json\/wp\/v2\/product_brand?post=2449"},{"taxonomy":"product_cat","embeddable":true,"href":"https:\/\/densilab.com\/pl\/wp-json\/wp\/v2\/product_cat?post=2449"},{"taxonomy":"product_tag","embeddable":true,"href":"https:\/\/densilab.com\/pl\/wp-json\/wp\/v2\/product_tag?post=2449"}],"curies":[{"name":"wp","href":"https:\/\/api.w.org\/{rel}","templated":true}]}}