{"id":2441,"date":"2025-04-16T10:37:24","date_gmt":"2025-04-16T10:37:24","guid":{"rendered":"https:\/\/densilab.com\/?post_type=product&#038;p=2441"},"modified":"2025-04-16T17:39:26","modified_gmt":"2025-04-16T17:39:26","slug":"eko-konserwant-z-rzodkiewki","status":"publish","type":"product","link":"https:\/\/densilab.com\/pl\/produkt\/eko-konserwant-z-rzodkiewki\/","title":{"rendered":"EKO-KONSERWANT Z RZODKIEWKI"},"content":{"rendered":"<p class=\"\" data-start=\"177\" data-end=\"463\"><strong data-start=\"177\" data-end=\"219\">Surowiec dla przemys\u0142u (Raw material):<\/strong> Leucidal\u00ae Liquid \u2013 konserwant ekologiczny<br data-start=\"261\" data-end=\"264\" \/><strong data-start=\"264\" data-end=\"273\">INCI:<\/strong> <em>Leuconostoc\/Radish Root Ferment Filtrate<\/em><br data-start=\"314\" data-end=\"317\" \/><strong data-start=\"317\" data-end=\"325\">CAS:<\/strong> 84775-94-0<br data-start=\"336\" data-end=\"339\" \/><strong data-start=\"339\" data-end=\"350\">EINECS:<\/strong> 283-918-6<br data-start=\"360\" data-end=\"363\" \/><strong data-start=\"363\" data-end=\"392\">Zgodno\u015b\u0107 z certyfikatami:<\/strong> ECOCERT, COSMOS, NATRUE<br data-start=\"416\" data-end=\"419\" \/><strong data-start=\"419\" data-end=\"435\">Nie zawiera:<\/strong> alkoholu, siarczan\u00f3w, GMO<\/p>\n<h3 class=\"\" data-start=\"470\" data-end=\"490\"><strong data-start=\"474\" data-end=\"490\">Zastosowanie<\/strong><\/h3>\n<p class=\"\" data-start=\"492\" data-end=\"744\">Leucidal\u00ae Liquid to naturalny konserwant pochodzenia ro\u015blinnego, oparty na antybakteryjnych peptydach powsta\u0142ych w procesie fermentacji rzodkwi. Jest delikatny dla sk\u00f3ry, a jednocze\u015bnie skutecznie zabezpiecza kosmetyki przed rozwojem mikroorganizm\u00f3w.<\/p>\n<p class=\"\" data-start=\"746\" data-end=\"908\">Mo\u017ce by\u0107 stosowany w:<br data-start=\"767\" data-end=\"770\" \/>\u2013 kremach do twarzy<br data-start=\"789\" data-end=\"792\" \/>\u2013 balsamach do cia\u0142a<br data-start=\"812\" data-end=\"815\" \/>\u2013 od\u017cywkach do w\u0142os\u00f3w<br data-start=\"836\" data-end=\"839\" \/>\u2013 kosmetykach z kwasami AHA\/BHA<br data-start=\"870\" data-end=\"873\" \/>\u2013 preparatach dla sk\u00f3ry wra\u017cliwej<\/p>\n<p class=\"\" data-start=\"910\" data-end=\"1131\"><strong data-start=\"910\" data-end=\"940\">Spos\u00f3b u\u017cycia i dozowanie:<\/strong><br data-start=\"940\" data-end=\"943\" \/>Dodawany na zimno, najlepiej w ko\u0144cowej fazie produkcji, w temperaturze poni\u017cej 70\u00b0C.<br data-start=\"1028\" data-end=\"1031\" \/>Zalecane st\u0119\u017cenie: <strong data-start=\"1050\" data-end=\"1058\">2\u20134%<\/strong><br data-start=\"1058\" data-end=\"1061\" \/>2% = 5 kropli na 10 g produktu<br data-start=\"1093\" data-end=\"1096\" \/>4% = 15 kropli na 30 g produktu<\/p>\n<h3 class=\"\" data-start=\"1138\" data-end=\"1180\"><strong data-start=\"1142\" data-end=\"1180\">Opis dzia\u0142ania (efekty stosowania)<\/strong><\/h3>\n<p class=\"\" data-start=\"1182\" data-end=\"1422\">Leucidal\u00ae Liquid skutecznie chroni kosmetyki przed bakteriami takimi jak:<br data-start=\"1255\" data-end=\"1258\" \/><em data-start=\"1258\" data-end=\"1281\">Staphylococcus aureus<\/em>, <em data-start=\"1283\" data-end=\"1301\">Escherichia coli<\/em>, <em data-start=\"1303\" data-end=\"1327\">Pseudomonas aeruginosa<\/em>,<br data-start=\"1328\" data-end=\"1331\" \/><em data-start=\"1331\" data-end=\"1349\">Candida albicans<\/em>, <em data-start=\"1351\" data-end=\"1370\">Aspergillus niger<\/em>, <em data-start=\"1372\" data-end=\"1395\">Klebsiella pneumoniae<\/em>, <em data-start=\"1397\" data-end=\"1419\">Burkholderia cepacia<\/em>.<\/p>\n<p class=\"\" data-start=\"1424\" data-end=\"1558\">Dzia\u0142a nie tylko konserwuj\u0105co, ale r\u00f3wnie\u017c piel\u0119gnuj\u0105co:<br data-start=\"1480\" data-end=\"1483\" \/>\u2013 wykazuje w\u0142a\u015bciwo\u015bci antyseptyczne<br data-start=\"1519\" data-end=\"1522\" \/>\u2013 zwi\u0119ksza poziom nawil\u017cenia sk\u00f3ry<\/p>\n<p class=\"\" data-start=\"1560\" data-end=\"1643\">To wyj\u0105tkowy konserwant \u0142\u0105cz\u0105cy ochron\u0119 mikrobiologiczn\u0105 z trosk\u0105 o kondycj\u0119 sk\u00f3ry.<\/p>\n<h3 class=\"\" data-start=\"1650\" data-end=\"1678\"><strong data-start=\"1654\" data-end=\"1678\">Informacje dodatkowe<\/strong><\/h3>\n<p class=\"\" data-start=\"1680\" data-end=\"1868\"><strong data-start=\"1680\" data-end=\"1691\">Posta\u0107:<\/strong> przezroczysty do lekko opalizuj\u0105cego, bezbarwny do jasno\u017c\u00f3\u0142tego p\u0142yn<br data-start=\"1760\" data-end=\"1763\" \/><strong data-start=\"1763\" data-end=\"1774\">Zapach:<\/strong> lekko kwa\u015bny, fermentacyjny<br data-start=\"1802\" data-end=\"1805\" \/><strong data-start=\"1805\" data-end=\"1812\">pH:<\/strong> 3,0\u20138,0<br data-start=\"1820\" data-end=\"1823\" \/><strong data-start=\"1823\" data-end=\"1843\">Rozpuszczalno\u015b\u0107:<\/strong> rozpuszczalny w wodzie<\/p>\n<h3 class=\"\" data-start=\"1875\" data-end=\"1897\"><strong data-start=\"1879\" data-end=\"1897\">Przechowywanie<\/strong><\/h3>\n<p class=\"\" data-start=\"1899\" data-end=\"2001\">Przechowywa\u0107 w szczelnie zamkni\u0119tych pojemnikach w temperaturze pokojowej.<br data-start=\"1973\" data-end=\"1976\" \/>Przed u\u017cyciem wstrz\u0105sn\u0105\u0107.<\/p>\n<h3 class=\"\" data-start=\"2008\" data-end=\"2027\"><strong data-start=\"2012\" data-end=\"2027\">Ostrze\u017cenia<\/strong><\/h3>\n<p class=\"\" data-start=\"2029\" data-end=\"2193\">Nie zawiera szkodliwych substancji chemicznych zgodnie z dyrektyw\u0105 REACH<br data-start=\"2103\" data-end=\"2106\" \/>Spe\u0142nia wymagania dyrektywy RoHS (ograniczenie stosowania niebezpiecznych substancji)<\/p>\n","protected":false},"excerpt":{"rendered":"<p>Surowiec dla przemys\u0142u (Raw material): Leucidal\u00ae Liquid \u2013 konserwant ekologicznyINCI: Leuconostoc\/Radish Root Ferment FiltrateCAS: 84775-94-0EINECS: 283-918-6Zgodno\u015b\u0107 z certyfikatami: ECOCERT, COSMOS, NATRUENie zawiera: alkoholu, siarczan\u00f3w, GMO Zastosowanie Leucidal\u00ae Liquid to naturalny konserwant pochodzenia ro\u015blinnego, oparty na antybakteryjnych peptydach powsta\u0142ych w procesie fermentacji rzodkwi. Jest delikatny dla sk\u00f3ry, a jednocze\u015bnie skutecznie zabezpiecza kosmetyki przed rozwojem mikroorganizm\u00f3w. Mo\u017ce [&hellip;]<\/p>\n","protected":false},"featured_media":2440,"comment_status":"open","ping_status":"closed","template":"","meta":[],"product_brand":[],"product_cat":[221,162,164,168,174,158],"product_tag":[],"class_list":{"0":"post-2441","1":"product","2":"type-product","3":"status-publish","4":"has-post-thumbnail","6":"product_cat-skladniki-aktywne","7":"product_cat-surowce-nawilzajace","8":"product_cat-twarz","9":"product_cat-wlosy","10":"product_cat-cialo","11":"product_cat-bazy","13":"first","14":"instock","15":"taxable","16":"shipping-taxable","17":"purchasable","18":"product-type-simple"},"_links":{"self":[{"href":"https:\/\/densilab.com\/pl\/wp-json\/wp\/v2\/product\/2441","targetHints":{"allow":["GET"]}}],"collection":[{"href":"https:\/\/densilab.com\/pl\/wp-json\/wp\/v2\/product"}],"about":[{"href":"https:\/\/densilab.com\/pl\/wp-json\/wp\/v2\/types\/product"}],"replies":[{"embeddable":true,"href":"https:\/\/densilab.com\/pl\/wp-json\/wp\/v2\/comments?post=2441"}],"wp:featuredmedia":[{"embeddable":true,"href":"https:\/\/densilab.com\/pl\/wp-json\/wp\/v2\/media\/2440"}],"wp:attachment":[{"href":"https:\/\/densilab.com\/pl\/wp-json\/wp\/v2\/media?parent=2441"}],"wp:term":[{"taxonomy":"product_brand","embeddable":true,"href":"https:\/\/densilab.com\/pl\/wp-json\/wp\/v2\/product_brand?post=2441"},{"taxonomy":"product_cat","embeddable":true,"href":"https:\/\/densilab.com\/pl\/wp-json\/wp\/v2\/product_cat?post=2441"},{"taxonomy":"product_tag","embeddable":true,"href":"https:\/\/densilab.com\/pl\/wp-json\/wp\/v2\/product_tag?post=2441"}],"curies":[{"name":"wp","href":"https:\/\/api.w.org\/{rel}","templated":true}]}}