{"id":2371,"date":"2025-04-11T11:13:35","date_gmt":"2025-04-11T11:13:35","guid":{"rendered":"https:\/\/densilab.com\/?post_type=product&#038;p=2371"},"modified":"2025-08-31T14:31:06","modified_gmt":"2025-08-31T14:31:06","slug":"plump-oleoactif-usta","status":"publish","type":"product","link":"https:\/\/densilab.com\/pl\/produkt\/plump-oleoactif-usta\/","title":{"rendered":"PLUMP Ol\u00e9oactif USTA"},"content":{"rendered":"<p class=\"\" data-start=\"44\" data-end=\"399\"><strong data-start=\"44\" data-end=\"100\">Surowiec dla przemys\u0142u kosmetycznego (Raw Material):<\/strong> PLUMP OLEOACTIF\u00ae<br data-start=\"117\" data-end=\"120\" \/><strong data-start=\"120\" data-end=\"129\">INCL:<\/strong> <em>Simmondsia Chinensis Seed Oil (and) Punica Granatum Flower Extract (and) Polyglyceryl-3 Diisostearate<\/em><br data-start=\"231\" data-end=\"234\" \/><strong data-start=\"234\" data-end=\"249\">INCI\/N\u00b0CAS:<\/strong><br data-start=\"249\" data-end=\"252\" \/>Simmondsia Chinensis Seed Oil \/ 90045-98-0<br data-start=\"294\" data-end=\"297\" \/>Punica Granatum Flower Extract \/ 84961-57-9<br data-start=\"340\" data-end=\"343\" \/>Polyglyceryl-3 Diisostearate \/ 66082-42-6 \/ 85666-92-8<\/p>\n<h3 data-start=\"401\" data-end=\"419\"><strong data-start=\"401\" data-end=\"417\">Zastosowanie<\/strong><\/h3>\n<p class=\"\" data-start=\"421\" data-end=\"849\">PLUMP Ol\u00e9oactif\u00ae to specjalistyczny sk\u0142adnik aktywny oparty na wyci\u0105gu z kwiat\u00f3w granatu w\u0142a\u015bciwego, dedykowany piel\u0119gnacji ust.<br data-start=\"549\" data-end=\"552\" \/>Produkt ma na celu nawil\u017cenie i zwi\u0119kszenie obj\u0119to\u015bci warg, nadaj\u0105c im pe\u0142niejszy, naturalny wygl\u0105d. Dodatkowo poprawia kontur ust i wzmacnia ich pow\u0142ok\u0119 hydrolipidow\u0105.<br data-start=\"720\" data-end=\"723\" \/>Testy in vivo i in vitro potwierdzaj\u0105 dzia\u0142anie produktu, polegaj\u0105ce na intensywnym nawil\u017caniu i zwi\u0119kszeniu obj\u0119to\u015bci warg.<\/p>\n<p class=\"\" data-start=\"851\" data-end=\"1044\">Jest to pierwszy preparat w naszej ofercie, kt\u00f3ry efektywnie poprawia wygl\u0105d ust, na jego bazie mo\u017cemy tworzy\u0107 kosmetyki do ust na bazie naturalnych olej\u00f3w ro\u015blinnych lub mase\u0142 kosmetycznych.<\/p>\n<p class=\"\" data-start=\"1046\" data-end=\"1208\"><strong>Formu\u0142a na najprostsze serum olejowe do ust<\/strong> to mieszanina PLUMP Ol\u00e9oactif\u00ae z olejem Jojoba (w st\u0119\u017ceniu 2-5%, czyli na 20 ml olejku dodajemy 0,4-1 ml preparatu).<\/p>\n<p class=\"\" data-start=\"1210\" data-end=\"1481\"><strong data-start=\"1210\" data-end=\"1224\">Dozowanie:<\/strong><br data-start=\"1224\" data-end=\"1227\" \/>Zalecane st\u0119\u017cenie preparatu w formu\u0142ach kosmetycznych to 2-5%. Na podstawie wewn\u0119trznych test\u00f3w producenta, mo\u017cna zwi\u0119kszy\u0107 st\u0119\u017cenie nawet do 30% w przypadku serum olejowego do ust, jednak st\u0119\u017cenia powy\u017cej 5% nale\u017cy stosowa\u0107 na w\u0142asn\u0105 odpowiedzialno\u015b\u0107.<\/p>\n<h3 data-start=\"1483\" data-end=\"1503\"><strong data-start=\"1483\" data-end=\"1501\">Opis dzia\u0142ania<\/strong><\/h3>\n<p class=\"\" data-start=\"1505\" data-end=\"1724\">PLUMP Ol\u00e9oactif\u00ae wykazuje silne w\u0142a\u015bciwo\u015bci nawil\u017caj\u0105ce i volumizuj\u0105ce (zwi\u0119kszaj\u0105ce obj\u0119to\u015b\u0107), co potwierdzaj\u0105 testy in vivo i in vitro. Nadaje ustom naturalny, pe\u0142niejszy wygl\u0105d, bez efektu ci\u0119\u017cko\u015bci czy opuchlizny.<\/p>\n<p class=\"\" data-start=\"1726\" data-end=\"2069\">Stosowanie preparatu przyczynia si\u0119 do:<br data-start=\"1765\" data-end=\"1768\" \/>\u2022 Zwi\u0119kszenia obj\u0119to\u015bci ust, dzi\u0119ki czemu staj\u0105 si\u0119 one pe\u0142niejsze, bez sztucznego efektu.<br data-start=\"1858\" data-end=\"1861\" \/>\u2022 Poprawy konturu ust, co sprawia, \u017ce s\u0105 one lepiej zdefiniowane i wyraziste.<br data-start=\"1938\" data-end=\"1941\" \/>\u2022 Wzmocnienia pow\u0142oki hydrolipidowej, co zapobiega nadmiernemu wysuszaniu sk\u00f3ry warg, zapewniaj\u0105c ich ochron\u0119 i g\u0142\u0119bszy kolor.<\/p>\n<p data-start=\"1726\" data-end=\"2069\"><img loading=\"lazy\" decoding=\"async\" class=\"alignnone wp-image-2530\" src=\"https:\/\/densilab.com\/wp-content\/uploads\/2025\/04\/plump-2-300x91.png\" alt=\"\" width=\"732\" height=\"222\" srcset=\"https:\/\/densilab.com\/wp-content\/uploads\/2025\/04\/plump-2-300x91.png 300w, https:\/\/densilab.com\/wp-content\/uploads\/2025\/04\/plump-2-768x233.png 768w, https:\/\/densilab.com\/wp-content\/uploads\/2025\/04\/plump-2-600x182.png 600w, https:\/\/densilab.com\/wp-content\/uploads\/2025\/04\/plump-2.png 851w\" sizes=\"auto, (max-width: 732px) 100vw, 732px\" \/><\/p>\n<h4 data-start=\"2071\" data-end=\"2097\"><strong data-start=\"2071\" data-end=\"2095\">Informacje dodatkowe<\/strong><\/h4>\n<p class=\"\" data-start=\"2099\" data-end=\"2446\">Produkt pochodzi od producenta Hallstar OLEOS. Firma specjalizuje si\u0119 w sk\u0142adnikach aktywnych opartych na naturalnych olejach ro\u015blinnych, co czyni PLUMP Ol\u00e9oactif\u00ae sk\u0142adnikiem odpowiednim dla os\u00f3b preferuj\u0105cych produkty naturalne i skuteczne.<br data-start=\"2341\" data-end=\"2344\" \/>Preparat jest nierozpuszczalny w wodzie, rozpuszczalny w olejach ro\u015blinnych i estrach kosmetycznych.<\/p>\n<p class=\"\" data-start=\"2448\" data-end=\"2583\"><strong data-start=\"2448\" data-end=\"2473\">Informacje chemiczne:<\/strong><br data-start=\"2473\" data-end=\"2476\" \/>\u2022 Wygl\u0105d: Jasno\u017c\u00f3\u0142ta do bursztynowej cieczy, oleista i jednorodna.<br data-start=\"2542\" data-end=\"2545\" \/>\u2022 Zapach: S\u0142odka, t\u0142usta, kwiecista.<\/p>\n<h3 data-start=\"2585\" data-end=\"2647\"><strong data-start=\"2585\" data-end=\"2604\">Przechowywanie<\/strong><\/h3>\n<p class=\"\" data-start=\"2585\" data-end=\"2647\">Przechowywa\u0107 w temperaturze pokojowej.<\/p>\n<h3 data-start=\"2649\" data-end=\"2711\"><strong data-start=\"2649\" data-end=\"2665\">Ostrze\u017cenia<\/strong><\/h3>\n<p class=\"\" data-start=\"2649\" data-end=\"2711\">Stosowa\u0107 si\u0119 do daty przydatno\u015bci produktu.<\/p>\n","protected":false},"excerpt":{"rendered":"<p>Surowiec dla przemys\u0142u kosmetycznego (Raw Material): PLUMP OLEOACTIF\u00aeINCL: Simmondsia Chinensis Seed Oil (and) Punica Granatum Flower Extract (and) Polyglyceryl-3 DiisostearateINCI\/N\u00b0CAS:Simmondsia Chinensis Seed Oil \/ 90045-98-0Punica Granatum Flower Extract \/ 84961-57-9Polyglyceryl-3 Diisostearate \/ 66082-42-6 \/ 85666-92-8 Zastosowanie PLUMP Ol\u00e9oactif\u00ae to specjalistyczny sk\u0142adnik aktywny oparty na wyci\u0105gu z kwiat\u00f3w granatu w\u0142a\u015bciwego, dedykowany piel\u0119gnacji ust.Produkt ma na celu [&hellip;]<\/p>\n","protected":false},"featured_media":2367,"comment_status":"open","ping_status":"closed","template":"","meta":[],"product_brand":[],"product_cat":[182,221,157,162,164],"product_tag":[],"class_list":{"0":"post-2371","1":"product","2":"type-product","3":"status-publish","4":"has-post-thumbnail","6":"product_cat-musisz-miec","7":"product_cat-skladniki-aktywne","8":"product_cat-surowce-anti-aging","9":"product_cat-surowce-nawilzajace","10":"product_cat-twarz","12":"first","13":"instock","14":"taxable","15":"shipping-taxable","16":"purchasable","17":"product-type-simple"},"_links":{"self":[{"href":"https:\/\/densilab.com\/pl\/wp-json\/wp\/v2\/product\/2371","targetHints":{"allow":["GET"]}}],"collection":[{"href":"https:\/\/densilab.com\/pl\/wp-json\/wp\/v2\/product"}],"about":[{"href":"https:\/\/densilab.com\/pl\/wp-json\/wp\/v2\/types\/product"}],"replies":[{"embeddable":true,"href":"https:\/\/densilab.com\/pl\/wp-json\/wp\/v2\/comments?post=2371"}],"wp:featuredmedia":[{"embeddable":true,"href":"https:\/\/densilab.com\/pl\/wp-json\/wp\/v2\/media\/2367"}],"wp:attachment":[{"href":"https:\/\/densilab.com\/pl\/wp-json\/wp\/v2\/media?parent=2371"}],"wp:term":[{"taxonomy":"product_brand","embeddable":true,"href":"https:\/\/densilab.com\/pl\/wp-json\/wp\/v2\/product_brand?post=2371"},{"taxonomy":"product_cat","embeddable":true,"href":"https:\/\/densilab.com\/pl\/wp-json\/wp\/v2\/product_cat?post=2371"},{"taxonomy":"product_tag","embeddable":true,"href":"https:\/\/densilab.com\/pl\/wp-json\/wp\/v2\/product_tag?post=2371"}],"curies":[{"name":"wp","href":"https:\/\/api.w.org\/{rel}","templated":true}]}}