{"id":2329,"date":"2025-04-08T13:40:12","date_gmt":"2025-04-08T13:40:12","guid":{"rendered":"https:\/\/densilab.com\/?post_type=product&#038;p=2329"},"modified":"2025-08-31T09:51:54","modified_gmt":"2025-08-31T09:51:54","slug":"olej-konopny-nierafinowany-cbd","status":"publish","type":"product","link":"https:\/\/densilab.com\/pl\/produkt\/olej-konopny-nierafinowany-cbd\/","title":{"rendered":"OLEJ KONOPNY NIERAFINOWANY (CBD)"},"content":{"rendered":"<p class=\"\" data-start=\"109\" data-end=\"194\"><strong data-start=\"109\" data-end=\"159\">METRYKA PRODUKTU \u2013 Olej Konopny \/ Hemp Oil, CP<\/strong><br data-start=\"159\" data-end=\"162\" \/><strong data-start=\"162\" data-end=\"177\">Certyfikat:<\/strong> Soil Association<\/p>\n<p class=\"\" data-start=\"196\" data-end=\"318\"><strong data-start=\"196\" data-end=\"205\">INCI:<\/strong> <em data-start=\"206\" data-end=\"223\">Cannabis Sativa<\/em> Seed Oil<br data-start=\"232\" data-end=\"235\" \/><strong data-start=\"235\" data-end=\"243\">CAS:<\/strong> 89958-21-4<br data-start=\"254\" data-end=\"257\" \/><strong data-start=\"257\" data-end=\"268\">EINECS:<\/strong> 289-644-3<br data-start=\"278\" data-end=\"281\" \/><strong data-start=\"281\" data-end=\"302\">Kraj pochodzenia:<\/strong> Wielka Brytania<\/p>\n<h3 class=\"\" data-start=\"325\" data-end=\"345\"><strong data-start=\"329\" data-end=\"345\">Zastosowanie<\/strong><\/h3>\n<p class=\"\" data-start=\"347\" data-end=\"594\">Nierafinowany olej konopny t\u0142oczony na zimno (wy\u0142\u0105cznie z nasion), przeznaczony jest do zastosowa\u0144 kosmetycznych. Szczeg\u00f3lnie polecany do piel\u0119gnacji sk\u00f3ry t\u0142ustej, tr\u0105dzikowej, ale sprawdzi si\u0119 znakomicie tak\u017ce przy piel\u0119gnacji sk\u00f3ry dojrza\u0142ej.<\/p>\n<p class=\"\" data-start=\"596\" data-end=\"820\">Dzi\u0119ki pozyskiwaniu surowca bez rafinacji, olej zachowuje ca\u0142e bogactwo witamin, kwas\u00f3w i sk\u0142adnik\u00f3w mineralnych:<br data-start=\"709\" data-end=\"712\" \/>\u2022 Witaminy: K, E, B<br data-start=\"731\" data-end=\"734\" \/>\u2022 Kwasy omega 3, 6, 9<br data-start=\"755\" data-end=\"758\" \/>\u2022 Fitosterole<br data-start=\"771\" data-end=\"774\" \/>\u2022 Kwasy stearydonowe<br data-start=\"794\" data-end=\"797\" \/>\u2022 Sk\u0142adniki mineralne<\/p>\n<p class=\"\" data-start=\"822\" data-end=\"1037\">Zielony kolor i charakterystyczny, naturalny zapach \u015bwiadcz\u0105 o jego wysokiej jako\u015bci i niskim stopniu przetworzenia.<br data-start=\"938\" data-end=\"941\" \/>Nie zawiera \u017cadnych substancji psychoaktywnych \u2013 surowiec pozyskiwany wy\u0142\u0105cznie z nasion konopi.<\/p>\n<h4 data-start=\"1044\" data-end=\"1065\"><strong data-start=\"1048\" data-end=\"1065\">Jak stosowa\u0107?<\/strong><\/h4>\n<p class=\"\" data-start=\"1067\" data-end=\"1399\">\u2022 jako dodatek do krem\u00f3w i serum do cery tr\u0105dzikowej<br data-start=\"1119\" data-end=\"1122\" \/>\u2022 bezpo\u015brednio lub w po\u0142\u0105czeniu z innym olejem \u2013 jako olejek i balsam do sk\u00f3ry dojrza\u0142ej<br data-start=\"1210\" data-end=\"1213\" \/>\u2022 jako dodatek do formu\u0142 regeneruj\u0105cych, rewitalizuj\u0105cych, uj\u0119drniaj\u0105cych (maseczki, serum, balsamy)<br data-start=\"1313\" data-end=\"1316\" \/>\u2022 jako produkt \u0142agodz\u0105cy do sk\u00f3ry problematycznej (punktowo na podra\u017cnione miejsca)<\/p>\n<h4 data-start=\"1406\" data-end=\"1423\"><strong data-start=\"1410\" data-end=\"1423\">Dozowanie<\/strong><\/h4>\n<p class=\"\" data-start=\"1425\" data-end=\"1497\"><strong data-start=\"1425\" data-end=\"1447\">Zalecane st\u0119\u017cenie:<\/strong> 5\u2013100%<br data-start=\"1454\" data-end=\"1457\" \/><em data-start=\"1457\" data-end=\"1497\">(mo\u017cna stosowa\u0107 bezpo\u015brednio na sk\u00f3r\u0119)<\/em><\/p>\n<h4 data-start=\"1504\" data-end=\"1534\"><strong data-start=\"1508\" data-end=\"1534\">Wskaz\u00f3wki formulacyjne<\/strong><\/h4>\n<p class=\"\" data-start=\"1536\" data-end=\"1727\">\u2022 Dodawa\u0107 w fazie olejowej, w jak najni\u017cszej temperaturze \u2013 <strong data-start=\"1596\" data-end=\"1612\">poni\u017cej 40\u00b0C<\/strong><br data-start=\"1612\" data-end=\"1615\" \/>\u2022 Niska odporno\u015b\u0107 na wysokie temperatury \u2013 wymaga ostro\u017cnego podej\u015bcia w procesie produkcji kosmetyk\u00f3w na ciep\u0142o<\/p>\n<h3 class=\"\" data-start=\"1734\" data-end=\"1756\"><strong data-start=\"1738\" data-end=\"1756\">Opis dzia\u0142ania<\/strong><\/h3>\n<p class=\"\" data-start=\"1758\" data-end=\"2179\">Olej konopny:<br data-start=\"1771\" data-end=\"1774\" \/>\u2022 Reguluje wydzielanie sebum i stabilizuje prac\u0119 gruczo\u0142\u00f3w \u0142ojowych<br data-start=\"1841\" data-end=\"1844\" \/>\u2022 Wspomaga naturalne procesy regeneracji sk\u00f3ry, szczeg\u00f3lnie nask\u00f3rka<br data-start=\"1912\" data-end=\"1915\" \/>\u2022 Chroni sk\u00f3r\u0119 przed negatywnym wp\u0142ywem czynnik\u00f3w \u015brodowiskowych<br data-start=\"1979\" data-end=\"1982\" \/>\u2022 Poprawia metabolizm kom\u00f3rkowy sk\u00f3ry, op\u00f3\u017aniaj\u0105c oznaki starzenia<br data-start=\"2048\" data-end=\"2051\" \/>\u2022 Dzia\u0142a koj\u0105co i \u0142agodz\u0105co, szczeg\u00f3lnie przy \u0142uszczycy i \u015bwi\u0105dzie<br data-start=\"2117\" data-end=\"2120\" \/>\u2022 Uelastycznia, zmi\u0119kcza i poprawia og\u00f3ln\u0105 kondycj\u0119 sk\u00f3ry<\/p>\n<h3 class=\"\" data-start=\"2186\" data-end=\"2208\"><strong data-start=\"2190\" data-end=\"2208\">Przechowywanie<\/strong><\/h3>\n<p class=\"\" data-start=\"2210\" data-end=\"2325\">\u2022 <strong data-start=\"2212\" data-end=\"2222\">Latem:<\/strong> w lod\u00f3wce<br data-start=\"2232\" data-end=\"2235\" \/>\u2022 <strong data-start=\"2237\" data-end=\"2261\">Poza sezonem letnim:<\/strong> w ch\u0142odnym pomieszczeniu<br data-start=\"2286\" data-end=\"2289\" \/>\u2022 <strong data-start=\"2291\" data-end=\"2317\">Optymalna temperatura:<\/strong> 10\u201315\u00b0C<\/p>\n<h3 class=\"\" data-start=\"2332\" data-end=\"2351\"><strong data-start=\"2336\" data-end=\"2351\">Ostrze\u017cenia<\/strong><\/h3>\n<p class=\"\" data-start=\"2353\" data-end=\"2415\">W temperaturze <strong data-start=\"2368\" data-end=\"2384\">powy\u017cej 40\u00b0C<\/strong> mo\u017ce traci\u0107 swoje w\u0142a\u015bciwo\u015bci.<\/p>\n","protected":false},"excerpt":{"rendered":"<p>METRYKA PRODUKTU \u2013 Olej Konopny \/ Hemp Oil, CPCertyfikat: Soil Association INCI: Cannabis Sativa Seed OilCAS: 89958-21-4EINECS: 289-644-3Kraj pochodzenia: Wielka Brytania Zastosowanie Nierafinowany olej konopny t\u0142oczony na zimno (wy\u0142\u0105cznie z nasion), przeznaczony jest do zastosowa\u0144 kosmetycznych. Szczeg\u00f3lnie polecany do piel\u0119gnacji sk\u00f3ry t\u0142ustej, tr\u0105dzikowej, ale sprawdzi si\u0119 znakomicie tak\u017ce przy piel\u0119gnacji sk\u00f3ry dojrza\u0142ej. Dzi\u0119ki pozyskiwaniu surowca [&hellip;]<\/p>\n","protected":false},"featured_media":2326,"comment_status":"open","ping_status":"closed","template":"","meta":[],"product_brand":[],"product_cat":[157,162,163,164,168,174,173],"product_tag":[],"class_list":{"0":"post-2329","1":"product","2":"type-product","3":"status-publish","4":"has-post-thumbnail","6":"product_cat-surowce-anti-aging","7":"product_cat-surowce-nawilzajace","8":"product_cat-cera-naczynkowa-tradzik-preparaty-antycellulitowe","9":"product_cat-twarz","10":"product_cat-wlosy","11":"product_cat-cialo","12":"product_cat-oleje-skwalany-masla-kosmetyczne-i-maceraty","14":"first","15":"instock","16":"taxable","17":"shipping-taxable","18":"purchasable","19":"product-type-simple"},"_links":{"self":[{"href":"https:\/\/densilab.com\/pl\/wp-json\/wp\/v2\/product\/2329","targetHints":{"allow":["GET"]}}],"collection":[{"href":"https:\/\/densilab.com\/pl\/wp-json\/wp\/v2\/product"}],"about":[{"href":"https:\/\/densilab.com\/pl\/wp-json\/wp\/v2\/types\/product"}],"replies":[{"embeddable":true,"href":"https:\/\/densilab.com\/pl\/wp-json\/wp\/v2\/comments?post=2329"}],"wp:featuredmedia":[{"embeddable":true,"href":"https:\/\/densilab.com\/pl\/wp-json\/wp\/v2\/media\/2326"}],"wp:attachment":[{"href":"https:\/\/densilab.com\/pl\/wp-json\/wp\/v2\/media?parent=2329"}],"wp:term":[{"taxonomy":"product_brand","embeddable":true,"href":"https:\/\/densilab.com\/pl\/wp-json\/wp\/v2\/product_brand?post=2329"},{"taxonomy":"product_cat","embeddable":true,"href":"https:\/\/densilab.com\/pl\/wp-json\/wp\/v2\/product_cat?post=2329"},{"taxonomy":"product_tag","embeddable":true,"href":"https:\/\/densilab.com\/pl\/wp-json\/wp\/v2\/product_tag?post=2329"}],"curies":[{"name":"wp","href":"https:\/\/api.w.org\/{rel}","templated":true}]}}