{"id":2260,"date":"2025-03-19T14:57:23","date_gmt":"2025-03-19T14:57:23","guid":{"rendered":"https:\/\/densilab.com\/?post_type=product&#038;p=2260"},"modified":"2025-03-19T15:04:39","modified_gmt":"2025-03-19T15:04:39","slug":"olej-z-opuncji-figowej","status":"publish","type":"product","link":"https:\/\/densilab.com\/pl\/produkt\/olej-z-opuncji-figowej\/","title":{"rendered":"OLEJ Z OPUNCJI FIGOWEJ"},"content":{"rendered":"<p data-pm-slice=\"1 1 []\"><strong>Surowiec dla przemys\u0142u:<\/strong> Olej z Pestek Opuncji Figowej \/ PRICKLY PEAR SEED OIL REFINED<\/p>\n<p><strong>INCI:<\/strong> <em>Opuntia Ficus-Indica Seed Oil<\/em><br \/>\n<strong>CAS:<\/strong> 90082-21-6<br \/>\n<strong>EINECS:<\/strong> 290-109-1<\/p>\n<h4><strong>Zastosowanie<\/strong><\/h4>\n<p>Olej z pestek opuncji figowej pozyskiwany jest z pestek owoc\u00f3w opuncji (Opuntia ficus-indica). Jest rafinowany i posiada silne w\u0142a\u015bciwo\u015bci przeciwstarzeniowe, nawil\u017caj\u0105ce oraz chroni\u0105ce sk\u00f3r\u0119 przed fotostarzeniem.<br \/>\nOlej pochodzi z upraw w Maroku, nie jest rozcie\u0144czany ani wzbogacany \u017cadnymi dodatkowymi sk\u0142adnikami.<\/p>\n<p>Zawiera du\u017ce ilo\u015bci witaminy E oraz kwasy Omega-6, dzi\u0119ki czemu stanowi doskona\u0142\u0105 baz\u0119 lub dodatek do kosmetyk\u00f3w (krem\u00f3w, masek, balsam\u00f3w) przeznaczonych do piel\u0119gnacji sk\u00f3ry dojrza\u0142ej lub wymagaj\u0105cej regeneracji.<br \/>\nDoskonale sprawdza si\u0119 r\u00f3wnie\u017c w piel\u0119gnacji delikatnych okolic oczu, ust i dekoltu.<br \/>\nStosowany jest tak\u017ce w piel\u0119gnacji w\u0142os\u00f3w i paznokci.<\/p>\n<p><strong>Zalecane st\u0119\u017cenie w formu\u0142ach kosmetycznych:<\/strong> 5-99%.<\/p>\n<h4><strong>Opis dzia\u0142ania<\/strong><\/h4>\n<p>Olej z pestek opuncji figowej intensywnie nawil\u017ca sk\u00f3r\u0119 i skutecznie redukuje zmarszczki. Ju\u017c po pierwszym u\u017cyciu mo\u017cna odczu\u0107 efekt napi\u0119cia sk\u00f3ry.<br \/>\nDzi\u0119ki wysokiej zawarto\u015bci steroli skutecznie zapobiega utracie wody.<br \/>\nPrzeciwdzia\u0142a cellulitowi i skutecznie redukuje rozst\u0119py.<br \/>\nPosiada r\u00f3wnie\u017c w\u0142a\u015bciwo\u015bci przeciwzapalne, tonizuj\u0105ce oraz wspomaga regeneracj\u0119 i gojenie si\u0119 nask\u00f3rka.<\/p>\n<p>Unikaln\u0105 cech\u0105 oleju z pestek opuncji figowej jest jego zdolno\u015b\u0107 do wzmacniania uk\u0142adu odporno\u015bciowego sk\u00f3ry (immunostymulacja).<br \/>\nDzi\u0119ki wysokiej zawarto\u015bci substancji aktywuj\u0105cych bia\u0142ka HSP, fitosteroli oraz cynku, olej pobudza naturalne procesy naprawcze sk\u00f3ry. Sprawia, \u017ce staje si\u0119 ona bardziej odporna na czynniki zewn\u0119trzne, mniej podatna na podra\u017cnienia i stany zapalne.<\/p>\n<p><strong>Podsumowanie:<\/strong><\/p>\n<p>\u2022 Poprawia kondycj\u0119 sk\u00f3ry, redukuje blizny i rozst\u0119py,<br \/>\n\u2022 Zmniejsza objawy tr\u0105dziku r\u00f3\u017cowatego,<br \/>\n\u2022 Pomaga zwalcza\u0107 sucho\u015b\u0107 i \u0142uszczenie si\u0119 sk\u00f3ry,<br \/>\n\u2022 Regeneruje paznokcie i zapobiega ich \u0142amliwo\u015bci,<br \/>\n\u2022 Skutecznie usuwa przebarwienia, w tym plamy starcze wok\u00f3\u0142 ust, oczu i na d\u0142oniach,<br \/>\n\u2022 Redukuje cienie i worki pod oczami, wyg\u0142adza zmarszczki wok\u00f3\u0142 ust i oczu,<br \/>\n\u2022 Przenika do g\u0142\u0119bszych warstw sk\u00f3ry, stymuluj\u0105c produkcj\u0119 kolagenu,<br \/>\n\u2022 \u0141agodzi podra\u017cnienia i zaczerwienienia,<br \/>\n\u2022 Ma wyj\u0105tkowe w\u0142a\u015bciwo\u015bci regeneruj\u0105ce \u2013 zmi\u0119kcza sk\u00f3r\u0119, uj\u0119drnia j\u0105, odblokowuje i dok\u0142adnie oczyszcza pory.<\/p>\n<h4><strong>Przechowywanie<\/strong><\/h4>\n<p>Przechowywa\u0107 w temperaturze pokojowej.<\/p>\n<h4><strong>Ostrze\u017cenia<\/strong><\/h4>\n<p>Przestrzega\u0107 daty przydatno\u015bci podanej na opakowaniu.<\/p>\n<p>&nbsp;<\/p>\n","protected":false},"excerpt":{"rendered":"<p>Surowiec dla przemys\u0142u: Olej z Pestek Opuncji Figowej \/ PRICKLY PEAR SEED OIL REFINED INCI: Opuntia Ficus-Indica Seed Oil CAS: 90082-21-6 EINECS: 290-109-1 Zastosowanie Olej z pestek opuncji figowej pozyskiwany jest z pestek owoc\u00f3w opuncji (Opuntia ficus-indica). Jest rafinowany i posiada silne w\u0142a\u015bciwo\u015bci przeciwstarzeniowe, nawil\u017caj\u0105ce oraz chroni\u0105ce sk\u00f3r\u0119 przed fotostarzeniem. Olej pochodzi z upraw w [&hellip;]<\/p>\n","protected":false},"featured_media":2257,"comment_status":"open","ping_status":"closed","template":"","meta":[],"product_brand":[],"product_cat":[157,162,163,164,168,174,173],"product_tag":[],"class_list":{"0":"post-2260","1":"product","2":"type-product","3":"status-publish","4":"has-post-thumbnail","6":"product_cat-surowce-anti-aging","7":"product_cat-surowce-nawilzajace","8":"product_cat-cera-naczynkowa-tradzik-preparaty-antycellulitowe","9":"product_cat-twarz","10":"product_cat-wlosy","11":"product_cat-cialo","12":"product_cat-oleje-skwalany-masla-kosmetyczne-i-maceraty","14":"first","15":"instock","16":"taxable","17":"shipping-taxable","18":"purchasable","19":"product-type-simple"},"_links":{"self":[{"href":"https:\/\/densilab.com\/pl\/wp-json\/wp\/v2\/product\/2260","targetHints":{"allow":["GET"]}}],"collection":[{"href":"https:\/\/densilab.com\/pl\/wp-json\/wp\/v2\/product"}],"about":[{"href":"https:\/\/densilab.com\/pl\/wp-json\/wp\/v2\/types\/product"}],"replies":[{"embeddable":true,"href":"https:\/\/densilab.com\/pl\/wp-json\/wp\/v2\/comments?post=2260"}],"wp:featuredmedia":[{"embeddable":true,"href":"https:\/\/densilab.com\/pl\/wp-json\/wp\/v2\/media\/2257"}],"wp:attachment":[{"href":"https:\/\/densilab.com\/pl\/wp-json\/wp\/v2\/media?parent=2260"}],"wp:term":[{"taxonomy":"product_brand","embeddable":true,"href":"https:\/\/densilab.com\/pl\/wp-json\/wp\/v2\/product_brand?post=2260"},{"taxonomy":"product_cat","embeddable":true,"href":"https:\/\/densilab.com\/pl\/wp-json\/wp\/v2\/product_cat?post=2260"},{"taxonomy":"product_tag","embeddable":true,"href":"https:\/\/densilab.com\/pl\/wp-json\/wp\/v2\/product_tag?post=2260"}],"curies":[{"name":"wp","href":"https:\/\/api.w.org\/{rel}","templated":true}]}}