{"id":2195,"date":"2025-03-13T10:22:26","date_gmt":"2025-03-13T10:22:26","guid":{"rendered":"https:\/\/densilab.com\/?post_type=product&#038;p=2195"},"modified":"2025-03-13T10:28:38","modified_gmt":"2025-03-13T10:28:38","slug":"olej-laurowy-bio","status":"publish","type":"product","link":"https:\/\/densilab.com\/pl\/produkt\/olej-laurowy-bio\/","title":{"rendered":"OLEJ LAUROWY BIO"},"content":{"rendered":"<p data-start=\"28\" data-end=\"140\"><strong data-start=\"28\" data-end=\"70\">Surowiec dla przemys\u0142u (Raw Material):<\/strong> Olej Laurowy<br data-start=\"83\" data-end=\"86\" \/><strong data-start=\"86\" data-end=\"95\">INCL:<\/strong> <em>Laurus Nobilis Fruit Oil<\/em><br data-start=\"120\" data-end=\"123\" \/><strong data-start=\"123\" data-end=\"140\">CAS <\/strong>8007-48-5<\/p>\n<h4 data-start=\"142\" data-end=\"158\"><strong data-start=\"142\" data-end=\"158\">Zastosowanie<\/strong><\/h4>\n<p data-start=\"160\" data-end=\"400\">100% Olej Laurowy. Zawiera 3,1% olejk\u00f3w eterycznych, zawarto\u015b\u0107 wody poni\u017cej 0,3%. Olej cechuje si\u0119 stosunkowo silnym, charakterystycznym zapachem wawrzynu.<br data-start=\"315\" data-end=\"318\" \/>Olej wyprodukowano w Wielkiej Brytanii z surowca pochodz\u0105cego z Bliskiego Wschodu.<\/p>\n<p data-start=\"402\" data-end=\"598\">Olej laurowy nale\u017cy do grupy olej\u00f3w silnie aktywnych, dlatego zaleca si\u0119 jego stosowanie wy\u0142\u0105cznie w kosmetycznych formu\u0142ach (nawet w najprostszych, takich jak mieszanie z innym olejem bazowym).<\/p>\n<p data-start=\"600\" data-end=\"942\"><strong data-start=\"600\" data-end=\"610\">Sk\u00f3ra:<\/strong><br data-start=\"610\" data-end=\"613\" \/>Olej ten znajduje zastosowanie we wszelkiego rodzaju kosmetykach do sk\u00f3ry \u2013 kremach do twarzy, maseczkach (np. przeciwtr\u0105dzikowych), balsamach do cia\u0142a i kremach do r\u0105k.<br data-start=\"782\" data-end=\"785\" \/>Jest doskona\u0142ym sk\u0142adnikiem kosmetyk\u00f3w dla cery zniszczonej, suchej, wra\u017cliwej i sk\u0142onnej do wyprysk\u00f3w.<br data-start=\"888\" data-end=\"891\" \/>Zalecane st\u0119\u017cenie w formu\u0142ach kosmetycznych: 5-90%.<\/p>\n<p data-start=\"944\" data-end=\"1289\"><strong data-start=\"944\" data-end=\"966\">W\u0142osy i paznokcie:<\/strong><br data-start=\"966\" data-end=\"969\" \/>Zmieszany z innym olejem lub od\u017cywk\u0105 do w\u0142os\u00f3w stanowi doskona\u0142e serum wzmacniaj\u0105ce cebulki w\u0142osowe i eliminuj\u0105ce \u0142upie\u017c.<br data-start=\"1090\" data-end=\"1093\" \/>W przypadku stosowania na w\u0142osy mo\u017cna go zmiesza\u0107 z olejem ze s\u0142odkich migda\u0142\u00f3w, makadamia lub nasz\u0105 organiczn\u0105 baz\u0105 od\u017cywki do w\u0142os\u00f3w (zalecane st\u0119\u017cenie 1:1) i wmasowa\u0107 w sk\u00f3r\u0119 g\u0142owy na 15 minut.<\/p>\n<h4 data-start=\"1291\" data-end=\"1309\"><strong data-start=\"1291\" data-end=\"1309\">Opis dzia\u0142ania<\/strong><\/h4>\n<p data-start=\"1311\" data-end=\"1881\">Olej laurowy znany jest od setek, je\u015bli nie tysi\u0119cy lat, ze swoich w\u0142a\u015bciwo\u015bci antyseptycznych, bakteriob\u00f3jczych i przeciwzapalnych. Zyska\u0142 popularno\u015b\u0107 jako skuteczny \u015brodek w walce z tr\u0105dzikiem, \u0142upie\u017cem, a tak\u017ce jako preparat przynosz\u0105cy ulg\u0119 przy schorzeniach reumatycznych.<br data-start=\"1588\" data-end=\"1591\" \/>Dzi\u0119ki wysokiej zawarto\u015bci chlorofilu wspomaga gojenie ran i stan\u00f3w zapalnych sk\u00f3ry.<br data-start=\"1675\" data-end=\"1678\" \/>Dzi\u0119ki zawarto\u015bci olejk\u00f3w eterycznych (3,1% masy) jest doskona\u0142ym \u015brodkiem antygrzybicznym.<br data-start=\"1769\" data-end=\"1772\" \/>Dodatkowo jest doskona\u0142ym \u015brodkiem ochronnym dla naszej sk\u00f3ry \u2013 odnawia ochronny p\u0142aszcz hydrolipidowy sk\u00f3ry.<\/p>\n<p data-start=\"1883\" data-end=\"2013\">Olej laurowy zawiera pentolin\u0119, kt\u00f3ra pobudza prac\u0119 mieszk\u00f3w w\u0142osowych, stymuluj\u0105c porost w\u0142os\u00f3w i przeciwdzia\u0142aj\u0105c ich wypadaniu.<\/p>\n<h4 data-start=\"2015\" data-end=\"2247\"><strong data-start=\"2015\" data-end=\"2038\">Opis przechowywania<\/strong><\/h4>\n<p data-start=\"2015\" data-end=\"2247\">Chroni\u0107 przed ekspozycj\u0105 na \u015bwiat\u0142o s\u0142oneczne.<br data-start=\"2087\" data-end=\"2090\" \/>Je\u017celi olej stanie si\u0119 sta\u0142y (co jest normalne w ni\u017cszych temperaturach), wystarczy delikatnie go podgrza\u0107 przed u\u017cyciem (w\u0142o\u017cy\u0107 buteleczk\u0119 do ciep\u0142ej wody).<\/p>\n<h4 data-start=\"2249\" data-end=\"2320\"><strong data-start=\"2249\" data-end=\"2264\">Ostrze\u017cenia<\/strong><\/h4>\n<p data-start=\"2249\" data-end=\"2320\" data-is-last-node=\"\" data-is-only-node=\"\">Przestrzega\u0107 terminu wa\u017cno\u015bci podanego na opakowaniu.<\/p>\n","protected":false},"excerpt":{"rendered":"<p>Surowiec dla przemys\u0142u (Raw Material): Olej LaurowyINCL: Laurus Nobilis Fruit OilCAS 8007-48-5 Zastosowanie 100% Olej Laurowy. Zawiera 3,1% olejk\u00f3w eterycznych, zawarto\u015b\u0107 wody poni\u017cej 0,3%. Olej cechuje si\u0119 stosunkowo silnym, charakterystycznym zapachem wawrzynu.Olej wyprodukowano w Wielkiej Brytanii z surowca pochodz\u0105cego z Bliskiego Wschodu. Olej laurowy nale\u017cy do grupy olej\u00f3w silnie aktywnych, dlatego zaleca si\u0119 jego stosowanie [&hellip;]<\/p>\n","protected":false},"featured_media":2192,"comment_status":"open","ping_status":"closed","template":"","meta":[],"product_brand":[],"product_cat":[162,163,164,168,174,173],"product_tag":[],"class_list":{"0":"post-2195","1":"product","2":"type-product","3":"status-publish","4":"has-post-thumbnail","6":"product_cat-surowce-nawilzajace","7":"product_cat-cera-naczynkowa-tradzik-preparaty-antycellulitowe","8":"product_cat-twarz","9":"product_cat-wlosy","10":"product_cat-cialo","11":"product_cat-oleje-skwalany-masla-kosmetyczne-i-maceraty","13":"first","14":"instock","15":"taxable","16":"shipping-taxable","17":"purchasable","18":"product-type-simple"},"_links":{"self":[{"href":"https:\/\/densilab.com\/pl\/wp-json\/wp\/v2\/product\/2195","targetHints":{"allow":["GET"]}}],"collection":[{"href":"https:\/\/densilab.com\/pl\/wp-json\/wp\/v2\/product"}],"about":[{"href":"https:\/\/densilab.com\/pl\/wp-json\/wp\/v2\/types\/product"}],"replies":[{"embeddable":true,"href":"https:\/\/densilab.com\/pl\/wp-json\/wp\/v2\/comments?post=2195"}],"wp:featuredmedia":[{"embeddable":true,"href":"https:\/\/densilab.com\/pl\/wp-json\/wp\/v2\/media\/2192"}],"wp:attachment":[{"href":"https:\/\/densilab.com\/pl\/wp-json\/wp\/v2\/media?parent=2195"}],"wp:term":[{"taxonomy":"product_brand","embeddable":true,"href":"https:\/\/densilab.com\/pl\/wp-json\/wp\/v2\/product_brand?post=2195"},{"taxonomy":"product_cat","embeddable":true,"href":"https:\/\/densilab.com\/pl\/wp-json\/wp\/v2\/product_cat?post=2195"},{"taxonomy":"product_tag","embeddable":true,"href":"https:\/\/densilab.com\/pl\/wp-json\/wp\/v2\/product_tag?post=2195"}],"curies":[{"name":"wp","href":"https:\/\/api.w.org\/{rel}","templated":true}]}}