{"id":2138,"date":"2025-03-09T12:37:21","date_gmt":"2025-03-09T12:37:21","guid":{"rendered":"https:\/\/densilab.com\/?post_type=product&#038;p=2138"},"modified":"2025-10-18T08:44:00","modified_gmt":"2025-10-18T08:44:00","slug":"clear-oleoactif-tradzik","status":"publish","type":"product","link":"https:\/\/densilab.com\/pl\/produkt\/clear-oleoactif-tradzik\/","title":{"rendered":"CLEAR-OLEOACTIF - TR\u0104DZIK!"},"content":{"rendered":"<p data-start=\"0\" data-end=\"179\"><strong>CLEAR Oleoactif<\/strong> - Surowiec kosmetyczny<br data-start=\"73\" data-end=\"76\" \/><strong>INCL:<\/strong> <em>Olej z nasion Camelina sativa, Wyci\u0105g z kwiat\u00f3w, li\u015bci i \u0142odyg Thymus Vulgaris<\/em><br data-start=\"160\" data-end=\"163\" \/><strong>CAS<\/strong> 84929-51-1<\/p>\n<h3 data-start=\"181\" data-end=\"542\"><strong data-start=\"181\" data-end=\"197\">Zastosowanie<\/strong><\/h3>\n<p data-start=\"181\" data-end=\"542\">Sk\u0142adnik aktywny specjalnie zaprojektowany dla cery tr\u0105dzikowej, oparty na wyci\u0105gu z tymianku. <strong>To inteligentny sk\u0142adnik, kt\u00f3ry dzia\u0142a na przyczyny tr\u0105dziku, a nie tylko na jego objawy<\/strong>.<br data-start=\"294\" data-end=\"297\" \/>Produkt uzyskiwany jest w procesie destylacji par\u0105 wodn\u0105 i rozpuszczany w oleju lnianym. Jest ca\u0142kowicie ekologicznie zaprojektowany, ro\u015blinny, posiada certyfikat COSMOS i pochodzi w 100% z Francji, z udowodnion\u0105 skuteczno\u015bci\u0105 ju\u017c od dawki 1%.<\/p>\n<p data-start=\"544\" data-end=\"968\">Jest to produkt specjalistyczny, stworzony do walki z niedoskona\u0142o\u015bciami sk\u00f3ry (TR\u0104DZIK!!!), zask\u00f3rnikami, wypryskami oraz innymi niedoskona\u0142o\u015bciami. Dla os\u00f3b z tego typu cer\u0105 jest to jeden z najskuteczniejszych produkt\u00f3w.<br data-start=\"766\" data-end=\"769\" \/>Produkt nale\u017cy doda\u0107 do kremu do twarzy, toniku lub maseczki. Zalecane st\u0119\u017cenie w gotowym produkcie to 1-5%, przy szerokim zakresie pH kosmetyku wynosz\u0105cym 3-10.<br data-start=\"930\" data-end=\"933\" \/>Produkt rozpuszcza si\u0119 w olejach.<\/p>\n<p data-start=\"970\" data-end=\"1166\">Najprostsz\u0105 formu\u0142\u0105 jest serum olejowe na bazie dowolnego lekkiego, niekomedogennego oleju ro\u015blinnego (np. olej ze s\u0142odkich migda\u0142\u00f3w, olej kameliowy). Do 95 ml oleju nale\u017cy doda\u0107 5 ml preparatu.<\/p>\n<h3 data-start=\"1168\" data-end=\"1870\"><strong data-start=\"1168\" data-end=\"1181\">Dzia\u0142anie<\/strong><\/h3>\n<p data-start=\"1168\" data-end=\"1870\">CLEAR Ol\u00e9oactif\u00ae zawiera sk\u0142adniki znane ze swoich silnych w\u0142a\u015bciwo\u015bci antyoksydacyjnych, przeciwbakteryjnych i przeciwzapalnych. Jego formu\u0142a u\u0142atwia przenikanie substancji aktywnych do gruczo\u0142\u00f3w \u0142ojowych w sk\u00f3rze.<br data-start=\"1399\" data-end=\"1402\" \/>Przeprowadzone testy, kt\u00f3re pokazuj\u0105 mechanizm dzia\u0142ania preparatu, dowodz\u0105, \u017ce:<br data-start=\"1482\" data-end=\"1485\" \/>\u2022 CLEAR OLEOACTIF chroni lipidy przed utlenianiem, utrzymuje zdrowe sebum, co zapobiega namna\u017caniu si\u0119 bakterii.<br data-start=\"1597\" data-end=\"1600\" \/>\u2022 Olej lniany zawiera kwas \u03b1-linolenowy i kwas linolowy, kt\u00f3rych brakuje w sk\u00f3rze dotkni\u0119tej tr\u0105dzikiem.<br data-start=\"1704\" data-end=\"1707\" \/>\u2022 Wyci\u0105g z tymianku ma w\u0142a\u015bciwo\u015bci przeciwzapalne i przeciwbakteryjne.<br data-start=\"1777\" data-end=\"1780\" \/>\u2022 Skutecznie przeciwdzia\u0142a zaczerwienieniom i podra\u017cnieniom sk\u00f3ry (likwidacja rumienia).<\/p>\n<p data-start=\"1168\" data-end=\"1870\"><img loading=\"lazy\" decoding=\"async\" class=\"alignnone wp-image-2131\" src=\"https:\/\/densilab.com\/wp-content\/uploads\/2025\/03\/Opera-Zrzut-ekranu_2025-03-09_132105_CLEAR-Oleoactif-Brochure-april2019.pdf-300x54.png\" alt=\"\" width=\"717\" height=\"129\" srcset=\"https:\/\/densilab.com\/wp-content\/uploads\/2025\/03\/Opera-Zrzut-ekranu_2025-03-09_132105_CLEAR-Oleoactif-Brochure-april2019.pdf-300x54.png 300w, https:\/\/densilab.com\/wp-content\/uploads\/2025\/03\/Opera-Zrzut-ekranu_2025-03-09_132105_CLEAR-Oleoactif-Brochure-april2019.pdf-1024x183.png 1024w, https:\/\/densilab.com\/wp-content\/uploads\/2025\/03\/Opera-Zrzut-ekranu_2025-03-09_132105_CLEAR-Oleoactif-Brochure-april2019.pdf-768x137.png 768w, https:\/\/densilab.com\/wp-content\/uploads\/2025\/03\/Opera-Zrzut-ekranu_2025-03-09_132105_CLEAR-Oleoactif-Brochure-april2019.pdf-600x107.png 600w, https:\/\/densilab.com\/wp-content\/uploads\/2025\/03\/Opera-Zrzut-ekranu_2025-03-09_132105_CLEAR-Oleoactif-Brochure-april2019.pdf.png 1118w\" sizes=\"auto, (max-width: 717px) 100vw, 717px\" \/><\/p>\n<h3 data-start=\"1872\" data-end=\"2080\"><strong data-start=\"1872\" data-end=\"1890\">Przechowywanie<\/strong><\/h3>\n<p data-start=\"1872\" data-end=\"2080\">Przechowywa\u0107 w lod\u00f3wce w szczelnym opakowaniu \u2013 olej nale\u017cy do grupy schn\u0105cych olej\u00f3w, wra\u017cliwych na \u015bwiat\u0142o i podgrzewanie, szybko je\u0142czej\u0105cych. Nie wystawia\u0107 na dzia\u0142anie promieni UV.<\/p>\n<h3 data-start=\"2082\" data-end=\"2153\"><strong data-start=\"2082\" data-end=\"2097\">Ostrze\u017cenia<\/strong><\/h3>\n<p data-start=\"2082\" data-end=\"2153\" data-is-last-node=\"\" data-is-only-node=\"\">Przestrzega\u0107 terminu wa\u017cno\u015bci podanego na opakowaniu.<\/p>\n","protected":false},"excerpt":{"rendered":"<p>CLEAR Oleoactif - Surowiec kosmetycznyINCL: Olej z nasion Camelina sativa, Wyci\u0105g z kwiat\u00f3w, li\u015bci i \u0142odyg Thymus VulgarisCAS 84929-51-1 Zastosowanie Sk\u0142adnik aktywny specjalnie zaprojektowany dla cery tr\u0105dzikowej, oparty na wyci\u0105gu z tymianku. To inteligentny sk\u0142adnik, kt\u00f3ry dzia\u0142a na przyczyny tr\u0105dziku, a nie tylko na jego objawy.Produkt uzyskiwany jest w procesie destylacji par\u0105 wodn\u0105 i rozpuszczany [&hellip;]<\/p>\n","protected":false},"featured_media":2135,"comment_status":"open","ping_status":"closed","template":"","meta":[],"product_brand":[],"product_cat":[182,221,163,164,174,181,173],"product_tag":[],"class_list":{"0":"post-2138","1":"product","2":"type-product","3":"status-publish","4":"has-post-thumbnail","6":"product_cat-musisz-miec","7":"product_cat-skladniki-aktywne","8":"product_cat-cera-naczynkowa-tradzik-preparaty-antycellulitowe","9":"product_cat-twarz","10":"product_cat-cialo","11":"product_cat-liposomy-i-peptydy","12":"product_cat-oleje-skwalany-masla-kosmetyczne-i-maceraty","14":"first","15":"instock","16":"taxable","17":"shipping-taxable","18":"purchasable","19":"product-type-simple"},"_links":{"self":[{"href":"https:\/\/densilab.com\/pl\/wp-json\/wp\/v2\/product\/2138","targetHints":{"allow":["GET"]}}],"collection":[{"href":"https:\/\/densilab.com\/pl\/wp-json\/wp\/v2\/product"}],"about":[{"href":"https:\/\/densilab.com\/pl\/wp-json\/wp\/v2\/types\/product"}],"replies":[{"embeddable":true,"href":"https:\/\/densilab.com\/pl\/wp-json\/wp\/v2\/comments?post=2138"}],"wp:featuredmedia":[{"embeddable":true,"href":"https:\/\/densilab.com\/pl\/wp-json\/wp\/v2\/media\/2135"}],"wp:attachment":[{"href":"https:\/\/densilab.com\/pl\/wp-json\/wp\/v2\/media?parent=2138"}],"wp:term":[{"taxonomy":"product_brand","embeddable":true,"href":"https:\/\/densilab.com\/pl\/wp-json\/wp\/v2\/product_brand?post=2138"},{"taxonomy":"product_cat","embeddable":true,"href":"https:\/\/densilab.com\/pl\/wp-json\/wp\/v2\/product_cat?post=2138"},{"taxonomy":"product_tag","embeddable":true,"href":"https:\/\/densilab.com\/pl\/wp-json\/wp\/v2\/product_tag?post=2138"}],"curies":[{"name":"wp","href":"https:\/\/api.w.org\/{rel}","templated":true}]}}