{"id":2116,"date":"2025-03-09T11:01:05","date_gmt":"2025-03-09T11:01:05","guid":{"rendered":"https:\/\/densilab.com\/?post_type=product&#038;p=2116"},"modified":"2025-03-09T11:07:13","modified_gmt":"2025-03-09T11:07:13","slug":"olejek-eteryczny-eukaliptus","status":"publish","type":"product","link":"https:\/\/densilab.com\/pl\/produkt\/olejek-eteryczny-eukaliptus\/","title":{"rendered":"OLEJEK ETERYCZNY EUKALIPTUS"},"content":{"rendered":"<p data-start=\"0\" data-end=\"189\"><strong>Eucalyptus Globulus Essential Oil<\/strong><br data-start=\"100\" data-end=\"103\" \/><strong>INCI:<\/strong> <em>Eucalyptus Globulus Leaf Oil<\/em><br data-start=\"137\" data-end=\"140\" \/><strong>CAS:<\/strong> 8000-48-4 \/ 84625-32-1<br data-start=\"167\" data-end=\"170\" data-is-only-node=\"\" \/><strong>EINECS:<\/strong> 283-406-2<\/p>\n<p data-start=\"191\" data-end=\"812\"><strong data-start=\"191\" data-end=\"207\">Zastosowanie<\/strong><br data-start=\"207\" data-end=\"210\" \/>Olejek eukaliptusowy pozyskiwany jest poprzez destylacj\u0119 z par\u0105 wodn\u0105 \u015bwie\u017cych li\u015bci eukaliptusa. Charakteryzuje si\u0119 \u015bwie\u017cym, zio\u0142owo-ziemistym zapachem i doskonale maskuje inne aromaty. Znajduje zastosowanie w kosmetyce, aromaterapii oraz jako naturalny \u015brodek odstraszaj\u0105cy owady.<br data-start=\"492\" data-end=\"495\" \/>Jest powszechnie u\u017cywany w preparatach kosmetycznych do piel\u0119gnacji sk\u00f3ry i w\u0142os\u00f3w, w tym w produktach dla sk\u00f3ry tr\u0105dzikowej i t\u0142ustej. Dzia\u0142a od\u015bwie\u017caj\u0105co i bakteriob\u00f3jczo, a tak\u017ce wspiera regeneracj\u0119 sk\u00f3ry.<br data-start=\"703\" data-end=\"706\" \/>Mo\u017ce by\u0107 stosowany w inhalacjach oraz jako sk\u0142adnik preparat\u00f3w \u0142agodz\u0105cych objawy przezi\u0119bienia i grypy.<\/p>\n<p data-start=\"814\" data-end=\"1150\"><strong data-start=\"814\" data-end=\"830\">Jak stosowa\u0107<\/strong><br data-start=\"830\" data-end=\"833\" \/>\u2022 Wzbogacanie kosmetyk\u00f3w: Dodaj 2\u20135 kropli olejku do 10\u201315 ml kremu, balsamu, szamponu lub \u017celu.<br data-start=\"929\" data-end=\"932\" \/>\u2022 Aromaterapia: 3\u20135 kropli do dyfuzora lub kominka aromaterapeutycznego.<br data-start=\"1004\" data-end=\"1007\" \/>\u2022 Masa\u017c: 4\u20135 kropli olejku zmiesza\u0107 z 10 ml oleju bazowego.<br data-start=\"1066\" data-end=\"1069\" data-is-only-node=\"\" \/>\u2022 K\u0105piel: 3\u20135 kropli olejku wymieszanego z miodem, mlekiem lub sol\u0105 do k\u0105pieli.<\/p>\n<p data-start=\"1152\" data-end=\"1563\"><strong data-start=\"1152\" data-end=\"1195\">W\u0142a\u015bciwo\u015bci kosmetyczne i terapeutyczne<\/strong><br data-start=\"1195\" data-end=\"1198\" \/>\u2022 Ch\u0142odzi, od\u015bwie\u017ca i dzia\u0142a antyseptycznie.<br data-start=\"1242\" data-end=\"1245\" \/>\u2022 \u0141agodzi podra\u017cnienia, przyspiesza gojenie ran i stan\u00f3w zapalnych sk\u00f3ry.<br data-start=\"1318\" data-end=\"1321\" \/>\u2022 Dzia\u0142a przeciwbakteryjnie, przeciwwirusowo i przeciwgrzybiczo.<br data-start=\"1385\" data-end=\"1388\" data-is-only-node=\"\" \/>\u2022 Pomaga w redukcji \u0142upie\u017cu i wzmacnia w\u0142osy.<br data-start=\"1433\" data-end=\"1436\" \/>\u2022 Odstrasza owady i neutralizuje nieprzyjemny zapach potu.<br data-start=\"1494\" data-end=\"1497\" \/>\u2022 Poprawia ukrwienie sk\u00f3ry, wspiera jej j\u0119drno\u015b\u0107 i elastyczno\u015b\u0107.<\/p>\n<p data-start=\"1565\" data-end=\"1687\"><strong data-start=\"1565\" data-end=\"1583\">Przechowywanie<\/strong><br data-start=\"1583\" data-end=\"1586\" \/>Przechowywa\u0107 w ch\u0142odnym, ciemnym miejscu, z dala od dzieci. Po u\u017cyciu szczelnie zamkn\u0105\u0107 buteleczk\u0119.<\/p>\n<p data-start=\"1689\" data-end=\"2037\" data-is-last-node=\"\" data-is-only-node=\"\"><strong data-start=\"1689\" data-end=\"1704\">Ostrze\u017cenia<\/strong><br data-start=\"1704\" data-end=\"1707\" \/>Nie stosowa\u0107 na sk\u00f3r\u0119 bez rozcie\u0144czenia!<br data-start=\"1747\" data-end=\"1750\" \/>Mo\u017ce powodowa\u0107 podra\u017cnienia u os\u00f3b z bardzo wra\u017cliw\u0105 sk\u00f3r\u0105.<br data-start=\"1809\" data-end=\"1812\" \/>Nie stosowa\u0107 u kobiet w ci\u0105\u017cy, karmi\u0105cych oraz niemowl\u0105t.<br data-start=\"1869\" data-end=\"1872\" data-is-only-node=\"\" \/>Przed u\u017cyciem wykona\u0107 pr\u00f3b\u0119 alergiczn\u0105: rozcie\u0144czy\u0107 kropl\u0119 olejku w \u0142y\u017cce oleju bazowego i na\u0142o\u017cy\u0107 na sk\u00f3r\u0119.<br data-start=\"1980\" data-end=\"1983\" \/>Produkt przeznaczony wy\u0142\u0105cznie do u\u017cytku zewn\u0119trznego.<\/p>\n","protected":false},"excerpt":{"rendered":"<p>Eucalyptus Globulus Essential OilINCI: Eucalyptus Globulus Leaf OilCAS: 8000-48-4 \/ 84625-32-1EINECS: 283-406-2 ZastosowanieOlejek eukaliptusowy pozyskiwany jest poprzez destylacj\u0119 z par\u0105 wodn\u0105 \u015bwie\u017cych li\u015bci eukaliptusa. Charakteryzuje si\u0119 \u015bwie\u017cym, zio\u0142owo-ziemistym zapachem i doskonale maskuje inne aromaty. Znajduje zastosowanie w kosmetyce, aromaterapii oraz jako naturalny \u015brodek odstraszaj\u0105cy owady.Jest powszechnie u\u017cywany w preparatach kosmetycznych do piel\u0119gnacji sk\u00f3ry i w\u0142os\u00f3w, [&hellip;]<\/p>\n","protected":false},"featured_media":2112,"comment_status":"open","ping_status":"closed","template":"","meta":[],"product_brand":[],"product_cat":[157,163,212,164,168,174,173],"product_tag":[],"class_list":{"0":"post-2116","1":"product","2":"type-product","3":"status-publish","4":"has-post-thumbnail","6":"product_cat-surowce-anti-aging","7":"product_cat-cera-naczynkowa-tradzik-preparaty-antycellulitowe","8":"product_cat-olejki-aromatyczne-pl","9":"product_cat-twarz","10":"product_cat-wlosy","11":"product_cat-cialo","12":"product_cat-oleje-skwalany-masla-kosmetyczne-i-maceraty","14":"first","15":"instock","16":"taxable","17":"shipping-taxable","18":"purchasable","19":"product-type-simple"},"_links":{"self":[{"href":"https:\/\/densilab.com\/pl\/wp-json\/wp\/v2\/product\/2116","targetHints":{"allow":["GET"]}}],"collection":[{"href":"https:\/\/densilab.com\/pl\/wp-json\/wp\/v2\/product"}],"about":[{"href":"https:\/\/densilab.com\/pl\/wp-json\/wp\/v2\/types\/product"}],"replies":[{"embeddable":true,"href":"https:\/\/densilab.com\/pl\/wp-json\/wp\/v2\/comments?post=2116"}],"wp:featuredmedia":[{"embeddable":true,"href":"https:\/\/densilab.com\/pl\/wp-json\/wp\/v2\/media\/2112"}],"wp:attachment":[{"href":"https:\/\/densilab.com\/pl\/wp-json\/wp\/v2\/media?parent=2116"}],"wp:term":[{"taxonomy":"product_brand","embeddable":true,"href":"https:\/\/densilab.com\/pl\/wp-json\/wp\/v2\/product_brand?post=2116"},{"taxonomy":"product_cat","embeddable":true,"href":"https:\/\/densilab.com\/pl\/wp-json\/wp\/v2\/product_cat?post=2116"},{"taxonomy":"product_tag","embeddable":true,"href":"https:\/\/densilab.com\/pl\/wp-json\/wp\/v2\/product_tag?post=2116"}],"curies":[{"name":"wp","href":"https:\/\/api.w.org\/{rel}","templated":true}]}}