{"id":2103,"date":"2025-03-08T16:13:04","date_gmt":"2025-03-08T16:13:04","guid":{"rendered":"https:\/\/densilab.com\/?post_type=product&#038;p=2103"},"modified":"2025-08-31T11:00:06","modified_gmt":"2025-08-31T11:00:06","slug":"olejek-eteryczny-wetiweria","status":"publish","type":"product","link":"https:\/\/densilab.com\/pl\/produkt\/olejek-eteryczny-wetiweria\/","title":{"rendered":"OLEJEK ETERYCZNY WETIWERIA"},"content":{"rendered":"<p><strong>Olejek Eteryczny Wetiweria (VETIVERT JAVA, ESSENTIAL OIL)<\/strong><br \/>\n<strong>INCI:<\/strong> <em>Vetiveria Zizanoides Root Oil<\/em><\/p>\n<p><strong>CAS:<\/strong> 8016-96-4 \/ 84238-29-9<br \/>\n<strong>EINECS:<\/strong> - \/ 282-490-8<\/p>\n<h3><strong>Zastosowanie<\/strong><\/h3>\n<p>Olejek eteryczny wetiweria to produkt wysokiej jako\u015bci o w\u0142a\u015bciwo\u015bciach terapeutycznych, pozyskiwany w procesie destylacji par\u0105 wodn\u0105. Jest to jeden z rzadziej spotykanych i cenniejszych olejk\u00f3w eterycznych.<\/p>\n<p>Znajduje zastosowanie w kosmetologii (dodawany do krem\u00f3w, balsam\u00f3w i maseczek), aromaterapii, masa\u017cach oraz medycynie naturalnej.<br \/>\nJest szeroko wykorzystywany w perfumerii ze wzgl\u0119du na swoje w\u0142a\u015bciwo\u015bci utrwalaj\u0105ce oraz pi\u0119kny, s\u0142odki, drzewny i ziemisty aromat. Doskonale \u0142\u0105czy si\u0119 z innymi olejkami eterycznymi, takimi jak czarny pieprz, lawenda czy neroli.<br \/>\nDzi\u0119ki w\u0142a\u015bciwo\u015bciom rozgrzewaj\u0105cym i \u0142agodz\u0105cym b\u00f3le sprawdza si\u0119 jako \u015brodek do nacierania klatki piersiowej oraz mi\u0119\u015bni.<br \/>\nBadania wykaza\u0142y, \u017ce olejek wetiweria wspomaga terapie dla dzieci z autyzmem i ADHD, pomagaj\u0105c im si\u0119 wyciszy\u0107 i skoncentrowa\u0107.<br \/>\nOlejek eteryczny wetiweria jest bezpieczny \u2013 nie jest toksyczny, nie podra\u017cnia i nie uczula.<\/p>\n<h3 data-start=\"1040\" data-end=\"1059\">Jak stosowa\u0107?<\/h3>\n<p data-start=\"1060\" data-end=\"1480\">\u2022 <strong data-start=\"1062\" data-end=\"1089\">Wzbogacanie kosmetyk\u00f3w:<\/strong> Dodaj 2\u20135 kropli olejku do 10\u201315 ml kremu, balsamu, \u017celu lub szamponu.<br data-start=\"1160\" data-end=\"1163\" \/>\u2022 <strong data-start=\"1165\" data-end=\"1182\">Aromaterapia:<\/strong> Dodaj 3\u20135 kropli olejku rozcie\u0144czonego w wodzie do kominka aromaterapeutycznego lub dyfuzora.<br data-start=\"1276\" data-end=\"1279\" \/>\u2022 <strong data-start=\"1281\" data-end=\"1291\">Masa\u017c:<\/strong> Zmieszaj 4\u20135 kropli olejku z 10 ml oleju bazowego.<br data-start=\"1342\" data-end=\"1345\" \/>\u2022 <strong data-start=\"1347\" data-end=\"1358\">K\u0105piel:<\/strong> Dodaj 3\u20135 kropli olejku wymieszanego z \u0142y\u017ck\u0105 miodu, mleka lub soli do wody w wannie. Czas trwania k\u0105pieli: 10\u201315 minut.<\/p>\n<h3 data-start=\"1482\" data-end=\"1502\">Opis dzia\u0142ania<\/h3>\n<h4 data-start=\"1504\" data-end=\"1539\"><strong data-start=\"1509\" data-end=\"1537\">W\u0142a\u015bciwo\u015bci kosmetyczne:<\/strong><\/h4>\n<p data-start=\"1540\" data-end=\"1983\">\u2022 Intensywnie regeneruje sk\u00f3r\u0119 such\u0105 i dojrza\u0142\u0105, zapobiegaj\u0105c powstawaniu zmarszczek.<br data-start=\"1625\" data-end=\"1628\" \/>\u2022 Oczyszcza cer\u0119 tr\u0105dzikow\u0105, tonizuje i przyspiesza gojenie stan\u00f3w zapalnych.<br data-start=\"1705\" data-end=\"1708\" \/>\u2022 Uj\u0119drnia i uelastycznia sk\u00f3r\u0119, przeciwdzia\u0142aj\u0105c powstawaniu rozst\u0119p\u00f3w ci\u0105\u017cowych.<br data-start=\"1790\" data-end=\"1793\" \/>\u2022 Wspomaga leczenie objaw\u00f3w reumatyzmu, b\u00f3lu staw\u00f3w i mi\u0119\u015bni.<br data-start=\"1854\" data-end=\"1857\" \/>\u2022 Od\u017cywia kom\u00f3rki i tkanki, dostarczaj\u0105c im tlen i sk\u0142adniki od\u017cywcze.<br data-start=\"1927\" data-end=\"1930\" \/>\u2022 Stymuluje przemian\u0119 materii i zapobiega nadwadze.<\/p>\n<h4 data-start=\"1985\" data-end=\"2043\"><strong data-start=\"1990\" data-end=\"2041\">W\u0142a\u015bciwo\u015bci aromaterapeutyczne i terapeutyczne:<\/strong><\/h4>\n<p data-start=\"2044\" data-end=\"2406\">\u2022 Dzia\u0142a rozgrzewaj\u0105co, wspomagaj\u0105c kr\u0105\u017cenie krwi.<br data-start=\"2094\" data-end=\"2097\" \/>\u2022 \u0141agodzi b\u00f3le mi\u0119\u015bni i kr\u0119gos\u0142upa dzi\u0119ki dzia\u0142aniu przeciwb\u00f3lowemu.<br data-start=\"2165\" data-end=\"2168\" \/>\u2022 Dzia\u0142a uspokajaj\u0105co i odpr\u0119\u017caj\u0105co, redukuj\u0105c stres, niepok\u00f3j i bezsenno\u015b\u0107.<br data-start=\"2244\" data-end=\"2247\" \/>\u2022 Ma w\u0142a\u015bciwo\u015bci antyseptyczne i antyspazmatyczne, wspomagaj\u0105c organizm w stanach zapalnych.<br data-start=\"2339\" data-end=\"2342\" \/>\u2022 Wzmacnia uk\u0142ad odporno\u015bciowy i poprawia og\u00f3lne samopoczucie.<\/p>\n<h3 data-start=\"2408\" data-end=\"2428\">Przechowywanie<\/h3>\n<p data-start=\"2429\" data-end=\"2542\">Przechowywa\u0107 w ch\u0142odnym, zaciemnionym miejscu, niedost\u0119pnym dla dzieci. Po u\u017cyciu szczelnie zamkn\u0105\u0107 buteleczk\u0119.<\/p>\n<h3 data-start=\"2544\" data-end=\"2561\">Ostrze\u017cenia<\/h3>\n<p data-start=\"2562\" data-end=\"2813\" data-is-last-node=\"\" data-is-only-node=\"\">Nie stosowa\u0107 u kobiet w ci\u0105\u017cy, karmi\u0105cych oraz niemowl\u0105t.<br data-start=\"2619\" data-end=\"2622\" \/>Przed u\u017cyciem wykona\u0107 pr\u00f3b\u0119 alergiczn\u0105 na ma\u0142ym fragmencie sk\u00f3ry: rozpu\u015bci\u0107 kropl\u0119 olejku w \u0142y\u017cce oleju ro\u015blinnego i na\u0142o\u017cy\u0107 na sk\u00f3r\u0119.<br data-start=\"2756\" data-end=\"2759\" \/>Produkt przeznaczony wy\u0142\u0105cznie do u\u017cytku zewn\u0119trznego.<\/p>\n","protected":false},"excerpt":{"rendered":"<p>Olejek Eteryczny Wetiweria (VETIVERT JAVA, ESSENTIAL OIL) INCI: Vetiveria Zizanoides Root Oil CAS: 8016-96-4 \/ 84238-29-9 EINECS: - \/ 282-490-8 Zastosowanie Olejek eteryczny wetiweria to produkt wysokiej jako\u015bci o w\u0142a\u015bciwo\u015bciach terapeutycznych, pozyskiwany w procesie destylacji par\u0105 wodn\u0105. Jest to jeden z rzadziej spotykanych i cenniejszych olejk\u00f3w eterycznych. Znajduje zastosowanie w kosmetologii (dodawany do krem\u00f3w, balsam\u00f3w [&hellip;]<\/p>\n","protected":false},"featured_media":2101,"comment_status":"open","ping_status":"closed","template":"","meta":[],"product_brand":[],"product_cat":[157,212,164,174,173],"product_tag":[],"class_list":{"0":"post-2103","1":"product","2":"type-product","3":"status-publish","4":"has-post-thumbnail","6":"product_cat-surowce-anti-aging","7":"product_cat-olejki-aromatyczne-pl","8":"product_cat-twarz","9":"product_cat-cialo","10":"product_cat-oleje-skwalany-masla-kosmetyczne-i-maceraty","12":"first","13":"instock","14":"taxable","15":"shipping-taxable","16":"purchasable","17":"product-type-simple"},"_links":{"self":[{"href":"https:\/\/densilab.com\/pl\/wp-json\/wp\/v2\/product\/2103","targetHints":{"allow":["GET"]}}],"collection":[{"href":"https:\/\/densilab.com\/pl\/wp-json\/wp\/v2\/product"}],"about":[{"href":"https:\/\/densilab.com\/pl\/wp-json\/wp\/v2\/types\/product"}],"replies":[{"embeddable":true,"href":"https:\/\/densilab.com\/pl\/wp-json\/wp\/v2\/comments?post=2103"}],"wp:featuredmedia":[{"embeddable":true,"href":"https:\/\/densilab.com\/pl\/wp-json\/wp\/v2\/media\/2101"}],"wp:attachment":[{"href":"https:\/\/densilab.com\/pl\/wp-json\/wp\/v2\/media?parent=2103"}],"wp:term":[{"taxonomy":"product_brand","embeddable":true,"href":"https:\/\/densilab.com\/pl\/wp-json\/wp\/v2\/product_brand?post=2103"},{"taxonomy":"product_cat","embeddable":true,"href":"https:\/\/densilab.com\/pl\/wp-json\/wp\/v2\/product_cat?post=2103"},{"taxonomy":"product_tag","embeddable":true,"href":"https:\/\/densilab.com\/pl\/wp-json\/wp\/v2\/product_tag?post=2103"}],"curies":[{"name":"wp","href":"https:\/\/api.w.org\/{rel}","templated":true}]}}