{"id":2063,"date":"2025-03-07T16:06:14","date_gmt":"2025-03-07T16:06:14","guid":{"rendered":"https:\/\/densilab.com\/?post_type=product&#038;p=2063"},"modified":"2025-08-31T10:52:20","modified_gmt":"2025-08-31T10:52:20","slug":"olejek-eteryczny-mieta-pieprzowa","status":"publish","type":"product","link":"https:\/\/densilab.com\/pl\/produkt\/olejek-eteryczny-mieta-pieprzowa\/","title":{"rendered":"OLEJEK ETERYCZNY MI\u0118TA PIEPRZOWA"},"content":{"rendered":"<p data-start=\"58\" data-end=\"199\">Surowiec dla przemys\u0142u (Raw Material): Olejek eteryczny mi\u0119towy<br data-start=\"121\" data-end=\"124\" \/><strong>INCI<\/strong>: <em>Mentha Piperita Oil<\/em><br data-start=\"149\" data-end=\"152\" \/><strong>CAS:<\/strong> 8006-90-4 \/ 84082-70-2<br data-start=\"179\" data-end=\"182\" \/><strong>EINECS:<\/strong> 282-015-4<\/p>\n<h3 data-start=\"201\" data-end=\"475\"><strong data-start=\"201\" data-end=\"217\">Zastosowanie<\/strong><\/h3>\n<p data-start=\"201\" data-end=\"475\">Olejek eteryczny mi\u0119towy to 100% czysty, organiczny olejek eteryczny pozyskiwany poprzez destylacj\u0119 par\u0105 wodn\u0105 z mi\u0119ty pieprzowej, zawieraj\u0105cy oko\u0142o 30-45% mentolu.<br data-start=\"384\" data-end=\"387\" \/>Idealny do r\u00f3\u017cnych zabieg\u00f3w, inhalacji, k\u0105pieli, masa\u017cy oraz jako dodatek do kosmetyk\u00f3w.<\/p>\n<p data-start=\"477\" data-end=\"963\"><strong data-start=\"477\" data-end=\"490\">Kosmetyka<\/strong>:<\/p>\n<p data-start=\"477\" data-end=\"963\">\u2022 Dok\u0142adnie oczyszcza sk\u00f3r\u0119, szczeg\u00f3lnie w przypadku tr\u0105dziku.<br data-start=\"554\" data-end=\"557\" \/>\u2022 Dzia\u0142a \u0142agodnie antyseptycznie \u2013 pomaga w walce z bakteriami.<br data-start=\"620\" data-end=\"623\" \/>\u2022 Zw\u0119\u017ca pory i wyg\u0142adza sk\u00f3r\u0119.<br data-start=\"653\" data-end=\"656\" \/>\u2022 \u0141agodzi podra\u017cnienia sk\u00f3ry, sw\u0119dzenie i zaczerwienienia.<br data-start=\"714\" data-end=\"717\" \/>\u2022 Reguluje produkcj\u0119 sebum \u2013 polecany dla cery t\u0142ustej i mieszanej.<br data-start=\"784\" data-end=\"787\" \/>\u2022 Przyspiesza gojenie ran, drobnych skalecze\u0144 i opryszczki.<br data-start=\"846\" data-end=\"849\" \/>\u2022 Ma dzia\u0142anie rozja\u015bniaj\u0105ce i poprawia koloryt sk\u00f3ry.<br data-start=\"903\" data-end=\"906\" \/>\u2022 \u0141agodzi uk\u0105szenia owad\u00f3w, redukuje obrz\u0119ki i sw\u0119dzenie.<\/p>\n<p data-start=\"965\" data-end=\"1154\"><strong data-start=\"965\" data-end=\"987\">Piel\u0119gnacja w\u0142os\u00f3w<\/strong>:<\/p>\n<p data-start=\"965\" data-end=\"1154\">\u2022 Orze\u017awia sk\u00f3r\u0119 g\u0142owy i \u0142agodzi podra\u017cnienia.<br data-start=\"1035\" data-end=\"1038\" \/>\u2022 Redukuje \u0142upie\u017c, pobudza mikrokr\u0105\u017cenie sk\u00f3ry g\u0142owy.<br data-start=\"1091\" data-end=\"1094\" \/>\u2022 Mo\u017ce by\u0107 dodawany do szampon\u00f3w, od\u017cywek i masek do w\u0142os\u00f3w.<\/p>\n<p data-start=\"1156\" data-end=\"1461\"><strong data-start=\"1156\" data-end=\"1177\">Inne zastosowania<\/strong>:<\/p>\n<p data-start=\"1156\" data-end=\"1461\">\u2022 Dodatek do past do z\u0119b\u00f3w i p\u0142yn\u00f3w do p\u0142ukania jamy ustnej.<br data-start=\"1239\" data-end=\"1242\" \/>\u2022 Stosowany w inhalacjach \u2013 \u0142agodzi kaszel, katar, objawy grypy i astmy.<br data-start=\"1314\" data-end=\"1317\" \/>\u2022 W lampach zapachowych poprawia koncentracj\u0119 i redukuje stres.<br data-start=\"1380\" data-end=\"1383\" \/>\u2022 Po uk\u0105szeniach owad\u00f3w zmniejsza obrz\u0119ki i b\u00f3l, dzia\u0142a r\u00f3wnie\u017c jako repelent.<\/p>\n<p data-start=\"1463\" data-end=\"1770\"><strong data-start=\"1463\" data-end=\"1487\">Wskaz\u00f3wki stosowania<\/strong>:<\/p>\n<p data-start=\"1463\" data-end=\"1770\">\u2022 Masa\u017c \u2013 3 krople oleju wymiesza\u0107 z 1 \u0142y\u017ck\u0105 oleju no\u015bnikowego (np. olej arganowy, jojoba lub z wiesio\u0142ka).<br data-start=\"1596\" data-end=\"1599\" \/>\u2022 K\u0105piel \u2013 doda\u0107 5 kropli oleju do wanny nape\u0142nionej wod\u0105.<br data-start=\"1657\" data-end=\"1660\" \/>\u2022 Inhalacja \u2013 Doda\u0107 kilka kropli oleju do gor\u0105cej wody, przykry\u0107 g\u0142ow\u0119 r\u0119cznikiem i wdycha\u0107 unosz\u0105c\u0105 si\u0119 par\u0119.<\/p>\n<h3 data-start=\"1772\" data-end=\"1896\"><strong data-start=\"1772\" data-end=\"1790\">Przechowywanie<\/strong><\/h3>\n<p data-start=\"1772\" data-end=\"1896\">Przechowywa\u0107 w ch\u0142odnym, ciemnym miejscu, poza zasi\u0119giem dzieci.<br data-start=\"1857\" data-end=\"1860\" \/>Po u\u017cyciu dok\u0142adnie zamkn\u0105\u0107 butelk\u0119.<\/p>\n<h3 data-start=\"1898\" data-end=\"2328\"><strong data-start=\"1898\" data-end=\"1913\">Ostrze\u017cenia<\/strong><\/h3>\n<p data-start=\"1898\" data-end=\"2328\" data-is-only-node=\"\" data-is-last-node=\"\">Nie stosowa\u0107 u kobiet w ci\u0105\u017cy i karmi\u0105cych.<br data-start=\"1959\" data-end=\"1962\" \/>Nie stosowa\u0107 u niemowl\u0105t poni\u017cej 5. miesi\u0105ca \u017cycia.<br data-start=\"2013\" data-end=\"2016\" \/>Nie stosowa\u0107 u os\u00f3b starszych i astmatyk\u00f3w.<br data-start=\"2059\" data-end=\"2062\" \/>Mo\u017ce wchodzi\u0107 w interakcje z lekami na refluks i cyklosporyn\u0105 \u2013 przed zastosowaniem skonsultowa\u0107 si\u0119 z lekarzem.<br data-start=\"2174\" data-end=\"2177\" \/>Przeprowadzi\u0107 test tolerancji przed u\u017cyciem \u2013 1 kropl\u0119 oleju rozcie\u0144czy\u0107 w 1 \u0142y\u017cce oleju ro\u015blinnego i nanie\u015b\u0107 na sk\u00f3r\u0119.<br data-start=\"2296\" data-end=\"2299\" \/>Tylko do u\u017cytku zewn\u0119trznego.<\/p>\n","protected":false},"excerpt":{"rendered":"<p>Surowiec dla przemys\u0142u (Raw Material): Olejek eteryczny mi\u0119towyINCI: Mentha Piperita OilCAS: 8006-90-4 \/ 84082-70-2EINECS: 282-015-4 Zastosowanie Olejek eteryczny mi\u0119towy to 100% czysty, organiczny olejek eteryczny pozyskiwany poprzez destylacj\u0119 par\u0105 wodn\u0105 z mi\u0119ty pieprzowej, zawieraj\u0105cy oko\u0142o 30-45% mentolu.Idealny do r\u00f3\u017cnych zabieg\u00f3w, inhalacji, k\u0105pieli, masa\u017cy oraz jako dodatek do kosmetyk\u00f3w. Kosmetyka: \u2022 Dok\u0142adnie oczyszcza sk\u00f3r\u0119, szczeg\u00f3lnie w [&hellip;]<\/p>\n","protected":false},"featured_media":2060,"comment_status":"open","ping_status":"closed","template":"","meta":[],"product_brand":[],"product_cat":[212,164,168,174,173],"product_tag":[],"class_list":{"0":"post-2063","1":"product","2":"type-product","3":"status-publish","4":"has-post-thumbnail","6":"product_cat-olejki-aromatyczne-pl","7":"product_cat-twarz","8":"product_cat-wlosy","9":"product_cat-cialo","10":"product_cat-oleje-skwalany-masla-kosmetyczne-i-maceraty","12":"first","13":"instock","14":"taxable","15":"shipping-taxable","16":"purchasable","17":"product-type-simple"},"_links":{"self":[{"href":"https:\/\/densilab.com\/pl\/wp-json\/wp\/v2\/product\/2063","targetHints":{"allow":["GET"]}}],"collection":[{"href":"https:\/\/densilab.com\/pl\/wp-json\/wp\/v2\/product"}],"about":[{"href":"https:\/\/densilab.com\/pl\/wp-json\/wp\/v2\/types\/product"}],"replies":[{"embeddable":true,"href":"https:\/\/densilab.com\/pl\/wp-json\/wp\/v2\/comments?post=2063"}],"wp:featuredmedia":[{"embeddable":true,"href":"https:\/\/densilab.com\/pl\/wp-json\/wp\/v2\/media\/2060"}],"wp:attachment":[{"href":"https:\/\/densilab.com\/pl\/wp-json\/wp\/v2\/media?parent=2063"}],"wp:term":[{"taxonomy":"product_brand","embeddable":true,"href":"https:\/\/densilab.com\/pl\/wp-json\/wp\/v2\/product_brand?post=2063"},{"taxonomy":"product_cat","embeddable":true,"href":"https:\/\/densilab.com\/pl\/wp-json\/wp\/v2\/product_cat?post=2063"},{"taxonomy":"product_tag","embeddable":true,"href":"https:\/\/densilab.com\/pl\/wp-json\/wp\/v2\/product_tag?post=2063"}],"curies":[{"name":"wp","href":"https:\/\/api.w.org\/{rel}","templated":true}]}}