{"id":1983,"date":"2025-03-07T09:44:52","date_gmt":"2025-03-07T09:44:52","guid":{"rendered":"https:\/\/densilab.com\/?post_type=product&#038;p=1983"},"modified":"2025-08-31T10:49:52","modified_gmt":"2025-08-31T10:49:52","slug":"olejek-eteryczny-lawenda","status":"publish","type":"product","link":"https:\/\/densilab.com\/pl\/produkt\/olejek-eteryczny-lawenda\/","title":{"rendered":"OLEJEK ETERYCZNY LAWENDA"},"content":{"rendered":"<p><strong>Olejek Eteryczny lawendowy (LAVENDER, ESSENTIAL OIL)<\/strong><br \/>\n<strong>PRODUCT INCI: LAVANDULA ANGUSTIFOLIA FLOWER OIL<\/strong><br \/>\n<strong>INCI: <\/strong><em>Lavandula Angustifolia Flower Oil<\/em><\/p>\n<h3><strong>Zastosowanie<\/strong><\/h3>\n<p>Olejek eteryczny lawendowy to naturalny i 100% czysty produkt b\u0119d\u0105cy standaryzowanym olejkiem lawendowym 40\/42, otrzymywanym z mieszanki r\u00f3\u017cnych olejk\u00f3w lawendowych metod\u0105 destylacji par\u0105 wodn\u0105. Charakteryzuje si\u0119 delikatnym, a jednocze\u015bnie ostrym aromatem, dlatego szeroko stosuje si\u0119 go w produktach kosmetycznych, g\u0142\u00f3wnie w celu wzbogacenia ich zapachu (prawdziwie lawendowy aromat!).<\/p>\n<p>Idealny dodatek do krem\u00f3w, balsam\u00f3w, szampon\u00f3w i innych kosmetyk\u00f3w piel\u0119gnacyjnych. Opr\u00f3cz wspania\u0142ego zapachu wnosi wiele w\u0142a\u015bciwo\u015bci piel\u0119gnacyjnych i leczniczych.<br \/>\nOlejek eteryczny lawendowy jest doskonale tolerowany przez sk\u00f3r\u0119 ma\u0142ych dzieci, dlatego stanowi podstaw\u0119 wielu kosmetyk\u00f3w przeznaczonych do ich piel\u0119gnacji, takich jak kremy czy ma\u015bci zapobiegaj\u0105ce oparzeniom pieluszkowym.<br \/>\nJego aromat odstrasza owady, a szczeg\u00f3lnie mole. Ponadto stanowi podstaw\u0119 wielu mieszanek perfum i w\u00f3d kwiatowych, a tak\u017ce z powodzeniem wykorzystuje si\u0119 go do produkcji krem\u00f3w, myde\u0142, lotion\u00f3w czy dezodorant\u00f3w.<\/p>\n<p><strong>Jak stosowa\u0107?<\/strong><\/p>\n<p><strong>Aromaterapia:<\/strong> Zastosuj 5 kropli olejku na 1 litr wody w nawil\u017caczu, rozpylaczu czy kominku zapachowym. Rozpyl olejek w formie mgie\u0142ki przed snem na poduszk\u0119, by \u0142atwiej zasn\u0105\u0107, wyciszy\u0107 si\u0119 i odpr\u0119\u017cy\u0107.<br \/>\n<strong>Masa\u017c:<\/strong> Zmieszaj dwie krople olejku lawendowego z \u0142y\u017ck\u0105 olejku do masa\u017cu. Poprawisz w ten spos\u00f3b kondycj\u0119 sk\u00f3ry, wspomagaj\u0105c organizm w walce z cellulitem.<br \/>\n<strong>K\u0105piel:<\/strong> Wkrop 10 kropli olejku do wanny wype\u0142nionej wod\u0105.<\/p>\n<h3><strong>Opis dzia\u0142ania<\/strong><\/h3>\n<p>Olejek eteryczny lawendowy doskonale wspomaga organizm w walce z problemami sk\u00f3rnymi pochodzenia zaka\u017anego lub alergicznego.<br \/>\nDu\u017ca zawarto\u015b\u0107 substancji czynnych sprawia, \u017ce olejek lawendowy znakomicie wp\u0142ywa na wygl\u0105d sk\u00f3ry, wykazuj\u0105c dzia\u0142anie antyseptyczne, dezynfekuj\u0105ce, wyg\u0142adzaj\u0105ce i odm\u0142adzaj\u0105ce. Olejek pomaga pozby\u0107 si\u0119 tr\u0105dziku, bowiem wykazuje dzia\u0142anie antyseptyczne, \u0142agodzi stany zapalne i przyspiesza proces gojenia. Wyg\u0142adza sk\u00f3r\u0119 i rozja\u015bnia przebarwienia tr\u0105dzikowe.<br \/>\nWarto doda\u0107 go te\u017c do szamponu, bowiem stabilizuje produkcj\u0119 sebum sk\u00f3ry g\u0142owy, wspomagaj\u0105c wzrost zdrowych w\u0142os\u00f3w.<br \/>\nIdealnie sprawdza si\u0119 podczas masa\u017cu, przyczyniaj\u0105c si\u0119 do przekrwienia sk\u00f3ry poprzez rozszerzenie w\u0142osowatych naczy\u0144 krwiono\u015bnych i zwalczaj\u0105c w ten spos\u00f3b cellulit. Produkt zapobiega tak\u017ce gromadzeniu si\u0119 w nadmiarze p\u0142yn\u00f3w w organizmie, zmniejsza obrz\u0119ki, zabija zarazki oraz likwiduje istniej\u0105ce ju\u017c blizny.<\/p>\n<p><strong>Podsumowuj\u0105c:<\/strong><\/p>\n<p>likwidacja tr\u0105dziku - dzia\u0142anie antyseptyczne, wyg\u0142adzaj\u0105ce i przyspieszaj\u0105ce gojenie,<br \/>\n\u2022 stabilizacja produkcji sebum,<br \/>\n\u2022 zwalczanie cellulitu, zapobieganie gromadzeniu si\u0119 wody i niwelowanie blizn,<br \/>\n\u2022 dzia\u0142anie hipotensyjne i przeciwb\u00f3lowe,<br \/>\n\u2022 w\u0142a\u015bciwo\u015bci przeciwdzia\u0142aj\u0105ce zaburzeniom snu, znosz\u0105ce stany niepokoju i frustracji oraz relaksuj\u0105ce umys\u0142.<\/p>\n<p>Relaksuj\u0105ca k\u0105piel z u\u017cyciem olejku lawendowego wesprze organizm podczas przezi\u0119bienia czy infekcji g\u00f3rnych dr\u00f3g oddechowych, a tak\u017ce ukoi nerwy i zmniejszy napi\u0119cie mi\u0119\u015bni.<\/p>\n<h3><strong>Przechowywanie<\/strong><\/h3>\n<p>Przechowywa\u0107 w zaciemnionym, ch\u0142odnym, niedost\u0119pnym dla dzieci miejscu. Zaraz po u\u017cyciu nale\u017cy szczelnie zakr\u0119ci\u0107 buteleczk\u0119.<\/p>\n<h3><strong>Ostrze\u017cenia<\/strong><\/h3>\n<p>Nie stosowa\u0107 u kobiet w ci\u0105\u017cy i karmi\u0105cych piersi\u0105.<br \/>\nOlejek lawendowy stosowany w zbyt du\u017cych ilo\u015bciach mo\u017ce by\u0107 neurotoksyczny.<br \/>\nW celu wyeliminowania niekorzystnych reakcji alergicznych przed zastosowaniem zaleca si\u0119 wykonanie pr\u00f3by na ma\u0142ym fragmencie sk\u00f3ry (kropl\u0119 olejku rozpu\u015bci\u0107 w \u0142y\u017cce sto\u0142owej oleju ro\u015blinnego i nanie\u015b\u0107 na sk\u00f3r\u0119).<\/p>\n","protected":false},"excerpt":{"rendered":"<p>Olejek Eteryczny lawendowy (LAVENDER, ESSENTIAL OIL) PRODUCT INCI: LAVANDULA ANGUSTIFOLIA FLOWER OIL INCI: Lavandula Angustifolia Flower Oil Zastosowanie Olejek eteryczny lawendowy to naturalny i 100% czysty produkt b\u0119d\u0105cy standaryzowanym olejkiem lawendowym 40\/42, otrzymywanym z mieszanki r\u00f3\u017cnych olejk\u00f3w lawendowych metod\u0105 destylacji par\u0105 wodn\u0105. Charakteryzuje si\u0119 delikatnym, a jednocze\u015bnie ostrym aromatem, dlatego szeroko stosuje si\u0119 go w [&hellip;]<\/p>\n","protected":false},"featured_media":2003,"comment_status":"closed","ping_status":"closed","template":"","meta":[],"product_brand":[],"product_cat":[157,163,212,164,168,174,173],"product_tag":[],"class_list":{"0":"post-1983","1":"product","2":"type-product","3":"status-publish","4":"has-post-thumbnail","6":"product_cat-surowce-anti-aging","7":"product_cat-cera-naczynkowa-tradzik-preparaty-antycellulitowe","8":"product_cat-olejki-aromatyczne-pl","9":"product_cat-twarz","10":"product_cat-wlosy","11":"product_cat-cialo","12":"product_cat-oleje-skwalany-masla-kosmetyczne-i-maceraty","14":"first","15":"instock","16":"taxable","17":"shipping-taxable","18":"purchasable","19":"product-type-simple"},"_links":{"self":[{"href":"https:\/\/densilab.com\/pl\/wp-json\/wp\/v2\/product\/1983","targetHints":{"allow":["GET"]}}],"collection":[{"href":"https:\/\/densilab.com\/pl\/wp-json\/wp\/v2\/product"}],"about":[{"href":"https:\/\/densilab.com\/pl\/wp-json\/wp\/v2\/types\/product"}],"replies":[{"embeddable":true,"href":"https:\/\/densilab.com\/pl\/wp-json\/wp\/v2\/comments?post=1983"}],"wp:featuredmedia":[{"embeddable":true,"href":"https:\/\/densilab.com\/pl\/wp-json\/wp\/v2\/media\/2003"}],"wp:attachment":[{"href":"https:\/\/densilab.com\/pl\/wp-json\/wp\/v2\/media?parent=1983"}],"wp:term":[{"taxonomy":"product_brand","embeddable":true,"href":"https:\/\/densilab.com\/pl\/wp-json\/wp\/v2\/product_brand?post=1983"},{"taxonomy":"product_cat","embeddable":true,"href":"https:\/\/densilab.com\/pl\/wp-json\/wp\/v2\/product_cat?post=1983"},{"taxonomy":"product_tag","embeddable":true,"href":"https:\/\/densilab.com\/pl\/wp-json\/wp\/v2\/product_tag?post=1983"}],"curies":[{"name":"wp","href":"https:\/\/api.w.org\/{rel}","templated":true}]}}