{"id":1965,"date":"2025-03-07T07:47:52","date_gmt":"2025-03-07T07:47:52","guid":{"rendered":"https:\/\/densilab.com\/?post_type=product&#038;p=1965"},"modified":"2025-08-31T10:38:24","modified_gmt":"2025-08-31T10:38:24","slug":"olejek-eteryczny-kora-cynamonowca","status":"publish","type":"product","link":"https:\/\/densilab.com\/pl\/produkt\/olejek-eteryczny-kora-cynamonowca\/","title":{"rendered":"OLEJEK ETERYCZNY KORA CYNAMONOWCA"},"content":{"rendered":"<p data-start=\"47\" data-end=\"196\"><strong data-start=\"47\" data-end=\"112\">100% Olejek eteryczny z kory cynamonu, destylowany par\u0105 wodn\u0105<\/strong><br data-start=\"153\" data-end=\"156\" \/><strong data-start=\"156\" data-end=\"194\">INCI: <\/strong><em>Cinnamomum Burmanni Bark Oil<\/em><\/p>\n<h3 data-start=\"198\" data-end=\"216\">Zastosowanie<\/h3>\n<p data-start=\"218\" data-end=\"446\">Olejek eteryczny z kory cynamonowca to wysokiej jako\u015bci, naturalny olejek otrzymywany w procesie destylacji par\u0105 wodn\u0105 z kory cynamonowca pochodz\u0105cego z Indonezji \u2013 olejek pozyskiwany z tej kory cechuje si\u0119 wyj\u0105tkow\u0105 jako\u015bci\u0105.<\/p>\n<p data-start=\"448\" data-end=\"1151\">Ma szerokie zastosowanie w produkcji kosmetyk\u00f3w. Jest istotnym sk\u0142adnikiem w przemy\u015ble perfumeryjnym (doskonale \u0142\u0105czy si\u0119 z aromatem r\u00f3\u017cy, go\u017adzika, magnolii i brzoskwini). Nadaje unikalne nuty zapachowe perfumom oraz kosmetykom piel\u0119gnacyjnym.<br data-start=\"692\" data-end=\"695\" \/>Idealny dodatek do balsam\u00f3w do cia\u0142a \u2013 rozgrzewa i pomaga w walce z \u201epomara\u0144czow\u0105 sk\u00f3rk\u0105\u201d.<br data-start=\"785\" data-end=\"788\" \/>Cenny sk\u0142adnik krem\u00f3w, tonik\u00f3w i mgie\u0142ek do twarzy \u2013 nadaje sk\u00f3rze aksamitny i promienny wygl\u0105d. Sk\u00f3ra staje si\u0119 g\u0142adka, j\u0119drna, napi\u0119ta i elastyczna.<br data-start=\"938\" data-end=\"941\" \/>Dodany do szamponu lub od\u017cywki do w\u0142os\u00f3w \u2013 nadaje im trwa\u0142y aromat oraz wzmacnia cebulki w\u0142osowe.<br data-start=\"1038\" data-end=\"1041\" \/>Sprawdza si\u0119 r\u00f3wnie\u017c w piel\u0119gnacji st\u00f3p i jest po\u017c\u0105danym komponentem krem\u00f3w do st\u00f3p i r\u0105k oraz dezodorant\u00f3w.<\/p>\n<h4 data-start=\"1153\" data-end=\"1172\">Jak stosowa\u0107?<\/h4>\n<p data-start=\"1174\" data-end=\"1590\">Doskonale \u0142\u0105czy si\u0119 z innymi olejkami eterycznymi oraz idealnie rozpuszcza si\u0119 w olejach bazowych.<br data-start=\"1272\" data-end=\"1275\" \/>Olejek eteryczny z kory cynamonowca jest silnie skoncentrowany i nie powinien by\u0107 stosowany samodzielnie. Nale\u017cy u\u017cywa\u0107 go w niskich st\u0119\u017ceniach, maksymalnie do 0,07%.<br data-start=\"1441\" data-end=\"1444\" \/>W produkcji kosmetyk\u00f3w jego st\u0119\u017cenie nie powinno przekracza\u0107 0,07%, a w dezodorantach \u2013 0,03%. Nie nale\u017cy stosowa\u0107 go na sk\u00f3r\u0119 wok\u00f3\u0142 oczu i ust.<\/p>\n<p data-start=\"1592\" data-end=\"1792\">W warunkach domowych mo\u017cna dodawa\u0107 go do gotowych krem\u00f3w, olejk\u00f3w do cia\u0142a, \u017celi pod prysznic, szampon\u00f3w czy od\u017cywek do w\u0142os\u00f3w. Na ka\u017cde 100 ml kosmetyku wystarczy doda\u0107 1-2 krople (st\u0119\u017cenie 0,07%).<\/p>\n<p data-start=\"1794\" data-end=\"1842\"><strong data-start=\"1794\" data-end=\"1808\">Krople\/ml:<\/strong> 1 ml olejku to oko\u0142o 18 kropli.<\/p>\n<h3 data-start=\"1844\" data-end=\"1864\">Opis dzia\u0142ania<\/h3>\n<p data-start=\"1866\" data-end=\"2382\">Olejek eteryczny z kory cynamonowca to prawdziwy dar natury:<br data-start=\"1926\" data-end=\"1929\" \/>\u2022 poprawia kr\u0105\u017cenie krwi i limfy, wspomaga redukcj\u0119 cellulitu, przyspiesza metabolizm,<br data-start=\"2015\" data-end=\"2018\" \/>\u2022 uj\u0119drnia i zwi\u0119ksza elastyczno\u015b\u0107 sk\u00f3ry,<br data-start=\"2059\" data-end=\"2062\" \/>\u2022 wykazuje dzia\u0142anie antybakteryjne, przeciwwirusowe i przeciwgrzybicze,<br data-start=\"2134\" data-end=\"2137\" \/>\u2022 reguluje wydzielanie sebum i wspiera r\u00f3wnowag\u0119 mikroflory sk\u00f3ry,<br data-start=\"2203\" data-end=\"2206\" \/>\u2022 wzmacnia cebulki w\u0142osowe i stymuluje wzrost w\u0142os\u00f3w,<br data-start=\"2259\" data-end=\"2262\" \/>\u2022 \u0142agodzi dolegliwo\u015bci reumatyczne,<br data-start=\"2297\" data-end=\"2300\" \/>\u2022 skutecznie odstrasza komary,<br data-start=\"2330\" data-end=\"2333\" \/>\u2022 posiada przyjemny, pobudzaj\u0105cy zmys\u0142y zapach.<\/p>\n<h3 data-start=\"2384\" data-end=\"2404\">Przechowywanie<\/h3>\n<p data-start=\"2406\" data-end=\"2527\">Przechowywa\u0107 w miejscu niedost\u0119pnym dla dzieci, w szczelnie zamkni\u0119tej buteleczce z ciemnego szk\u0142a, w ch\u0142odnym miejscu.<\/p>\n<h3 data-start=\"2529\" data-end=\"2546\">Ostrze\u017cenia<\/h3>\n<p data-start=\"2548\" data-end=\"2901\" data-is-only-node=\"\" data-is-last-node=\"\">Unika\u0107 kontaktu z oczami.<br data-start=\"2573\" data-end=\"2576\" \/>Nie stosowa\u0107 w postaci nierozcie\u0144czonej bezpo\u015brednio na sk\u00f3r\u0119.<br data-start=\"2638\" data-end=\"2641\" \/>Produkt przeznaczony wy\u0142\u0105cznie do u\u017cytku zewn\u0119trznego.<br data-start=\"2695\" data-end=\"2698\" \/>Nale\u017cy stosowa\u0107 wy\u0142\u0105cznie w bardzo niskich st\u0119\u017ceniach, maksymalnie do 0,07%.<br data-start=\"2774\" data-end=\"2777\" \/>Osoby o wra\u017cliwej sk\u00f3rze powinny wykona\u0107 test uczuleniowy przed u\u017cyciem.<br data-start=\"2849\" data-end=\"2852\" \/>Nie stosowa\u0107 wi\u0119cej ni\u017c 2 krople na jedno u\u017cycie.<\/p>\n","protected":false},"excerpt":{"rendered":"<p>100% Olejek eteryczny z kory cynamonu, destylowany par\u0105 wodn\u0105INCI: Cinnamomum Burmanni Bark Oil Zastosowanie Olejek eteryczny z kory cynamonowca to wysokiej jako\u015bci, naturalny olejek otrzymywany w procesie destylacji par\u0105 wodn\u0105 z kory cynamonowca pochodz\u0105cego z Indonezji \u2013 olejek pozyskiwany z tej kory cechuje si\u0119 wyj\u0105tkow\u0105 jako\u015bci\u0105. Ma szerokie zastosowanie w produkcji kosmetyk\u00f3w. Jest istotnym sk\u0142adnikiem [&hellip;]<\/p>\n","protected":false},"featured_media":2009,"comment_status":"closed","ping_status":"closed","template":"","meta":[],"product_brand":[],"product_cat":[163,212,164,168,174,173],"product_tag":[],"class_list":{"0":"post-1965","1":"product","2":"type-product","3":"status-publish","4":"has-post-thumbnail","6":"product_cat-cera-naczynkowa-tradzik-preparaty-antycellulitowe","7":"product_cat-olejki-aromatyczne-pl","8":"product_cat-twarz","9":"product_cat-wlosy","10":"product_cat-cialo","11":"product_cat-oleje-skwalany-masla-kosmetyczne-i-maceraty","13":"first","14":"instock","15":"taxable","16":"shipping-taxable","17":"purchasable","18":"product-type-simple"},"_links":{"self":[{"href":"https:\/\/densilab.com\/pl\/wp-json\/wp\/v2\/product\/1965","targetHints":{"allow":["GET"]}}],"collection":[{"href":"https:\/\/densilab.com\/pl\/wp-json\/wp\/v2\/product"}],"about":[{"href":"https:\/\/densilab.com\/pl\/wp-json\/wp\/v2\/types\/product"}],"replies":[{"embeddable":true,"href":"https:\/\/densilab.com\/pl\/wp-json\/wp\/v2\/comments?post=1965"}],"wp:featuredmedia":[{"embeddable":true,"href":"https:\/\/densilab.com\/pl\/wp-json\/wp\/v2\/media\/2009"}],"wp:attachment":[{"href":"https:\/\/densilab.com\/pl\/wp-json\/wp\/v2\/media?parent=1965"}],"wp:term":[{"taxonomy":"product_brand","embeddable":true,"href":"https:\/\/densilab.com\/pl\/wp-json\/wp\/v2\/product_brand?post=1965"},{"taxonomy":"product_cat","embeddable":true,"href":"https:\/\/densilab.com\/pl\/wp-json\/wp\/v2\/product_cat?post=1965"},{"taxonomy":"product_tag","embeddable":true,"href":"https:\/\/densilab.com\/pl\/wp-json\/wp\/v2\/product_tag?post=1965"}],"curies":[{"name":"wp","href":"https:\/\/api.w.org\/{rel}","templated":true}]}}