{"id":1952,"date":"2025-03-06T22:06:32","date_gmt":"2025-03-06T22:06:32","guid":{"rendered":"https:\/\/densilab.com\/?post_type=product&#038;p=1952"},"modified":"2025-08-31T10:54:27","modified_gmt":"2025-08-31T10:54:27","slug":"olejek-eteryczny-galka-muszkatolowa","status":"publish","type":"product","link":"https:\/\/densilab.com\/pl\/produkt\/olejek-eteryczny-galka-muszkatolowa\/","title":{"rendered":"OLEJEK ETERYCZNY GA\u0141KA MUSZKATO\u0141OWA"},"content":{"rendered":"<div class=\"flex max-w-full flex-col flex-grow\">\n<div class=\"min-h-8 text-message relative flex w-full flex-col items-end gap-2 whitespace-normal break-words text-start [.text-message+&amp;]:mt-5\" dir=\"auto\" data-message-author-role=\"assistant\" data-message-id=\"f24f6081-3ce6-426b-8308-6a4dabd17973\" data-message-model-slug=\"gpt-4o-mini\">\n<div class=\"flex w-full flex-col gap-1 empty:hidden first:pt-[3px]\">\n<div class=\"markdown prose w-full break-words dark:prose-invert dark\">\n<p data-start=\"65\" data-end=\"212\"><strong data-start=\"114\" data-end=\"128\">CAS<\/strong>: 84082-68-8<br data-start=\"140\" data-end=\"143\" \/><strong data-start=\"143\" data-end=\"160\">EINECS<\/strong>: 282-013-3<br data-start=\"171\" data-end=\"174\" \/><strong data-start=\"174\" data-end=\"182\">INCI<\/strong>: <em>Myristica Fragrans Fruit Oil<\/em><\/p>\n<h3 data-start=\"214\" data-end=\"374\"><strong data-start=\"214\" data-end=\"230\">Zastosowanie<\/strong><\/h3>\n<p data-start=\"214\" data-end=\"374\">Olejek eteryczny muszkato\u0142owy to wysokojako\u015bciowy, naturalny olejek eteryczny pozyskiwany z ga\u0142ki muszkato\u0142owej metod\u0105 destylacji par\u0105 wodn\u0105.<\/p>\n<p data-start=\"376\" data-end=\"788\">Ga\u0142ka muszkato\u0142owa wykorzystywana jest g\u0142\u00f3wnie jako przyprawa, lecz dzi\u0119ki swoim niezwyk\u0142ym w\u0142a\u015bciwo\u015bciom znalaz\u0142a szerokie zastosowanie w aromaterapii i masa\u017cu, a tak\u017ce w kosmetyce.<br data-start=\"558\" data-end=\"561\" \/>Olejek eteryczny muszkato\u0142owy doskonale rozpuszcza si\u0119 w ka\u017cdym oleju bazowym. Jest doskona\u0142ym dodatkiem do krem\u00f3w, maseczek, mase\u0142 kosmetycznych i balsam\u00f3w do cia\u0142a.<br data-start=\"727\" data-end=\"730\" \/>S\u0142u\u017cy tak\u017ce jako dodatek do szampon\u00f3w i od\u017cywek do w\u0142os\u00f3w.<\/p>\n<p data-start=\"790\" data-end=\"1131\"><strong data-start=\"790\" data-end=\"806\">Jak stosowa\u0107<\/strong><br data-start=\"806\" data-end=\"809\" \/>\u2022 Aromatyzacja: dodaj 5-10 kropli olejku do miseczki z wod\u0105 w kominku aromaterapeutycznym.<br data-start=\"899\" data-end=\"902\" \/>\u2022 Masa\u017c: 15-30 kropli zmieszaj z 50 ml oleju bazowego.<br data-start=\"956\" data-end=\"959\" \/>\u2022 K\u0105piel: 5-10 kropli olejku wkrop do wanny wype\u0142nionej wod\u0105.<br data-start=\"1020\" data-end=\"1023\" \/>\u2022 Inhalacja: kilka kropli olejku dodaj do gor\u0105cej wody, nakryj g\u0142ow\u0119 r\u0119cznikiem i wdychaj unosz\u0105c\u0105 si\u0119 par\u0119.<\/p>\n<p data-start=\"1133\" data-end=\"1177\"><strong data-start=\"1133\" data-end=\"1146\">Krople\/ml<\/strong>: 1 ml olejku to ok. 26 kropli.<\/p>\n<h3 data-start=\"1179\" data-end=\"1499\"><strong data-start=\"1179\" data-end=\"1197\">Opis dzia\u0142ania<\/strong><\/h3>\n<p data-start=\"1179\" data-end=\"1499\">Skutecznie zapobiega degeneracji tkanek, a do tego jest silnym antyoksydantem.<br data-start=\"1278\" data-end=\"1281\" \/>Dzia\u0142a bardzo korzystnie na cer\u0119, odm\u0142adzaj\u0105c j\u0105, pobudzaj\u0105c kr\u0105\u017cenie, wyg\u0142adzaj\u0105c, rozja\u015bniaj\u0105c i \u0142agodz\u0105c infekcje sk\u00f3ry.<br data-start=\"1404\" data-end=\"1407\" \/>Olejek dodany do szamponu lub od\u017cywki do w\u0142os\u00f3w poprawi stan sk\u00f3ry g\u0142owy oraz samych w\u0142os\u00f3w.<\/p>\n<p data-start=\"1501\" data-end=\"1949\">Stosowany w aromaterapii dzia\u0142a antyseptycznie, przeciwzapalnie i \u0142agodzi kaszel.<br data-start=\"1582\" data-end=\"1585\" \/>Je\u015bli zdecydujesz si\u0119 na masa\u017c z u\u017cyciem tego olejku, znakomicie rozlu\u017ani on napi\u0119cie mi\u0119\u015bni, z\u0142agodzi b\u00f3l brzucha (tak\u017ce menstruacyjny), zapobiegnie nerwob\u00f3lom, a tak\u017ce ograniczy b\u00f3l w przebiegu chor\u00f3b reumatycznych.<br data-start=\"1802\" data-end=\"1805\" \/>Olejek eteryczny muszkato\u0142owy jest te\u017c bardzo pomocny dla os\u00f3b aktywnych w sytuacjach przem\u0119czenia, przykurcz\u00f3w mi\u0119\u015bni, zwyrodnie\u0144 czy kontuzji.<\/p>\n<h3 data-start=\"1951\" data-end=\"2097\"><strong data-start=\"1951\" data-end=\"1969\">Przechowywanie<\/strong><\/h3>\n<p data-start=\"1951\" data-end=\"2097\">Przechowywa\u0107 w zaciemnionym, ch\u0142odnym, niedost\u0119pnym dla dzieci miejscu. Zaraz po u\u017cyciu nale\u017cy szczelnie zakr\u0119ci\u0107 buteleczk\u0119.<\/p>\n<h3 data-start=\"2099\" data-end=\"2570\"><strong data-start=\"2099\" data-end=\"2114\">Ostrze\u017cenia<\/strong><\/h3>\n<p data-start=\"2099\" data-end=\"2570\" data-is-only-node=\"\" data-is-last-node=\"\">Nie stosowa\u0107 u kobiet w ci\u0105\u017cy i karmi\u0105cych piersi\u0105, a tak\u017ce w przypadku nadwra\u017cliwo\u015bci na ga\u0142k\u0119 muszkato\u0142ow\u0105.<br data-start=\"2226\" data-end=\"2229\" \/>Olejek muszkato\u0142owy w du\u017cych ilo\u015bciach mo\u017ce zadzia\u0142a\u0107 psychoaktywnie.<br data-start=\"2298\" data-end=\"2301\" \/>W celu wyeliminowania niekorzystnych reakcji alergicznych przed zastosowaniem zaleca si\u0119 wykonanie pr\u00f3by na ma\u0142ym fragmencie sk\u00f3ry (kropl\u0119 olejku rozpu\u015bci\u0107 w \u0142y\u017cce sto\u0142owej oleju ro\u015blinnego i nanie\u015b\u0107 na sk\u00f3r\u0119).<br data-start=\"2511\" data-end=\"2514\" \/>Produkt przeznaczony jedynie do stosowania zewn\u0119trznego.<\/p>\n<\/div>\n<\/div>\n<\/div>\n<\/div>\n","protected":false},"excerpt":{"rendered":"<p>CAS: 84082-68-8EINECS: 282-013-3INCI: Myristica Fragrans Fruit Oil Zastosowanie Olejek eteryczny muszkato\u0142owy to wysokojako\u015bciowy, naturalny olejek eteryczny pozyskiwany z ga\u0142ki muszkato\u0142owej metod\u0105 destylacji par\u0105 wodn\u0105. Ga\u0142ka muszkato\u0142owa wykorzystywana jest g\u0142\u00f3wnie jako przyprawa, lecz dzi\u0119ki swoim niezwyk\u0142ym w\u0142a\u015bciwo\u015bciom znalaz\u0142a szerokie zastosowanie w aromaterapii i masa\u017cu, a tak\u017ce w kosmetyce.Olejek eteryczny muszkato\u0142owy doskonale rozpuszcza si\u0119 w ka\u017cdym oleju [&hellip;]<\/p>\n","protected":false},"featured_media":1949,"comment_status":"open","ping_status":"closed","template":"","meta":[],"product_brand":[],"product_cat":[212,164,168,174,173],"product_tag":[],"class_list":{"0":"post-1952","1":"product","2":"type-product","3":"status-publish","4":"has-post-thumbnail","6":"product_cat-olejki-aromatyczne-pl","7":"product_cat-twarz","8":"product_cat-wlosy","9":"product_cat-cialo","10":"product_cat-oleje-skwalany-masla-kosmetyczne-i-maceraty","12":"first","13":"instock","14":"taxable","15":"shipping-taxable","16":"purchasable","17":"product-type-simple"},"_links":{"self":[{"href":"https:\/\/densilab.com\/pl\/wp-json\/wp\/v2\/product\/1952","targetHints":{"allow":["GET"]}}],"collection":[{"href":"https:\/\/densilab.com\/pl\/wp-json\/wp\/v2\/product"}],"about":[{"href":"https:\/\/densilab.com\/pl\/wp-json\/wp\/v2\/types\/product"}],"replies":[{"embeddable":true,"href":"https:\/\/densilab.com\/pl\/wp-json\/wp\/v2\/comments?post=1952"}],"wp:featuredmedia":[{"embeddable":true,"href":"https:\/\/densilab.com\/pl\/wp-json\/wp\/v2\/media\/1949"}],"wp:attachment":[{"href":"https:\/\/densilab.com\/pl\/wp-json\/wp\/v2\/media?parent=1952"}],"wp:term":[{"taxonomy":"product_brand","embeddable":true,"href":"https:\/\/densilab.com\/pl\/wp-json\/wp\/v2\/product_brand?post=1952"},{"taxonomy":"product_cat","embeddable":true,"href":"https:\/\/densilab.com\/pl\/wp-json\/wp\/v2\/product_cat?post=1952"},{"taxonomy":"product_tag","embeddable":true,"href":"https:\/\/densilab.com\/pl\/wp-json\/wp\/v2\/product_tag?post=1952"}],"curies":[{"name":"wp","href":"https:\/\/api.w.org\/{rel}","templated":true}]}}