{"id":1938,"date":"2025-03-06T19:57:01","date_gmt":"2025-03-06T19:57:01","guid":{"rendered":"https:\/\/densilab.com\/?post_type=product&#038;p=1938"},"modified":"2025-08-31T10:43:36","modified_gmt":"2025-08-31T10:43:36","slug":"olejek-eteryczny-bergamotka-bez-furokumaryny","status":"publish","type":"product","link":"https:\/\/densilab.com\/pl\/produkt\/olejek-eteryczny-bergamotka-bez-furokumaryny\/","title":{"rendered":"OLEJEK ETERYCZNY BERGAMOTKA bez furokumaryny"},"content":{"rendered":"<p data-start=\"49\" data-end=\"119\"><strong data-start=\"49\" data-end=\"58\">INCI:<\/strong> <em>Citrus Aurantium Bergamia Fruit Oil<\/em><br data-start=\"94\" data-end=\"97\" \/>Limonen*<br data-start=\"105\" data-end=\"108\" \/>Linalool*<\/p>\n<p data-start=\"121\" data-end=\"155\">*Wyst\u0119puj\u0105 naturalnie w surowcu.<\/p>\n<p data-start=\"157\" data-end=\"202\"><strong data-start=\"157\" data-end=\"165\">CAS:<\/strong> 89957-91-5<br data-start=\"176\" data-end=\"179\" \/><strong data-start=\"179\" data-end=\"190\">EINECS:<\/strong> 289-612-6<\/p>\n<h3 data-start=\"209\" data-end=\"227\">Zastosowanie<\/h3>\n<p data-start=\"228\" data-end=\"569\">Olejek eteryczny z bergamotki FCF to wysokiej jako\u015bci, w 100\u202f% naturalny olejek, otrzymywany w procesie t\u0142oczenia na zimno z owoc\u00f3w bergamotki, specjalnie uprawianych do tego celu.<br data-start=\"408\" data-end=\"411\" \/>G\u0142\u00f3wn\u0105 zalet\u0105 olejku jest brak sk\u0142adnik\u00f3w fotouczulaj\u0105cych, dzi\u0119ki usuni\u0119ciu furanokumaryn z owocni bergamotki. Dlatego mo\u017cna go bezpiecznie stosowa\u0107 latem.<\/p>\n<p data-start=\"571\" data-end=\"1230\">Stosowany jest w kosmetyce jako dodatek do: olejk\u00f3w do masa\u017cu i cia\u0142a, krem\u00f3w, tonik\u00f3w, balsam\u00f3w, dezodorant\u00f3w, perfum, kosmetyk\u00f3w do w\u0142os\u00f3w, naturalnych myde\u0142 i kul do k\u0105pieli.<br data-start=\"748\" data-end=\"751\" \/>Polecany do piel\u0119gnacji sk\u00f3ry t\u0142ustej, mieszanej, sk\u0142onnej do tr\u0105dziku i przebarwie\u0144 \u2013 reguluje nadprodukcj\u0119 sebum poprzez hamowanie gruczo\u0142\u00f3w \u0142ojowych. Wspiera r\u00f3wnie\u017c leczenie bielactwa (vitiligo), \u0142uszczycy i tr\u0105dziku.<br data-start=\"972\" data-end=\"975\" \/>Olejek \u0142agodzi sw\u0119dzenie i pomaga w zapobieganiu infekcjom, dlatego dodaje si\u0119 go do produkt\u00f3w do higieny intymnej.<br data-start=\"1090\" data-end=\"1093\" \/>Znany jest z w\u0142a\u015bciwo\u015bci poprawiaj\u0105cych nastr\u00f3j, redukuje zm\u0119czenie i stres oraz wykazuje dzia\u0142anie antydepresyjne, np. w aromaterapii.<\/p>\n<p data-start=\"1232\" data-end=\"1492\"><strong data-start=\"1232\" data-end=\"1250\">Spos\u00f3b u\u017cycia:<\/strong><br data-start=\"1250\" data-end=\"1253\" \/>Olejek eteryczny z bergamotki FCF dobrze rozpuszcza si\u0119 w olejach no\u015bnikowych. Stosuj\u0105c bezpo\u015brednio na sk\u00f3r\u0119, nale\u017cy zawsze rozcie\u0144czy\u0107 w oleju bazowym.<br data-start=\"1406\" data-end=\"1409\" \/>Zalecane st\u0119\u017cenie w kosmetykach: 0,5\u20131\u202f%.<br data-start=\"1450\" data-end=\"1453\" \/>1\u202fml olejku odpowiada ok. 26 kroplom.<\/p>\n<h3 data-start=\"1499\" data-end=\"1514\">Dzia\u0142anie<\/h3>\n<p data-start=\"1515\" data-end=\"1547\">Olejek eteryczny z bergamotki:<\/p>\n<ul>\n<li data-start=\"1550\" data-end=\"1609\">dzia\u0142a antyseptycznie, antybakteryjnie i przeciwgrzybiczo<\/li>\n<li data-start=\"1612\" data-end=\"1659\">chroni sk\u00f3r\u0119 przed promieniowaniem s\u0142onecznym<\/li>\n<li data-start=\"1662\" data-end=\"1702\">wspiera leczenie bielactwa i \u0142uszczycy<\/li>\n<li data-start=\"1705\" data-end=\"1735\">wzmacnia naczynia krwiono\u015bne<\/li>\n<li data-start=\"1738\" data-end=\"1763\">dzia\u0142a przeciw\u0142upie\u017cowo<\/li>\n<li data-start=\"1766\" data-end=\"1794\">reguluje wydzielanie sebum<\/li>\n<li data-start=\"1797\" data-end=\"1825\">tonizuje i rozja\u015bnia sk\u00f3r\u0119<\/li>\n<li data-start=\"1828\" data-end=\"1896\">\u0142agodzi obrz\u0119ki, oparzenia s\u0142oneczne, blizny i nadmiern\u0105 potliwo\u015b\u0107<\/li>\n<li data-start=\"1899\" data-end=\"1940\">przyspiesza gojenie i regeneracj\u0119 sk\u00f3ry<\/li>\n<li data-start=\"1943\" data-end=\"1975\">dzia\u0142a \u015bci\u0105gaj\u0105co i tonizuj\u0105co<\/li>\n<\/ul>\n<h3 data-start=\"1982\" data-end=\"2002\">Przechowywanie<\/h3>\n<p data-start=\"2003\" data-end=\"2119\">Przechowywa\u0107 w miejscu niedost\u0119pnym dla dzieci, w ciemnej, szczelnie zamkni\u0119tej butelce, w temperaturze pokojowej.<\/p>\n<h3 data-start=\"2126\" data-end=\"2143\">Ostrze\u017cenia<\/h3>\n<ul>\n<li data-start=\"2146\" data-end=\"2173\">Unika\u0107 kontaktu z oczami.<\/li>\n<li data-start=\"2176\" data-end=\"2235\">Nie spo\u017cywa\u0107 ani nie stosowa\u0107 nierozcie\u0144czonego na sk\u00f3r\u0119.<\/li>\n<li data-start=\"2238\" data-end=\"2267\">Tylko do u\u017cytku zewn\u0119trznego.<\/li>\n<\/ul>\n","protected":false},"excerpt":{"rendered":"<p>INCI: Citrus Aurantium Bergamia Fruit OilLimonen*Linalool* *Wyst\u0119puj\u0105 naturalnie w surowcu. CAS: 89957-91-5EINECS: 289-612-6 Zastosowanie Olejek eteryczny z bergamotki FCF to wysokiej jako\u015bci, w 100\u202f% naturalny olejek, otrzymywany w procesie t\u0142oczenia na zimno z owoc\u00f3w bergamotki, specjalnie uprawianych do tego celu.G\u0142\u00f3wn\u0105 zalet\u0105 olejku jest brak sk\u0142adnik\u00f3w fotouczulaj\u0105cych, dzi\u0119ki usuni\u0119ciu furanokumaryn z owocni bergamotki. Dlatego mo\u017cna go [&hellip;]<\/p>\n","protected":false},"featured_media":1999,"comment_status":"open","ping_status":"closed","template":"","meta":[],"product_brand":[],"product_cat":[163,212,164,168,174,173],"product_tag":[],"class_list":{"0":"post-1938","1":"product","2":"type-product","3":"status-publish","4":"has-post-thumbnail","6":"product_cat-cera-naczynkowa-tradzik-preparaty-antycellulitowe","7":"product_cat-olejki-aromatyczne-pl","8":"product_cat-twarz","9":"product_cat-wlosy","10":"product_cat-cialo","11":"product_cat-oleje-skwalany-masla-kosmetyczne-i-maceraty","13":"first","14":"instock","15":"taxable","16":"shipping-taxable","17":"purchasable","18":"product-type-simple"},"_links":{"self":[{"href":"https:\/\/densilab.com\/pl\/wp-json\/wp\/v2\/product\/1938","targetHints":{"allow":["GET"]}}],"collection":[{"href":"https:\/\/densilab.com\/pl\/wp-json\/wp\/v2\/product"}],"about":[{"href":"https:\/\/densilab.com\/pl\/wp-json\/wp\/v2\/types\/product"}],"replies":[{"embeddable":true,"href":"https:\/\/densilab.com\/pl\/wp-json\/wp\/v2\/comments?post=1938"}],"wp:featuredmedia":[{"embeddable":true,"href":"https:\/\/densilab.com\/pl\/wp-json\/wp\/v2\/media\/1999"}],"wp:attachment":[{"href":"https:\/\/densilab.com\/pl\/wp-json\/wp\/v2\/media?parent=1938"}],"wp:term":[{"taxonomy":"product_brand","embeddable":true,"href":"https:\/\/densilab.com\/pl\/wp-json\/wp\/v2\/product_brand?post=1938"},{"taxonomy":"product_cat","embeddable":true,"href":"https:\/\/densilab.com\/pl\/wp-json\/wp\/v2\/product_cat?post=1938"},{"taxonomy":"product_tag","embeddable":true,"href":"https:\/\/densilab.com\/pl\/wp-json\/wp\/v2\/product_tag?post=1938"}],"curies":[{"name":"wp","href":"https:\/\/api.w.org\/{rel}","templated":true}]}}