{"id":1844,"date":"2025-02-14T13:46:54","date_gmt":"2025-02-14T13:46:54","guid":{"rendered":"https:\/\/densilab.com\/?post_type=product&#038;p=1844"},"modified":"2025-08-31T08:45:36","modified_gmt":"2025-08-31T08:45:36","slug":"dark-circle-kompleks-pod-oczy","status":"publish","type":"product","link":"https:\/\/densilab.com\/pl\/produkt\/dark-circle-kompleks-pod-oczy\/","title":{"rendered":"DARK CIRCLE - KOMPLEKS POD OCZY"},"content":{"rendered":"<p data-start=\"64\" data-end=\"224\"><strong data-start=\"64\" data-end=\"73\">INCI:<\/strong> <em>Woda, Gliceryna, Hesperydyna Metylochalkon, Steareth-20, Dipeptyd-2, Palmitoyl Tetrapeptyd-7<\/em><br data-start=\"166\" data-end=\"169\" \/><strong data-start=\"169\" data-end=\"176\">pH:<\/strong> 6\u20137<br data-start=\"180\" data-end=\"183\" \/><strong data-start=\"183\" data-end=\"216\">Indeks naturalno\u015bci produktu:<\/strong> &gt;0,92<\/p>\n<h3 data-start=\"226\" data-end=\"244\">Zastosowanie<\/h3>\n<p data-start=\"245\" data-end=\"384\">Dark Circle Complex to zaawansowany preparat przeznaczony do redukcji cieni i work\u00f3w pod oczami, konserwowany naturalnym Leucidal Liquid.<\/p>\n<p data-start=\"386\" data-end=\"868\">Cienie pod oczami s\u0105 powszechnym i trudnym do rozwi\u0105zania problemem. Cz\u0119sto maskuje si\u0119 je domowymi sposobami, takimi jak torebki herbaty czy plasterki og\u00f3rka (zmniejszaj\u0105 opuchlizn\u0119, ale nie usuwaj\u0105 nagromadzonej krwi). Dark Circle Complex to specjalistyczna formu\u0142a \u0142\u0105cz\u0105ca substancje wzmacniaj\u0105ce i uszczelniaj\u0105ce naczynia krwiono\u015bne oraz redukuj\u0105ce stany zapalne i podra\u017cnienia sk\u00f3ry. Dzi\u0119ki temu skutecznie wyr\u00f3wnuje koloryt i zmniejsza widoczno\u015b\u0107 sinych obszar\u00f3w pod oczami.<\/p>\n<p data-start=\"870\" data-end=\"1016\">Dzi\u0119ki zawarto\u015bci gliceryny preparat doskonale sprawdza si\u0119 jako dodatek do krem\u00f3w, olejk\u00f3w lub serum wodnych oraz do kompres\u00f3w na okolice oczu.<\/p>\n<p data-start=\"1018\" data-end=\"1264\">Najprostsza formu\u0142a polega na nas\u0105czeniu wacika olejem (np. jojoba, migda\u0142owym lub z pestek og\u00f3rka) i dodaniu Complexu lub po prostu na\u0142o\u017ceniu kompresu z preparatem rozcie\u0144czonym w wodzie.<br data-start=\"1206\" data-end=\"1209\" \/><strong data-start=\"1209\" data-end=\"1235\">Zalecana koncentracja:<\/strong> 1\u20135% w produkcie ko\u0144cowym.<\/p>\n<h3 data-start=\"1266\" data-end=\"1281\">Dzia\u0142anie<\/h3>\n<p data-start=\"1282\" data-end=\"1590\">Dark Circle Complex wzmacnia naczynia krwiono\u015bne pod oczami, zmniejszaj\u0105c ich przepuszczalno\u015b\u0107 i gromadzenie si\u0119 krwi.<br data-start=\"1400\" data-end=\"1403\" \/>Efektem jest redukcja obrz\u0119k\u00f3w i cieni pod oczami.<br data-start=\"1453\" data-end=\"1456\" \/>Preparat zmniejsza r\u00f3wnie\u017c stany zapalne i podra\u017cnienia, zapewnia odpowiednie nawil\u017cenie i u\u0142atwia wch\u0142anianie sk\u0142adnik\u00f3w aktywnych.<\/p>\n<h3 data-start=\"1592\" data-end=\"1612\">Przechowywanie<\/h3>\n<p data-start=\"1613\" data-end=\"1677\">Przechowywa\u0107 w suchym miejscu, unika\u0107 temperatur powy\u017cej 32\u00b0C.<\/p>\n<h3 data-start=\"1679\" data-end=\"1696\">Ostrze\u017cenia<\/h3>\n<p data-start=\"1697\" data-end=\"1752\">Przestrzega\u0107 terminu wa\u017cno\u015bci podanego na opakowaniu.<\/p>\n","protected":false},"excerpt":{"rendered":"<p>INCI: Woda, Gliceryna, Hesperydyna Metylochalkon, Steareth-20, Dipeptyd-2, Palmitoyl Tetrapeptyd-7pH: 6\u20137Indeks naturalno\u015bci produktu: &gt;0,92 Zastosowanie Dark Circle Complex to zaawansowany preparat przeznaczony do redukcji cieni i work\u00f3w pod oczami, konserwowany naturalnym Leucidal Liquid. Cienie pod oczami s\u0105 powszechnym i trudnym do rozwi\u0105zania problemem. Cz\u0119sto maskuje si\u0119 je domowymi sposobami, takimi jak torebki herbaty czy plasterki og\u00f3rka [&hellip;]<\/p>\n","protected":false},"featured_media":1843,"comment_status":"open","ping_status":"closed","template":"","meta":[],"product_brand":[],"product_cat":[221,157,162,163,164],"product_tag":[],"class_list":{"0":"post-1844","1":"product","2":"type-product","3":"status-publish","4":"has-post-thumbnail","6":"product_cat-skladniki-aktywne","7":"product_cat-surowce-anti-aging","8":"product_cat-surowce-nawilzajace","9":"product_cat-cera-naczynkowa-tradzik-preparaty-antycellulitowe","10":"product_cat-twarz","12":"first","13":"instock","14":"taxable","15":"shipping-taxable","16":"purchasable","17":"product-type-simple"},"_links":{"self":[{"href":"https:\/\/densilab.com\/pl\/wp-json\/wp\/v2\/product\/1844","targetHints":{"allow":["GET"]}}],"collection":[{"href":"https:\/\/densilab.com\/pl\/wp-json\/wp\/v2\/product"}],"about":[{"href":"https:\/\/densilab.com\/pl\/wp-json\/wp\/v2\/types\/product"}],"replies":[{"embeddable":true,"href":"https:\/\/densilab.com\/pl\/wp-json\/wp\/v2\/comments?post=1844"}],"wp:featuredmedia":[{"embeddable":true,"href":"https:\/\/densilab.com\/pl\/wp-json\/wp\/v2\/media\/1843"}],"wp:attachment":[{"href":"https:\/\/densilab.com\/pl\/wp-json\/wp\/v2\/media?parent=1844"}],"wp:term":[{"taxonomy":"product_brand","embeddable":true,"href":"https:\/\/densilab.com\/pl\/wp-json\/wp\/v2\/product_brand?post=1844"},{"taxonomy":"product_cat","embeddable":true,"href":"https:\/\/densilab.com\/pl\/wp-json\/wp\/v2\/product_cat?post=1844"},{"taxonomy":"product_tag","embeddable":true,"href":"https:\/\/densilab.com\/pl\/wp-json\/wp\/v2\/product_tag?post=1844"}],"curies":[{"name":"wp","href":"https:\/\/api.w.org\/{rel}","templated":true}]}}