{"id":1812,"date":"2025-01-28T08:43:53","date_gmt":"2025-01-28T08:43:53","guid":{"rendered":"https:\/\/densilab.com\/?post_type=product&#038;p=1812"},"modified":"2025-08-31T14:53:54","modified_gmt":"2025-08-31T14:53:54","slug":"zestaw-kwas-hialuronowy-7-kolagen-roslinny","status":"publish","type":"product","link":"https:\/\/densilab.com\/pl\/produkt\/zestaw-kwas-hialuronowy-7-kolagen-roslinny\/","title":{"rendered":"ZESTAW \u2013 KWAS HIALURONOWY 7% + KOLAGEN RO\u015aLINNY"},"content":{"rendered":"<p data-start=\"0\" data-end=\"217\"><strong>INCI:<\/strong><br data-start=\"5\" data-end=\"8\" \/><strong data-start=\"8\" data-end=\"28\">HIALURONIAN 7\u202f%:<\/strong> <em>Aqua, Sodium Hyaluronate, Leuconostoc\/Radish Root Ferment Filtrate<\/em><br data-start=\"95\" data-end=\"98\" \/><strong data-start=\"98\" data-end=\"119\">KOLAGEN RO\u015aLINNY:<\/strong> <em>Hydrolyzed Soy Protein, Rice Amino Acids, L-Proline, Hydrolyzed Adansonia Digitata Seed Extract<\/em><\/p>\n<h3 data-start=\"219\" data-end=\"636\"><strong data-start=\"219\" data-end=\"235\">Zastosowanie<\/strong><\/h3>\n<p data-start=\"219\" data-end=\"636\">Po\u0142\u0105czenie kolagenu i kwasu hialuronowego stanowi idealne rozwi\u0105zanie do piel\u0119gnacji sk\u00f3ry, w\u0142os\u00f3w i paznokci. Doskonale sprawdza si\u0119 w kosmetykach, takich jak kremy, sera czy maski.<br data-start=\"420\" data-end=\"423\" \/>Kolagen dzia\u0142a jako bia\u0142ko strukturalne, zwi\u0119kszaj\u0105c elastyczno\u015b\u0107 sk\u00f3ry, redukuj\u0105c zmarszczki i wspieraj\u0105c regeneracj\u0119. Kwas hialuronowy intensywnie nawil\u017ca, wi\u0105\u017ce wod\u0119 w kom\u00f3rkach sk\u00f3ry i poprawia jej j\u0119drno\u015b\u0107.<\/p>\n<p data-start=\"638\" data-end=\"962\">Kolagen zawarty w zestawie jest wega\u0144sk\u0105 alternatyw\u0105 dla kolagenu zwierz\u0119cego (o por\u00f3wnywalnym profilu sensorycznym). Produkt oparty jest na hydroizowanych bia\u0142kach soi, aminokwasach ry\u017cu oraz hydroizowanym ekstrakcie z nasion baobabu. Nie zawiera GMO, paraben\u00f3w ani formaldehydu.<br data-start=\"918\" data-end=\"921\" \/>Zalecane st\u0119\u017cenie w kosmetykach: 1\u20135\u202f%.<\/p>\n<p data-start=\"964\" data-end=\"1605\">Kwas hialuronowy wyst\u0119puje w postaci wodnego roztworu z 7\u202f% hialuronianu sodu (wy\u0142\u0105cznie ultrama\u0142ocz\u0105steczkowy, o masie cz\u0105steczkowej poni\u017cej 5000\u202fDa) i jest substancj\u0105 biokompatybiln\u0105. Cz\u0119sto stosowany w kremach i lotionach drogeryjnych, zwykle w niewielkich ilo\u015bciach, rzadko podawana jest masa cz\u0105steczkowa.<br data-start=\"1274\" data-end=\"1277\" \/>Znajduje szerokie zastosowanie zar\u00f3wno jako dodatek do kosmetyk\u00f3w drogeryjnych, jak i baza do domowej produkcji krem\u00f3w, lotion\u00f3w, masek i peeling\u00f3w.<br data-start=\"1425\" data-end=\"1428\" \/>Po po\u0142\u0105czeniu z kolagenem i olejami kosmetycznymi powstaje doskona\u0142e serum.<br data-start=\"1503\" data-end=\"1506\" \/>Idealny do piel\u0119gnacji w\u0142os\u00f3w.<br data-start=\"1536\" data-end=\"1539\" \/>Roztw\u00f3r mo\u017cna nak\u0142ada\u0107 bezpo\u015brednio na such\u0105, oczyszczon\u0105 sk\u00f3r\u0119.<\/p>\n<h3 data-start=\"1607\" data-end=\"2232\"><strong data-start=\"1607\" data-end=\"1620\">Dzia\u0142anie<\/strong><\/h3>\n<p data-start=\"1607\" data-end=\"2232\">Kolagen i kwas hialuronowy s\u0105 kluczowymi substancjami odpowiedzialnymi za utrzymanie j\u0119drno\u015bci, elastyczno\u015bci i spr\u0119\u017cysto\u015bci sk\u00f3ry. \u0141atwo wnikaj\u0105 w tkanki, wbudowuj\u0105c si\u0119 w ich struktur\u0119 i docieraj\u0105c zar\u00f3wno do powierzchownych, jak i g\u0142\u0119bszych warstw sk\u00f3ry.<br data-start=\"1880\" data-end=\"1883\" \/>Zapewniaj\u0105 g\u0142\u0119bokie nawil\u017cenie, sk\u00f3ra staje si\u0119 g\u0142adka i roz\u015bwietlona.<br data-start=\"1953\" data-end=\"1956\" \/>Mieszanka ma r\u00f3wnie\u017c w\u0142a\u015bciwo\u015bci antyoksydacyjne, chroni sk\u00f3r\u0119 przed szkodliwym dzia\u0142aniem wolnych rodnik\u00f3w i wspomaga produkcj\u0119 naturalnych antyoksydant\u00f3w, chroni\u0105c sk\u00f3r\u0119 przed szkodliwymi czynnikami zewn\u0119trznymi, takimi jak promieniowanie UV i zanieczyszczenia \u015brodowiska.<\/p>\n<p data-start=\"2234\" data-end=\"2769\"><strong data-start=\"2234\" data-end=\"2244\">W\u0142osy:<\/strong> Preparaty poprawiaj\u0105 struktur\u0119 w\u0142os\u00f3w, nadaj\u0105 im zdrowy wygl\u0105d i obj\u0119to\u015b\u0107. W\u0142osy s\u0105 od\u017cywione, ich elastyczno\u015b\u0107 wzrasta, dzi\u0119ki czemu staj\u0105 si\u0119 odporne na uszkodzenia mechaniczne i termiczne. Kolagen i kwas hialuronowy zapobiegaj\u0105 utracie wilgoci, dzi\u0119ki czemu w\u0142osy pozostaj\u0105 dobrze nawil\u017cone i zdrowe.<br data-start=\"2548\" data-end=\"2551\" \/>S\u0105 tak\u017ce doskona\u0142ymi sk\u0142adnikami regeneruj\u0105cymi w\u0142osy po zabiegach fryzjerskich, wzmacniaj\u0105 je szybko i skutecznie (szczeg\u00f3lnie po farbowaniu) oraz zapobiegaj\u0105 rozdwajaniu ko\u0144c\u00f3wek. W\u0142osy staj\u0105 si\u0119 mi\u0119kkie i l\u015bni\u0105ce.<\/p>\n<h3 data-start=\"2771\" data-end=\"2844\"><strong data-start=\"2771\" data-end=\"2789\">Przechowywanie<\/strong><\/h3>\n<p data-start=\"2771\" data-end=\"2844\">Po otwarciu przechowywa\u0107 w lod\u00f3wce (nie zamra\u017ca\u0107).<\/p>\n<h3 data-start=\"2846\" data-end=\"2913\"><strong data-start=\"2846\" data-end=\"2861\">Ostrze\u017cenia<\/strong><\/h3>\n<p data-start=\"2846\" data-end=\"2913\" data-is-last-node=\"\" data-is-only-node=\"\">Przestrzega\u0107 daty wa\u017cno\u015bci podanej na opakowaniu.<\/p>\n","protected":false},"excerpt":{"rendered":"<p>INCI:HIALURONIAN 7\u202f%: Aqua, Sodium Hyaluronate, Leuconostoc\/Radish Root Ferment FiltrateKOLAGEN RO\u015aLINNY: Hydrolyzed Soy Protein, Rice Amino Acids, L-Proline, Hydrolyzed Adansonia Digitata Seed Extract Zastosowanie Po\u0142\u0105czenie kolagenu i kwasu hialuronowego stanowi idealne rozwi\u0105zanie do piel\u0119gnacji sk\u00f3ry, w\u0142os\u00f3w i paznokci. Doskonale sprawdza si\u0119 w kosmetykach, takich jak kremy, sera czy maski.Kolagen dzia\u0142a jako bia\u0142ko strukturalne, zwi\u0119kszaj\u0105c elastyczno\u015b\u0107 sk\u00f3ry, [&hellip;]<\/p>\n","protected":false},"featured_media":1811,"comment_status":"open","ping_status":"closed","template":"","meta":[],"product_brand":[],"product_cat":[221,157,162,163,164,168,174,170,135],"product_tag":[],"class_list":{"0":"post-1812","1":"product","2":"type-product","3":"status-publish","4":"has-post-thumbnail","6":"product_cat-skladniki-aktywne","7":"product_cat-surowce-anti-aging","8":"product_cat-surowce-nawilzajace","9":"product_cat-cera-naczynkowa-tradzik-preparaty-antycellulitowe","10":"product_cat-twarz","11":"product_cat-wlosy","12":"product_cat-cialo","13":"product_cat-kwas-hialuronowy-kolageny-keratyna-i-pochodne","14":"product_cat-zestawyproduktow","16":"first","17":"instock","18":"sale","19":"taxable","20":"shipping-taxable","21":"purchasable","22":"product-type-simple"},"_links":{"self":[{"href":"https:\/\/densilab.com\/pl\/wp-json\/wp\/v2\/product\/1812","targetHints":{"allow":["GET"]}}],"collection":[{"href":"https:\/\/densilab.com\/pl\/wp-json\/wp\/v2\/product"}],"about":[{"href":"https:\/\/densilab.com\/pl\/wp-json\/wp\/v2\/types\/product"}],"replies":[{"embeddable":true,"href":"https:\/\/densilab.com\/pl\/wp-json\/wp\/v2\/comments?post=1812"}],"wp:featuredmedia":[{"embeddable":true,"href":"https:\/\/densilab.com\/pl\/wp-json\/wp\/v2\/media\/1811"}],"wp:attachment":[{"href":"https:\/\/densilab.com\/pl\/wp-json\/wp\/v2\/media?parent=1812"}],"wp:term":[{"taxonomy":"product_brand","embeddable":true,"href":"https:\/\/densilab.com\/pl\/wp-json\/wp\/v2\/product_brand?post=1812"},{"taxonomy":"product_cat","embeddable":true,"href":"https:\/\/densilab.com\/pl\/wp-json\/wp\/v2\/product_cat?post=1812"},{"taxonomy":"product_tag","embeddable":true,"href":"https:\/\/densilab.com\/pl\/wp-json\/wp\/v2\/product_tag?post=1812"}],"curies":[{"name":"wp","href":"https:\/\/api.w.org\/{rel}","templated":true}]}}