{"id":1765,"date":"2025-01-21T08:03:14","date_gmt":"2025-01-21T08:03:14","guid":{"rendered":"https:\/\/densilab.com\/?post_type=product&#038;p=1765"},"modified":"2025-08-30T10:30:46","modified_gmt":"2025-08-30T10:30:46","slug":"zestaw-keratyna-i-biotyna","status":"publish","type":"product","link":"https:\/\/densilab.com\/pl\/produkt\/zestaw-keratyna-i-biotyna\/","title":{"rendered":"ZESTAW - KERATYNA I BIOTYNA"},"content":{"rendered":"<p><strong>INCI:<\/strong><\/p>\n<p><strong>KERATYNA:<\/strong> <em>Aqua, Cocos Nucifera (Coconut) Oil*, Helianthus Annuus Seed Oil*, Cetearyl Alcohol &amp; Coco-Glucoside, Butyrospermum Parkii*, Xanthan Gum, Prunus Armeniaca Kernel Oil, Phenoxyethanol, Aloe ,Barbadensis (Aloe Vera) Leaf Juice Powder*, Citric Acid, Tocopherol, Lactic Acid, Benzoic Acid, Dehydroacetic Acid<\/em><\/p>\n<p>*Certified Organically Grown Ingredient, Certified by Soil Association<\/p>\n<p><strong>BIOTYNA:<\/strong> <em>Aqua &amp; Phospholipids &amp; Biotin &amp; Leuconostoc\/Radish Root Ferment Filtrate<\/em><\/p>\n<h3><strong>Zastosowanie<\/strong><strong>\u00a0<\/strong><\/h3>\n<p>Idealne dodatki do szampon\u00f3w, od\u017cywek i masek do w\u0142os\u00f3w (wystarczy doda\u0107 preparaty w ilo\u015bci do 10% obj\u0119to\u015bci bazowego kosmetyku).<\/p>\n<p>W piel\u0119gnacji w\u0142os\u00f3w polecamy tak\u017ce stosowa\u0107 je jako wcierk\u0119 w sk\u00f3r\u0119 g\u0142owy lub jako mgie\u0142k\u0119 (na wilgotne w\u0142osy, po umyciu).<\/p>\n<p>Preparaty skuteczne tak\u017ce w piel\u0119gnacji paznokci \u2013 naj\u0142atwiej po\u0142\u0105czy\u0107 kilka kropli olejku z kilkoma kropelkami preparat\u00f3w by otrzyma\u0107 skuteczn\u0105 wcierk\u0119 do paznokci.<\/p>\n<p>Kolejne zastosowanie to dodatek do krem\u00f3w i maseczek do r\u0105k (doda\u0107 preparaty w ilo\u015bci do 30% obj\u0119to\u015bci bazowego kremu).<\/p>\n<h3><strong>Opis dzia\u0142ania<\/strong><\/h3>\n<p>Keratyna na zasadzie cementu wype\u0142nia ubytki w strukturze w\u0142os\u00f3w - wnika w g\u0142\u0105b w\u0142osa wbudowuj\u0105c si\u0119 w uszkodzone miejsca, na powierzchni tworzy ochronn\u0105 warstw\u0119 koloidow\u0105. Dodatkowo intensywnie nawil\u017ca w\u0142osy i reguluje ich wilgotno\u015b\u0107, poprawia wytrzyma\u0142o\u015b\u0107 mechaniczn\u0105 w\u0142\u00f3kien, dzi\u0119ki czemu nie ulegaj\u0105 \u0142amaniu podczas czesania, redukuje sk\u0142onno\u015b\u0107 do rozdwajania si\u0119 ko\u0144c\u00f3wek.<\/p>\n<p>Biotyna wzmacnia w\u0142osy od nasady, dzi\u0119ki czemu ogranicza problem nadmiernego ich wypadania.<\/p>\n<p>Dzi\u0119ki formule liposomowej, biotyna bez problemu przenika w g\u0142\u0105b tkanki, tak\u017ce przez kilka warstw nask\u00f3rka w sk\u00f3rze g\u0142owy.<\/p>\n<p>Wzmacnia cebulki w\u0142osowe i stymuluje wzrost w\u0142os\u00f3w, zwi\u0119ksza obj\u0119to\u015b\u0107, poprawia elastyczno\u015b\u0107 i blask, hamuje nadmiern\u0105 prac\u0119 gruczo\u0142\u00f3w \u0142ojowych, \u0142agodzi \u0142upie\u017c.<\/p>\n<p><strong>Efekty stosowania preparat\u00f3w na paznokcie:<\/strong><\/p>\n<ul>\n<li data-start=\"2\" data-end=\"66\">Regeneruje uszkodzon\u0105 p\u0142ytk\u0119 paznokcia, wzmacnia j\u0105 i pogrubia<\/li>\n<li data-start=\"69\" data-end=\"111\">Zapobiega \u0142amaniu i rozdwajaniu paznokci<\/li>\n<li data-start=\"114\" data-end=\"180\">Nawil\u017ca i przyspiesza gojenie p\u0119kaj\u0105cego nask\u00f3rka wok\u00f3\u0142 paznokci<\/li>\n<li data-start=\"183\" data-end=\"234\">Poprawia stan za\u017c\u00f3\u0142conych i przebarwionych paznokci<\/li>\n<\/ul>\n<h3><strong>Opis przechowywania<\/strong><\/h3>\n<p>Chroni\u0107 przed bezpo\u015brednim \u015bwiat\u0142em i wilgoci\u0105 w temperaturze pokojowej.<\/p>\n<h3><strong>Ostrze\u017cenia<\/strong><\/h3>\n<p>Przestrzega\u0107 terminu wa\u017cno\u015bci podanego na opakowaniu.<\/p>\n","protected":false},"excerpt":{"rendered":"<p>INCI: KERATYNA: Aqua, Cocos Nucifera (Coconut) Oil*, Helianthus Annuus Seed Oil*, Cetearyl Alcohol &amp; Coco-Glucoside, Butyrospermum Parkii*, Xanthan Gum, Prunus Armeniaca Kernel Oil, Phenoxyethanol, Aloe ,Barbadensis (Aloe Vera) Leaf Juice Powder*, Citric Acid, Tocopherol, Lactic Acid, Benzoic Acid, Dehydroacetic Acid *Certified Organically Grown Ingredient, Certified by Soil Association BIOTYNA: Aqua &amp; Phospholipids &amp; Biotin &amp; [&hellip;]<\/p>\n","protected":false},"featured_media":1763,"comment_status":"open","ping_status":"closed","template":"","meta":[],"product_brand":[],"product_cat":[221,162,168,181,170,135],"product_tag":[],"class_list":{"0":"post-1765","1":"product","2":"type-product","3":"status-publish","4":"has-post-thumbnail","6":"product_cat-skladniki-aktywne","7":"product_cat-surowce-nawilzajace","8":"product_cat-wlosy","9":"product_cat-liposomy-i-peptydy","10":"product_cat-kwas-hialuronowy-kolageny-keratyna-i-pochodne","11":"product_cat-zestawyproduktow","13":"first","14":"instock","15":"sale","16":"taxable","17":"shipping-taxable","18":"purchasable","19":"product-type-simple"},"_links":{"self":[{"href":"https:\/\/densilab.com\/pl\/wp-json\/wp\/v2\/product\/1765","targetHints":{"allow":["GET"]}}],"collection":[{"href":"https:\/\/densilab.com\/pl\/wp-json\/wp\/v2\/product"}],"about":[{"href":"https:\/\/densilab.com\/pl\/wp-json\/wp\/v2\/types\/product"}],"replies":[{"embeddable":true,"href":"https:\/\/densilab.com\/pl\/wp-json\/wp\/v2\/comments?post=1765"}],"wp:featuredmedia":[{"embeddable":true,"href":"https:\/\/densilab.com\/pl\/wp-json\/wp\/v2\/media\/1763"}],"wp:attachment":[{"href":"https:\/\/densilab.com\/pl\/wp-json\/wp\/v2\/media?parent=1765"}],"wp:term":[{"taxonomy":"product_brand","embeddable":true,"href":"https:\/\/densilab.com\/pl\/wp-json\/wp\/v2\/product_brand?post=1765"},{"taxonomy":"product_cat","embeddable":true,"href":"https:\/\/densilab.com\/pl\/wp-json\/wp\/v2\/product_cat?post=1765"},{"taxonomy":"product_tag","embeddable":true,"href":"https:\/\/densilab.com\/pl\/wp-json\/wp\/v2\/product_tag?post=1765"}],"curies":[{"name":"wp","href":"https:\/\/api.w.org\/{rel}","templated":true}]}}