{"id":1706,"date":"2024-01-08T11:36:00","date_gmt":"2024-01-08T11:36:00","guid":{"rendered":"https:\/\/densilab.com\/?post_type=product&#038;p=1706"},"modified":"2025-08-31T09:47:44","modified_gmt":"2025-08-31T09:47:44","slug":"olejek-z-drzewa-herbacianego","status":"publish","type":"product","link":"https:\/\/densilab.com\/pl\/produkt\/olejek-z-drzewa-herbacianego\/","title":{"rendered":"OLEJEK Z DRZEWA HERBACIANEGO"},"content":{"rendered":"<p data-start=\"35\" data-end=\"210\"><strong data-start=\"35\" data-end=\"44\">INCI:<\/strong> <em>Melaleuca Alternifolia Leaf Oil (LINALOOL*, LIMONENE*)<\/em><br data-start=\"99\" data-end=\"102\" \/><em data-start=\"102\" data-end=\"208\">Naturalne sk\u0142adniki olejk\u00f3w eterycznych, wymienione w INCI zgodnie z 7. zmian\u0105 dyrektywy kosmetycznej UE<\/em><\/p>\n<h3 data-start=\"217\" data-end=\"235\">Zastosowanie<\/h3>\n<p data-start=\"236\" data-end=\"661\">Olejek eteryczny z drzewa herbacianego pozyskiwany jest przez destylacj\u0119 par\u0105 wodn\u0105 li\u015bci i m\u0142odych ga\u0142\u0105zek <em data-start=\"344\" data-end=\"368\">Melaleuca alternifolia<\/em>. Li\u015bcie tej ro\u015bliny od wiek\u00f3w stosowane s\u0105 ze wzgl\u0119du na w\u0142a\u015bciwo\u015bci lecznicze i ochronne. Nowoczesne badania wykaza\u0142y ponad 90 aktywnych zwi\u0105zk\u00f3w odpowiedzialnych za szerokie spektrum dzia\u0142ania \u2013 w szczeg\u00f3lno\u015bci dzia\u0142anie antybakteryjne, przeciwgrzybicze, przeciwwirusowe i przeciwzapalne.<\/p>\n<p data-start=\"663\" data-end=\"898\">Polecany do kosmetyk\u00f3w takich jak kremy do twarzy i r\u0105k, balsamy do cia\u0142a, serum, maseczki, szampony, od\u017cywki, dezodoranty, \u017cele myj\u0105ce i produkty do piel\u0119gnacji st\u00f3p. Idealny do sk\u00f3ry tr\u0105dzikowej, t\u0142ustej lub sk\u0142onnej do podra\u017cnie\u0144.<\/p>\n<p data-start=\"900\" data-end=\"1050\">Podczas przygotowywania kosmetyk\u00f3w najpierw wprowadzi\u0107 do fazy t\u0142uszczowej (przed sk\u0142adnikami rozpuszczalnymi w wodzie). Zalecane st\u0119\u017cenie: 0,5\u20133 %.<\/p>\n<h3 data-start=\"1057\" data-end=\"1072\">Dzia\u0142anie<\/h3>\n<ul>\n<li data-start=\"1075\" data-end=\"1153\">Reguluje prac\u0119 gruczo\u0142\u00f3w \u0142ojowych, zmniejsza b\u0142yszczenie sk\u00f3ry i zw\u0119\u017ca pory.<\/li>\n<li data-start=\"1156\" data-end=\"1254\">Wspiera naturaln\u0105 regeneracj\u0119 sk\u00f3ry, \u0142agodzi zaczerwienienia i wspomaga gojenie niedoskona\u0142o\u015bci.<\/li>\n<li data-start=\"1257\" data-end=\"1357\">Silnie dzia\u0142a antybakteryjnie, przeciwgrzybiczo i przeciwwirusowo \u2013 hamuje rozw\u00f3j mikroorganizm\u00f3w.<\/li>\n<li data-start=\"1360\" data-end=\"1413\">Redukuje tr\u0105dzik, zask\u00f3rniki i stany zapalne sk\u00f3ry.<\/li>\n<li data-start=\"1416\" data-end=\"1495\">\u0141agodzi sw\u0119dzenie, podra\u017cnienia i zaczerwienienia, np. po uk\u0105szeniach owad\u00f3w.<\/li>\n<li data-start=\"1498\" data-end=\"1590\">Skuteczny w zapobieganiu i piel\u0119gnacji infekcji grzybiczych sk\u00f3ry, paznokci i sk\u00f3ry g\u0142owy.<\/li>\n<li data-start=\"1593\" data-end=\"1691\">W piel\u0119gnacji w\u0142os\u00f3w: zwalcza \u0142upie\u017c, wzmacnia sk\u00f3r\u0119 g\u0142owy i reguluje nadmiern\u0105 produkcj\u0119 sebum.<\/li>\n<li data-start=\"1694\" data-end=\"1755\">Od\u015bwie\u017ca, oczyszcza i zapewnia uczucie zr\u00f3wnowa\u017conej sk\u00f3ry.<\/li>\n<li data-start=\"1758\" data-end=\"1862\">Nadaje si\u0119 do k\u0105pieli st\u00f3p i produkt\u00f3w do cia\u0142a dzi\u0119ki w\u0142a\u015bciwo\u015bciom dezodoryzuj\u0105cym i oczyszczaj\u0105cym.<\/li>\n<li data-start=\"1865\" data-end=\"1923\">Posiada lekkie dzia\u0142anie przeciwb\u00f3lowe i przeciwzapalne.<\/li>\n<li data-start=\"1926\" data-end=\"1998\">Naturalnie dezodoruje \u2013 idealny w dezodorantach i kosmetykach do st\u00f3p.<\/li>\n<\/ul>\n<h3 data-start=\"2005\" data-end=\"2025\">Przechowywanie<\/h3>\n<p data-start=\"2026\" data-end=\"2150\">Przechowywa\u0107 w temperaturze pokojowej, w miejscu chronionym przed \u015bwiat\u0142em i ciep\u0142em. Nie wymaga przechowywania w lod\u00f3wce.<\/p>\n<h3 data-start=\"2157\" data-end=\"2174\">Ostrze\u017cenia<\/h3>\n<ul>\n<li data-start=\"2177\" data-end=\"2228\">Przestrzega\u0107 daty wa\u017cno\u015bci podanej na opakowaniu.<\/li>\n<li data-start=\"2231\" data-end=\"2275\">Nie stosowa\u0107 bezpo\u015brednio na otwarte rany.<\/li>\n<li data-start=\"2278\" data-end=\"2323\">Unika\u0107 kontaktu z oczami i b\u0142onami \u015bluzowymi.<\/li>\n<\/ul>\n","protected":false},"excerpt":{"rendered":"<p>INCI: Melaleuca Alternifolia Leaf Oil (LINALOOL*, LIMONENE*)Naturalne sk\u0142adniki olejk\u00f3w eterycznych, wymienione w INCI zgodnie z 7. zmian\u0105 dyrektywy kosmetycznej UE Zastosowanie Olejek eteryczny z drzewa herbacianego pozyskiwany jest przez destylacj\u0119 par\u0105 wodn\u0105 li\u015bci i m\u0142odych ga\u0142\u0105zek Melaleuca alternifolia. Li\u015bcie tej ro\u015bliny od wiek\u00f3w stosowane s\u0105 ze wzgl\u0119du na w\u0142a\u015bciwo\u015bci lecznicze i ochronne. Nowoczesne badania wykaza\u0142y [&hellip;]<\/p>\n","protected":false},"featured_media":2013,"comment_status":"open","ping_status":"closed","template":"","meta":[],"product_brand":[],"product_cat":[163,212,164,174,173],"product_tag":[],"class_list":{"0":"post-1706","1":"product","2":"type-product","3":"status-publish","4":"has-post-thumbnail","6":"product_cat-cera-naczynkowa-tradzik-preparaty-antycellulitowe","7":"product_cat-olejki-aromatyczne-pl","8":"product_cat-twarz","9":"product_cat-cialo","10":"product_cat-oleje-skwalany-masla-kosmetyczne-i-maceraty","12":"first","13":"instock","14":"taxable","15":"shipping-taxable","16":"purchasable","17":"product-type-simple"},"_links":{"self":[{"href":"https:\/\/densilab.com\/pl\/wp-json\/wp\/v2\/product\/1706","targetHints":{"allow":["GET"]}}],"collection":[{"href":"https:\/\/densilab.com\/pl\/wp-json\/wp\/v2\/product"}],"about":[{"href":"https:\/\/densilab.com\/pl\/wp-json\/wp\/v2\/types\/product"}],"replies":[{"embeddable":true,"href":"https:\/\/densilab.com\/pl\/wp-json\/wp\/v2\/comments?post=1706"}],"wp:featuredmedia":[{"embeddable":true,"href":"https:\/\/densilab.com\/pl\/wp-json\/wp\/v2\/media\/2013"}],"wp:attachment":[{"href":"https:\/\/densilab.com\/pl\/wp-json\/wp\/v2\/media?parent=1706"}],"wp:term":[{"taxonomy":"product_brand","embeddable":true,"href":"https:\/\/densilab.com\/pl\/wp-json\/wp\/v2\/product_brand?post=1706"},{"taxonomy":"product_cat","embeddable":true,"href":"https:\/\/densilab.com\/pl\/wp-json\/wp\/v2\/product_cat?post=1706"},{"taxonomy":"product_tag","embeddable":true,"href":"https:\/\/densilab.com\/pl\/wp-json\/wp\/v2\/product_tag?post=1706"}],"curies":[{"name":"wp","href":"https:\/\/api.w.org\/{rel}","templated":true}]}}