{"id":1703,"date":"2024-09-29T11:19:13","date_gmt":"2024-09-29T11:19:13","guid":{"rendered":"https:\/\/densilab.com\/?post_type=product&#038;p=1703"},"modified":"2025-08-31T06:32:20","modified_gmt":"2025-08-31T06:32:20","slug":"ceramidy-2","status":"publish","type":"product","link":"https:\/\/densilab.com\/pl\/produkt\/ceramidy-2\/","title":{"rendered":"CERAMIDY"},"content":{"rendered":"<p data-start=\"52\" data-end=\"134\"><strong data-start=\"52\" data-end=\"60\">INCI<\/strong>: <em>Glycerin, Glycosphingolipids, Leuconostoc\/Radish Root Ferment Filtrate<\/em><\/p>\n<h3 data-start=\"136\" data-end=\"154\">Zastosowanie<\/h3>\n<p data-start=\"155\" data-end=\"633\">Ceramidy naturalnie wyst\u0119puj\u0105 w nask\u00f3rku i odpowiadaj\u0105 za jego w\u0142a\u015bciwo\u015bci ochronne. M\u00f3wi\u0105c pro\u015bciej \u2013 chroni\u0105 sk\u00f3r\u0119 i w\u0142osy przed szkodliwym wp\u0142ywem czynnik\u00f3w zewn\u0119trznych. Zapewniaj\u0105 odpowiedni poziom nawil\u017cenia, zwi\u0119kszaj\u0105 j\u0119drno\u015b\u0107 sk\u00f3ry oraz stymuluj\u0105 syntez\u0119 kolagenu.<br data-start=\"428\" data-end=\"431\" \/>S\u0105 niezb\u0119dne do utrzymania nawil\u017cenia i integralno\u015bci bariery ochronnej sk\u00f3ry, co pozwala zachowa\u0107 j\u0105 w optymalnej kondycji.<br data-start=\"555\" data-end=\"558\" \/>Ceramidy znajduj\u0105 zastosowanie zar\u00f3wno w piel\u0119gnacji sk\u00f3ry, jak i w\u0142os\u00f3w.<\/p>\n<p data-start=\"635\" data-end=\"1144\">Rekomendowane st\u0119\u017cenie w kosmetykach wynosi 1\u201310%. Ni\u017csze stosuje si\u0119 w produktach do w\u0142os\u00f3w (od\u017cywki, szampony, kuracje do sk\u00f3ry g\u0142owy), wy\u017csze w kosmetykach do piel\u0119gnacji sk\u00f3ry (kremy, balsamy).<br data-start=\"832\" data-end=\"835\" \/>Produkt bardzo dobrze rozpuszcza si\u0119 w wodzie.<br data-start=\"881\" data-end=\"884\" \/>Ceramidy mo\u017cna dodawa\u0107 do gotowych kosmetyk\u00f3w lub wykorzystywa\u0107 w recepturach DIY. Wprowadza si\u0119 je do fazy wodnej (po olejach).<br data-start=\"1012\" data-end=\"1015\" \/>W przypadku kosmetyk\u00f3w przygotowywanych na ciep\u0142o, np. myde\u0142, nale\u017cy dodawa\u0107 je po ostudzeniu, w temperaturze poni\u017cej 40\u201345 \u00b0C.<\/p>\n<h3 data-start=\"1146\" data-end=\"1166\">Opis dzia\u0142ania<\/h3>\n<p data-start=\"1167\" data-end=\"1364\">Dostarczaj\u0105c sk\u00f3rze gotowe ceramidy, znacz\u0105co j\u0105 wzmacniamy \u2013 odbudowujemy barier\u0119 ochronn\u0105, zapobiegamy utracie wody, poprawiamy j\u0119drno\u015b\u0107 i g\u0119sto\u015b\u0107 sk\u00f3ry, a tak\u017ce stymulujemy produkcj\u0119 kolagenu.<\/p>\n<p data-start=\"1366\" data-end=\"1444\"><strong data-start=\"1366\" data-end=\"1442\">Najwa\u017cniejsze korzy\u015bci ze stosowania ceramid\u00f3w w codziennej piel\u0119gnacji:<\/strong><\/p>\n<ul>\n<li data-start=\"1447\" data-end=\"1499\">nawil\u017caj\u0105 such\u0105 sk\u00f3r\u0119 i chroni\u0105 przed utrat\u0105 wody,<\/li>\n<li data-start=\"1502\" data-end=\"1555\">regeneruj\u0105, odbudowuj\u0105 i uj\u0119drniaj\u0105 sk\u00f3r\u0119 dojrza\u0142\u0105,<\/li>\n<li data-start=\"1558\" data-end=\"1597\">wyg\u0142adzaj\u0105 zmarszczki i drobne linie,<\/li>\n<li data-start=\"1600\" data-end=\"1740\">wzmacniaj\u0105 integralno\u015b\u0107 nask\u00f3rka, chroni\u0105c przed uszkodzeniami powodowanymi przez promieniowanie UV, detergenty, stres i nisk\u0105 wilgotno\u015b\u0107.<\/li>\n<\/ul>\n<p data-start=\"1742\" data-end=\"1925\">W produktach do piel\u0119gnacji w\u0142os\u00f3w wykazano, \u017ce ceramidy chroni\u0105 w\u0142osy, a jednocze\u015bnie poprawiaj\u0105 ich po\u0142ysk i w\u0142a\u015bciwo\u015bci mechaniczne, takie jak tekstura czy \u0142atwo\u015b\u0107 rozczesywania.<\/p>\n<h3 data-start=\"1927\" data-end=\"1947\">Przechowywanie<\/h3>\n<p data-start=\"1948\" data-end=\"2016\">Przechowywa\u0107 z dala od \u015bwiat\u0142a i wilgoci, w temperaturze 10\u201325 \u00b0C.<\/p>\n<h3 data-start=\"2018\" data-end=\"2035\">Ostrze\u017cenia<\/h3>\n<p data-start=\"2036\" data-end=\"2087\">Przestrzega\u0107 daty wa\u017cno\u015bci podanej na opakowaniu.<\/p>\n","protected":false},"excerpt":{"rendered":"<p>INCI: Glycerin, Glycosphingolipids, Leuconostoc\/Radish Root Ferment Filtrate Zastosowanie Ceramidy naturalnie wyst\u0119puj\u0105 w nask\u00f3rku i odpowiadaj\u0105 za jego w\u0142a\u015bciwo\u015bci ochronne. M\u00f3wi\u0105c pro\u015bciej \u2013 chroni\u0105 sk\u00f3r\u0119 i w\u0142osy przed szkodliwym wp\u0142ywem czynnik\u00f3w zewn\u0119trznych. Zapewniaj\u0105 odpowiedni poziom nawil\u017cenia, zwi\u0119kszaj\u0105 j\u0119drno\u015b\u0107 sk\u00f3ry oraz stymuluj\u0105 syntez\u0119 kolagenu.S\u0105 niezb\u0119dne do utrzymania nawil\u017cenia i integralno\u015bci bariery ochronnej sk\u00f3ry, co pozwala zachowa\u0107 j\u0105 [&hellip;]<\/p>\n","protected":false},"featured_media":1309,"comment_status":"open","ping_status":"closed","template":"","meta":[],"product_brand":[],"product_cat":[221,157,162,164,168,174,181],"product_tag":[],"class_list":{"0":"post-1703","1":"product","2":"type-product","3":"status-publish","4":"has-post-thumbnail","6":"product_cat-skladniki-aktywne","7":"product_cat-surowce-anti-aging","8":"product_cat-surowce-nawilzajace","9":"product_cat-twarz","10":"product_cat-wlosy","11":"product_cat-cialo","12":"product_cat-liposomy-i-peptydy","14":"first","15":"instock","16":"taxable","17":"shipping-taxable","18":"purchasable","19":"product-type-simple"},"_links":{"self":[{"href":"https:\/\/densilab.com\/pl\/wp-json\/wp\/v2\/product\/1703","targetHints":{"allow":["GET"]}}],"collection":[{"href":"https:\/\/densilab.com\/pl\/wp-json\/wp\/v2\/product"}],"about":[{"href":"https:\/\/densilab.com\/pl\/wp-json\/wp\/v2\/types\/product"}],"replies":[{"embeddable":true,"href":"https:\/\/densilab.com\/pl\/wp-json\/wp\/v2\/comments?post=1703"}],"wp:featuredmedia":[{"embeddable":true,"href":"https:\/\/densilab.com\/pl\/wp-json\/wp\/v2\/media\/1309"}],"wp:attachment":[{"href":"https:\/\/densilab.com\/pl\/wp-json\/wp\/v2\/media?parent=1703"}],"wp:term":[{"taxonomy":"product_brand","embeddable":true,"href":"https:\/\/densilab.com\/pl\/wp-json\/wp\/v2\/product_brand?post=1703"},{"taxonomy":"product_cat","embeddable":true,"href":"https:\/\/densilab.com\/pl\/wp-json\/wp\/v2\/product_cat?post=1703"},{"taxonomy":"product_tag","embeddable":true,"href":"https:\/\/densilab.com\/pl\/wp-json\/wp\/v2\/product_tag?post=1703"}],"curies":[{"name":"wp","href":"https:\/\/api.w.org\/{rel}","templated":true}]}}