{"id":1698,"date":"2024-12-05T17:21:00","date_gmt":"2024-12-05T17:21:00","guid":{"rendered":"https:\/\/densilab.com\/?post_type=product&#038;p=1698"},"modified":"2025-08-31T14:26:03","modified_gmt":"2025-08-31T14:26:03","slug":"pianka-oczyszczajaca-do-twarzy-z-zielona-herbata-eko-certifikat","status":"publish","type":"product","link":"https:\/\/densilab.com\/pl\/produkt\/pianka-oczyszczajaca-do-twarzy-z-zielona-herbata-eko-certifikat\/","title":{"rendered":"PIANKA OCZYSZCZAJ\u0104CA DO TWARZY Z ZIELON\u0104 HERBAT\u0104. EKO-CERTIFIKAT."},"content":{"rendered":"<article class=\"text-token-text-primary w-full focus:outline-none scroll-mt-[calc(var(--header-height)+min(200px,max(70px,20svh)))]\" dir=\"auto\" tabindex=\"-1\" data-turn-id=\"request-68b3ec04-6b38-8320-ba50-ca6fd9951650-4\" data-testid=\"conversation-turn-224\" data-scroll-anchor=\"true\" data-turn=\"assistant\">\n<div class=\"text-base my-auto mx-auto pb-10 [--thread-content-margin:--spacing(4)] @[37rem]:[--thread-content-margin:--spacing(6)] @[72rem]:[--thread-content-margin:--spacing(16)] px-(--thread-content-margin)\">\n<div class=\"[--thread-content-max-width:32rem] @[34rem]:[--thread-content-max-width:40rem] @[64rem]:[--thread-content-max-width:48rem] mx-auto max-w-(--thread-content-max-width) flex-1 group\/turn-messages focus-visible:outline-hidden relative flex w-full min-w-0 flex-col agent-turn\" tabindex=\"-1\">\n<div class=\"flex max-w-full flex-col grow\">\n<div class=\"min-h-8 text-message relative flex w-full flex-col items-end gap-2 text-start break-words whitespace-normal [.text-message+&amp;]:mt-5\" dir=\"auto\" data-message-author-role=\"assistant\" data-message-id=\"1b10d5fe-0b45-42a2-9b13-14a66f274c62\" data-message-model-slug=\"gpt-5-mini\">\n<div class=\"flex w-full flex-col gap-1 empty:hidden first:pt-[3px]\">\n<div class=\"markdown prose dark:prose-invert w-full break-words dark markdown-new-styling\">\n<p data-start=\"0\" data-end=\"312\"><strong>INCI:<\/strong> <em>Aqua (Water), Caprylyl\/Capryl Glucoside, Cocamidopropyl Betaine, Glycerin, Decyl Glucoside, Disodium Cocoyl Glutamate, Citric Acid, Camellia Sinensis Leaf Extract*, Betaine, Sodium Chloride, Sodium Benzoate, Parfum (Fragrance), Bisabolol, Glyceryl Oleate, Coco-Glucoside, Sodium Gluconate, Sodium Citrate<\/em><\/p>\n<ul>\n<li data-start=\"316\" data-end=\"339\">Z upraw ekologicznych<\/li>\n<li data-start=\"342\" data-end=\"387\">Zawarto\u015b\u0107 niklu, chromu i kobaltu &lt;0,0004\u202f%<\/li>\n<\/ul>\n<p data-start=\"389\" data-end=\"500\"><strong data-start=\"389\" data-end=\"405\">Certyfikaty:<\/strong><br data-start=\"405\" data-end=\"408\" \/>Produkt z certyfikatem ICEA COSMOS NATURAL. Produkt zarejestrowany w The Vegan Society UK.<\/p>\n<h3 data-start=\"502\" data-end=\"888\"><strong data-start=\"502\" data-end=\"518\">Zastosowanie<\/strong><\/h3>\n<p data-start=\"502\" data-end=\"888\">Produkt dermatologicznie przetestowany na sk\u00f3rze wra\u017cliwej, oparty wy\u0142\u0105cznie na sk\u0142adnikach naturalnych. Pianka oczyszczaj\u0105ca usuwa skutecznie zanieczyszczenia dla wszystkich typ\u00f3w sk\u00f3ry.<br data-start=\"708\" data-end=\"711\" \/>Dok\u0142adnie zmywa makija\u017c i nadaje si\u0119 do codziennego oczyszczania sk\u00f3ry, usuwaj\u0105c nadmiar sebum, kurz i inne zanieczyszczenia \u015brodowiskowe.<br data-start=\"849\" data-end=\"852\" \/>Stosowa\u0107 na twarz, szyj\u0119 i dekolt.<\/p>\n<p data-start=\"890\" data-end=\"995\"><strong data-start=\"890\" data-end=\"908\">Spos\u00f3b u\u017cycia:<\/strong><br data-start=\"908\" data-end=\"911\" \/>Nanie\u015b\u0107 piank\u0119 na d\u0142onie i wmasowa\u0107 w zwil\u017con\u0105 twarz i szyj\u0119. Sp\u0142uka\u0107 letni\u0105 wod\u0105.<\/p>\n<h3 data-start=\"997\" data-end=\"1262\"><strong data-start=\"997\" data-end=\"1010\">Dzia\u0142anie<\/strong><\/h3>\n<p data-start=\"997\" data-end=\"1262\">Pianka zapewnia uczucie czystej i od\u015bwie\u017conej sk\u00f3ry.<br data-start=\"1065\" data-end=\"1068\" \/>Ekstrakt z zielonej herbaty chroni sk\u00f3r\u0119 przed czynnikami zewn\u0119trznymi i zwalcza wolne rodniki.<br data-start=\"1163\" data-end=\"1166\" \/>Dodatkowo produkt \u0142agodzi podra\u017cnienia i koi sk\u00f3r\u0119.<br data-start=\"1217\" data-end=\"1220\" \/>Idealny dla najbardziej wra\u017cliwej sk\u00f3ry.<\/p>\n<h3 data-start=\"1264\" data-end=\"1373\"><strong data-start=\"1264\" data-end=\"1282\">Przechowywanie<\/strong><\/h3>\n<p data-start=\"1264\" data-end=\"1373\">Chroni\u0107 przed bezpo\u015brednim \u015bwiat\u0142em i wilgoci\u0105, przechowywa\u0107 w temperaturze pokojowej.<\/p>\n<h3 data-start=\"1375\" data-end=\"1442\"><strong data-start=\"1375\" data-end=\"1390\">Ostrze\u017cenia<\/strong><\/h3>\n<p data-start=\"1375\" data-end=\"1442\" data-is-last-node=\"\" data-is-only-node=\"\">Przestrzega\u0107 daty wa\u017cno\u015bci podanej na opakowaniu.<\/p>\n<\/div>\n<\/div>\n<\/div>\n<\/div>\n<div class=\"flex min-h-[46px] justify-start\"><\/div>\n<div class=\"mt-3 w-full empty:hidden\">\n<div class=\"text-center\"><\/div>\n<\/div>\n<\/div>\n<\/div>\n<\/article>\n<div class=\"pointer-events-none h-px w-px\" aria-hidden=\"true\" data-edge=\"true\"><\/div>\n<p>&nbsp;<\/p>\n<p>&nbsp;<\/p>\n<p>&nbsp;<\/p>\n","protected":false},"excerpt":{"rendered":"<p>INCI: Aqua (Water), Caprylyl\/Capryl Glucoside, Cocamidopropyl Betaine, Glycerin, Decyl Glucoside, Disodium Cocoyl Glutamate, Citric Acid, Camellia Sinensis Leaf Extract*, Betaine, Sodium Chloride, Sodium Benzoate, Parfum (Fragrance), Bisabolol, Glyceryl Oleate, Coco-Glucoside, Sodium Gluconate, Sodium Citrate Z upraw ekologicznych Zawarto\u015b\u0107 niklu, chromu i kobaltu &lt;0,0004\u202f% Certyfikaty:Produkt z certyfikatem ICEA COSMOS NATURAL. Produkt zarejestrowany w The Vegan Society [&hellip;]<\/p>\n","protected":false},"featured_media":1683,"comment_status":"open","ping_status":"closed","template":"","meta":[],"product_brand":[],"product_cat":[157,162,164,158],"product_tag":[],"class_list":{"0":"post-1698","1":"product","2":"type-product","3":"status-publish","4":"has-post-thumbnail","6":"product_cat-surowce-anti-aging","7":"product_cat-surowce-nawilzajace","8":"product_cat-twarz","9":"product_cat-bazy","11":"first","12":"instock","13":"taxable","14":"shipping-taxable","15":"purchasable","16":"product-type-simple"},"_links":{"self":[{"href":"https:\/\/densilab.com\/pl\/wp-json\/wp\/v2\/product\/1698","targetHints":{"allow":["GET"]}}],"collection":[{"href":"https:\/\/densilab.com\/pl\/wp-json\/wp\/v2\/product"}],"about":[{"href":"https:\/\/densilab.com\/pl\/wp-json\/wp\/v2\/types\/product"}],"replies":[{"embeddable":true,"href":"https:\/\/densilab.com\/pl\/wp-json\/wp\/v2\/comments?post=1698"}],"wp:featuredmedia":[{"embeddable":true,"href":"https:\/\/densilab.com\/pl\/wp-json\/wp\/v2\/media\/1683"}],"wp:attachment":[{"href":"https:\/\/densilab.com\/pl\/wp-json\/wp\/v2\/media?parent=1698"}],"wp:term":[{"taxonomy":"product_brand","embeddable":true,"href":"https:\/\/densilab.com\/pl\/wp-json\/wp\/v2\/product_brand?post=1698"},{"taxonomy":"product_cat","embeddable":true,"href":"https:\/\/densilab.com\/pl\/wp-json\/wp\/v2\/product_cat?post=1698"},{"taxonomy":"product_tag","embeddable":true,"href":"https:\/\/densilab.com\/pl\/wp-json\/wp\/v2\/product_tag?post=1698"}],"curies":[{"name":"wp","href":"https:\/\/api.w.org\/{rel}","templated":true}]}}