{"id":1660,"date":"2024-12-05T12:48:30","date_gmt":"2024-12-05T12:48:30","guid":{"rendered":"https:\/\/densilab.com\/?post_type=product&#038;p=1660"},"modified":"2025-08-31T09:11:16","modified_gmt":"2025-08-31T09:11:16","slug":"zestaw-skladnikow-krem-regenerujaco-nawilzajacy","status":"publish","type":"product","link":"https:\/\/densilab.com\/pl\/produkt\/zestaw-skladnikow-krem-regenerujaco-nawilzajacy\/","title":{"rendered":"ZESTAW SK\u0141ADNIK\u00d3W \u2013 KREM REGENERUJ\u0104CO-NAWIL\u017bAJ\u0104CY"},"content":{"rendered":"<p data-start=\"65\" data-end=\"117\"><strong data-start=\"65\" data-end=\"74\">INCI:<\/strong> <em>wyszczeg\u00f3lnione\u00a0w sk\u0142adnikach poszczeg\u00f3lnych produkt\u00f3w<\/em><\/p>\n<h3 data-start=\"119\" data-end=\"137\">Zastosowanie<\/h3>\n<p data-start=\"138\" data-end=\"313\">Ka\u017cdy ze sk\u0142adnik\u00f3w aktywnych pe\u0142ni wa\u017cn\u0105 funkcj\u0119 w piel\u0119gnacji sk\u00f3ry. Starannie zbilansowana formu\u0142a pozwala sk\u0142adnikom uzupe\u0142nia\u0107 si\u0119 nawzajem i wzmacnia\u0107 swoje dzia\u0142anie.<\/p>\n<p data-start=\"315\" data-end=\"547\">Krem jest odpowiedni dla ka\u017cdego rodzaju sk\u00f3ry, szczeg\u00f3lnie dla sk\u00f3ry suchej i potrzebuj\u0105cej regeneracji.<br data-start=\"420\" data-end=\"423\" \/>Szczeg\u00f3lnie polecamy go jako krem na dzie\u0144 \u2013 lekki, niekomedogenny, szybko si\u0119 wch\u0142ania i redukuje nadmierny po\u0142ysk sk\u00f3ry.<\/p>\n<p data-start=\"549\" data-end=\"563\"><strong data-start=\"549\" data-end=\"561\">Formu\u0142a:<\/strong><\/p>\n<ul>\n<li data-start=\"566\" data-end=\"597\">50 ml bazy kremowej z aloesem<\/li>\n<li data-start=\"600\" data-end=\"623\">2 ml skwalanu z oliwy<\/li>\n<li data-start=\"626\" data-end=\"655\">5 ml kwasu hialuronowego 4%<\/li>\n<li data-start=\"658\" data-end=\"674\">3 ml ceramid\u00f3w<\/li>\n<\/ul>\n<p data-start=\"676\" data-end=\"760\">Sk\u0142adniki dobrze wymiesza\u0107 (najlepiej drewnianym patyczkiem lub ceramiczn\u0105 \u0142y\u017ck\u0105).<\/p>\n<p data-start=\"762\" data-end=\"896\"><strong data-start=\"762\" data-end=\"772\">Uwaga:<\/strong><br data-start=\"772\" data-end=\"775\" \/>Sk\u0142adniki s\u0105 hipoalergiczne i przyjazne dla sk\u00f3ry. Dok\u0142adne odmierzanie nie jest konieczne \u2013 wystarczy metoda \u201ena oko\u201d.<\/p>\n<p data-start=\"898\" data-end=\"963\"><strong data-start=\"898\" data-end=\"961\">Pozosta\u0142e sk\u0142adniki (wystarczaj\u0105 na wi\u0119cej ni\u017c jeden krem):<\/strong><\/p>\n<ul>\n<li data-start=\"966\" data-end=\"1012\">Na drugi krem: dokupi\u0107 kolejn\u0105 baz\u0119 kremow\u0105.<\/li>\n<li data-start=\"1015\" data-end=\"1134\">Do wzbogacania gotowych produkt\u00f3w: mo\u017cna je doda\u0107 np. do od\u017cywek do w\u0142os\u00f3w, maseczek do twarzy lub balsam\u00f3w do cia\u0142a.<\/li>\n<li data-start=\"1136\" data-end=\"1227\">Do innych projekt\u00f3w DIY kosmetyk\u00f3w: skorzystaj z naszych przepis\u00f3w w sekcji <a href=\"https:\/\/densilab.com\/pl\/tipps-und-rezepte\"><strong data-start=\"1212\" data-end=\"1224\">RECEPTURY<\/strong><\/a>.<\/li>\n<\/ul>\n<h3 data-start=\"1234\" data-end=\"1255\">Dzia\u0142anie kremu<\/h3>\n<p data-start=\"1256\" data-end=\"1411\">Krem intensywnie nawil\u017ca, regeneruje i od\u017cywia sk\u00f3r\u0119. Dzia\u0142a uj\u0119drniaj\u0105co, wyg\u0142adzaj\u0105co, przeciwstarzeniowo i \u0142agodz\u0105co, zmniejszaj\u0105c podra\u017cnienia sk\u00f3ry.<\/p>\n<p data-start=\"1413\" data-end=\"1445\"><strong data-start=\"1413\" data-end=\"1443\">Sk\u0142adniki i ich dzia\u0142anie:<\/strong><\/p>\n<ul>\n<li data-start=\"1448\" data-end=\"1560\"><strong data-start=\"1448\" data-end=\"1475\">Baza kremowa z aloesem:<\/strong> nawil\u017ca, \u0142agodzi i regeneruje. Idealna dla sk\u00f3ry suchej, wra\u017cliwej i podra\u017cnionej.<\/li>\n<li data-start=\"1563\" data-end=\"1687\"><strong data-start=\"1563\" data-end=\"1576\">Ceramidy:<\/strong> wzmacniaj\u0105 naturaln\u0105 barier\u0119 sk\u00f3ry, chroni\u0105 przed utrat\u0105 wilgoci i s\u0105 idealne dla sk\u00f3ry suchej i os\u0142abionej.<\/li>\n<li data-start=\"1690\" data-end=\"1810\"><strong data-start=\"1690\" data-end=\"1710\">Skwalan z oliwy:<\/strong> lekki emolient, kt\u00f3ry sprawia, \u017ce sk\u00f3ra staje si\u0119 mi\u0119kka i intensywnie od\u017cywiona, bez obci\u0105\u017cania.<\/li>\n<li data-start=\"1813\" data-end=\"1910\"><strong data-start=\"1813\" data-end=\"1834\">Kwas hialuronowy:<\/strong> silny sk\u0142adnik nawil\u017caj\u0105cy, kt\u00f3ry wyg\u0142adza sk\u00f3r\u0119 i redukuje drobne linie.<\/li>\n<\/ul>\n<p data-start=\"1912\" data-end=\"2018\"><strong data-start=\"1912\" data-end=\"1926\">Wskaz\u00f3wka:<\/strong> Szczeg\u00f3\u0142owe opisy sk\u0142adnik\u00f3w aktywnych znajduj\u0105 si\u0119 na stronach poszczeg\u00f3lnych produkt\u00f3w.<\/p>\n<h3 data-start=\"2025\" data-end=\"2045\">Przechowywanie<\/h3>\n<p data-start=\"2046\" data-end=\"2257\">Krem nie wymaga dodatkowych konserwant\u00f3w ani przechowywania w lod\u00f3wce. Wystarczy ch\u0142odne i zacienione miejsce.<br data-start=\"2156\" data-end=\"2159\" \/>Je\u017celi krem czasem si\u0119 rozwarstwi, jest to naturalny proces \u2013 przed u\u017cyciem nale\u017cy go wymiesza\u0107.<\/p>\n<h3 data-start=\"2264\" data-end=\"2281\">Ostrze\u017cenia<\/h3>\n<p data-start=\"2282\" data-end=\"2353\">Nale\u017cy przestrzega\u0107 daty wa\u017cno\u015bci podanej na opakowaniach sk\u0142adnik\u00f3w.<\/p>\n","protected":false},"excerpt":{"rendered":"<p>INCI: wyszczeg\u00f3lnione\u00a0w sk\u0142adnikach poszczeg\u00f3lnych produkt\u00f3w Zastosowanie Ka\u017cdy ze sk\u0142adnik\u00f3w aktywnych pe\u0142ni wa\u017cn\u0105 funkcj\u0119 w piel\u0119gnacji sk\u00f3ry. Starannie zbilansowana formu\u0142a pozwala sk\u0142adnikom uzupe\u0142nia\u0107 si\u0119 nawzajem i wzmacnia\u0107 swoje dzia\u0142anie. Krem jest odpowiedni dla ka\u017cdego rodzaju sk\u00f3ry, szczeg\u00f3lnie dla sk\u00f3ry suchej i potrzebuj\u0105cej regeneracji.Szczeg\u00f3lnie polecamy go jako krem na dzie\u0144 \u2013 lekki, niekomedogenny, szybko si\u0119 wch\u0142ania i [&hellip;]<\/p>\n","protected":false},"featured_media":1647,"comment_status":"open","ping_status":"closed","template":"","meta":[],"product_brand":[],"product_cat":[157,162,164,158,135],"product_tag":[],"class_list":{"0":"post-1660","1":"product","2":"type-product","3":"status-publish","4":"has-post-thumbnail","6":"product_cat-surowce-anti-aging","7":"product_cat-surowce-nawilzajace","8":"product_cat-twarz","9":"product_cat-bazy","10":"product_cat-zestawyproduktow","12":"first","13":"instock","14":"sale","15":"taxable","16":"shipping-taxable","17":"purchasable","18":"product-type-simple"},"_links":{"self":[{"href":"https:\/\/densilab.com\/pl\/wp-json\/wp\/v2\/product\/1660","targetHints":{"allow":["GET"]}}],"collection":[{"href":"https:\/\/densilab.com\/pl\/wp-json\/wp\/v2\/product"}],"about":[{"href":"https:\/\/densilab.com\/pl\/wp-json\/wp\/v2\/types\/product"}],"replies":[{"embeddable":true,"href":"https:\/\/densilab.com\/pl\/wp-json\/wp\/v2\/comments?post=1660"}],"wp:featuredmedia":[{"embeddable":true,"href":"https:\/\/densilab.com\/pl\/wp-json\/wp\/v2\/media\/1647"}],"wp:attachment":[{"href":"https:\/\/densilab.com\/pl\/wp-json\/wp\/v2\/media?parent=1660"}],"wp:term":[{"taxonomy":"product_brand","embeddable":true,"href":"https:\/\/densilab.com\/pl\/wp-json\/wp\/v2\/product_brand?post=1660"},{"taxonomy":"product_cat","embeddable":true,"href":"https:\/\/densilab.com\/pl\/wp-json\/wp\/v2\/product_cat?post=1660"},{"taxonomy":"product_tag","embeddable":true,"href":"https:\/\/densilab.com\/pl\/wp-json\/wp\/v2\/product_tag?post=1660"}],"curies":[{"name":"wp","href":"https:\/\/api.w.org\/{rel}","templated":true}]}}