{"id":1141,"date":"2024-09-16T09:07:46","date_gmt":"2024-09-16T09:07:46","guid":{"rendered":"https:\/\/densilab.com\/?post_type=product&#038;p=1141"},"modified":"2025-08-30T18:45:56","modified_gmt":"2025-08-30T18:45:56","slug":"biotyna-w-liposomach","status":"publish","type":"product","link":"https:\/\/densilab.com\/pl\/produkt\/biotyna-w-liposomach\/","title":{"rendered":"BIOTYNA W LIPOSOMACH"},"content":{"rendered":"<p data-start=\"61\" data-end=\"145\"><strong data-start=\"61\" data-end=\"70\">INCI:<\/strong> <em>Aqua &amp; Phospholipids &amp; Biotin &amp; Leuconostoc\/Radish Root Ferment Filtrate<\/em><\/p>\n<h3 data-start=\"147\" data-end=\"165\"><strong data-start=\"147\" data-end=\"163\">Zastosowanie<\/strong><\/h3>\n<p data-start=\"167\" data-end=\"730\">W kosmetykach biotyna jest powszechnie stosowana ze wzgl\u0119du na swoje korzystne w\u0142a\u015bciwo\u015bci dla sk\u00f3ry, w\u0142os\u00f3w i paznokci. Poprawia elastyczno\u015b\u0107, zapobiega \u0142amliwo\u015bci i rozdwajaniu ko\u0144c\u00f3wek.<br data-start=\"355\" data-end=\"358\" \/>Biotyna wzmacnia w\u0142osy u nasady, zmniejszaj\u0105c nadmierne wypadanie. Mo\u017ce by\u0107 sk\u0142adnikiem r\u00f3\u017cnych produkt\u00f3w piel\u0119gnacyjnych, takich jak szampony, od\u017cywki, maski, sera czy preparaty do w\u0142os\u00f3w i paznokci.<br data-start=\"558\" data-end=\"561\" \/>Warto j\u0105 r\u00f3wnie\u017c doda\u0107 do balsam\u00f3w do cia\u0142a lub r\u0105k.<br data-start=\"613\" data-end=\"616\" \/>Dzi\u0119ki formule liposomalnej biotyna \u0142atwo przenika w g\u0142\u0105b tkanek, w tym przez kilka warstw nask\u00f3rka sk\u00f3ry g\u0142owy.<\/p>\n<p data-start=\"732\" data-end=\"922\">Zalecane st\u0119\u017cenie w produkcie ko\u0144cowym wynosi <strong>1,0\u201310,0\u202f%<\/strong>. Dodawa\u0107 do kosmetyk\u00f3w w temperaturze poni\u017cej 25\u202f\u00b0C.<br data-start=\"841\" data-end=\"844\" \/>Produkt mo\u017cna rozcie\u0144czy\u0107 wod\u0105.<br data-start=\"875\" data-end=\"878\" \/>Nie miesza\u0107 z nieemulsyfikowanymi olejami.<\/p>\n<p data-start=\"924\" data-end=\"1225\"><strong>Prosty przepis na mask\u0119 do w\u0142os\u00f3w z biotyn\u0105:<\/strong><br data-start=\"968\" data-end=\"971\" \/>W misce wymiesza\u0107 jedno jajko z 1 \u0142y\u017ceczk\u0105 oleju jojoba. Doda\u0107 1 \u0142y\u017ceczk\u0119 biotyny. Na\u0142o\u017cy\u0107 na suche w\u0142osy i pozostawi\u0107 na 30 minut, nast\u0119pnie sp\u0142uka\u0107 szamponem i ciep\u0142\u0105 wod\u0105.<br data-start=\"1145\" data-end=\"1148\" \/>Maska wzmacnia cebulki w\u0142os\u00f3w, zapobiega wypadaniu, nawil\u017ca i nadaje blask.<\/p>\n<h3 data-start=\"1227\" data-end=\"1253\"><strong data-start=\"1227\" data-end=\"1251\">Dzia\u0142anie \/ Korzy\u015bci<\/strong><\/h3>\n<p data-start=\"1255\" data-end=\"1364\"><strong data-start=\"1255\" data-end=\"1270\">Dla w\u0142os\u00f3w:<\/strong> Biotyna znana jest z roli w produkcji keratyny, g\u0142\u00f3wnego bia\u0142ka buduj\u0105cego struktur\u0119 w\u0142osa.<\/p>\n<ul>\n<li data-start=\"1367\" data-end=\"1411\">Wzmacnia cebulki w\u0142os\u00f3w i stymuluje wzrost<\/li>\n<li data-start=\"1414\" data-end=\"1470\">Zapobiega wypadaniu w\u0142os\u00f3w i wspiera leczenie \u0142ysienia<\/li>\n<li data-start=\"1473\" data-end=\"1524\">Zwi\u0119ksza obj\u0119to\u015b\u0107, poprawia elastyczno\u015b\u0107 i po\u0142ysk<\/li>\n<li data-start=\"1527\" data-end=\"1576\">Redukuje nadmiern\u0105 aktywno\u015b\u0107 gruczo\u0142\u00f3w \u0142ojowych<\/li>\n<li data-start=\"1579\" data-end=\"1595\">\u0141agodzi \u0142upie\u017c<\/li>\n<li data-start=\"1598\" data-end=\"1644\">Naprawia \u0142amliwe w\u0142osy i rozdwojone ko\u0144c\u00f3wki<\/li>\n<\/ul>\n<p data-start=\"1646\" data-end=\"1747\"><strong data-start=\"1646\" data-end=\"1660\">Dla sk\u00f3ry:<\/strong> Biotyna jest niezb\u0119dnym sk\u0142adnikiem wspieraj\u0105cym zdrow\u0105 sk\u00f3r\u0119. Stosowanie miejscowe:<\/p>\n<ul>\n<li data-start=\"1750\" data-end=\"1779\">Poprawia elastyczno\u015b\u0107 sk\u00f3ry<\/li>\n<li data-start=\"1782\" data-end=\"1842\">Zapobiega starzeniu si\u0119 sk\u00f3ry, poprawia koloryt i tekstur\u0119<\/li>\n<li data-start=\"1845\" data-end=\"1888\">Redukuje stany zapalne sk\u00f3ry, np. tr\u0105dzik<\/li>\n<\/ul>\n<p data-start=\"1890\" data-end=\"1909\"><strong data-start=\"1890\" data-end=\"1907\">Dla paznokci:<\/strong><\/p>\n<ul>\n<li data-start=\"1912\" data-end=\"1938\">Wzmacnia p\u0142ytk\u0119 paznokci<\/li>\n<li data-start=\"1941\" data-end=\"1977\">Zapobiega \u0142amliwo\u015bci i rozdwajaniu<\/li>\n<\/ul>\n<h3 data-start=\"1979\" data-end=\"1999\"><strong data-start=\"1979\" data-end=\"1997\">Przechowywanie<\/strong><\/h3>\n<p data-start=\"2001\" data-end=\"2041\">Przechowywa\u0107 w temperaturze pokojowej.<\/p>\n<h3><strong data-start=\"2043\" data-end=\"2058\">Ostrze\u017cenia<\/strong><\/h3>\n<p data-start=\"2062\" data-end=\"2117\" data-is-last-node=\"\" data-is-only-node=\"\">Stosowa\u0107 zalecane st\u0119\u017cenie produktu w ko\u0144cowej formule.<\/p>\n","protected":false},"excerpt":{"rendered":"<p>INCI: Aqua &amp; Phospholipids &amp; Biotin &amp; Leuconostoc\/Radish Root Ferment Filtrate Zastosowanie W kosmetykach biotyna jest powszechnie stosowana ze wzgl\u0119du na swoje korzystne w\u0142a\u015bciwo\u015bci dla sk\u00f3ry, w\u0142os\u00f3w i paznokci. Poprawia elastyczno\u015b\u0107, zapobiega \u0142amliwo\u015bci i rozdwajaniu ko\u0144c\u00f3wek.Biotyna wzmacnia w\u0142osy u nasady, zmniejszaj\u0105c nadmierne wypadanie. Mo\u017ce by\u0107 sk\u0142adnikiem r\u00f3\u017cnych produkt\u00f3w piel\u0119gnacyjnych, takich jak szampony, od\u017cywki, maski, sera [&hellip;]<\/p>\n","protected":false},"featured_media":1138,"comment_status":"open","ping_status":"closed","template":"","meta":[],"product_brand":[],"product_cat":[221,157,162,164,168,174,181],"product_tag":[],"class_list":{"0":"post-1141","1":"product","2":"type-product","3":"status-publish","4":"has-post-thumbnail","6":"product_cat-skladniki-aktywne","7":"product_cat-surowce-anti-aging","8":"product_cat-surowce-nawilzajace","9":"product_cat-twarz","10":"product_cat-wlosy","11":"product_cat-cialo","12":"product_cat-liposomy-i-peptydy","14":"first","15":"instock","16":"taxable","17":"shipping-taxable","18":"purchasable","19":"product-type-simple"},"_links":{"self":[{"href":"https:\/\/densilab.com\/pl\/wp-json\/wp\/v2\/product\/1141","targetHints":{"allow":["GET"]}}],"collection":[{"href":"https:\/\/densilab.com\/pl\/wp-json\/wp\/v2\/product"}],"about":[{"href":"https:\/\/densilab.com\/pl\/wp-json\/wp\/v2\/types\/product"}],"replies":[{"embeddable":true,"href":"https:\/\/densilab.com\/pl\/wp-json\/wp\/v2\/comments?post=1141"}],"wp:featuredmedia":[{"embeddable":true,"href":"https:\/\/densilab.com\/pl\/wp-json\/wp\/v2\/media\/1138"}],"wp:attachment":[{"href":"https:\/\/densilab.com\/pl\/wp-json\/wp\/v2\/media?parent=1141"}],"wp:term":[{"taxonomy":"product_brand","embeddable":true,"href":"https:\/\/densilab.com\/pl\/wp-json\/wp\/v2\/product_brand?post=1141"},{"taxonomy":"product_cat","embeddable":true,"href":"https:\/\/densilab.com\/pl\/wp-json\/wp\/v2\/product_cat?post=1141"},{"taxonomy":"product_tag","embeddable":true,"href":"https:\/\/densilab.com\/pl\/wp-json\/wp\/v2\/product_tag?post=1141"}],"curies":[{"name":"wp","href":"https:\/\/api.w.org\/{rel}","templated":true}]}}