{"id":1021,"date":"2024-03-15T13:22:04","date_gmt":"2024-03-15T13:22:04","guid":{"rendered":"https:\/\/densilab.com\/?post_type=product&#038;p=1021"},"modified":"2025-08-31T15:21:04","modified_gmt":"2025-08-31T15:21:04","slug":"naturalne-tokoferole-witamina-e-kopia","status":"publish","type":"product","link":"https:\/\/densilab.com\/pl\/produkt\/naturalne-tokoferole-witamina-e-kopia\/","title":{"rendered":"NATURALNE TOKOFEROLE \u2013 WITAMINA E 10ml"},"content":{"rendered":"<p data-start=\"56\" data-end=\"120\"><strong data-start=\"56\" data-end=\"65\">INCI:<\/strong> <em>Naturalne tokoferole &gt; 70%, Olej s\u0142onecznikowy &lt; 30%<\/em><\/p>\n<h3 data-start=\"122\" data-end=\"493\"><strong data-start=\"122\" data-end=\"138\">Zastosowanie<\/strong><\/h3>\n<p data-start=\"122\" data-end=\"493\">Witamina\u202fE, zwana r\u00f3wnie\u017c \u201ewitamin\u0105 m\u0142odo\u015bci\u201d, to witamina rozpuszczalna w t\u0142uszczach, wyst\u0119puj\u0105ca w kilku aktywnych formach. Preparat zawiera ponad 70% naturalnych tokoferoli pochodzenia ro\u015blinnego, tworz\u0105cych g\u0119st\u0105, lekko lepka ciecz o brunatno-czerwonym kolorze. Pozosta\u0142\u0105 cz\u0119\u015b\u0107 stanowi olej s\u0142onecznikowy, kt\u00f3ry dodatkowo nawil\u017ca i od\u017cywia sk\u00f3r\u0119.<\/p>\n<p data-start=\"495\" data-end=\"769\">Mieszanka naturalnych tokoferoli jest idealna do kosmetyk\u00f3w przeciwstarzeniowych, ochronnych i regeneruj\u0105cych. Skutecznie zapobiega odbarwieniom, wspiera barier\u0119 ochronn\u0105 sk\u00f3ry i poprawia stabilno\u015b\u0107 olej\u00f3w w formu\u0142ach, dzia\u0142aj\u0105c jak naturalny konserwant przeciw je\u0142czeniu.<\/p>\n<p data-start=\"771\" data-end=\"1055\">Mo\u017ce by\u0107 stosowana w kremach, maskach, balsamach do ust, serum, kosmetykach do piel\u0119gnacji okolic oczu, a tak\u017ce w preparatach do piel\u0119gnacji suchych lub wymagaj\u0105cych partii cia\u0142a, takich jak \u0142okcie czy kolana. Dodaje si\u0119 j\u0105 w fazie olejowej lub bezpo\u015brednio do olej\u00f3w kosmetycznych.<\/p>\n<h3 data-start=\"1057\" data-end=\"1083\"><strong data-start=\"1057\" data-end=\"1081\">Dzia\u0142anie \/ Korzy\u015bci<\/strong><\/h3>\n<ul>\n<li data-start=\"1086\" data-end=\"1209\">Silny antyoksydant \u2013 chroni kom\u00f3rki sk\u00f3ry przed wolnymi rodnikami, szkodliwym dzia\u0142aniem \u015brodowiska i promieniowaniem UV.<\/li>\n<li data-start=\"1212\" data-end=\"1410\">Utrzymuje odpowiedni poziom nawil\u017cenia sk\u00f3ry, poprawia jej elastyczno\u015b\u0107 i wspiera naturaln\u0105 syntez\u0119 kolagenu, dzi\u0119ki czemu sk\u00f3ra staje si\u0119 j\u0119drniejsza, g\u0142adsza, a drobne zmarszczki mniej widoczne.<\/li>\n<li data-start=\"1413\" data-end=\"1485\">Zmi\u0119kcza i intensywnie od\u017cywia szorstkie miejsca, np. \u0142okcie i kolana.<\/li>\n<li data-start=\"1488\" data-end=\"1570\">Redukuje widoczno\u015b\u0107 drobnych zmarszczek wok\u00f3\u0142 oczu i wspomaga regeneracj\u0119 sk\u00f3ry.<\/li>\n<li data-start=\"1573\" data-end=\"1702\">Dzia\u0142a jako \u201epoch\u0142aniacz wolnych rodnik\u00f3w\u201d, zapobiegaj\u0105c przedwczesnemu starzeniu si\u0119 sk\u00f3ry i szkodliwym procesom oksydacyjnym.<\/li>\n<li data-start=\"1705\" data-end=\"1790\">Poprawia stabilno\u015b\u0107 i trwa\u0142o\u015b\u0107 kosmetyk\u00f3w olejowych, chroni\u0105c je przed utlenianiem.<\/li>\n<li data-start=\"1793\" data-end=\"1883\">Skutecznie penetruje nask\u00f3rek, dostarczaj\u0105c witamin\u0119\u202fE do warstw powierzchniowych sk\u00f3ry.<\/li>\n<\/ul>\n<h3 data-start=\"1885\" data-end=\"2048\"><strong data-start=\"1885\" data-end=\"1903\">Przechowywanie<\/strong><\/h3>\n<p data-start=\"1885\" data-end=\"2048\">Przechowywa\u0107 w temperaturze pokojowej, w szczelnie zamkni\u0119tym pojemniku, z dala od \u015bwiat\u0142a i wilgoci, aby zachowa\u0107 stabilno\u015b\u0107 i skuteczno\u015b\u0107.<\/p>\n<h3 data-start=\"2050\" data-end=\"2179\"><strong data-start=\"2050\" data-end=\"2065\">Ostrze\u017cenia<\/strong><\/h3>\n<p data-start=\"2050\" data-end=\"2179\">Przestrzega\u0107 terminu wa\u017cno\u015bci podanego na opakowaniu. Unika\u0107 kontaktu z oczami. Tylko do u\u017cytku zewn\u0119trznego.<\/p>\n","protected":false},"excerpt":{"rendered":"<p>INCI: Naturalne tokoferole &gt; 70%, Olej s\u0142onecznikowy &lt; 30% Zastosowanie Witamina\u202fE, zwana r\u00f3wnie\u017c \u201ewitamin\u0105 m\u0142odo\u015bci\u201d, to witamina rozpuszczalna w t\u0142uszczach, wyst\u0119puj\u0105ca w kilku aktywnych formach. Preparat zawiera ponad 70% naturalnych tokoferoli pochodzenia ro\u015blinnego, tworz\u0105cych g\u0119st\u0105, lekko lepka ciecz o brunatno-czerwonym kolorze. Pozosta\u0142\u0105 cz\u0119\u015b\u0107 stanowi olej s\u0142onecznikowy, kt\u00f3ry dodatkowo nawil\u017ca i od\u017cywia sk\u00f3r\u0119. Mieszanka naturalnych tokoferoli [&hellip;]<\/p>\n","protected":false},"featured_media":440,"comment_status":"open","ping_status":"closed","template":"","meta":[],"product_brand":[],"product_cat":[157,164,174,181],"product_tag":[],"class_list":{"0":"post-1021","1":"product","2":"type-product","3":"status-publish","4":"has-post-thumbnail","6":"product_cat-surowce-anti-aging","7":"product_cat-twarz","8":"product_cat-cialo","9":"product_cat-liposomy-i-peptydy","11":"first","12":"instock","13":"taxable","14":"shipping-taxable","15":"purchasable","16":"product-type-simple"},"_links":{"self":[{"href":"https:\/\/densilab.com\/pl\/wp-json\/wp\/v2\/product\/1021","targetHints":{"allow":["GET"]}}],"collection":[{"href":"https:\/\/densilab.com\/pl\/wp-json\/wp\/v2\/product"}],"about":[{"href":"https:\/\/densilab.com\/pl\/wp-json\/wp\/v2\/types\/product"}],"replies":[{"embeddable":true,"href":"https:\/\/densilab.com\/pl\/wp-json\/wp\/v2\/comments?post=1021"}],"wp:featuredmedia":[{"embeddable":true,"href":"https:\/\/densilab.com\/pl\/wp-json\/wp\/v2\/media\/440"}],"wp:attachment":[{"href":"https:\/\/densilab.com\/pl\/wp-json\/wp\/v2\/media?parent=1021"}],"wp:term":[{"taxonomy":"product_brand","embeddable":true,"href":"https:\/\/densilab.com\/pl\/wp-json\/wp\/v2\/product_brand?post=1021"},{"taxonomy":"product_cat","embeddable":true,"href":"https:\/\/densilab.com\/pl\/wp-json\/wp\/v2\/product_cat?post=1021"},{"taxonomy":"product_tag","embeddable":true,"href":"https:\/\/densilab.com\/pl\/wp-json\/wp\/v2\/product_tag?post=1021"}],"curies":[{"name":"wp","href":"https:\/\/api.w.org\/{rel}","templated":true}]}}