{"id":3429,"date":"2026-01-16T11:10:36","date_gmt":"2026-01-16T11:10:36","guid":{"rendered":"https:\/\/densilab.com\/?post_type=product&#038;p=3429"},"modified":"2026-01-16T11:14:14","modified_gmt":"2026-01-16T11:14:14","slug":"pot-de-creme-cosmetique-200-ml-pp","status":"publish","type":"product","link":"https:\/\/densilab.com\/fr\/produkt\/pot-de-creme-cosmetique-200-ml-pp\/","title":{"rendered":"POT DE CR\u00c8ME COSM\u00c9TIQUE 200 ml PP"},"content":{"rendered":"<p data-start=\"39\" data-end=\"117\">Emballage hygi\u00e9nique et chimiquement neutre.<br data-start=\"83\" data-end=\"86\" \/>Ouverture et fermeture faciles.<\/p>\n<p data-start=\"119\" data-end=\"207\"><strong data-start=\"119\" data-end=\"133\">Mat\u00e9riau :<\/strong> plastique PP<br data-start=\"146\" data-end=\"149\" \/><strong data-start=\"149\" data-end=\"159\">Fond :<\/strong> transparent, mat<br data-start=\"176\" data-end=\"179\" \/><strong data-start=\"179\" data-end=\"194\">Couvercle :<\/strong> blanc, mat<\/p>\n<h3 data-start=\"209\" data-end=\"224\"><strong data-start=\"209\" data-end=\"224\">Utilisation<\/strong><\/h3>\n<p data-start=\"226\" data-end=\"616\">Les cosm\u00e9tiques faits maison n\u00e9cessitent un stockage appropri\u00e9 afin de pr\u00e9server le plus longtemps possible leurs pr\u00e9cieuses propri\u00e9t\u00e9s de soin.<br data-start=\"370\" data-end=\"373\" \/><strong>\u00c9vitez d\u2019utiliser des emballages provenant de cosm\u00e9tiques achet\u00e9s en magasin et p\u00e9rim\u00e9s<\/strong>. Ils ne sont g\u00e9n\u00e9ralement pas con\u00e7us pour une r\u00e9utilisation et peuvent \u00eatre insuffisamment nettoy\u00e9s, ce qui favorise le d\u00e9veloppement de bact\u00e9ries nocives.<\/p>\n<p data-start=\"618\" data-end=\"970\" data-is-last-node=\"\" data-is-only-node=\"\"><strong data-start=\"618\" data-end=\"695\">\u00c0 quoi faut-il faire attention lors de l\u2019achat d\u2019emballages cosm\u00e9tiques ?<\/strong><br data-start=\"695\" data-end=\"698\" \/>Avant tout, ne choisissez pas d\u2019emballages fabriqu\u00e9s \u00e0 partir de mat\u00e9riaux d\u2019origine inconnue. Avant de passer commande, v\u00e9rifiez la composition du mat\u00e9riau.<br data-start=\"855\" data-end=\"858\" \/>Dans notre boutique, vous trouverez uniquement des emballages s\u00fbrs qui ne pr\u00e9sentent aucun risque pour la sant\u00e9.<\/p>\n","protected":false},"excerpt":{"rendered":"<p>Emballage hygi\u00e9nique et chimiquement neutre.Ouverture et fermeture faciles. Mat\u00e9riau : plastique PPFond : transparent, matCouvercle : blanc, mat Utilisation Les cosm\u00e9tiques faits maison n\u00e9cessitent un stockage appropri\u00e9 afin de pr\u00e9server le plus longtemps possible leurs pr\u00e9cieuses propri\u00e9t\u00e9s de soin.\u00c9vitez d\u2019utiliser des emballages provenant de cosm\u00e9tiques achet\u00e9s en magasin et p\u00e9rim\u00e9s. Ils ne sont g\u00e9n\u00e9ralement pas [&hellip;]<\/p>\n","protected":false},"featured_media":3426,"comment_status":"open","ping_status":"closed","template":"","meta":[],"product_brand":[],"product_cat":[196,192],"product_tag":[],"class_list":{"0":"post-3429","1":"product","2":"type-product","3":"status-publish","4":"has-post-thumbnail","6":"product_cat-visage","7":"product_cat-bases","9":"first","10":"instock","11":"taxable","12":"shipping-taxable","13":"purchasable","14":"product-type-simple"},"_links":{"self":[{"href":"https:\/\/densilab.com\/fr\/wp-json\/wp\/v2\/product\/3429","targetHints":{"allow":["GET"]}}],"collection":[{"href":"https:\/\/densilab.com\/fr\/wp-json\/wp\/v2\/product"}],"about":[{"href":"https:\/\/densilab.com\/fr\/wp-json\/wp\/v2\/types\/product"}],"replies":[{"embeddable":true,"href":"https:\/\/densilab.com\/fr\/wp-json\/wp\/v2\/comments?post=3429"}],"wp:featuredmedia":[{"embeddable":true,"href":"https:\/\/densilab.com\/fr\/wp-json\/wp\/v2\/media\/3426"}],"wp:attachment":[{"href":"https:\/\/densilab.com\/fr\/wp-json\/wp\/v2\/media?parent=3429"}],"wp:term":[{"taxonomy":"product_brand","embeddable":true,"href":"https:\/\/densilab.com\/fr\/wp-json\/wp\/v2\/product_brand?post=3429"},{"taxonomy":"product_cat","embeddable":true,"href":"https:\/\/densilab.com\/fr\/wp-json\/wp\/v2\/product_cat?post=3429"},{"taxonomy":"product_tag","embeddable":true,"href":"https:\/\/densilab.com\/fr\/wp-json\/wp\/v2\/product_tag?post=3429"}],"curies":[{"name":"wp","href":"https:\/\/api.w.org\/{rel}","templated":true}]}}